{"id":73,"date":"2018-07-24T19:41:56","date_gmt":"2018-07-24T17:41:56","guid":{"rendered":"https:\/\/www.menimepriestor.sk\/?page_id=73"},"modified":"2025-03-06T13:06:01","modified_gmt":"2025-03-06T12:06:01","slug":"contact","status":"publish","type":"page","link":"https:\/\/www.menimepriestor.sk\/en\/contact\/","title":{"rendered":"Contact"},"content":{"rendered":"\n<figure><iframe loading=\"lazy\" src=\"https:\/\/www.google.com\/maps\/embed?pb=!1m14!1m8!1m3!1d10640.232514195477!2d17.0519481!3d48.1862315!3m2!1i1024!2i768!4f13.1!3m3!1m2!1s0x0%3A0x3db58814acf46fd9!2sDryCon%2C+s.r.o.!5e0!3m2!1sen!2ssk!4v1561652268349!5m2!1sen!2ssk\" style=\"border:0;width:100%\" allowfullscreen=\"\" width=\"600\" height=\"320\" frameborder=\"0\"><\/iframe><\/figure>\n\n\n\n<div class=\"wp-block-columns has-2-columns is-layout-flex wp-container-core-columns-is-layout-9d6595d7 wp-block-columns-is-layout-flex\">\n<div class=\"wp-block-column is-layout-flow wp-block-column-is-layout-flow\">\n<h2 class=\"wp-block-heading\">Contacts<\/h2>\n\n\n\n<h4 class=\"wp-block-heading\">DryCon s.r.o.<\/h4>\n\n\n\n<p><strong>Address:<\/strong> Povozn\u00edcka 18, 841 03 Bratislava, Slovakia<br> <strong>Tel.:<\/strong> <a href=\"tel:+421904233266\">+421 904 233 266<\/a><br> <strong>E-mail:<\/strong> <a href=\"mailto:drycon@drycon.sk\">drycon@drycon.sk<\/a><\/p>\n\n\n\n<p><strong>Billing address:<\/strong><\/p>\n\n\n\n<p>DryCon s.r.o.<br>Povozn\u00edcka 18<br>841 03 Bratislava<br>Slovensk\u00e1 republika<\/p>\n\n\n\n<p><strong>ID:<\/strong> 35 942 827<br><strong>TAX ID:<\/strong> 2022026699<br><strong>VAT ID:<\/strong> SK2022026699<\/p>\n<\/div>\n\n\n\n<div class=\"wp-block-column is-layout-flow wp-block-column-is-layout-flow\">\n<h2 class=\"wp-block-heading\">Contact form<\/h2>\n\n\n\n<div class=\"wpcf7 no-js\" id=\"wpcf7-f4214-o1\" lang=\"sk-SK\" dir=\"ltr\" data-wpcf7-id=\"4214\">\n<div class=\"screen-reader-response\"><p role=\"status\" aria-live=\"polite\" aria-atomic=\"true\"><\/p> <ul><\/ul><\/div>\n<form action=\"\/en\/wp-json\/wp\/v2\/pages\/73#wpcf7-f4214-o1\" method=\"post\" class=\"wpcf7-form init\" aria-label=\"Kontaktn\u00fd formul\u00e1r\" novalidate=\"novalidate\" data-status=\"init\">\n<fieldset class=\"hidden-fields-container\"><input type=\"hidden\" name=\"_wpcf7\" value=\"4214\" \/><input type=\"hidden\" name=\"_wpcf7_version\" value=\"6.1.5\" \/><input type=\"hidden\" name=\"_wpcf7_locale\" value=\"sk_SK\" \/><input type=\"hidden\" name=\"_wpcf7_unit_tag\" value=\"wpcf7-f4214-o1\" \/><input type=\"hidden\" name=\"_wpcf7_container_post\" value=\"0\" \/><input type=\"hidden\" name=\"_wpcf7_posted_data_hash\" value=\"\" \/>\n<\/fieldset>\n<input type=\"hidden\" name=\"a8M8M\" value=\"\" class=\"a8M8M\" \/>\n<noscript style=\"margin: 2em 0.5em 1em; padding: 0.2em 1em; border: 2px solid #ffb900;border-radius: 2px;display:block;\">This form will not work for you, contact us using another method.<\/noscript>\n<p><label> Name <abbr class=\"required\" title=\"required\">*<\/abbr><br \/>\n<span class=\"wpcf7-form-control-wrap\" data-name=\"your-name\"><input size=\"40\" maxlength=\"400\" class=\"wpcf7-form-control wpcf7-text wpcf7-validates-as-required\" aria-required=\"true\" aria-invalid=\"false\" value=\"\" type=\"text\" name=\"your-name\" \/><\/span> <\/label>\n<\/p>\n<p><label> E-mail <abbr class=\"required\" title=\"required\">*<\/abbr><br \/>\n<span class=\"wpcf7-form-control-wrap\" data-name=\"your-email\"><input size=\"40\" maxlength=\"400\" class=\"wpcf7-form-control wpcf7-email wpcf7-validates-as-required wpcf7-text wpcf7-validates-as-email\" aria-required=\"true\" aria-invalid=\"false\" value=\"\" type=\"email\" name=\"your-email\" \/><\/span> <\/label>\n<\/p>\n<p><label> Phone<br \/>\n<span class=\"wpcf7-form-control-wrap\" data-name=\"your-phone\"><input size=\"40\" maxlength=\"400\" class=\"wpcf7-form-control wpcf7-text\" aria-invalid=\"false\" value=\"\" type=\"text\" name=\"your-phone\" \/><\/span> <\/label>\n<\/p>\n<p><label> Message <abbr class=\"required\" title=\"required\">*<\/abbr><br \/>\n<span class=\"wpcf7-form-control-wrap\" data-name=\"your-message\"><textarea cols=\"40\" rows=\"10\" maxlength=\"2000\" class=\"wpcf7-form-control wpcf7-textarea wpcf7-validates-as-required\" aria-required=\"true\" aria-invalid=\"false\" name=\"your-message\"><\/textarea><\/span> <\/label>\n<\/p>\n<p><input class=\"wpcf7-form-control wpcf7-submit has-spinner\" type=\"submit\" value=\"Send\" \/>\n<\/p><div class=\"wpcf7-response-output\" aria-hidden=\"true\"><\/div>\n<\/form>\n<\/div>\n\n<\/div>\n<\/div>\n","protected":false},"excerpt":{"rendered":"<p>Contacts DryCon s.r.o. Address: Povozn\u00edcka 18, 841 03 Bratislava, Slovakia Tel.: +421 904 233 266 E-mail: drycon@drycon.sk Billing address: DryCon s.r.o.Povozn\u00edcka 18841 03 BratislavaSlovensk\u00e1 republika ID: 35 942 827TAX ID: 2022026699VAT ID: SK2022026699 Contact form<\/p>\n","protected":false},"author":1,"featured_media":0,"parent":0,"menu_order":0,"comment_status":"closed","ping_status":"closed","template":"","meta":{"_editorskit_title_hidden":false,"_editorskit_reading_time":0,"_editorskit_is_block_options_detached":false,"_editorskit_block_options_position":"{}","footnotes":""},"class_list":["post-73","page","type-page","status-publish","hentry"],"yoast_head":"<!-- This site is optimized with the Yoast SEO plugin v27.4 - https:\/\/yoast.com\/product\/yoast-seo-wordpress\/ -->\n<title>Contact &#8212; DryCon<\/title>\n<meta name=\"robots\" content=\"index, follow, max-snippet:-1, max-image-preview:large, max-video-preview:-1\" \/>\n<link rel=\"canonical\" href=\"https:\/\/www.menimepriestor.sk\/en\/contact\/\" \/>\n<meta property=\"og:locale\" content=\"en_US\" \/>\n<meta property=\"og:type\" content=\"article\" \/>\n<meta property=\"og:title\" content=\"Contact &#8212; DryCon\" \/>\n<meta property=\"og:description\" content=\"Contacts DryCon s.r.o. Address: Povozn\u00edcka 18, 841 03 Bratislava, Slovakia Tel.: +421 904 233 266 E-mail: drycon@drycon.sk Billing address: DryCon s.r.o.Povozn\u00edcka 18841 03 BratislavaSlovensk\u00e1 republika ID: 35 942 827TAX ID: 2022026699VAT ID: SK2022026699 Contact form\" \/>\n<meta property=\"og:url\" content=\"https:\/\/www.menimepriestor.sk\/en\/contact\/\" \/>\n<meta property=\"og:site_name\" content=\"DryCon\" \/>\n<meta property=\"article:publisher\" content=\"https:\/\/www.facebook.com\/menimepriestor.sk\" \/>\n<meta property=\"article:modified_time\" content=\"2025-03-06T12:06:01+00:00\" \/>\n<meta property=\"og:image\" content=\"https:\/\/www.menimepriestor.sk\/wp-content\/uploads\/2019\/07\/menimepriestor_social_cover.jpg\" \/>\n\t<meta property=\"og:image:width\" content=\"1600\" \/>\n\t<meta property=\"og:image:height\" content=\"900\" \/>\n\t<meta property=\"og:image:type\" content=\"image\/jpeg\" \/>\n<meta name=\"twitter:card\" content=\"summary_large_image\" \/>\n<meta name=\"twitter:label1\" content=\"Est. reading time\" \/>\n\t<meta name=\"twitter:data1\" content=\"1 minute\" \/>\n<script type=\"application\/ld+json\" class=\"yoast-schema-graph\">{\"@context\":\"https:\\\/\\\/schema.org\",\"@graph\":[{\"@type\":\"WebPage\",\"@id\":\"https:\\\/\\\/www.menimepriestor.sk\\\/en\\\/contact\\\/\",\"url\":\"https:\\\/\\\/www.menimepriestor.sk\\\/en\\\/contact\\\/\",\"name\":\"Contact &#8212; DryCon\",\"isPartOf\":{\"@id\":\"https:\\\/\\\/www.menimepriestor.sk\\\/en\\\/#website\"},\"datePublished\":\"2018-07-24T17:41:56+00:00\",\"dateModified\":\"2025-03-06T12:06:01+00:00\",\"breadcrumb\":{\"@id\":\"https:\\\/\\\/www.menimepriestor.sk\\\/en\\\/contact\\\/#breadcrumb\"},\"inLanguage\":\"en-US\",\"potentialAction\":[{\"@type\":\"ReadAction\",\"target\":[\"https:\\\/\\\/www.menimepriestor.sk\\\/en\\\/contact\\\/\"]}]},{\"@type\":\"BreadcrumbList\",\"@id\":\"https:\\\/\\\/www.menimepriestor.sk\\\/en\\\/contact\\\/#breadcrumb\",\"itemListElement\":[{\"@type\":\"ListItem\",\"position\":1,\"name\":\"Home\",\"item\":\"https:\\\/\\\/www.menimepriestor.sk\\\/en\\\/\"},{\"@type\":\"ListItem\",\"position\":2,\"name\":\"Contact\"}]},{\"@type\":\"WebSite\",\"@id\":\"https:\\\/\\\/www.menimepriestor.sk\\\/en\\\/#website\",\"url\":\"https:\\\/\\\/www.menimepriestor.sk\\\/en\\\/\",\"name\":\"DryCon\",\"description\":\"Men\u00edme priestor na komfortn\u00fd interi\u00e9r\",\"publisher\":{\"@id\":\"https:\\\/\\\/www.menimepriestor.sk\\\/en\\\/#organization\"},\"potentialAction\":[{\"@type\":\"SearchAction\",\"target\":{\"@type\":\"EntryPoint\",\"urlTemplate\":\"https:\\\/\\\/www.menimepriestor.sk\\\/en\\\/?s={search_term_string}\"},\"query-input\":{\"@type\":\"PropertyValueSpecification\",\"valueRequired\":true,\"valueName\":\"search_term_string\"}}],\"inLanguage\":\"en-US\"},{\"@type\":\"Organization\",\"@id\":\"https:\\\/\\\/www.menimepriestor.sk\\\/en\\\/#organization\",\"name\":\"DryCon, s.r.o.\",\"url\":\"https:\\\/\\\/www.menimepriestor.sk\\\/en\\\/\",\"logo\":{\"@type\":\"ImageObject\",\"inLanguage\":\"en-US\",\"@id\":\"https:\\\/\\\/www.menimepriestor.sk\\\/en\\\/#\\\/schema\\\/logo\\\/image\\\/\",\"url\":\"https:\\\/\\\/www.menimepriestor.sk\\\/wp-content\\\/uploads\\\/2019\\\/06\\\/logo.png\",\"contentUrl\":\"https:\\\/\\\/www.menimepriestor.sk\\\/wp-content\\\/uploads\\\/2019\\\/06\\\/logo.png\",\"width\":572,\"height\":172,\"caption\":\"DryCon, s.r.o.\"},\"image\":{\"@id\":\"https:\\\/\\\/www.menimepriestor.sk\\\/en\\\/#\\\/schema\\\/logo\\\/image\\\/\"},\"sameAs\":[\"https:\\\/\\\/www.facebook.com\\\/menimepriestor.sk\",\"https:\\\/\\\/www.instagram.com\\\/menimepriestor\\\/\"]}]}<\/script>\n<!-- \/ Yoast SEO plugin. -->","yoast_head_json":{"title":"Contact &#8212; DryCon","robots":{"index":"index","follow":"follow","max-snippet":"max-snippet:-1","max-image-preview":"max-image-preview:large","max-video-preview":"max-video-preview:-1"},"canonical":"https:\/\/www.menimepriestor.sk\/en\/contact\/","og_locale":"en_US","og_type":"article","og_title":"Contact &#8212; DryCon","og_description":"Contacts DryCon s.r.o. Address: Povozn\u00edcka 18, 841 03 Bratislava, Slovakia Tel.: +421 904 233 266 E-mail: drycon@drycon.sk Billing address: DryCon s.r.o.Povozn\u00edcka 18841 03 BratislavaSlovensk\u00e1 republika ID: 35 942 827TAX ID: 2022026699VAT ID: SK2022026699 Contact form","og_url":"https:\/\/www.menimepriestor.sk\/en\/contact\/","og_site_name":"DryCon","article_publisher":"https:\/\/www.facebook.com\/menimepriestor.sk","article_modified_time":"2025-03-06T12:06:01+00:00","og_image":[{"width":1600,"height":900,"url":"https:\/\/www.menimepriestor.sk\/wp-content\/uploads\/2019\/07\/menimepriestor_social_cover.jpg","type":"image\/jpeg"}],"twitter_card":"summary_large_image","twitter_misc":{"Est. reading time":"1 minute"},"schema":{"@context":"https:\/\/schema.org","@graph":[{"@type":"WebPage","@id":"https:\/\/www.menimepriestor.sk\/en\/contact\/","url":"https:\/\/www.menimepriestor.sk\/en\/contact\/","name":"Contact &#8212; DryCon","isPartOf":{"@id":"https:\/\/www.menimepriestor.sk\/en\/#website"},"datePublished":"2018-07-24T17:41:56+00:00","dateModified":"2025-03-06T12:06:01+00:00","breadcrumb":{"@id":"https:\/\/www.menimepriestor.sk\/en\/contact\/#breadcrumb"},"inLanguage":"en-US","potentialAction":[{"@type":"ReadAction","target":["https:\/\/www.menimepriestor.sk\/en\/contact\/"]}]},{"@type":"BreadcrumbList","@id":"https:\/\/www.menimepriestor.sk\/en\/contact\/#breadcrumb","itemListElement":[{"@type":"ListItem","position":1,"name":"Home","item":"https:\/\/www.menimepriestor.sk\/en\/"},{"@type":"ListItem","position":2,"name":"Contact"}]},{"@type":"WebSite","@id":"https:\/\/www.menimepriestor.sk\/en\/#website","url":"https:\/\/www.menimepriestor.sk\/en\/","name":"DryCon","description":"Men\u00edme priestor na komfortn\u00fd interi\u00e9r","publisher":{"@id":"https:\/\/www.menimepriestor.sk\/en\/#organization"},"potentialAction":[{"@type":"SearchAction","target":{"@type":"EntryPoint","urlTemplate":"https:\/\/www.menimepriestor.sk\/en\/?s={search_term_string}"},"query-input":{"@type":"PropertyValueSpecification","valueRequired":true,"valueName":"search_term_string"}}],"inLanguage":"en-US"},{"@type":"Organization","@id":"https:\/\/www.menimepriestor.sk\/en\/#organization","name":"DryCon, s.r.o.","url":"https:\/\/www.menimepriestor.sk\/en\/","logo":{"@type":"ImageObject","inLanguage":"en-US","@id":"https:\/\/www.menimepriestor.sk\/en\/#\/schema\/logo\/image\/","url":"https:\/\/www.menimepriestor.sk\/wp-content\/uploads\/2019\/06\/logo.png","contentUrl":"https:\/\/www.menimepriestor.sk\/wp-content\/uploads\/2019\/06\/logo.png","width":572,"height":172,"caption":"DryCon, s.r.o."},"image":{"@id":"https:\/\/www.menimepriestor.sk\/en\/#\/schema\/logo\/image\/"},"sameAs":["https:\/\/www.facebook.com\/menimepriestor.sk","https:\/\/www.instagram.com\/menimepriestor\/"]}]}},"wpmagazine_modules_lite_featured_media_urls":{"thumbnail":"","cvmm-medium":"","cvmm-medium-plus":"","cvmm-portrait":"","cvmm-medium-square":"","cvmm-large":"","cvmm-small":"","full":""},"categories_names":null,"comments_number":"0","_links":{"self":[{"href":"https:\/\/www.menimepriestor.sk\/en\/wp-json\/wp\/v2\/pages\/73","targetHints":{"allow":["GET"]}}],"collection":[{"href":"https:\/\/www.menimepriestor.sk\/en\/wp-json\/wp\/v2\/pages"}],"about":[{"href":"https:\/\/www.menimepriestor.sk\/en\/wp-json\/wp\/v2\/types\/page"}],"author":[{"embeddable":true,"href":"https:\/\/www.menimepriestor.sk\/en\/wp-json\/wp\/v2\/users\/1"}],"replies":[{"embeddable":true,"href":"https:\/\/www.menimepriestor.sk\/en\/wp-json\/wp\/v2\/comments?post=73"}],"version-history":[{"count":1,"href":"https:\/\/www.menimepriestor.sk\/en\/wp-json\/wp\/v2\/pages\/73\/revisions"}],"predecessor-version":[{"id":6971,"href":"https:\/\/www.menimepriestor.sk\/en\/wp-json\/wp\/v2\/pages\/73\/revisions\/6971"}],"wp:attachment":[{"href":"https:\/\/www.menimepriestor.sk\/en\/wp-json\/wp\/v2\/media?parent=73"}],"curies":[{"name":"wp","href":"https:\/\/api.w.org\/{rel}","templated":true}]}}