{"id":2258,"date":"2019-06-27T17:10:37","date_gmt":"2019-06-27T15:10:37","guid":{"rendered":"https:\/\/www.menimepriestor.sk\/?page_id=2258"},"modified":"2019-07-17T21:02:03","modified_gmt":"2019-07-17T19:02:03","slug":"chilled-ceilings-and-chilled-acoustic-ceilings","status":"publish","type":"page","link":"https:\/\/www.menimepriestor.sk\/en\/special-ceilings-and-walls\/chilled-ceilings-and-chilled-acoustic-ceilings\/","title":{"rendered":"Chilled ceilings and chilled acoustic ceilings"},"content":{"rendered":"\n<p>We\nhave many years of experience in the installation of chilled ceilings\nof various types, for both dry and wet assembly processes (eg Rehau,\nThermotech). Plasterboard installation is carried out according to\nthe manufacturer&#8217;s technical requirements, using only system elements\nof renowned manufacturers.<\/p>\n\n\n\n<!--more-->\n\n\n\n<p>For demanding customers we also provide the realization of chilled\nacoustic ceilings. In addition to the usual installations, the\nchilling systems were also installed in footlights or arc and arched\nrooms. Installation is always carried out in cooperation with a\ncooling company and experienced installers.<\/p>\n\n\n\n<hr class=\"wp-block-separator\"\/>\n\n\n\n<ul class=\"wp-block-gallery columns-3 is-cropped wp-block-gallery-1 is-layout-flex wp-block-gallery-is-layout-flex\"><li class=\"blocks-gallery-item\"><figure><img loading=\"lazy\" decoding=\"async\" width=\"1024\" height=\"683\" src=\"https:\/\/www.menimepriestor.sk\/wp-content\/uploads\/2019\/07\/P1010392-1-1024x683.jpg\" alt=\"\" data-id=\"2485\" data-link=\"https:\/\/www.menimepriestor.sk\/specialne-stropy-a-steny\/chladene-stropy-a-chladene-akusticke-stropy\/olympus-digital-camera-83\/#main\" class=\"wp-image-2485\" srcset=\"https:\/\/www.menimepriestor.sk\/wp-content\/uploads\/2019\/07\/P1010392-1-1024x683.jpg 1024w, https:\/\/www.menimepriestor.sk\/wp-content\/uploads\/2019\/07\/P1010392-1-300x200.jpg 300w, https:\/\/www.menimepriestor.sk\/wp-content\/uploads\/2019\/07\/P1010392-1-768x512.jpg 768w, https:\/\/www.menimepriestor.sk\/wp-content\/uploads\/2019\/07\/P1010392-1.jpg 1600w\" sizes=\"auto, (max-width: 1024px) 100vw, 1024px\" \/><\/figure><\/li><li class=\"blocks-gallery-item\"><figure><img loading=\"lazy\" decoding=\"async\" width=\"768\" height=\"1024\" src=\"https:\/\/www.menimepriestor.sk\/wp-content\/uploads\/2019\/07\/P1010394-768x1024.jpg\" alt=\"\" data-id=\"2489\" data-link=\"https:\/\/www.menimepriestor.sk\/specialne-stropy-a-steny\/chladene-stropy-a-chladene-akusticke-stropy\/olympus-digital-camera-84\/#main\" class=\"wp-image-2489\" srcset=\"https:\/\/www.menimepriestor.sk\/wp-content\/uploads\/2019\/07\/P1010394-768x1024.jpg 768w, https:\/\/www.menimepriestor.sk\/wp-content\/uploads\/2019\/07\/P1010394-225x300.jpg 225w, https:\/\/www.menimepriestor.sk\/wp-content\/uploads\/2019\/07\/P1010394.jpg 1200w\" sizes=\"auto, (max-width: 768px) 100vw, 768px\" \/><\/figure><\/li><li class=\"blocks-gallery-item\"><figure><img loading=\"lazy\" decoding=\"async\" width=\"768\" height=\"1024\" src=\"https:\/\/www.menimepriestor.sk\/wp-content\/uploads\/2019\/07\/P1010643-768x1024.jpg\" alt=\"\" data-id=\"2493\" data-link=\"https:\/\/www.menimepriestor.sk\/specialne-stropy-a-steny\/chladene-stropy-a-chladene-akusticke-stropy\/olympus-digital-camera-85\/#main\" class=\"wp-image-2493\" srcset=\"https:\/\/www.menimepriestor.sk\/wp-content\/uploads\/2019\/07\/P1010643-768x1024.jpg 768w, https:\/\/www.menimepriestor.sk\/wp-content\/uploads\/2019\/07\/P1010643-225x300.jpg 225w, https:\/\/www.menimepriestor.sk\/wp-content\/uploads\/2019\/07\/P1010643.jpg 1200w\" sizes=\"auto, (max-width: 768px) 100vw, 768px\" \/><\/figure><\/li><li class=\"blocks-gallery-item\"><figure><img loading=\"lazy\" decoding=\"async\" width=\"1024\" height=\"683\" src=\"https:\/\/www.menimepriestor.sk\/wp-content\/uploads\/2019\/07\/P1010648-1024x683.jpg\" alt=\"\" data-id=\"2497\" data-link=\"https:\/\/www.menimepriestor.sk\/specialne-stropy-a-steny\/chladene-stropy-a-chladene-akusticke-stropy\/olympus-digital-camera-86\/#main\" class=\"wp-image-2497\" srcset=\"https:\/\/www.menimepriestor.sk\/wp-content\/uploads\/2019\/07\/P1010648-1024x683.jpg 1024w, https:\/\/www.menimepriestor.sk\/wp-content\/uploads\/2019\/07\/P1010648-300x200.jpg 300w, https:\/\/www.menimepriestor.sk\/wp-content\/uploads\/2019\/07\/P1010648-768x512.jpg 768w, https:\/\/www.menimepriestor.sk\/wp-content\/uploads\/2019\/07\/P1010648.jpg 1600w\" sizes=\"auto, (max-width: 1024px) 100vw, 1024px\" \/><\/figure><\/li><li class=\"blocks-gallery-item\"><figure><img loading=\"lazy\" decoding=\"async\" width=\"1024\" height=\"683\" src=\"https:\/\/www.menimepriestor.sk\/wp-content\/uploads\/2019\/07\/P1010657-1024x683.jpg\" alt=\"\" data-id=\"2501\" data-link=\"https:\/\/www.menimepriestor.sk\/specialne-stropy-a-steny\/chladene-stropy-a-chladene-akusticke-stropy\/olympus-digital-camera-87\/#main\" class=\"wp-image-2501\" srcset=\"https:\/\/www.menimepriestor.sk\/wp-content\/uploads\/2019\/07\/P1010657-1024x683.jpg 1024w, https:\/\/www.menimepriestor.sk\/wp-content\/uploads\/2019\/07\/P1010657-300x200.jpg 300w, https:\/\/www.menimepriestor.sk\/wp-content\/uploads\/2019\/07\/P1010657-768x512.jpg 768w, https:\/\/www.menimepriestor.sk\/wp-content\/uploads\/2019\/07\/P1010657.jpg 1600w\" sizes=\"auto, (max-width: 1024px) 100vw, 1024px\" \/><\/figure><\/li><\/ul>\n","protected":false},"excerpt":{"rendered":"<p>We have many years of experience in the installation of chilled ceilings of various types, for both dry and wet assembly processes (eg Rehau, Thermotech). Plasterboard installation is carried out according to the manufacturer&#8217;s technical requirements, using only system elements of renowned manufacturers.<\/p>\n","protected":false},"author":2,"featured_media":2457,"parent":1497,"menu_order":0,"comment_status":"closed","ping_status":"closed","template":"page-blank.php","meta":{"_editorskit_title_hidden":false,"_editorskit_reading_time":0,"_editorskit_is_block_options_detached":false,"_editorskit_block_options_position":"{}","footnotes":""},"class_list":["post-2258","page","type-page","status-publish","has-post-thumbnail","hentry"],"yoast_head":"<!-- This site is optimized with the Yoast SEO plugin v27.4 - https:\/\/yoast.com\/product\/yoast-seo-wordpress\/ -->\n<title>Chilled ceilings and chilled acoustic ceilings &#8212; DryCon<\/title>\n<meta name=\"robots\" content=\"index, follow, max-snippet:-1, max-image-preview:large, max-video-preview:-1\" \/>\n<link rel=\"canonical\" href=\"https:\/\/www.menimepriestor.sk\/en\/special-ceilings-and-walls\/chilled-ceilings-and-chilled-acoustic-ceilings\/\" \/>\n<meta property=\"og:locale\" content=\"en_US\" \/>\n<meta property=\"og:type\" content=\"article\" \/>\n<meta property=\"og:title\" content=\"Chilled ceilings and chilled acoustic ceilings &#8212; DryCon\" \/>\n<meta property=\"og:description\" content=\"We have many years of experience in the installation of chilled ceilings of various types, for both dry and wet assembly processes (eg Rehau, Thermotech). Plasterboard installation is carried out according to the manufacturer&#8217;s technical requirements, using only system elements of renowned manufacturers.\" \/>\n<meta property=\"og:url\" content=\"https:\/\/www.menimepriestor.sk\/en\/special-ceilings-and-walls\/chilled-ceilings-and-chilled-acoustic-ceilings\/\" \/>\n<meta property=\"og:site_name\" content=\"DryCon\" \/>\n<meta property=\"article:publisher\" content=\"https:\/\/www.facebook.com\/menimepriestor.sk\" \/>\n<meta property=\"article:modified_time\" content=\"2019-07-17T19:02:03+00:00\" \/>\n<meta property=\"og:image\" content=\"https:\/\/www.menimepriestor.sk\/wp-content\/uploads\/2019\/07\/P1010392-1024x768.jpg\" \/>\n\t<meta property=\"og:image:width\" content=\"1024\" \/>\n\t<meta property=\"og:image:height\" content=\"768\" \/>\n\t<meta property=\"og:image:type\" content=\"image\/jpeg\" \/>\n<meta name=\"twitter:card\" content=\"summary_large_image\" \/>\n<script type=\"application\/ld+json\" class=\"yoast-schema-graph\">{\"@context\":\"https:\\\/\\\/schema.org\",\"@graph\":[{\"@type\":\"WebPage\",\"@id\":\"https:\\\/\\\/www.menimepriestor.sk\\\/en\\\/special-ceilings-and-walls\\\/chilled-ceilings-and-chilled-acoustic-ceilings\\\/\",\"url\":\"https:\\\/\\\/www.menimepriestor.sk\\\/en\\\/special-ceilings-and-walls\\\/chilled-ceilings-and-chilled-acoustic-ceilings\\\/\",\"name\":\"Chilled ceilings and chilled acoustic ceilings &#8212; DryCon\",\"isPartOf\":{\"@id\":\"https:\\\/\\\/www.menimepriestor.sk\\\/en\\\/#website\"},\"primaryImageOfPage\":{\"@id\":\"https:\\\/\\\/www.menimepriestor.sk\\\/en\\\/special-ceilings-and-walls\\\/chilled-ceilings-and-chilled-acoustic-ceilings\\\/#primaryimage\"},\"image\":{\"@id\":\"https:\\\/\\\/www.menimepriestor.sk\\\/en\\\/special-ceilings-and-walls\\\/chilled-ceilings-and-chilled-acoustic-ceilings\\\/#primaryimage\"},\"thumbnailUrl\":\"https:\\\/\\\/www.menimepriestor.sk\\\/wp-content\\\/uploads\\\/2019\\\/07\\\/P1010392.jpg\",\"datePublished\":\"2019-06-27T15:10:37+00:00\",\"dateModified\":\"2019-07-17T19:02:03+00:00\",\"breadcrumb\":{\"@id\":\"https:\\\/\\\/www.menimepriestor.sk\\\/en\\\/special-ceilings-and-walls\\\/chilled-ceilings-and-chilled-acoustic-ceilings\\\/#breadcrumb\"},\"inLanguage\":\"en-US\",\"potentialAction\":[{\"@type\":\"ReadAction\",\"target\":[\"https:\\\/\\\/www.menimepriestor.sk\\\/en\\\/special-ceilings-and-walls\\\/chilled-ceilings-and-chilled-acoustic-ceilings\\\/\"]}]},{\"@type\":\"ImageObject\",\"inLanguage\":\"en-US\",\"@id\":\"https:\\\/\\\/www.menimepriestor.sk\\\/en\\\/special-ceilings-and-walls\\\/chilled-ceilings-and-chilled-acoustic-ceilings\\\/#primaryimage\",\"url\":\"https:\\\/\\\/www.menimepriestor.sk\\\/wp-content\\\/uploads\\\/2019\\\/07\\\/P1010392.jpg\",\"contentUrl\":\"https:\\\/\\\/www.menimepriestor.sk\\\/wp-content\\\/uploads\\\/2019\\\/07\\\/P1010392.jpg\",\"width\":1600,\"height\":1200},{\"@type\":\"BreadcrumbList\",\"@id\":\"https:\\\/\\\/www.menimepriestor.sk\\\/en\\\/special-ceilings-and-walls\\\/chilled-ceilings-and-chilled-acoustic-ceilings\\\/#breadcrumb\",\"itemListElement\":[{\"@type\":\"ListItem\",\"position\":1,\"name\":\"Home\",\"item\":\"https:\\\/\\\/www.menimepriestor.sk\\\/en\\\/\"},{\"@type\":\"ListItem\",\"position\":2,\"name\":\"Special ceilings and walls\",\"item\":\"https:\\\/\\\/www.menimepriestor.sk\\\/en\\\/special-ceilings-and-walls\\\/\"},{\"@type\":\"ListItem\",\"position\":3,\"name\":\"Chilled ceilings and chilled acoustic ceilings\"}]},{\"@type\":\"WebSite\",\"@id\":\"https:\\\/\\\/www.menimepriestor.sk\\\/en\\\/#website\",\"url\":\"https:\\\/\\\/www.menimepriestor.sk\\\/en\\\/\",\"name\":\"DryCon\",\"description\":\"Men\u00edme priestor na komfortn\u00fd interi\u00e9r\",\"publisher\":{\"@id\":\"https:\\\/\\\/www.menimepriestor.sk\\\/en\\\/#organization\"},\"potentialAction\":[{\"@type\":\"SearchAction\",\"target\":{\"@type\":\"EntryPoint\",\"urlTemplate\":\"https:\\\/\\\/www.menimepriestor.sk\\\/en\\\/?s={search_term_string}\"},\"query-input\":{\"@type\":\"PropertyValueSpecification\",\"valueRequired\":true,\"valueName\":\"search_term_string\"}}],\"inLanguage\":\"en-US\"},{\"@type\":\"Organization\",\"@id\":\"https:\\\/\\\/www.menimepriestor.sk\\\/en\\\/#organization\",\"name\":\"DryCon, s.r.o.\",\"url\":\"https:\\\/\\\/www.menimepriestor.sk\\\/en\\\/\",\"logo\":{\"@type\":\"ImageObject\",\"inLanguage\":\"en-US\",\"@id\":\"https:\\\/\\\/www.menimepriestor.sk\\\/en\\\/#\\\/schema\\\/logo\\\/image\\\/\",\"url\":\"https:\\\/\\\/www.menimepriestor.sk\\\/wp-content\\\/uploads\\\/2019\\\/06\\\/logo.png\",\"contentUrl\":\"https:\\\/\\\/www.menimepriestor.sk\\\/wp-content\\\/uploads\\\/2019\\\/06\\\/logo.png\",\"width\":572,\"height\":172,\"caption\":\"DryCon, s.r.o.\"},\"image\":{\"@id\":\"https:\\\/\\\/www.menimepriestor.sk\\\/en\\\/#\\\/schema\\\/logo\\\/image\\\/\"},\"sameAs\":[\"https:\\\/\\\/www.facebook.com\\\/menimepriestor.sk\",\"https:\\\/\\\/www.instagram.com\\\/menimepriestor\\\/\"]}]}<\/script>\n<!-- \/ Yoast SEO plugin. -->","yoast_head_json":{"title":"Chilled ceilings and chilled acoustic ceilings &#8212; DryCon","robots":{"index":"index","follow":"follow","max-snippet":"max-snippet:-1","max-image-preview":"max-image-preview:large","max-video-preview":"max-video-preview:-1"},"canonical":"https:\/\/www.menimepriestor.sk\/en\/special-ceilings-and-walls\/chilled-ceilings-and-chilled-acoustic-ceilings\/","og_locale":"en_US","og_type":"article","og_title":"Chilled ceilings and chilled acoustic ceilings &#8212; DryCon","og_description":"We have many years of experience in the installation of chilled ceilings of various types, for both dry and wet assembly processes (eg Rehau, Thermotech). Plasterboard installation is carried out according to the manufacturer&#8217;s technical requirements, using only system elements of renowned manufacturers.","og_url":"https:\/\/www.menimepriestor.sk\/en\/special-ceilings-and-walls\/chilled-ceilings-and-chilled-acoustic-ceilings\/","og_site_name":"DryCon","article_publisher":"https:\/\/www.facebook.com\/menimepriestor.sk","article_modified_time":"2019-07-17T19:02:03+00:00","og_image":[{"width":1024,"height":768,"url":"https:\/\/www.menimepriestor.sk\/wp-content\/uploads\/2019\/07\/P1010392-1024x768.jpg","type":"image\/jpeg"}],"twitter_card":"summary_large_image","schema":{"@context":"https:\/\/schema.org","@graph":[{"@type":"WebPage","@id":"https:\/\/www.menimepriestor.sk\/en\/special-ceilings-and-walls\/chilled-ceilings-and-chilled-acoustic-ceilings\/","url":"https:\/\/www.menimepriestor.sk\/en\/special-ceilings-and-walls\/chilled-ceilings-and-chilled-acoustic-ceilings\/","name":"Chilled ceilings and chilled acoustic ceilings &#8212; DryCon","isPartOf":{"@id":"https:\/\/www.menimepriestor.sk\/en\/#website"},"primaryImageOfPage":{"@id":"https:\/\/www.menimepriestor.sk\/en\/special-ceilings-and-walls\/chilled-ceilings-and-chilled-acoustic-ceilings\/#primaryimage"},"image":{"@id":"https:\/\/www.menimepriestor.sk\/en\/special-ceilings-and-walls\/chilled-ceilings-and-chilled-acoustic-ceilings\/#primaryimage"},"thumbnailUrl":"https:\/\/www.menimepriestor.sk\/wp-content\/uploads\/2019\/07\/P1010392.jpg","datePublished":"2019-06-27T15:10:37+00:00","dateModified":"2019-07-17T19:02:03+00:00","breadcrumb":{"@id":"https:\/\/www.menimepriestor.sk\/en\/special-ceilings-and-walls\/chilled-ceilings-and-chilled-acoustic-ceilings\/#breadcrumb"},"inLanguage":"en-US","potentialAction":[{"@type":"ReadAction","target":["https:\/\/www.menimepriestor.sk\/en\/special-ceilings-and-walls\/chilled-ceilings-and-chilled-acoustic-ceilings\/"]}]},{"@type":"ImageObject","inLanguage":"en-US","@id":"https:\/\/www.menimepriestor.sk\/en\/special-ceilings-and-walls\/chilled-ceilings-and-chilled-acoustic-ceilings\/#primaryimage","url":"https:\/\/www.menimepriestor.sk\/wp-content\/uploads\/2019\/07\/P1010392.jpg","contentUrl":"https:\/\/www.menimepriestor.sk\/wp-content\/uploads\/2019\/07\/P1010392.jpg","width":1600,"height":1200},{"@type":"BreadcrumbList","@id":"https:\/\/www.menimepriestor.sk\/en\/special-ceilings-and-walls\/chilled-ceilings-and-chilled-acoustic-ceilings\/#breadcrumb","itemListElement":[{"@type":"ListItem","position":1,"name":"Home","item":"https:\/\/www.menimepriestor.sk\/en\/"},{"@type":"ListItem","position":2,"name":"Special ceilings and walls","item":"https:\/\/www.menimepriestor.sk\/en\/special-ceilings-and-walls\/"},{"@type":"ListItem","position":3,"name":"Chilled ceilings and chilled acoustic ceilings"}]},{"@type":"WebSite","@id":"https:\/\/www.menimepriestor.sk\/en\/#website","url":"https:\/\/www.menimepriestor.sk\/en\/","name":"DryCon","description":"Men\u00edme priestor na komfortn\u00fd interi\u00e9r","publisher":{"@id":"https:\/\/www.menimepriestor.sk\/en\/#organization"},"potentialAction":[{"@type":"SearchAction","target":{"@type":"EntryPoint","urlTemplate":"https:\/\/www.menimepriestor.sk\/en\/?s={search_term_string}"},"query-input":{"@type":"PropertyValueSpecification","valueRequired":true,"valueName":"search_term_string"}}],"inLanguage":"en-US"},{"@type":"Organization","@id":"https:\/\/www.menimepriestor.sk\/en\/#organization","name":"DryCon, s.r.o.","url":"https:\/\/www.menimepriestor.sk\/en\/","logo":{"@type":"ImageObject","inLanguage":"en-US","@id":"https:\/\/www.menimepriestor.sk\/en\/#\/schema\/logo\/image\/","url":"https:\/\/www.menimepriestor.sk\/wp-content\/uploads\/2019\/06\/logo.png","contentUrl":"https:\/\/www.menimepriestor.sk\/wp-content\/uploads\/2019\/06\/logo.png","width":572,"height":172,"caption":"DryCon, s.r.o."},"image":{"@id":"https:\/\/www.menimepriestor.sk\/en\/#\/schema\/logo\/image\/"},"sameAs":["https:\/\/www.facebook.com\/menimepriestor.sk","https:\/\/www.instagram.com\/menimepriestor\/"]}]}},"wpmagazine_modules_lite_featured_media_urls":{"thumbnail":["https:\/\/www.menimepriestor.sk\/wp-content\/uploads\/2019\/07\/P1010392-150x150.jpg",150,150,true],"cvmm-medium":["https:\/\/www.menimepriestor.sk\/wp-content\/uploads\/2019\/07\/P1010392.jpg",300,225,false],"cvmm-medium-plus":["https:\/\/www.menimepriestor.sk\/wp-content\/uploads\/2019\/07\/P1010392.jpg",276,207,false],"cvmm-portrait":["https:\/\/www.menimepriestor.sk\/wp-content\/uploads\/2019\/07\/P1010392.jpg",400,300,false],"cvmm-medium-square":["https:\/\/www.menimepriestor.sk\/wp-content\/uploads\/2019\/07\/P1010392.jpg",600,450,false],"cvmm-large":["https:\/\/www.menimepriestor.sk\/wp-content\/uploads\/2019\/07\/P1010392.jpg",1024,768,false],"cvmm-small":["https:\/\/www.menimepriestor.sk\/wp-content\/uploads\/2019\/07\/P1010392.jpg",127,95,false],"full":["https:\/\/www.menimepriestor.sk\/wp-content\/uploads\/2019\/07\/P1010392.jpg",1600,1200,false]},"categories_names":null,"comments_number":"0","_links":{"self":[{"href":"https:\/\/www.menimepriestor.sk\/en\/wp-json\/wp\/v2\/pages\/2258","targetHints":{"allow":["GET"]}}],"collection":[{"href":"https:\/\/www.menimepriestor.sk\/en\/wp-json\/wp\/v2\/pages"}],"about":[{"href":"https:\/\/www.menimepriestor.sk\/en\/wp-json\/wp\/v2\/types\/page"}],"author":[{"embeddable":true,"href":"https:\/\/www.menimepriestor.sk\/en\/wp-json\/wp\/v2\/users\/2"}],"replies":[{"embeddable":true,"href":"https:\/\/www.menimepriestor.sk\/en\/wp-json\/wp\/v2\/comments?post=2258"}],"version-history":[{"count":0,"href":"https:\/\/www.menimepriestor.sk\/en\/wp-json\/wp\/v2\/pages\/2258\/revisions"}],"up":[{"embeddable":true,"href":"https:\/\/www.menimepriestor.sk\/en\/wp-json\/wp\/v2\/pages\/1497"}],"wp:featuredmedia":[{"embeddable":true,"href":"https:\/\/www.menimepriestor.sk\/en\/wp-json\/wp\/v2\/media\/2457"}],"wp:attachment":[{"href":"https:\/\/www.menimepriestor.sk\/en\/wp-json\/wp\/v2\/media?parent=2258"}],"curies":[{"name":"wp","href":"https:\/\/api.w.org\/{rel}","templated":true}]}}