{"id":2256,"date":"2019-06-27T17:09:57","date_gmt":"2019-06-27T15:09:57","guid":{"rendered":"https:\/\/www.menimepriestor.sk\/?page_id=2256"},"modified":"2019-07-17T21:01:14","modified_gmt":"2019-07-17T19:01:14","slug":"wet-environment-swimming-pools-and-wellness-centers","status":"publish","type":"page","link":"https:\/\/www.menimepriestor.sk\/en\/special-ceilings-and-walls\/wet-environment-swimming-pools-and-wellness-centers\/","title":{"rendered":"Wet environment, swimming pools and wellness centers"},"content":{"rendered":"\n<p>When implementing ceilings and walls in wet environments such as wellness centers and swimming pools, stricter criteria should be followed when selecting materials that need to meet increased corrosion requirements. Moreover, these spaces are very demanding on the formation of echoes, which often results in a very noisy environment. However, this is exactly the opposite of what a relaxing wellness and relaxation center should serve for.<\/p>\n\n\n\n<!--more-->\n\n\n\n<p>In our implementations we cooperate only with reputable\nmanufacturers and suppliers of certified materials that can meet both\nanti-corrosion requirements as well as requirements for sound\nabsorption and acoustic comfort. Thus we can create a well-designed\nand interesting acoustically very comfortable space with the same\nquality as in dry conditions.<\/p>\n\n\n\n<ul class=\"wp-block-gallery columns-2 is-cropped wp-block-gallery-1 is-layout-flex wp-block-gallery-is-layout-flex\"><li class=\"blocks-gallery-item\"><figure><img loading=\"lazy\" decoding=\"async\" width=\"1024\" height=\"768\" src=\"https:\/\/www.menimepriestor.sk\/wp-content\/uploads\/2019\/07\/P7083870-1024x768.jpg\" alt=\"\" data-id=\"2446\" data-link=\"https:\/\/www.menimepriestor.sk\/specialne-stropy-a-steny\/vlhke-prostredie-bazeny-a-wellness-centra\/olympus-digital-camera-75\/#main\" class=\"wp-image-2446\" srcset=\"https:\/\/www.menimepriestor.sk\/wp-content\/uploads\/2019\/07\/P7083870-1024x768.jpg 1024w, https:\/\/www.menimepriestor.sk\/wp-content\/uploads\/2019\/07\/P7083870-300x225.jpg 300w, https:\/\/www.menimepriestor.sk\/wp-content\/uploads\/2019\/07\/P7083870-768x576.jpg 768w, https:\/\/www.menimepriestor.sk\/wp-content\/uploads\/2019\/07\/P7083870.jpg 1600w\" sizes=\"auto, (max-width: 1024px) 100vw, 1024px\" \/><\/figure><\/li><li class=\"blocks-gallery-item\"><figure><img loading=\"lazy\" decoding=\"async\" width=\"1024\" height=\"480\" src=\"https:\/\/www.menimepriestor.sk\/wp-content\/uploads\/2019\/07\/65651234_1735808056562697_3672203527775584256_o-1-1024x480.jpg\" alt=\"\" data-id=\"2450\" data-link=\"https:\/\/www.menimepriestor.sk\/specialne-stropy-a-steny\/vlhke-prostredie-bazeny-a-wellness-centra\/65651234_1735808056562697_3672203527775584256_o-1\/#main\" class=\"wp-image-2450\" srcset=\"https:\/\/www.menimepriestor.sk\/wp-content\/uploads\/2019\/07\/65651234_1735808056562697_3672203527775584256_o-1-1024x480.jpg 1024w, https:\/\/www.menimepriestor.sk\/wp-content\/uploads\/2019\/07\/65651234_1735808056562697_3672203527775584256_o-1-300x141.jpg 300w, https:\/\/www.menimepriestor.sk\/wp-content\/uploads\/2019\/07\/65651234_1735808056562697_3672203527775584256_o-1-768x360.jpg 768w, https:\/\/www.menimepriestor.sk\/wp-content\/uploads\/2019\/07\/65651234_1735808056562697_3672203527775584256_o-1.jpg 1600w\" sizes=\"auto, (max-width: 1024px) 100vw, 1024px\" \/><\/figure><\/li><\/ul>\n","protected":false},"excerpt":{"rendered":"<p>When implementing ceilings and walls in wet environments such as wellness centers and swimming pools, stricter criteria should be followed when selecting materials that need to meet increased corrosion requirements. Moreover, these spaces are very demanding on the formation of echoes, which often results in a very noisy environment. However, this is exactly the opposite [&#8230;]\n","protected":false},"author":2,"featured_media":2408,"parent":1497,"menu_order":0,"comment_status":"closed","ping_status":"closed","template":"page-blank.php","meta":{"_editorskit_title_hidden":false,"_editorskit_reading_time":0,"_editorskit_is_block_options_detached":false,"_editorskit_block_options_position":"{}","footnotes":""},"class_list":["post-2256","page","type-page","status-publish","has-post-thumbnail","hentry"],"yoast_head":"<!-- This site is optimized with the Yoast SEO plugin v27.4 - https:\/\/yoast.com\/product\/yoast-seo-wordpress\/ -->\n<title>Wet environment, swimming pools and wellness centers &#8212; DryCon<\/title>\n<meta name=\"robots\" content=\"index, follow, max-snippet:-1, max-image-preview:large, max-video-preview:-1\" \/>\n<link rel=\"canonical\" href=\"https:\/\/www.menimepriestor.sk\/en\/special-ceilings-and-walls\/wet-environment-swimming-pools-and-wellness-centers\/\" \/>\n<meta property=\"og:locale\" content=\"en_US\" \/>\n<meta property=\"og:type\" content=\"article\" \/>\n<meta property=\"og:title\" content=\"Wet environment, swimming pools and wellness centers &#8212; DryCon\" \/>\n<meta property=\"og:description\" content=\"When implementing ceilings and walls in wet environments such as wellness centers and swimming pools, stricter criteria should be followed when selecting materials that need to meet increased corrosion requirements. Moreover, these spaces are very demanding on the formation of echoes, which often results in a very noisy environment. However, this is exactly the opposite [...]\" \/>\n<meta property=\"og:url\" content=\"https:\/\/www.menimepriestor.sk\/en\/special-ceilings-and-walls\/wet-environment-swimming-pools-and-wellness-centers\/\" \/>\n<meta property=\"og:site_name\" content=\"DryCon\" \/>\n<meta property=\"article:publisher\" content=\"https:\/\/www.facebook.com\/menimepriestor.sk\" \/>\n<meta property=\"article:modified_time\" content=\"2019-07-17T19:01:14+00:00\" \/>\n<meta property=\"og:image\" content=\"https:\/\/www.menimepriestor.sk\/wp-content\/uploads\/2019\/07\/65651234_1735808056562697_3672203527775584256_o.jpg\" \/>\n\t<meta property=\"og:image:width\" content=\"1920\" \/>\n\t<meta property=\"og:image:height\" content=\"900\" \/>\n\t<meta property=\"og:image:type\" content=\"image\/jpeg\" \/>\n<meta name=\"twitter:card\" content=\"summary_large_image\" \/>\n<meta name=\"twitter:label1\" content=\"Est. reading time\" \/>\n\t<meta name=\"twitter:data1\" content=\"1 minute\" \/>\n<script type=\"application\/ld+json\" class=\"yoast-schema-graph\">{\"@context\":\"https:\\\/\\\/schema.org\",\"@graph\":[{\"@type\":\"WebPage\",\"@id\":\"https:\\\/\\\/www.menimepriestor.sk\\\/en\\\/special-ceilings-and-walls\\\/wet-environment-swimming-pools-and-wellness-centers\\\/\",\"url\":\"https:\\\/\\\/www.menimepriestor.sk\\\/en\\\/special-ceilings-and-walls\\\/wet-environment-swimming-pools-and-wellness-centers\\\/\",\"name\":\"Wet environment, swimming pools and wellness centers &#8212; DryCon\",\"isPartOf\":{\"@id\":\"https:\\\/\\\/www.menimepriestor.sk\\\/en\\\/#website\"},\"primaryImageOfPage\":{\"@id\":\"https:\\\/\\\/www.menimepriestor.sk\\\/en\\\/special-ceilings-and-walls\\\/wet-environment-swimming-pools-and-wellness-centers\\\/#primaryimage\"},\"image\":{\"@id\":\"https:\\\/\\\/www.menimepriestor.sk\\\/en\\\/special-ceilings-and-walls\\\/wet-environment-swimming-pools-and-wellness-centers\\\/#primaryimage\"},\"thumbnailUrl\":\"https:\\\/\\\/www.menimepriestor.sk\\\/wp-content\\\/uploads\\\/2019\\\/07\\\/65651234_1735808056562697_3672203527775584256_o.jpg\",\"datePublished\":\"2019-06-27T15:09:57+00:00\",\"dateModified\":\"2019-07-17T19:01:14+00:00\",\"breadcrumb\":{\"@id\":\"https:\\\/\\\/www.menimepriestor.sk\\\/en\\\/special-ceilings-and-walls\\\/wet-environment-swimming-pools-and-wellness-centers\\\/#breadcrumb\"},\"inLanguage\":\"en-US\",\"potentialAction\":[{\"@type\":\"ReadAction\",\"target\":[\"https:\\\/\\\/www.menimepriestor.sk\\\/en\\\/special-ceilings-and-walls\\\/wet-environment-swimming-pools-and-wellness-centers\\\/\"]}]},{\"@type\":\"ImageObject\",\"inLanguage\":\"en-US\",\"@id\":\"https:\\\/\\\/www.menimepriestor.sk\\\/en\\\/special-ceilings-and-walls\\\/wet-environment-swimming-pools-and-wellness-centers\\\/#primaryimage\",\"url\":\"https:\\\/\\\/www.menimepriestor.sk\\\/wp-content\\\/uploads\\\/2019\\\/07\\\/65651234_1735808056562697_3672203527775584256_o.jpg\",\"contentUrl\":\"https:\\\/\\\/www.menimepriestor.sk\\\/wp-content\\\/uploads\\\/2019\\\/07\\\/65651234_1735808056562697_3672203527775584256_o.jpg\",\"width\":1600,\"height\":750},{\"@type\":\"BreadcrumbList\",\"@id\":\"https:\\\/\\\/www.menimepriestor.sk\\\/en\\\/special-ceilings-and-walls\\\/wet-environment-swimming-pools-and-wellness-centers\\\/#breadcrumb\",\"itemListElement\":[{\"@type\":\"ListItem\",\"position\":1,\"name\":\"Home\",\"item\":\"https:\\\/\\\/www.menimepriestor.sk\\\/en\\\/\"},{\"@type\":\"ListItem\",\"position\":2,\"name\":\"Special ceilings and walls\",\"item\":\"https:\\\/\\\/www.menimepriestor.sk\\\/en\\\/special-ceilings-and-walls\\\/\"},{\"@type\":\"ListItem\",\"position\":3,\"name\":\"Wet environment, swimming pools and wellness centers\"}]},{\"@type\":\"WebSite\",\"@id\":\"https:\\\/\\\/www.menimepriestor.sk\\\/en\\\/#website\",\"url\":\"https:\\\/\\\/www.menimepriestor.sk\\\/en\\\/\",\"name\":\"DryCon\",\"description\":\"Men\u00edme priestor na komfortn\u00fd interi\u00e9r\",\"publisher\":{\"@id\":\"https:\\\/\\\/www.menimepriestor.sk\\\/en\\\/#organization\"},\"potentialAction\":[{\"@type\":\"SearchAction\",\"target\":{\"@type\":\"EntryPoint\",\"urlTemplate\":\"https:\\\/\\\/www.menimepriestor.sk\\\/en\\\/?s={search_term_string}\"},\"query-input\":{\"@type\":\"PropertyValueSpecification\",\"valueRequired\":true,\"valueName\":\"search_term_string\"}}],\"inLanguage\":\"en-US\"},{\"@type\":\"Organization\",\"@id\":\"https:\\\/\\\/www.menimepriestor.sk\\\/en\\\/#organization\",\"name\":\"DryCon, s.r.o.\",\"url\":\"https:\\\/\\\/www.menimepriestor.sk\\\/en\\\/\",\"logo\":{\"@type\":\"ImageObject\",\"inLanguage\":\"en-US\",\"@id\":\"https:\\\/\\\/www.menimepriestor.sk\\\/en\\\/#\\\/schema\\\/logo\\\/image\\\/\",\"url\":\"https:\\\/\\\/www.menimepriestor.sk\\\/wp-content\\\/uploads\\\/2019\\\/06\\\/logo.png\",\"contentUrl\":\"https:\\\/\\\/www.menimepriestor.sk\\\/wp-content\\\/uploads\\\/2019\\\/06\\\/logo.png\",\"width\":572,\"height\":172,\"caption\":\"DryCon, s.r.o.\"},\"image\":{\"@id\":\"https:\\\/\\\/www.menimepriestor.sk\\\/en\\\/#\\\/schema\\\/logo\\\/image\\\/\"},\"sameAs\":[\"https:\\\/\\\/www.facebook.com\\\/menimepriestor.sk\",\"https:\\\/\\\/www.instagram.com\\\/menimepriestor\\\/\"]}]}<\/script>\n<!-- \/ Yoast SEO plugin. -->","yoast_head_json":{"title":"Wet environment, swimming pools and wellness centers &#8212; DryCon","robots":{"index":"index","follow":"follow","max-snippet":"max-snippet:-1","max-image-preview":"max-image-preview:large","max-video-preview":"max-video-preview:-1"},"canonical":"https:\/\/www.menimepriestor.sk\/en\/special-ceilings-and-walls\/wet-environment-swimming-pools-and-wellness-centers\/","og_locale":"en_US","og_type":"article","og_title":"Wet environment, swimming pools and wellness centers &#8212; DryCon","og_description":"When implementing ceilings and walls in wet environments such as wellness centers and swimming pools, stricter criteria should be followed when selecting materials that need to meet increased corrosion requirements. Moreover, these spaces are very demanding on the formation of echoes, which often results in a very noisy environment. However, this is exactly the opposite [...]","og_url":"https:\/\/www.menimepriestor.sk\/en\/special-ceilings-and-walls\/wet-environment-swimming-pools-and-wellness-centers\/","og_site_name":"DryCon","article_publisher":"https:\/\/www.facebook.com\/menimepriestor.sk","article_modified_time":"2019-07-17T19:01:14+00:00","og_image":[{"width":1920,"height":900,"url":"https:\/\/www.menimepriestor.sk\/wp-content\/uploads\/2019\/07\/65651234_1735808056562697_3672203527775584256_o.jpg","type":"image\/jpeg"}],"twitter_card":"summary_large_image","twitter_misc":{"Est. reading time":"1 minute"},"schema":{"@context":"https:\/\/schema.org","@graph":[{"@type":"WebPage","@id":"https:\/\/www.menimepriestor.sk\/en\/special-ceilings-and-walls\/wet-environment-swimming-pools-and-wellness-centers\/","url":"https:\/\/www.menimepriestor.sk\/en\/special-ceilings-and-walls\/wet-environment-swimming-pools-and-wellness-centers\/","name":"Wet environment, swimming pools and wellness centers &#8212; DryCon","isPartOf":{"@id":"https:\/\/www.menimepriestor.sk\/en\/#website"},"primaryImageOfPage":{"@id":"https:\/\/www.menimepriestor.sk\/en\/special-ceilings-and-walls\/wet-environment-swimming-pools-and-wellness-centers\/#primaryimage"},"image":{"@id":"https:\/\/www.menimepriestor.sk\/en\/special-ceilings-and-walls\/wet-environment-swimming-pools-and-wellness-centers\/#primaryimage"},"thumbnailUrl":"https:\/\/www.menimepriestor.sk\/wp-content\/uploads\/2019\/07\/65651234_1735808056562697_3672203527775584256_o.jpg","datePublished":"2019-06-27T15:09:57+00:00","dateModified":"2019-07-17T19:01:14+00:00","breadcrumb":{"@id":"https:\/\/www.menimepriestor.sk\/en\/special-ceilings-and-walls\/wet-environment-swimming-pools-and-wellness-centers\/#breadcrumb"},"inLanguage":"en-US","potentialAction":[{"@type":"ReadAction","target":["https:\/\/www.menimepriestor.sk\/en\/special-ceilings-and-walls\/wet-environment-swimming-pools-and-wellness-centers\/"]}]},{"@type":"ImageObject","inLanguage":"en-US","@id":"https:\/\/www.menimepriestor.sk\/en\/special-ceilings-and-walls\/wet-environment-swimming-pools-and-wellness-centers\/#primaryimage","url":"https:\/\/www.menimepriestor.sk\/wp-content\/uploads\/2019\/07\/65651234_1735808056562697_3672203527775584256_o.jpg","contentUrl":"https:\/\/www.menimepriestor.sk\/wp-content\/uploads\/2019\/07\/65651234_1735808056562697_3672203527775584256_o.jpg","width":1600,"height":750},{"@type":"BreadcrumbList","@id":"https:\/\/www.menimepriestor.sk\/en\/special-ceilings-and-walls\/wet-environment-swimming-pools-and-wellness-centers\/#breadcrumb","itemListElement":[{"@type":"ListItem","position":1,"name":"Home","item":"https:\/\/www.menimepriestor.sk\/en\/"},{"@type":"ListItem","position":2,"name":"Special ceilings and walls","item":"https:\/\/www.menimepriestor.sk\/en\/special-ceilings-and-walls\/"},{"@type":"ListItem","position":3,"name":"Wet environment, swimming pools and wellness centers"}]},{"@type":"WebSite","@id":"https:\/\/www.menimepriestor.sk\/en\/#website","url":"https:\/\/www.menimepriestor.sk\/en\/","name":"DryCon","description":"Men\u00edme priestor na komfortn\u00fd interi\u00e9r","publisher":{"@id":"https:\/\/www.menimepriestor.sk\/en\/#organization"},"potentialAction":[{"@type":"SearchAction","target":{"@type":"EntryPoint","urlTemplate":"https:\/\/www.menimepriestor.sk\/en\/?s={search_term_string}"},"query-input":{"@type":"PropertyValueSpecification","valueRequired":true,"valueName":"search_term_string"}}],"inLanguage":"en-US"},{"@type":"Organization","@id":"https:\/\/www.menimepriestor.sk\/en\/#organization","name":"DryCon, s.r.o.","url":"https:\/\/www.menimepriestor.sk\/en\/","logo":{"@type":"ImageObject","inLanguage":"en-US","@id":"https:\/\/www.menimepriestor.sk\/en\/#\/schema\/logo\/image\/","url":"https:\/\/www.menimepriestor.sk\/wp-content\/uploads\/2019\/06\/logo.png","contentUrl":"https:\/\/www.menimepriestor.sk\/wp-content\/uploads\/2019\/06\/logo.png","width":572,"height":172,"caption":"DryCon, s.r.o."},"image":{"@id":"https:\/\/www.menimepriestor.sk\/en\/#\/schema\/logo\/image\/"},"sameAs":["https:\/\/www.facebook.com\/menimepriestor.sk","https:\/\/www.instagram.com\/menimepriestor\/"]}]}},"wpmagazine_modules_lite_featured_media_urls":{"thumbnail":["https:\/\/www.menimepriestor.sk\/wp-content\/uploads\/2019\/07\/65651234_1735808056562697_3672203527775584256_o-150x150.jpg",150,150,true],"cvmm-medium":["https:\/\/www.menimepriestor.sk\/wp-content\/uploads\/2019\/07\/65651234_1735808056562697_3672203527775584256_o.jpg",300,141,false],"cvmm-medium-plus":["https:\/\/www.menimepriestor.sk\/wp-content\/uploads\/2019\/07\/65651234_1735808056562697_3672203527775584256_o.jpg",305,143,false],"cvmm-portrait":["https:\/\/www.menimepriestor.sk\/wp-content\/uploads\/2019\/07\/65651234_1735808056562697_3672203527775584256_o.jpg",400,188,false],"cvmm-medium-square":["https:\/\/www.menimepriestor.sk\/wp-content\/uploads\/2019\/07\/65651234_1735808056562697_3672203527775584256_o.jpg",600,281,false],"cvmm-large":["https:\/\/www.menimepriestor.sk\/wp-content\/uploads\/2019\/07\/65651234_1735808056562697_3672203527775584256_o.jpg",1024,480,false],"cvmm-small":["https:\/\/www.menimepriestor.sk\/wp-content\/uploads\/2019\/07\/65651234_1735808056562697_3672203527775584256_o.jpg",130,61,false],"full":["https:\/\/www.menimepriestor.sk\/wp-content\/uploads\/2019\/07\/65651234_1735808056562697_3672203527775584256_o.jpg",1600,750,false]},"categories_names":null,"comments_number":"0","_links":{"self":[{"href":"https:\/\/www.menimepriestor.sk\/en\/wp-json\/wp\/v2\/pages\/2256","targetHints":{"allow":["GET"]}}],"collection":[{"href":"https:\/\/www.menimepriestor.sk\/en\/wp-json\/wp\/v2\/pages"}],"about":[{"href":"https:\/\/www.menimepriestor.sk\/en\/wp-json\/wp\/v2\/types\/page"}],"author":[{"embeddable":true,"href":"https:\/\/www.menimepriestor.sk\/en\/wp-json\/wp\/v2\/users\/2"}],"replies":[{"embeddable":true,"href":"https:\/\/www.menimepriestor.sk\/en\/wp-json\/wp\/v2\/comments?post=2256"}],"version-history":[{"count":0,"href":"https:\/\/www.menimepriestor.sk\/en\/wp-json\/wp\/v2\/pages\/2256\/revisions"}],"up":[{"embeddable":true,"href":"https:\/\/www.menimepriestor.sk\/en\/wp-json\/wp\/v2\/pages\/1497"}],"wp:featuredmedia":[{"embeddable":true,"href":"https:\/\/www.menimepriestor.sk\/en\/wp-json\/wp\/v2\/media\/2408"}],"wp:attachment":[{"href":"https:\/\/www.menimepriestor.sk\/en\/wp-json\/wp\/v2\/media?parent=2256"}],"curies":[{"name":"wp","href":"https:\/\/api.w.org\/{rel}","templated":true}]}}