{"id":1497,"date":"2019-06-02T22:09:08","date_gmt":"2019-06-02T20:09:08","guid":{"rendered":"https:\/\/www.menimepriestor.sk\/?page_id=1497"},"modified":"2019-06-27T17:33:05","modified_gmt":"2019-06-27T15:33:05","slug":"special-ceilings-and-walls","status":"publish","type":"page","link":"https:\/\/www.menimepriestor.sk\/en\/special-ceilings-and-walls\/","title":{"rendered":"Special ceilings and walls"},"content":{"rendered":"\n<p>The\nimplementation of special ceilings and walls is based on atypical\nrequirements for interior design such as wellness centers and\nswimming pools, where there is a demand for increased corrosion\nresistance, as well as other requirements that cannot be covered by\nconventional materials or procedures.<\/p>\n\n\n\n<!--more-->\n\n\n\n<p>On the other hand, they provide the possibility of interesting\nmodern solutions for the construction of such spaces. Based on our\nmany years of experience, we can design and implement various special\natypical ceilings and walls. \n<\/p>\n\n\n\n<p>We have many years of experience in implementing various cooling\nceiling systems and X-ray protection solutions. If required, we can\nsupply and install safety ceilings and walls with different\nprotection classes and document all necessary certificates.<\/p>\n","protected":false},"excerpt":{"rendered":"<p>The implementation of special ceilings and walls is based on atypical requirements for interior design such as wellness centers and swimming pools, where there is a demand for increased corrosion resistance, as well as other requirements that cannot be covered by conventional materials or procedures.<\/p>\n","protected":false},"author":1,"featured_media":1966,"parent":0,"menu_order":7,"comment_status":"closed","ping_status":"closed","template":"","meta":{"_editorskit_title_hidden":false,"_editorskit_reading_time":0,"_editorskit_is_block_options_detached":false,"_editorskit_block_options_position":"{}","footnotes":""},"class_list":["post-1497","page","type-page","status-publish","has-post-thumbnail","hentry"],"yoast_head":"<!-- This site is optimized with the Yoast SEO plugin v27.2 - https:\/\/yoast.com\/product\/yoast-seo-wordpress\/ -->\n<title>Special ceilings and walls &#8212; DryCon<\/title>\n<meta name=\"robots\" content=\"index, follow, max-snippet:-1, max-image-preview:large, max-video-preview:-1\" \/>\n<link rel=\"canonical\" href=\"https:\/\/www.menimepriestor.sk\/en\/special-ceilings-and-walls\/\" \/>\n<meta property=\"og:locale\" content=\"en_US\" \/>\n<meta property=\"og:type\" content=\"article\" \/>\n<meta property=\"og:title\" content=\"Special ceilings and walls &#8212; DryCon\" \/>\n<meta property=\"og:description\" content=\"The implementation of special ceilings and walls is based on atypical requirements for interior design such as wellness centers and swimming pools, where there is a demand for increased corrosion resistance, as well as other requirements that cannot be covered by conventional materials or procedures.\" \/>\n<meta property=\"og:url\" content=\"https:\/\/www.menimepriestor.sk\/en\/special-ceilings-and-walls\/\" \/>\n<meta property=\"og:site_name\" content=\"DryCon\" \/>\n<meta property=\"article:publisher\" content=\"https:\/\/www.facebook.com\/menimepriestor.sk\" \/>\n<meta property=\"article:modified_time\" content=\"2019-06-27T15:33:05+00:00\" \/>\n<meta property=\"og:image\" content=\"https:\/\/www.menimepriestor.sk\/wp-content\/uploads\/2019\/06\/Menimepriestor-rontgenproof.jpg\" \/>\n\t<meta property=\"og:image:width\" content=\"1920\" \/>\n\t<meta property=\"og:image:height\" content=\"1280\" \/>\n\t<meta property=\"og:image:type\" content=\"image\/jpeg\" \/>\n<meta name=\"twitter:card\" content=\"summary_large_image\" \/>\n<meta name=\"twitter:label1\" content=\"Est. reading time\" \/>\n\t<meta name=\"twitter:data1\" content=\"1 minute\" \/>\n<script type=\"application\/ld+json\" class=\"yoast-schema-graph\">{\"@context\":\"https:\/\/schema.org\",\"@graph\":[{\"@type\":\"WebPage\",\"@id\":\"https:\/\/www.menimepriestor.sk\/en\/special-ceilings-and-walls\/\",\"url\":\"https:\/\/www.menimepriestor.sk\/en\/special-ceilings-and-walls\/\",\"name\":\"Special ceilings and walls &#8212; DryCon\",\"isPartOf\":{\"@id\":\"https:\/\/www.menimepriestor.sk\/en\/#website\"},\"primaryImageOfPage\":{\"@id\":\"https:\/\/www.menimepriestor.sk\/en\/special-ceilings-and-walls\/#primaryimage\"},\"image\":{\"@id\":\"https:\/\/www.menimepriestor.sk\/en\/special-ceilings-and-walls\/#primaryimage\"},\"thumbnailUrl\":\"https:\/\/www.menimepriestor.sk\/wp-content\/uploads\/2019\/06\/Menimepriestor-rontgenproof.jpg\",\"datePublished\":\"2019-06-02T20:09:08+00:00\",\"dateModified\":\"2019-06-27T15:33:05+00:00\",\"breadcrumb\":{\"@id\":\"https:\/\/www.menimepriestor.sk\/en\/special-ceilings-and-walls\/#breadcrumb\"},\"inLanguage\":\"en-US\",\"potentialAction\":[{\"@type\":\"ReadAction\",\"target\":[\"https:\/\/www.menimepriestor.sk\/en\/special-ceilings-and-walls\/\"]}]},{\"@type\":\"ImageObject\",\"inLanguage\":\"en-US\",\"@id\":\"https:\/\/www.menimepriestor.sk\/en\/special-ceilings-and-walls\/#primaryimage\",\"url\":\"https:\/\/www.menimepriestor.sk\/wp-content\/uploads\/2019\/06\/Menimepriestor-rontgenproof.jpg\",\"contentUrl\":\"https:\/\/www.menimepriestor.sk\/wp-content\/uploads\/2019\/06\/Menimepriestor-rontgenproof.jpg\",\"width\":1600,\"height\":1067},{\"@type\":\"BreadcrumbList\",\"@id\":\"https:\/\/www.menimepriestor.sk\/en\/special-ceilings-and-walls\/#breadcrumb\",\"itemListElement\":[{\"@type\":\"ListItem\",\"position\":1,\"name\":\"Home\",\"item\":\"https:\/\/www.menimepriestor.sk\/en\/\"},{\"@type\":\"ListItem\",\"position\":2,\"name\":\"Special ceilings and walls\"}]},{\"@type\":\"WebSite\",\"@id\":\"https:\/\/www.menimepriestor.sk\/en\/#website\",\"url\":\"https:\/\/www.menimepriestor.sk\/en\/\",\"name\":\"DryCon\",\"description\":\"Men\u00edme priestor na komfortn\u00fd interi\u00e9r\",\"publisher\":{\"@id\":\"https:\/\/www.menimepriestor.sk\/en\/#organization\"},\"potentialAction\":[{\"@type\":\"SearchAction\",\"target\":{\"@type\":\"EntryPoint\",\"urlTemplate\":\"https:\/\/www.menimepriestor.sk\/en\/?s={search_term_string}\"},\"query-input\":{\"@type\":\"PropertyValueSpecification\",\"valueRequired\":true,\"valueName\":\"search_term_string\"}}],\"inLanguage\":\"en-US\"},{\"@type\":\"Organization\",\"@id\":\"https:\/\/www.menimepriestor.sk\/en\/#organization\",\"name\":\"DryCon, s.r.o.\",\"url\":\"https:\/\/www.menimepriestor.sk\/en\/\",\"logo\":{\"@type\":\"ImageObject\",\"inLanguage\":\"en-US\",\"@id\":\"https:\/\/www.menimepriestor.sk\/en\/#\/schema\/logo\/image\/\",\"url\":\"https:\/\/www.menimepriestor.sk\/wp-content\/uploads\/2019\/06\/logo.png\",\"contentUrl\":\"https:\/\/www.menimepriestor.sk\/wp-content\/uploads\/2019\/06\/logo.png\",\"width\":572,\"height\":172,\"caption\":\"DryCon, s.r.o.\"},\"image\":{\"@id\":\"https:\/\/www.menimepriestor.sk\/en\/#\/schema\/logo\/image\/\"},\"sameAs\":[\"https:\/\/www.facebook.com\/menimepriestor.sk\",\"https:\/\/www.instagram.com\/menimepriestor\/\"]}]}<\/script>\n<!-- \/ Yoast SEO plugin. -->","yoast_head_json":{"title":"Special ceilings and walls &#8212; DryCon","robots":{"index":"index","follow":"follow","max-snippet":"max-snippet:-1","max-image-preview":"max-image-preview:large","max-video-preview":"max-video-preview:-1"},"canonical":"https:\/\/www.menimepriestor.sk\/en\/special-ceilings-and-walls\/","og_locale":"en_US","og_type":"article","og_title":"Special ceilings and walls &#8212; DryCon","og_description":"The implementation of special ceilings and walls is based on atypical requirements for interior design such as wellness centers and swimming pools, where there is a demand for increased corrosion resistance, as well as other requirements that cannot be covered by conventional materials or procedures.","og_url":"https:\/\/www.menimepriestor.sk\/en\/special-ceilings-and-walls\/","og_site_name":"DryCon","article_publisher":"https:\/\/www.facebook.com\/menimepriestor.sk","article_modified_time":"2019-06-27T15:33:05+00:00","og_image":[{"width":1920,"height":1280,"url":"https:\/\/www.menimepriestor.sk\/wp-content\/uploads\/2019\/06\/Menimepriestor-rontgenproof.jpg","type":"image\/jpeg"}],"twitter_card":"summary_large_image","twitter_misc":{"Est. reading time":"1 minute"},"schema":{"@context":"https:\/\/schema.org","@graph":[{"@type":"WebPage","@id":"https:\/\/www.menimepriestor.sk\/en\/special-ceilings-and-walls\/","url":"https:\/\/www.menimepriestor.sk\/en\/special-ceilings-and-walls\/","name":"Special ceilings and walls &#8212; DryCon","isPartOf":{"@id":"https:\/\/www.menimepriestor.sk\/en\/#website"},"primaryImageOfPage":{"@id":"https:\/\/www.menimepriestor.sk\/en\/special-ceilings-and-walls\/#primaryimage"},"image":{"@id":"https:\/\/www.menimepriestor.sk\/en\/special-ceilings-and-walls\/#primaryimage"},"thumbnailUrl":"https:\/\/www.menimepriestor.sk\/wp-content\/uploads\/2019\/06\/Menimepriestor-rontgenproof.jpg","datePublished":"2019-06-02T20:09:08+00:00","dateModified":"2019-06-27T15:33:05+00:00","breadcrumb":{"@id":"https:\/\/www.menimepriestor.sk\/en\/special-ceilings-and-walls\/#breadcrumb"},"inLanguage":"en-US","potentialAction":[{"@type":"ReadAction","target":["https:\/\/www.menimepriestor.sk\/en\/special-ceilings-and-walls\/"]}]},{"@type":"ImageObject","inLanguage":"en-US","@id":"https:\/\/www.menimepriestor.sk\/en\/special-ceilings-and-walls\/#primaryimage","url":"https:\/\/www.menimepriestor.sk\/wp-content\/uploads\/2019\/06\/Menimepriestor-rontgenproof.jpg","contentUrl":"https:\/\/www.menimepriestor.sk\/wp-content\/uploads\/2019\/06\/Menimepriestor-rontgenproof.jpg","width":1600,"height":1067},{"@type":"BreadcrumbList","@id":"https:\/\/www.menimepriestor.sk\/en\/special-ceilings-and-walls\/#breadcrumb","itemListElement":[{"@type":"ListItem","position":1,"name":"Home","item":"https:\/\/www.menimepriestor.sk\/en\/"},{"@type":"ListItem","position":2,"name":"Special ceilings and walls"}]},{"@type":"WebSite","@id":"https:\/\/www.menimepriestor.sk\/en\/#website","url":"https:\/\/www.menimepriestor.sk\/en\/","name":"DryCon","description":"Men\u00edme priestor na komfortn\u00fd interi\u00e9r","publisher":{"@id":"https:\/\/www.menimepriestor.sk\/en\/#organization"},"potentialAction":[{"@type":"SearchAction","target":{"@type":"EntryPoint","urlTemplate":"https:\/\/www.menimepriestor.sk\/en\/?s={search_term_string}"},"query-input":{"@type":"PropertyValueSpecification","valueRequired":true,"valueName":"search_term_string"}}],"inLanguage":"en-US"},{"@type":"Organization","@id":"https:\/\/www.menimepriestor.sk\/en\/#organization","name":"DryCon, s.r.o.","url":"https:\/\/www.menimepriestor.sk\/en\/","logo":{"@type":"ImageObject","inLanguage":"en-US","@id":"https:\/\/www.menimepriestor.sk\/en\/#\/schema\/logo\/image\/","url":"https:\/\/www.menimepriestor.sk\/wp-content\/uploads\/2019\/06\/logo.png","contentUrl":"https:\/\/www.menimepriestor.sk\/wp-content\/uploads\/2019\/06\/logo.png","width":572,"height":172,"caption":"DryCon, s.r.o."},"image":{"@id":"https:\/\/www.menimepriestor.sk\/en\/#\/schema\/logo\/image\/"},"sameAs":["https:\/\/www.facebook.com\/menimepriestor.sk","https:\/\/www.instagram.com\/menimepriestor\/"]}]}},"wpmagazine_modules_lite_featured_media_urls":{"thumbnail":["https:\/\/www.menimepriestor.sk\/wp-content\/uploads\/2019\/06\/Menimepriestor-rontgenproof-150x150.jpg",150,150,true],"cvmm-medium":["https:\/\/www.menimepriestor.sk\/wp-content\/uploads\/2019\/06\/Menimepriestor-rontgenproof.jpg",300,200,false],"cvmm-medium-plus":["https:\/\/www.menimepriestor.sk\/wp-content\/uploads\/2019\/06\/Menimepriestor-rontgenproof.jpg",305,203,false],"cvmm-portrait":["https:\/\/www.menimepriestor.sk\/wp-content\/uploads\/2019\/06\/Menimepriestor-rontgenproof.jpg",400,267,false],"cvmm-medium-square":["https:\/\/www.menimepriestor.sk\/wp-content\/uploads\/2019\/06\/Menimepriestor-rontgenproof.jpg",600,400,false],"cvmm-large":["https:\/\/www.menimepriestor.sk\/wp-content\/uploads\/2019\/06\/Menimepriestor-rontgenproof.jpg",1024,683,false],"cvmm-small":["https:\/\/www.menimepriestor.sk\/wp-content\/uploads\/2019\/06\/Menimepriestor-rontgenproof.jpg",130,87,false],"full":["https:\/\/www.menimepriestor.sk\/wp-content\/uploads\/2019\/06\/Menimepriestor-rontgenproof.jpg",1600,1067,false]},"categories_names":null,"comments_number":"0","_links":{"self":[{"href":"https:\/\/www.menimepriestor.sk\/en\/wp-json\/wp\/v2\/pages\/1497","targetHints":{"allow":["GET"]}}],"collection":[{"href":"https:\/\/www.menimepriestor.sk\/en\/wp-json\/wp\/v2\/pages"}],"about":[{"href":"https:\/\/www.menimepriestor.sk\/en\/wp-json\/wp\/v2\/types\/page"}],"author":[{"embeddable":true,"href":"https:\/\/www.menimepriestor.sk\/en\/wp-json\/wp\/v2\/users\/1"}],"replies":[{"embeddable":true,"href":"https:\/\/www.menimepriestor.sk\/en\/wp-json\/wp\/v2\/comments?post=1497"}],"version-history":[{"count":0,"href":"https:\/\/www.menimepriestor.sk\/en\/wp-json\/wp\/v2\/pages\/1497\/revisions"}],"wp:featuredmedia":[{"embeddable":true,"href":"https:\/\/www.menimepriestor.sk\/en\/wp-json\/wp\/v2\/media\/1966"}],"wp:attachment":[{"href":"https:\/\/www.menimepriestor.sk\/en\/wp-json\/wp\/v2\/media?parent=1497"}],"curies":[{"name":"wp","href":"https:\/\/api.w.org\/{rel}","templated":true}]}}