{"id":1496,"date":"2019-06-02T22:08:38","date_gmt":"2019-06-02T20:08:38","guid":{"rendered":"https:\/\/www.menimepriestor.sk\/?page_id=1496"},"modified":"2019-06-27T17:52:49","modified_gmt":"2019-06-27T15:52:49","slug":"fire-protection-ceilings-and-partitions","status":"publish","type":"page","link":"https:\/\/www.menimepriestor.sk\/en\/fire-protection-ceilings-and-partitions\/","title":{"rendered":"Fire protection ceilings and partitions"},"content":{"rendered":"\n<p>Fire\nbarrier, ceilings, walls\u2026 they must prevent the spread of burning\nand smoke and prevent the spread of fire. In this areas, we have rich\nexperience and together with renowned suppliers of materials for fire\nprotection construction we can realize even the most demanding\nrequirements.<\/p>\n\n\n\n<!--more-->\n\n\n\n<p>We\nhave the necessary installation certificates and we only use system\nmaterials prescribed by the manufacturer to implement all fire and\nconstruction requirements.<\/p>\n\n\n\n<ul class=\"wp-block-gallery columns-3 is-cropped wp-block-gallery-1 is-layout-flex wp-block-gallery-is-layout-flex\"><li class=\"blocks-gallery-item\"><figure><a href=\"https:\/\/www.menimepriestor.sk\/wp-content\/uploads\/2019\/06\/MenimePriestor_Protipoziarne-1-683x1024.jpg\"><img loading=\"lazy\" decoding=\"async\" width=\"683\" height=\"1024\" src=\"https:\/\/www.menimepriestor.sk\/wp-content\/uploads\/2019\/06\/MenimePriestor_Protipoziarne-1-683x1024.jpg\" alt=\"\" data-id=\"1931\" data-link=\"https:\/\/www.menimepriestor.sk\/protipoziarne-stropy-a-priecky\/olympus-digital-camera-34\/#main\" class=\"wp-image-1931\" srcset=\"https:\/\/www.menimepriestor.sk\/wp-content\/uploads\/2019\/06\/MenimePriestor_Protipoziarne-1-683x1024.jpg 683w, https:\/\/www.menimepriestor.sk\/wp-content\/uploads\/2019\/06\/MenimePriestor_Protipoziarne-1-200x300.jpg 200w, https:\/\/www.menimepriestor.sk\/wp-content\/uploads\/2019\/06\/MenimePriestor_Protipoziarne-1-768x1152.jpg 768w, https:\/\/www.menimepriestor.sk\/wp-content\/uploads\/2019\/06\/MenimePriestor_Protipoziarne-1.jpg 1067w\" sizes=\"auto, (max-width: 683px) 100vw, 683px\" \/><\/a><\/figure><\/li><li class=\"blocks-gallery-item\"><figure><a href=\"https:\/\/www.menimepriestor.sk\/wp-content\/uploads\/2019\/06\/MenimePriestor_Protipoziarne-2-683x1024.jpg\"><img loading=\"lazy\" decoding=\"async\" width=\"683\" height=\"1024\" src=\"https:\/\/www.menimepriestor.sk\/wp-content\/uploads\/2019\/06\/MenimePriestor_Protipoziarne-2-683x1024.jpg\" alt=\"\" data-id=\"1935\" data-link=\"https:\/\/www.menimepriestor.sk\/protipoziarne-stropy-a-priecky\/menimepriestor_protipoziarne-2\/#main\" class=\"wp-image-1935\" srcset=\"https:\/\/www.menimepriestor.sk\/wp-content\/uploads\/2019\/06\/MenimePriestor_Protipoziarne-2-683x1024.jpg 683w, https:\/\/www.menimepriestor.sk\/wp-content\/uploads\/2019\/06\/MenimePriestor_Protipoziarne-2-200x300.jpg 200w, https:\/\/www.menimepriestor.sk\/wp-content\/uploads\/2019\/06\/MenimePriestor_Protipoziarne-2-768x1152.jpg 768w, https:\/\/www.menimepriestor.sk\/wp-content\/uploads\/2019\/06\/MenimePriestor_Protipoziarne-2.jpg 1067w\" sizes=\"auto, (max-width: 683px) 100vw, 683px\" \/><\/a><\/figure><\/li><li class=\"blocks-gallery-item\"><figure><a href=\"https:\/\/www.menimepriestor.sk\/wp-content\/uploads\/2019\/06\/MenimePriestor_Protipoziarne-3-683x1024.jpg\"><img loading=\"lazy\" decoding=\"async\" width=\"683\" height=\"1024\" src=\"https:\/\/www.menimepriestor.sk\/wp-content\/uploads\/2019\/06\/MenimePriestor_Protipoziarne-3-683x1024.jpg\" alt=\"\" data-id=\"1939\" data-link=\"https:\/\/www.menimepriestor.sk\/protipoziarne-stropy-a-priecky\/menimepriestor_protipoziarne-3\/#main\" class=\"wp-image-1939\" srcset=\"https:\/\/www.menimepriestor.sk\/wp-content\/uploads\/2019\/06\/MenimePriestor_Protipoziarne-3-683x1024.jpg 683w, https:\/\/www.menimepriestor.sk\/wp-content\/uploads\/2019\/06\/MenimePriestor_Protipoziarne-3-200x300.jpg 200w, https:\/\/www.menimepriestor.sk\/wp-content\/uploads\/2019\/06\/MenimePriestor_Protipoziarne-3-768x1152.jpg 768w, https:\/\/www.menimepriestor.sk\/wp-content\/uploads\/2019\/06\/MenimePriestor_Protipoziarne-3.jpg 1067w\" sizes=\"auto, (max-width: 683px) 100vw, 683px\" \/><\/a><\/figure><\/li><li class=\"blocks-gallery-item\"><figure><a href=\"https:\/\/www.menimepriestor.sk\/wp-content\/uploads\/2019\/06\/MenimePriestor_Protipoziarne-4-683x1024.jpg\"><img loading=\"lazy\" decoding=\"async\" width=\"683\" height=\"1024\" src=\"https:\/\/www.menimepriestor.sk\/wp-content\/uploads\/2019\/06\/MenimePriestor_Protipoziarne-4-683x1024.jpg\" alt=\"\" data-id=\"1943\" data-link=\"https:\/\/www.menimepriestor.sk\/protipoziarne-stropy-a-priecky\/menimepriestor_protipoziarne-4\/#main\" class=\"wp-image-1943\" srcset=\"https:\/\/www.menimepriestor.sk\/wp-content\/uploads\/2019\/06\/MenimePriestor_Protipoziarne-4-683x1024.jpg 683w, https:\/\/www.menimepriestor.sk\/wp-content\/uploads\/2019\/06\/MenimePriestor_Protipoziarne-4-200x300.jpg 200w, https:\/\/www.menimepriestor.sk\/wp-content\/uploads\/2019\/06\/MenimePriestor_Protipoziarne-4-768x1151.jpg 768w, https:\/\/www.menimepriestor.sk\/wp-content\/uploads\/2019\/06\/MenimePriestor_Protipoziarne-4.jpg 1068w\" sizes=\"auto, (max-width: 683px) 100vw, 683px\" \/><\/a><\/figure><\/li><li class=\"blocks-gallery-item\"><figure><a href=\"https:\/\/www.menimepriestor.sk\/wp-content\/uploads\/2019\/06\/MenimePriestor_Protipoziarne-5-683x1024.jpg\"><img loading=\"lazy\" decoding=\"async\" width=\"683\" height=\"1024\" src=\"https:\/\/www.menimepriestor.sk\/wp-content\/uploads\/2019\/06\/MenimePriestor_Protipoziarne-5-683x1024.jpg\" alt=\"\" data-id=\"1947\" data-link=\"https:\/\/www.menimepriestor.sk\/protipoziarne-stropy-a-priecky\/menimepriestor_protipoziarne-5\/#main\" class=\"wp-image-1947\" srcset=\"https:\/\/www.menimepriestor.sk\/wp-content\/uploads\/2019\/06\/MenimePriestor_Protipoziarne-5-683x1024.jpg 683w, https:\/\/www.menimepriestor.sk\/wp-content\/uploads\/2019\/06\/MenimePriestor_Protipoziarne-5-200x300.jpg 200w, https:\/\/www.menimepriestor.sk\/wp-content\/uploads\/2019\/06\/MenimePriestor_Protipoziarne-5-768x1152.jpg 768w, https:\/\/www.menimepriestor.sk\/wp-content\/uploads\/2019\/06\/MenimePriestor_Protipoziarne-5.jpg 1067w\" sizes=\"auto, (max-width: 683px) 100vw, 683px\" \/><\/a><\/figure><\/li><\/ul>\n","protected":false},"excerpt":{"rendered":"<p>Fire barrier, ceilings, walls\u2026 they must prevent the spread of burning and smoke and prevent the spread of fire. In this areas, we have rich experience and together with renowned suppliers of materials for fire protection construction we can realize even the most demanding requirements.<\/p>\n","protected":false},"author":1,"featured_media":2385,"parent":0,"menu_order":5,"comment_status":"closed","ping_status":"closed","template":"page-blank.php","meta":{"_editorskit_title_hidden":false,"_editorskit_reading_time":0,"_editorskit_is_block_options_detached":false,"_editorskit_block_options_position":"{}","footnotes":""},"class_list":["post-1496","page","type-page","status-publish","has-post-thumbnail","hentry"],"yoast_head":"<!-- This site is optimized with the Yoast SEO plugin v27.2 - https:\/\/yoast.com\/product\/yoast-seo-wordpress\/ -->\n<title>Fire protection ceilings and partitions &#8212; DryCon<\/title>\n<meta name=\"robots\" content=\"index, follow, max-snippet:-1, max-image-preview:large, max-video-preview:-1\" \/>\n<link rel=\"canonical\" href=\"https:\/\/www.menimepriestor.sk\/en\/fire-protection-ceilings-and-partitions\/\" \/>\n<meta property=\"og:locale\" content=\"en_US\" \/>\n<meta property=\"og:type\" content=\"article\" \/>\n<meta property=\"og:title\" content=\"Fire protection ceilings and partitions &#8212; DryCon\" \/>\n<meta property=\"og:description\" content=\"Fire barrier, ceilings, walls\u2026 they must prevent the spread of burning and smoke and prevent the spread of fire. In this areas, we have rich experience and together with renowned suppliers of materials for fire protection construction we can realize even the most demanding requirements.\" \/>\n<meta property=\"og:url\" content=\"https:\/\/www.menimepriestor.sk\/en\/fire-protection-ceilings-and-partitions\/\" \/>\n<meta property=\"og:site_name\" content=\"DryCon\" \/>\n<meta property=\"article:publisher\" content=\"https:\/\/www.facebook.com\/menimepriestor.sk\" \/>\n<meta property=\"article:modified_time\" content=\"2019-06-27T15:52:49+00:00\" \/>\n<meta property=\"og:image\" content=\"https:\/\/www.menimepriestor.sk\/wp-content\/uploads\/2019\/07\/P4131625.jpg\" \/>\n\t<meta property=\"og:image:width\" content=\"1920\" \/>\n\t<meta property=\"og:image:height\" content=\"1280\" \/>\n\t<meta property=\"og:image:type\" content=\"image\/jpeg\" \/>\n<meta name=\"twitter:card\" content=\"summary_large_image\" \/>\n<script type=\"application\/ld+json\" class=\"yoast-schema-graph\">{\"@context\":\"https:\/\/schema.org\",\"@graph\":[{\"@type\":\"WebPage\",\"@id\":\"https:\/\/www.menimepriestor.sk\/en\/fire-protection-ceilings-and-partitions\/\",\"url\":\"https:\/\/www.menimepriestor.sk\/en\/fire-protection-ceilings-and-partitions\/\",\"name\":\"Fire protection ceilings and partitions &#8212; DryCon\",\"isPartOf\":{\"@id\":\"https:\/\/www.menimepriestor.sk\/en\/#website\"},\"primaryImageOfPage\":{\"@id\":\"https:\/\/www.menimepriestor.sk\/en\/fire-protection-ceilings-and-partitions\/#primaryimage\"},\"image\":{\"@id\":\"https:\/\/www.menimepriestor.sk\/en\/fire-protection-ceilings-and-partitions\/#primaryimage\"},\"thumbnailUrl\":\"https:\/\/www.menimepriestor.sk\/wp-content\/uploads\/2019\/07\/P4131625.jpg\",\"datePublished\":\"2019-06-02T20:08:38+00:00\",\"dateModified\":\"2019-06-27T15:52:49+00:00\",\"breadcrumb\":{\"@id\":\"https:\/\/www.menimepriestor.sk\/en\/fire-protection-ceilings-and-partitions\/#breadcrumb\"},\"inLanguage\":\"en-US\",\"potentialAction\":[{\"@type\":\"ReadAction\",\"target\":[\"https:\/\/www.menimepriestor.sk\/en\/fire-protection-ceilings-and-partitions\/\"]}]},{\"@type\":\"ImageObject\",\"inLanguage\":\"en-US\",\"@id\":\"https:\/\/www.menimepriestor.sk\/en\/fire-protection-ceilings-and-partitions\/#primaryimage\",\"url\":\"https:\/\/www.menimepriestor.sk\/wp-content\/uploads\/2019\/07\/P4131625.jpg\",\"contentUrl\":\"https:\/\/www.menimepriestor.sk\/wp-content\/uploads\/2019\/07\/P4131625.jpg\",\"width\":1600,\"height\":1067},{\"@type\":\"BreadcrumbList\",\"@id\":\"https:\/\/www.menimepriestor.sk\/en\/fire-protection-ceilings-and-partitions\/#breadcrumb\",\"itemListElement\":[{\"@type\":\"ListItem\",\"position\":1,\"name\":\"Home\",\"item\":\"https:\/\/www.menimepriestor.sk\/en\/\"},{\"@type\":\"ListItem\",\"position\":2,\"name\":\"Fire protection ceilings and partitions\"}]},{\"@type\":\"WebSite\",\"@id\":\"https:\/\/www.menimepriestor.sk\/en\/#website\",\"url\":\"https:\/\/www.menimepriestor.sk\/en\/\",\"name\":\"DryCon\",\"description\":\"Men\u00edme priestor na komfortn\u00fd interi\u00e9r\",\"publisher\":{\"@id\":\"https:\/\/www.menimepriestor.sk\/en\/#organization\"},\"potentialAction\":[{\"@type\":\"SearchAction\",\"target\":{\"@type\":\"EntryPoint\",\"urlTemplate\":\"https:\/\/www.menimepriestor.sk\/en\/?s={search_term_string}\"},\"query-input\":{\"@type\":\"PropertyValueSpecification\",\"valueRequired\":true,\"valueName\":\"search_term_string\"}}],\"inLanguage\":\"en-US\"},{\"@type\":\"Organization\",\"@id\":\"https:\/\/www.menimepriestor.sk\/en\/#organization\",\"name\":\"DryCon, s.r.o.\",\"url\":\"https:\/\/www.menimepriestor.sk\/en\/\",\"logo\":{\"@type\":\"ImageObject\",\"inLanguage\":\"en-US\",\"@id\":\"https:\/\/www.menimepriestor.sk\/en\/#\/schema\/logo\/image\/\",\"url\":\"https:\/\/www.menimepriestor.sk\/wp-content\/uploads\/2019\/06\/logo.png\",\"contentUrl\":\"https:\/\/www.menimepriestor.sk\/wp-content\/uploads\/2019\/06\/logo.png\",\"width\":572,\"height\":172,\"caption\":\"DryCon, s.r.o.\"},\"image\":{\"@id\":\"https:\/\/www.menimepriestor.sk\/en\/#\/schema\/logo\/image\/\"},\"sameAs\":[\"https:\/\/www.facebook.com\/menimepriestor.sk\",\"https:\/\/www.instagram.com\/menimepriestor\/\"]}]}<\/script>\n<!-- \/ Yoast SEO plugin. -->","yoast_head_json":{"title":"Fire protection ceilings and partitions &#8212; DryCon","robots":{"index":"index","follow":"follow","max-snippet":"max-snippet:-1","max-image-preview":"max-image-preview:large","max-video-preview":"max-video-preview:-1"},"canonical":"https:\/\/www.menimepriestor.sk\/en\/fire-protection-ceilings-and-partitions\/","og_locale":"en_US","og_type":"article","og_title":"Fire protection ceilings and partitions &#8212; DryCon","og_description":"Fire barrier, ceilings, walls\u2026 they must prevent the spread of burning and smoke and prevent the spread of fire. In this areas, we have rich experience and together with renowned suppliers of materials for fire protection construction we can realize even the most demanding requirements.","og_url":"https:\/\/www.menimepriestor.sk\/en\/fire-protection-ceilings-and-partitions\/","og_site_name":"DryCon","article_publisher":"https:\/\/www.facebook.com\/menimepriestor.sk","article_modified_time":"2019-06-27T15:52:49+00:00","og_image":[{"width":1920,"height":1280,"url":"https:\/\/www.menimepriestor.sk\/wp-content\/uploads\/2019\/07\/P4131625.jpg","type":"image\/jpeg"}],"twitter_card":"summary_large_image","schema":{"@context":"https:\/\/schema.org","@graph":[{"@type":"WebPage","@id":"https:\/\/www.menimepriestor.sk\/en\/fire-protection-ceilings-and-partitions\/","url":"https:\/\/www.menimepriestor.sk\/en\/fire-protection-ceilings-and-partitions\/","name":"Fire protection ceilings and partitions &#8212; DryCon","isPartOf":{"@id":"https:\/\/www.menimepriestor.sk\/en\/#website"},"primaryImageOfPage":{"@id":"https:\/\/www.menimepriestor.sk\/en\/fire-protection-ceilings-and-partitions\/#primaryimage"},"image":{"@id":"https:\/\/www.menimepriestor.sk\/en\/fire-protection-ceilings-and-partitions\/#primaryimage"},"thumbnailUrl":"https:\/\/www.menimepriestor.sk\/wp-content\/uploads\/2019\/07\/P4131625.jpg","datePublished":"2019-06-02T20:08:38+00:00","dateModified":"2019-06-27T15:52:49+00:00","breadcrumb":{"@id":"https:\/\/www.menimepriestor.sk\/en\/fire-protection-ceilings-and-partitions\/#breadcrumb"},"inLanguage":"en-US","potentialAction":[{"@type":"ReadAction","target":["https:\/\/www.menimepriestor.sk\/en\/fire-protection-ceilings-and-partitions\/"]}]},{"@type":"ImageObject","inLanguage":"en-US","@id":"https:\/\/www.menimepriestor.sk\/en\/fire-protection-ceilings-and-partitions\/#primaryimage","url":"https:\/\/www.menimepriestor.sk\/wp-content\/uploads\/2019\/07\/P4131625.jpg","contentUrl":"https:\/\/www.menimepriestor.sk\/wp-content\/uploads\/2019\/07\/P4131625.jpg","width":1600,"height":1067},{"@type":"BreadcrumbList","@id":"https:\/\/www.menimepriestor.sk\/en\/fire-protection-ceilings-and-partitions\/#breadcrumb","itemListElement":[{"@type":"ListItem","position":1,"name":"Home","item":"https:\/\/www.menimepriestor.sk\/en\/"},{"@type":"ListItem","position":2,"name":"Fire protection ceilings and partitions"}]},{"@type":"WebSite","@id":"https:\/\/www.menimepriestor.sk\/en\/#website","url":"https:\/\/www.menimepriestor.sk\/en\/","name":"DryCon","description":"Men\u00edme priestor na komfortn\u00fd interi\u00e9r","publisher":{"@id":"https:\/\/www.menimepriestor.sk\/en\/#organization"},"potentialAction":[{"@type":"SearchAction","target":{"@type":"EntryPoint","urlTemplate":"https:\/\/www.menimepriestor.sk\/en\/?s={search_term_string}"},"query-input":{"@type":"PropertyValueSpecification","valueRequired":true,"valueName":"search_term_string"}}],"inLanguage":"en-US"},{"@type":"Organization","@id":"https:\/\/www.menimepriestor.sk\/en\/#organization","name":"DryCon, s.r.o.","url":"https:\/\/www.menimepriestor.sk\/en\/","logo":{"@type":"ImageObject","inLanguage":"en-US","@id":"https:\/\/www.menimepriestor.sk\/en\/#\/schema\/logo\/image\/","url":"https:\/\/www.menimepriestor.sk\/wp-content\/uploads\/2019\/06\/logo.png","contentUrl":"https:\/\/www.menimepriestor.sk\/wp-content\/uploads\/2019\/06\/logo.png","width":572,"height":172,"caption":"DryCon, s.r.o."},"image":{"@id":"https:\/\/www.menimepriestor.sk\/en\/#\/schema\/logo\/image\/"},"sameAs":["https:\/\/www.facebook.com\/menimepriestor.sk","https:\/\/www.instagram.com\/menimepriestor\/"]}]}},"wpmagazine_modules_lite_featured_media_urls":{"thumbnail":["https:\/\/www.menimepriestor.sk\/wp-content\/uploads\/2019\/07\/P4131625-150x150.jpg",150,150,true],"cvmm-medium":["https:\/\/www.menimepriestor.sk\/wp-content\/uploads\/2019\/07\/P4131625.jpg",300,200,false],"cvmm-medium-plus":["https:\/\/www.menimepriestor.sk\/wp-content\/uploads\/2019\/07\/P4131625.jpg",305,203,false],"cvmm-portrait":["https:\/\/www.menimepriestor.sk\/wp-content\/uploads\/2019\/07\/P4131625.jpg",400,267,false],"cvmm-medium-square":["https:\/\/www.menimepriestor.sk\/wp-content\/uploads\/2019\/07\/P4131625.jpg",600,400,false],"cvmm-large":["https:\/\/www.menimepriestor.sk\/wp-content\/uploads\/2019\/07\/P4131625.jpg",1024,683,false],"cvmm-small":["https:\/\/www.menimepriestor.sk\/wp-content\/uploads\/2019\/07\/P4131625.jpg",130,87,false],"full":["https:\/\/www.menimepriestor.sk\/wp-content\/uploads\/2019\/07\/P4131625.jpg",1600,1067,false]},"categories_names":null,"comments_number":"0","_links":{"self":[{"href":"https:\/\/www.menimepriestor.sk\/en\/wp-json\/wp\/v2\/pages\/1496","targetHints":{"allow":["GET"]}}],"collection":[{"href":"https:\/\/www.menimepriestor.sk\/en\/wp-json\/wp\/v2\/pages"}],"about":[{"href":"https:\/\/www.menimepriestor.sk\/en\/wp-json\/wp\/v2\/types\/page"}],"author":[{"embeddable":true,"href":"https:\/\/www.menimepriestor.sk\/en\/wp-json\/wp\/v2\/users\/1"}],"replies":[{"embeddable":true,"href":"https:\/\/www.menimepriestor.sk\/en\/wp-json\/wp\/v2\/comments?post=1496"}],"version-history":[{"count":0,"href":"https:\/\/www.menimepriestor.sk\/en\/wp-json\/wp\/v2\/pages\/1496\/revisions"}],"wp:featuredmedia":[{"embeddable":true,"href":"https:\/\/www.menimepriestor.sk\/en\/wp-json\/wp\/v2\/media\/2385"}],"wp:attachment":[{"href":"https:\/\/www.menimepriestor.sk\/en\/wp-json\/wp\/v2\/media?parent=1496"}],"curies":[{"name":"wp","href":"https:\/\/api.w.org\/{rel}","templated":true}]}}