{"id":1494,"date":"2019-06-02T22:08:07","date_gmt":"2019-06-02T20:08:07","guid":{"rendered":"https:\/\/www.menimepriestor.sk\/?page_id=1494"},"modified":"2019-07-07T16:56:41","modified_gmt":"2019-07-07T14:56:41","slug":"acoustic-ceilings","status":"publish","type":"page","link":"https:\/\/www.menimepriestor.sk\/en\/acoustic-ceilings\/","title":{"rendered":"Acoustic ceilings"},"content":{"rendered":"\n<p>Acoustics\nplays an important role in interior design. <strong>Why?<\/strong> In\nfact, good acoustics is an integral part of the interior because it\nensures the required degree of privacy, clarity of speech, high sound\nquality and it also affects the feelings of the users positively. The\nsound pressure level indicates how noisy the room is.<\/p>\n\n\n\n<!--more-->\n\n\n\n<p>Two main factors are crucial when considering the acoustic\nfeatures of the interior, namely <strong>sound absorption<\/strong> &#8211;  how the\nsound in the room behaves, reflects, breaks, absorbs, the\nreverberation time and <strong>sound insulation<\/strong> (air sound\ninsulation)- i. how much sound penetrates from one room to another.<\/p>\n\n\n\n<p>We offer a wide range of quality materials to solve different acoustic requirements, which, in addition to excellent acoustic properties, allow an interesting design variability with timeless aesthetic design.<\/p>\n\n\n\n<p>Types of acoustic ceilings:<\/p>\n","protected":false},"excerpt":{"rendered":"<p>Acoustics plays an important role in interior design. Why? In fact, good acoustics is an integral part of the interior because it ensures the required degree of privacy, clarity of speech, high sound quality and it also affects the feelings of the users positively. The sound pressure level indicates how noisy the room is.<\/p>\n","protected":false},"author":1,"featured_media":6400,"parent":0,"menu_order":1,"comment_status":"closed","ping_status":"closed","template":"","meta":{"_editorskit_title_hidden":false,"_editorskit_reading_time":0,"_editorskit_is_block_options_detached":false,"_editorskit_block_options_position":"{}","footnotes":""},"class_list":["post-1494","page","type-page","status-publish","has-post-thumbnail","hentry"],"yoast_head":"<!-- This site is optimized with the Yoast SEO plugin v27.4 - https:\/\/yoast.com\/product\/yoast-seo-wordpress\/ -->\n<title>Acoustic ceilings &#8212; DryCon<\/title>\n<meta name=\"robots\" content=\"index, follow, max-snippet:-1, max-image-preview:large, max-video-preview:-1\" \/>\n<link rel=\"canonical\" href=\"https:\/\/www.menimepriestor.sk\/en\/acoustic-ceilings\/\" \/>\n<meta property=\"og:locale\" content=\"en_US\" \/>\n<meta property=\"og:type\" content=\"article\" \/>\n<meta property=\"og:title\" content=\"Acoustic ceilings &#8212; DryCon\" \/>\n<meta property=\"og:description\" content=\"Acoustics plays an important role in interior design. Why? In fact, good acoustics is an integral part of the interior because it ensures the required degree of privacy, clarity of speech, high sound quality and it also affects the feelings of the users positively. The sound pressure level indicates how noisy the room is.\" \/>\n<meta property=\"og:url\" content=\"https:\/\/www.menimepriestor.sk\/en\/acoustic-ceilings\/\" \/>\n<meta property=\"og:site_name\" content=\"DryCon\" \/>\n<meta property=\"article:publisher\" content=\"https:\/\/www.facebook.com\/menimepriestor.sk\" \/>\n<meta property=\"article:modified_time\" content=\"2019-07-07T14:56:41+00:00\" \/>\n<meta property=\"og:image\" content=\"https:\/\/www.menimepriestor.sk\/wp-content\/uploads\/2019\/06\/Menimepriestor-Akusitcke-Monoliticke-16.jpg\" \/>\n\t<meta property=\"og:image:width\" content=\"1920\" \/>\n\t<meta property=\"og:image:height\" content=\"1280\" \/>\n\t<meta property=\"og:image:type\" content=\"image\/jpeg\" \/>\n<meta name=\"twitter:card\" content=\"summary_large_image\" \/>\n<meta name=\"twitter:label1\" content=\"Est. reading time\" \/>\n\t<meta name=\"twitter:data1\" content=\"1 minute\" \/>\n<script type=\"application\/ld+json\" class=\"yoast-schema-graph\">{\"@context\":\"https:\\\/\\\/schema.org\",\"@graph\":[{\"@type\":\"WebPage\",\"@id\":\"https:\\\/\\\/www.menimepriestor.sk\\\/en\\\/acoustic-ceilings\\\/\",\"url\":\"https:\\\/\\\/www.menimepriestor.sk\\\/en\\\/acoustic-ceilings\\\/\",\"name\":\"Acoustic ceilings &#8212; DryCon\",\"isPartOf\":{\"@id\":\"https:\\\/\\\/www.menimepriestor.sk\\\/en\\\/#website\"},\"primaryImageOfPage\":{\"@id\":\"https:\\\/\\\/www.menimepriestor.sk\\\/en\\\/acoustic-ceilings\\\/#primaryimage\"},\"image\":{\"@id\":\"https:\\\/\\\/www.menimepriestor.sk\\\/en\\\/acoustic-ceilings\\\/#primaryimage\"},\"thumbnailUrl\":\"https:\\\/\\\/www.menimepriestor.sk\\\/wp-content\\\/uploads\\\/2023\\\/12\\\/PB149861a.jpg\",\"datePublished\":\"2019-06-02T20:08:07+00:00\",\"dateModified\":\"2019-07-07T14:56:41+00:00\",\"breadcrumb\":{\"@id\":\"https:\\\/\\\/www.menimepriestor.sk\\\/en\\\/acoustic-ceilings\\\/#breadcrumb\"},\"inLanguage\":\"en-US\",\"potentialAction\":[{\"@type\":\"ReadAction\",\"target\":[\"https:\\\/\\\/www.menimepriestor.sk\\\/en\\\/acoustic-ceilings\\\/\"]}]},{\"@type\":\"ImageObject\",\"inLanguage\":\"en-US\",\"@id\":\"https:\\\/\\\/www.menimepriestor.sk\\\/en\\\/acoustic-ceilings\\\/#primaryimage\",\"url\":\"https:\\\/\\\/www.menimepriestor.sk\\\/wp-content\\\/uploads\\\/2023\\\/12\\\/PB149861a.jpg\",\"contentUrl\":\"https:\\\/\\\/www.menimepriestor.sk\\\/wp-content\\\/uploads\\\/2023\\\/12\\\/PB149861a.jpg\",\"width\":1280,\"height\":720,\"caption\":\"OLYMPUS DIGITAL CAMERA\"},{\"@type\":\"BreadcrumbList\",\"@id\":\"https:\\\/\\\/www.menimepriestor.sk\\\/en\\\/acoustic-ceilings\\\/#breadcrumb\",\"itemListElement\":[{\"@type\":\"ListItem\",\"position\":1,\"name\":\"Home\",\"item\":\"https:\\\/\\\/www.menimepriestor.sk\\\/en\\\/\"},{\"@type\":\"ListItem\",\"position\":2,\"name\":\"Acoustic ceilings\"}]},{\"@type\":\"WebSite\",\"@id\":\"https:\\\/\\\/www.menimepriestor.sk\\\/en\\\/#website\",\"url\":\"https:\\\/\\\/www.menimepriestor.sk\\\/en\\\/\",\"name\":\"DryCon\",\"description\":\"Men\u00edme priestor na komfortn\u00fd interi\u00e9r\",\"publisher\":{\"@id\":\"https:\\\/\\\/www.menimepriestor.sk\\\/en\\\/#organization\"},\"potentialAction\":[{\"@type\":\"SearchAction\",\"target\":{\"@type\":\"EntryPoint\",\"urlTemplate\":\"https:\\\/\\\/www.menimepriestor.sk\\\/en\\\/?s={search_term_string}\"},\"query-input\":{\"@type\":\"PropertyValueSpecification\",\"valueRequired\":true,\"valueName\":\"search_term_string\"}}],\"inLanguage\":\"en-US\"},{\"@type\":\"Organization\",\"@id\":\"https:\\\/\\\/www.menimepriestor.sk\\\/en\\\/#organization\",\"name\":\"DryCon, s.r.o.\",\"url\":\"https:\\\/\\\/www.menimepriestor.sk\\\/en\\\/\",\"logo\":{\"@type\":\"ImageObject\",\"inLanguage\":\"en-US\",\"@id\":\"https:\\\/\\\/www.menimepriestor.sk\\\/en\\\/#\\\/schema\\\/logo\\\/image\\\/\",\"url\":\"https:\\\/\\\/www.menimepriestor.sk\\\/wp-content\\\/uploads\\\/2019\\\/06\\\/logo.png\",\"contentUrl\":\"https:\\\/\\\/www.menimepriestor.sk\\\/wp-content\\\/uploads\\\/2019\\\/06\\\/logo.png\",\"width\":572,\"height\":172,\"caption\":\"DryCon, s.r.o.\"},\"image\":{\"@id\":\"https:\\\/\\\/www.menimepriestor.sk\\\/en\\\/#\\\/schema\\\/logo\\\/image\\\/\"},\"sameAs\":[\"https:\\\/\\\/www.facebook.com\\\/menimepriestor.sk\",\"https:\\\/\\\/www.instagram.com\\\/menimepriestor\\\/\"]}]}<\/script>\n<!-- \/ Yoast SEO plugin. -->","yoast_head_json":{"title":"Acoustic ceilings &#8212; DryCon","robots":{"index":"index","follow":"follow","max-snippet":"max-snippet:-1","max-image-preview":"max-image-preview:large","max-video-preview":"max-video-preview:-1"},"canonical":"https:\/\/www.menimepriestor.sk\/en\/acoustic-ceilings\/","og_locale":"en_US","og_type":"article","og_title":"Acoustic ceilings &#8212; DryCon","og_description":"Acoustics plays an important role in interior design. Why? In fact, good acoustics is an integral part of the interior because it ensures the required degree of privacy, clarity of speech, high sound quality and it also affects the feelings of the users positively. The sound pressure level indicates how noisy the room is.","og_url":"https:\/\/www.menimepriestor.sk\/en\/acoustic-ceilings\/","og_site_name":"DryCon","article_publisher":"https:\/\/www.facebook.com\/menimepriestor.sk","article_modified_time":"2019-07-07T14:56:41+00:00","og_image":[{"width":1920,"height":1280,"url":"https:\/\/www.menimepriestor.sk\/wp-content\/uploads\/2019\/06\/Menimepriestor-Akusitcke-Monoliticke-16.jpg","type":"image\/jpeg"}],"twitter_card":"summary_large_image","twitter_misc":{"Est. reading time":"1 minute"},"schema":{"@context":"https:\/\/schema.org","@graph":[{"@type":"WebPage","@id":"https:\/\/www.menimepriestor.sk\/en\/acoustic-ceilings\/","url":"https:\/\/www.menimepriestor.sk\/en\/acoustic-ceilings\/","name":"Acoustic ceilings &#8212; DryCon","isPartOf":{"@id":"https:\/\/www.menimepriestor.sk\/en\/#website"},"primaryImageOfPage":{"@id":"https:\/\/www.menimepriestor.sk\/en\/acoustic-ceilings\/#primaryimage"},"image":{"@id":"https:\/\/www.menimepriestor.sk\/en\/acoustic-ceilings\/#primaryimage"},"thumbnailUrl":"https:\/\/www.menimepriestor.sk\/wp-content\/uploads\/2023\/12\/PB149861a.jpg","datePublished":"2019-06-02T20:08:07+00:00","dateModified":"2019-07-07T14:56:41+00:00","breadcrumb":{"@id":"https:\/\/www.menimepriestor.sk\/en\/acoustic-ceilings\/#breadcrumb"},"inLanguage":"en-US","potentialAction":[{"@type":"ReadAction","target":["https:\/\/www.menimepriestor.sk\/en\/acoustic-ceilings\/"]}]},{"@type":"ImageObject","inLanguage":"en-US","@id":"https:\/\/www.menimepriestor.sk\/en\/acoustic-ceilings\/#primaryimage","url":"https:\/\/www.menimepriestor.sk\/wp-content\/uploads\/2023\/12\/PB149861a.jpg","contentUrl":"https:\/\/www.menimepriestor.sk\/wp-content\/uploads\/2023\/12\/PB149861a.jpg","width":1280,"height":720,"caption":"OLYMPUS DIGITAL CAMERA"},{"@type":"BreadcrumbList","@id":"https:\/\/www.menimepriestor.sk\/en\/acoustic-ceilings\/#breadcrumb","itemListElement":[{"@type":"ListItem","position":1,"name":"Home","item":"https:\/\/www.menimepriestor.sk\/en\/"},{"@type":"ListItem","position":2,"name":"Acoustic ceilings"}]},{"@type":"WebSite","@id":"https:\/\/www.menimepriestor.sk\/en\/#website","url":"https:\/\/www.menimepriestor.sk\/en\/","name":"DryCon","description":"Men\u00edme priestor na komfortn\u00fd interi\u00e9r","publisher":{"@id":"https:\/\/www.menimepriestor.sk\/en\/#organization"},"potentialAction":[{"@type":"SearchAction","target":{"@type":"EntryPoint","urlTemplate":"https:\/\/www.menimepriestor.sk\/en\/?s={search_term_string}"},"query-input":{"@type":"PropertyValueSpecification","valueRequired":true,"valueName":"search_term_string"}}],"inLanguage":"en-US"},{"@type":"Organization","@id":"https:\/\/www.menimepriestor.sk\/en\/#organization","name":"DryCon, s.r.o.","url":"https:\/\/www.menimepriestor.sk\/en\/","logo":{"@type":"ImageObject","inLanguage":"en-US","@id":"https:\/\/www.menimepriestor.sk\/en\/#\/schema\/logo\/image\/","url":"https:\/\/www.menimepriestor.sk\/wp-content\/uploads\/2019\/06\/logo.png","contentUrl":"https:\/\/www.menimepriestor.sk\/wp-content\/uploads\/2019\/06\/logo.png","width":572,"height":172,"caption":"DryCon, s.r.o."},"image":{"@id":"https:\/\/www.menimepriestor.sk\/en\/#\/schema\/logo\/image\/"},"sameAs":["https:\/\/www.facebook.com\/menimepriestor.sk","https:\/\/www.instagram.com\/menimepriestor\/"]}]}},"wpmagazine_modules_lite_featured_media_urls":{"thumbnail":["https:\/\/www.menimepriestor.sk\/wp-content\/uploads\/2023\/12\/PB149861a-150x150.jpg",150,150,true],"cvmm-medium":["https:\/\/www.menimepriestor.sk\/wp-content\/uploads\/2023\/12\/PB149861a.jpg",300,169,false],"cvmm-medium-plus":["https:\/\/www.menimepriestor.sk\/wp-content\/uploads\/2023\/12\/PB149861a.jpg",305,172,false],"cvmm-portrait":["https:\/\/www.menimepriestor.sk\/wp-content\/uploads\/2023\/12\/PB149861a.jpg",400,225,false],"cvmm-medium-square":["https:\/\/www.menimepriestor.sk\/wp-content\/uploads\/2023\/12\/PB149861a.jpg",600,338,false],"cvmm-large":["https:\/\/www.menimepriestor.sk\/wp-content\/uploads\/2023\/12\/PB149861a.jpg",1024,576,false],"cvmm-small":["https:\/\/www.menimepriestor.sk\/wp-content\/uploads\/2023\/12\/PB149861a.jpg",130,73,false],"full":["https:\/\/www.menimepriestor.sk\/wp-content\/uploads\/2023\/12\/PB149861a.jpg",1280,720,false]},"categories_names":null,"comments_number":"0","_links":{"self":[{"href":"https:\/\/www.menimepriestor.sk\/en\/wp-json\/wp\/v2\/pages\/1494","targetHints":{"allow":["GET"]}}],"collection":[{"href":"https:\/\/www.menimepriestor.sk\/en\/wp-json\/wp\/v2\/pages"}],"about":[{"href":"https:\/\/www.menimepriestor.sk\/en\/wp-json\/wp\/v2\/types\/page"}],"author":[{"embeddable":true,"href":"https:\/\/www.menimepriestor.sk\/en\/wp-json\/wp\/v2\/users\/1"}],"replies":[{"embeddable":true,"href":"https:\/\/www.menimepriestor.sk\/en\/wp-json\/wp\/v2\/comments?post=1494"}],"version-history":[{"count":0,"href":"https:\/\/www.menimepriestor.sk\/en\/wp-json\/wp\/v2\/pages\/1494\/revisions"}],"wp:featuredmedia":[{"embeddable":true,"href":"https:\/\/www.menimepriestor.sk\/en\/wp-json\/wp\/v2\/media\/6400"}],"wp:attachment":[{"href":"https:\/\/www.menimepriestor.sk\/en\/wp-json\/wp\/v2\/media?parent=1494"}],"curies":[{"name":"wp","href":"https:\/\/api.w.org\/{rel}","templated":true}]}}