{"id":94,"date":"2018-09-06T16:37:22","date_gmt":"2018-09-06T14:37:22","guid":{"rendered":"https:\/\/www.menimepriestor.sk\/about-cz\/"},"modified":"2019-07-17T20:48:31","modified_gmt":"2019-07-17T18:48:31","slug":"ueber-uns","status":"publish","type":"page","link":"https:\/\/www.menimepriestor.sk\/de\/ueber-uns\/","title":{"rendered":"\u00dcber uns"},"content":{"rendered":"\n<p>Mit einer Tradition seit 1992 sind wir eines der ersten spezialisierten Unternehmen im Bereich der Lieferung und Montage von Gipskartonsystemen, W\u00e4rmed\u00e4mmung und Beleuchtung. Zurzeit hat sich unser Portfolio um akustische Decken und W\u00e4nde erweitert, die wesentlich zu einem akustischen Komfort des Interieurs beitragen. <\/p>\n\n\n\n<p>Wir sind ein stabiler und zuverl\u00e4ssiger Partner bei der Umsetzung Ihrer Ideen, der bereits viele zufriedene Kunden von seinen Qualit\u00e4ten \u00fcberzeugt hat.  <\/p>\n\n\n\n<p>Unsere Erfahrung spiegelt sich am besten in der Anzahlt von Referenzen ab, die eine Vielfalt von Inneneinrichtungen umfassen, die von kleineren Familienh\u00e4usern, Luxusvillen, Hotels \u00fcber Kaufh\u00e4user bis hin zu umfangreichen Produktionshallen, multifunktionalen Geb\u00e4uden und sogar  Wellnesszentren reichen und unser Unternehmen zu einem flexiblen Partner machen.  <\/p>\n\n\n\n<p>Wir nehmen regelm\u00e4\u00dfig an Schulungen teil, was an der Vielzahl der erhaltenen Zertifikate sichtbar ist. Um eine hohe Qualit\u00e4t zu erreichen, verwenden wir nur bew\u00e4hrte Materialien von renommierten Herstellern. <\/p>\n\n\n\n<p>Wir investieren nach und nach in neue Technologien, was bedeutet, dass wir die besten technischen Ger\u00e4te auf dem Markt haben. Wir haben eine Reihe von nicht standarm\u00e4\u00dfigen Kundenanforderungen erfolgreich bearbeitet. Deshalb glauben wir, dass wir auch Ihre Ideen verwirklichen k\u00f6nnen.  <\/p>\n\n\n\n<div class=\"wp-block-image\"><figure class=\"aligncenter\"><img loading=\"lazy\" decoding=\"async\" width=\"1024\" height=\"640\" src=\"https:\/\/www.menimepriestor.sk\/wp-content\/uploads\/2019\/07\/grcasinos6-1024x640.jpg\" alt=\"\" class=\"wp-image-2402\" srcset=\"https:\/\/www.menimepriestor.sk\/wp-content\/uploads\/2019\/07\/grcasinos6-1024x640.jpg 1024w, https:\/\/www.menimepriestor.sk\/wp-content\/uploads\/2019\/07\/grcasinos6-300x188.jpg 300w, https:\/\/www.menimepriestor.sk\/wp-content\/uploads\/2019\/07\/grcasinos6-768x480.jpg 768w, https:\/\/www.menimepriestor.sk\/wp-content\/uploads\/2019\/07\/grcasinos6-1920x1200.jpg 1920w, https:\/\/www.menimepriestor.sk\/wp-content\/uploads\/2019\/07\/grcasinos6.jpg 1600w\" sizes=\"auto, (max-width: 1024px) 100vw, 1024px\" \/><\/figure><\/div>\n","protected":false},"excerpt":{"rendered":"<p>Mit einer Tradition seit 1992 sind wir eines der ersten spezialisierten Unternehmen im Bereich der Lieferung und Montage von Gipskartonsystemen, W\u00e4rmed\u00e4mmung und Beleuchtung. Zurzeit hat sich unser Portfolio um akustische Decken und W\u00e4nde erweitert, die wesentlich zu einem akustischen Komfort des Interieurs beitragen. Wir sind ein stabiler und zuverl\u00e4ssiger Partner bei der Umsetzung Ihrer Ideen, [&#8230;]\n","protected":false},"author":1,"featured_media":1079,"parent":0,"menu_order":0,"comment_status":"closed","ping_status":"closed","template":"","meta":{"_editorskit_title_hidden":false,"_editorskit_reading_time":0,"_editorskit_is_block_options_detached":false,"_editorskit_block_options_position":"{}","footnotes":""},"class_list":["post-94","page","type-page","status-publish","has-post-thumbnail","hentry"],"yoast_head":"<!-- This site is optimized with the Yoast SEO plugin v27.2 - https:\/\/yoast.com\/product\/yoast-seo-wordpress\/ -->\n<title>\u00dcber uns &#8212; DryCon<\/title>\n<meta name=\"robots\" content=\"index, follow, max-snippet:-1, max-image-preview:large, max-video-preview:-1\" \/>\n<link rel=\"canonical\" href=\"https:\/\/www.menimepriestor.sk\/de\/ueber-uns\/\" \/>\n<meta property=\"og:locale\" content=\"de_DE\" \/>\n<meta property=\"og:type\" content=\"article\" \/>\n<meta property=\"og:title\" content=\"\u00dcber uns &#8212; DryCon\" \/>\n<meta property=\"og:description\" content=\"Mit einer Tradition seit 1992 sind wir eines der ersten spezialisierten Unternehmen im Bereich der Lieferung und Montage von Gipskartonsystemen, W\u00e4rmed\u00e4mmung und Beleuchtung. Zurzeit hat sich unser Portfolio um akustische Decken und W\u00e4nde erweitert, die wesentlich zu einem akustischen Komfort des Interieurs beitragen. Wir sind ein stabiler und zuverl\u00e4ssiger Partner bei der Umsetzung Ihrer Ideen, [...]\" \/>\n<meta property=\"og:url\" content=\"https:\/\/www.menimepriestor.sk\/de\/ueber-uns\/\" \/>\n<meta property=\"og:site_name\" content=\"DryCon\" \/>\n<meta property=\"article:publisher\" content=\"https:\/\/www.facebook.com\/menimepriestor.sk\" \/>\n<meta property=\"article:modified_time\" content=\"2019-07-17T18:48:31+00:00\" \/>\n<meta property=\"og:image\" content=\"https:\/\/www.menimepriestor.sk\/wp-content\/uploads\/2018\/11\/about.jpg\" \/>\n\t<meta property=\"og:image:width\" content=\"6000\" \/>\n\t<meta property=\"og:image:height\" content=\"4000\" \/>\n\t<meta property=\"og:image:type\" content=\"image\/jpeg\" \/>\n<meta name=\"twitter:card\" content=\"summary_large_image\" \/>\n<meta name=\"twitter:label1\" content=\"Gesch\u00e4tzte Lesezeit\" \/>\n\t<meta name=\"twitter:data1\" content=\"1\u00a0Minute\" \/>\n<script type=\"application\/ld+json\" class=\"yoast-schema-graph\">{\"@context\":\"https:\/\/schema.org\",\"@graph\":[{\"@type\":\"WebPage\",\"@id\":\"https:\/\/www.menimepriestor.sk\/de\/ueber-uns\/\",\"url\":\"https:\/\/www.menimepriestor.sk\/de\/ueber-uns\/\",\"name\":\"\u00dcber uns &#8212; DryCon\",\"isPartOf\":{\"@id\":\"https:\/\/www.menimepriestor.sk\/de\/#website\"},\"primaryImageOfPage\":{\"@id\":\"https:\/\/www.menimepriestor.sk\/de\/ueber-uns\/#primaryimage\"},\"image\":{\"@id\":\"https:\/\/www.menimepriestor.sk\/de\/ueber-uns\/#primaryimage\"},\"thumbnailUrl\":\"https:\/\/www.menimepriestor.sk\/wp-content\/uploads\/2018\/11\/about.jpg\",\"datePublished\":\"2018-09-06T14:37:22+00:00\",\"dateModified\":\"2019-07-17T18:48:31+00:00\",\"breadcrumb\":{\"@id\":\"https:\/\/www.menimepriestor.sk\/de\/ueber-uns\/#breadcrumb\"},\"inLanguage\":\"de\",\"potentialAction\":[{\"@type\":\"ReadAction\",\"target\":[\"https:\/\/www.menimepriestor.sk\/de\/ueber-uns\/\"]}]},{\"@type\":\"ImageObject\",\"inLanguage\":\"de\",\"@id\":\"https:\/\/www.menimepriestor.sk\/de\/ueber-uns\/#primaryimage\",\"url\":\"https:\/\/www.menimepriestor.sk\/wp-content\/uploads\/2018\/11\/about.jpg\",\"contentUrl\":\"https:\/\/www.menimepriestor.sk\/wp-content\/uploads\/2018\/11\/about.jpg\",\"width\":1600,\"height\":1067},{\"@type\":\"BreadcrumbList\",\"@id\":\"https:\/\/www.menimepriestor.sk\/de\/ueber-uns\/#breadcrumb\",\"itemListElement\":[{\"@type\":\"ListItem\",\"position\":1,\"name\":\"Home\",\"item\":\"https:\/\/www.menimepriestor.sk\/de\/\"},{\"@type\":\"ListItem\",\"position\":2,\"name\":\"\u00dcber uns\"}]},{\"@type\":\"WebSite\",\"@id\":\"https:\/\/www.menimepriestor.sk\/de\/#website\",\"url\":\"https:\/\/www.menimepriestor.sk\/de\/\",\"name\":\"DryCon\",\"description\":\"Men\u00edme priestor na komfortn\u00fd interi\u00e9r\",\"publisher\":{\"@id\":\"https:\/\/www.menimepriestor.sk\/de\/#organization\"},\"potentialAction\":[{\"@type\":\"SearchAction\",\"target\":{\"@type\":\"EntryPoint\",\"urlTemplate\":\"https:\/\/www.menimepriestor.sk\/de\/?s={search_term_string}\"},\"query-input\":{\"@type\":\"PropertyValueSpecification\",\"valueRequired\":true,\"valueName\":\"search_term_string\"}}],\"inLanguage\":\"de\"},{\"@type\":\"Organization\",\"@id\":\"https:\/\/www.menimepriestor.sk\/de\/#organization\",\"name\":\"DryCon, s.r.o.\",\"url\":\"https:\/\/www.menimepriestor.sk\/de\/\",\"logo\":{\"@type\":\"ImageObject\",\"inLanguage\":\"de\",\"@id\":\"https:\/\/www.menimepriestor.sk\/de\/#\/schema\/logo\/image\/\",\"url\":\"https:\/\/www.menimepriestor.sk\/wp-content\/uploads\/2019\/06\/logo.png\",\"contentUrl\":\"https:\/\/www.menimepriestor.sk\/wp-content\/uploads\/2019\/06\/logo.png\",\"width\":572,\"height\":172,\"caption\":\"DryCon, s.r.o.\"},\"image\":{\"@id\":\"https:\/\/www.menimepriestor.sk\/de\/#\/schema\/logo\/image\/\"},\"sameAs\":[\"https:\/\/www.facebook.com\/menimepriestor.sk\",\"https:\/\/www.instagram.com\/menimepriestor\/\"]}]}<\/script>\n<!-- \/ Yoast SEO plugin. -->","yoast_head_json":{"title":"\u00dcber uns &#8212; DryCon","robots":{"index":"index","follow":"follow","max-snippet":"max-snippet:-1","max-image-preview":"max-image-preview:large","max-video-preview":"max-video-preview:-1"},"canonical":"https:\/\/www.menimepriestor.sk\/de\/ueber-uns\/","og_locale":"de_DE","og_type":"article","og_title":"\u00dcber uns &#8212; DryCon","og_description":"Mit einer Tradition seit 1992 sind wir eines der ersten spezialisierten Unternehmen im Bereich der Lieferung und Montage von Gipskartonsystemen, W\u00e4rmed\u00e4mmung und Beleuchtung. Zurzeit hat sich unser Portfolio um akustische Decken und W\u00e4nde erweitert, die wesentlich zu einem akustischen Komfort des Interieurs beitragen. Wir sind ein stabiler und zuverl\u00e4ssiger Partner bei der Umsetzung Ihrer Ideen, [...]","og_url":"https:\/\/www.menimepriestor.sk\/de\/ueber-uns\/","og_site_name":"DryCon","article_publisher":"https:\/\/www.facebook.com\/menimepriestor.sk","article_modified_time":"2019-07-17T18:48:31+00:00","og_image":[{"width":6000,"height":4000,"url":"https:\/\/www.menimepriestor.sk\/wp-content\/uploads\/2018\/11\/about.jpg","type":"image\/jpeg"}],"twitter_card":"summary_large_image","twitter_misc":{"Gesch\u00e4tzte Lesezeit":"1\u00a0Minute"},"schema":{"@context":"https:\/\/schema.org","@graph":[{"@type":"WebPage","@id":"https:\/\/www.menimepriestor.sk\/de\/ueber-uns\/","url":"https:\/\/www.menimepriestor.sk\/de\/ueber-uns\/","name":"\u00dcber uns &#8212; DryCon","isPartOf":{"@id":"https:\/\/www.menimepriestor.sk\/de\/#website"},"primaryImageOfPage":{"@id":"https:\/\/www.menimepriestor.sk\/de\/ueber-uns\/#primaryimage"},"image":{"@id":"https:\/\/www.menimepriestor.sk\/de\/ueber-uns\/#primaryimage"},"thumbnailUrl":"https:\/\/www.menimepriestor.sk\/wp-content\/uploads\/2018\/11\/about.jpg","datePublished":"2018-09-06T14:37:22+00:00","dateModified":"2019-07-17T18:48:31+00:00","breadcrumb":{"@id":"https:\/\/www.menimepriestor.sk\/de\/ueber-uns\/#breadcrumb"},"inLanguage":"de","potentialAction":[{"@type":"ReadAction","target":["https:\/\/www.menimepriestor.sk\/de\/ueber-uns\/"]}]},{"@type":"ImageObject","inLanguage":"de","@id":"https:\/\/www.menimepriestor.sk\/de\/ueber-uns\/#primaryimage","url":"https:\/\/www.menimepriestor.sk\/wp-content\/uploads\/2018\/11\/about.jpg","contentUrl":"https:\/\/www.menimepriestor.sk\/wp-content\/uploads\/2018\/11\/about.jpg","width":1600,"height":1067},{"@type":"BreadcrumbList","@id":"https:\/\/www.menimepriestor.sk\/de\/ueber-uns\/#breadcrumb","itemListElement":[{"@type":"ListItem","position":1,"name":"Home","item":"https:\/\/www.menimepriestor.sk\/de\/"},{"@type":"ListItem","position":2,"name":"\u00dcber uns"}]},{"@type":"WebSite","@id":"https:\/\/www.menimepriestor.sk\/de\/#website","url":"https:\/\/www.menimepriestor.sk\/de\/","name":"DryCon","description":"Men\u00edme priestor na komfortn\u00fd interi\u00e9r","publisher":{"@id":"https:\/\/www.menimepriestor.sk\/de\/#organization"},"potentialAction":[{"@type":"SearchAction","target":{"@type":"EntryPoint","urlTemplate":"https:\/\/www.menimepriestor.sk\/de\/?s={search_term_string}"},"query-input":{"@type":"PropertyValueSpecification","valueRequired":true,"valueName":"search_term_string"}}],"inLanguage":"de"},{"@type":"Organization","@id":"https:\/\/www.menimepriestor.sk\/de\/#organization","name":"DryCon, s.r.o.","url":"https:\/\/www.menimepriestor.sk\/de\/","logo":{"@type":"ImageObject","inLanguage":"de","@id":"https:\/\/www.menimepriestor.sk\/de\/#\/schema\/logo\/image\/","url":"https:\/\/www.menimepriestor.sk\/wp-content\/uploads\/2019\/06\/logo.png","contentUrl":"https:\/\/www.menimepriestor.sk\/wp-content\/uploads\/2019\/06\/logo.png","width":572,"height":172,"caption":"DryCon, s.r.o."},"image":{"@id":"https:\/\/www.menimepriestor.sk\/de\/#\/schema\/logo\/image\/"},"sameAs":["https:\/\/www.facebook.com\/menimepriestor.sk","https:\/\/www.instagram.com\/menimepriestor\/"]}]}},"wpmagazine_modules_lite_featured_media_urls":{"thumbnail":["https:\/\/www.menimepriestor.sk\/wp-content\/uploads\/2018\/11\/about-150x150.jpg",150,150,true],"cvmm-medium":["https:\/\/www.menimepriestor.sk\/wp-content\/uploads\/2018\/11\/about.jpg",300,200,false],"cvmm-medium-plus":["https:\/\/www.menimepriestor.sk\/wp-content\/uploads\/2018\/11\/about.jpg",305,203,false],"cvmm-portrait":["https:\/\/www.menimepriestor.sk\/wp-content\/uploads\/2018\/11\/about.jpg",400,267,false],"cvmm-medium-square":["https:\/\/www.menimepriestor.sk\/wp-content\/uploads\/2018\/11\/about.jpg",600,400,false],"cvmm-large":["https:\/\/www.menimepriestor.sk\/wp-content\/uploads\/2018\/11\/about.jpg",1024,683,false],"cvmm-small":["https:\/\/www.menimepriestor.sk\/wp-content\/uploads\/2018\/11\/about.jpg",130,87,false],"full":["https:\/\/www.menimepriestor.sk\/wp-content\/uploads\/2018\/11\/about.jpg",1600,1067,false]},"categories_names":null,"comments_number":"0","_links":{"self":[{"href":"https:\/\/www.menimepriestor.sk\/de\/wp-json\/wp\/v2\/pages\/94","targetHints":{"allow":["GET"]}}],"collection":[{"href":"https:\/\/www.menimepriestor.sk\/de\/wp-json\/wp\/v2\/pages"}],"about":[{"href":"https:\/\/www.menimepriestor.sk\/de\/wp-json\/wp\/v2\/types\/page"}],"author":[{"embeddable":true,"href":"https:\/\/www.menimepriestor.sk\/de\/wp-json\/wp\/v2\/users\/1"}],"replies":[{"embeddable":true,"href":"https:\/\/www.menimepriestor.sk\/de\/wp-json\/wp\/v2\/comments?post=94"}],"version-history":[{"count":0,"href":"https:\/\/www.menimepriestor.sk\/de\/wp-json\/wp\/v2\/pages\/94\/revisions"}],"wp:featuredmedia":[{"embeddable":true,"href":"https:\/\/www.menimepriestor.sk\/de\/wp-json\/wp\/v2\/media\/1079"}],"wp:attachment":[{"href":"https:\/\/www.menimepriestor.sk\/de\/wp-json\/wp\/v2\/media?parent=94"}],"curies":[{"name":"wp","href":"https:\/\/api.w.org\/{rel}","templated":true}]}}