{"id":87,"date":"2018-07-15T15:10:37","date_gmt":"2018-07-15T13:10:37","guid":{"rendered":"https:\/\/www.menimepriestor.sk\/front-page\/"},"modified":"2019-07-17T16:38:45","modified_gmt":"2019-07-17T14:38:45","slug":"front-page","status":"publish","type":"page","link":"https:\/\/www.menimepriestor.sk\/de\/","title":{"rendered":"Wir ver\u00e4ndern den Raum in ein komfortables Interieur"},"content":{"rendered":"\n<div class=\"slider-wrapper relative\" id=\"slider-1637436628\" style=\"background-color:rgb(0, 0, 0);\">\n    <div class=\"slider slider-nav-circle slider-nav-large slider-nav-light slider-style-normal\"\n        data-flickity-options='{\n            \"cellAlign\": \"center\",\n            \"imagesLoaded\": true,\n            \"lazyLoad\": 1,\n            \"freeScroll\": false,\n            \"wrapAround\": true,\n            \"autoPlay\": 6000,\n            \"pauseAutoPlayOnHover\" : true,\n            \"prevNextButtons\": true,\n            \"contain\" : true,\n            \"adaptiveHeight\" : true,\n            \"dragThreshold\" : 10,\n            \"percentPosition\": true,\n            \"pageDots\": true,\n            \"rightToLeft\": false,\n            \"draggable\": true,\n            \"selectedAttraction\": 0.1,\n            \"parallax\" : 0,\n            \"friction\": 0.6        }'\n        >\n        \n\n\n  <div class=\"banner has-hover is-full-height has-slide-effect slide-zoom-in\" id=\"banner-1730771536\">\n          <div class=\"banner-inner fill\">\n        <div class=\"banner-bg fill\" >\n            <img loading=\"lazy\" decoding=\"async\" width=\"1600\" height=\"900\" src=\"https:\/\/www.menimepriestor.sk\/wp-content\/uploads\/2019\/06\/menimepriestor_slide1.jpg\" class=\"bg attachment-original size-original\" alt=\"\" \/>                        <div class=\"overlay\"><\/div>            \n                    <\/div>\n\t\t\n        <div class=\"banner-layers container\">\n            <div class=\"fill banner-link\"><\/div>            \n\n   <div id=\"text-box-881889465\" class=\"text-box banner-layer x50 md-x50 lg-x50 y50 md-y50 lg-y50 res-text\">\n              <div data-parallax=\"2\" data-parallax-fade=\"true\">       <div data-animate=\"fadeInUp\">           <div class=\"text-box-content text dark\">\n              \n              <div class=\"text-inner text-center\">\n                  \n\n<h3>Wir ver\u00e4ndern den Raum in ein komfortables Interieur<\/h3>\n<a href=\"#more\" class=\"button white is-outline\"  >\n\t\t<span>Mehr<\/span>\n\t<i class=\"icon-angle-down\" aria-hidden=\"true\" ><\/i><\/a>\n\n\n\n              <\/div>\n           <\/div>\n       <\/div>       <\/div>              \n<style>\n#text-box-881889465 {\n  width: 100%;\n}\n#text-box-881889465 .text-box-content {\n  font-size: 150%;\n}\n@media (min-width:550px) {\n  #text-box-881889465 {\n    width: 80%;\n  }\n}\n<\/style>\n    <\/div>\n \n\n        <\/div>\n      <\/div>\n\n            \n<style>\n#banner-1730771536 {\n  padding-top: 100%;\n  background-color: rgb(35, 35, 35);\n}\n#banner-1730771536 .overlay {\n  background-color: rgba(0, 0, 0, 0.5);\n}\n#banner-1730771536 .banner-bg img {\n  object-position: 44% 34%;\n}\n<\/style>\n  <\/div>\n\n\n\n  <div class=\"banner has-hover is-full-height has-slide-effect slide-zoom-in\" id=\"banner-81797378\">\n          <div class=\"banner-inner fill\">\n        <div class=\"banner-bg fill\" >\n            <img loading=\"lazy\" decoding=\"async\" width=\"1600\" height=\"900\" src=\"https:\/\/www.menimepriestor.sk\/wp-content\/uploads\/2019\/06\/menimepriestor_slide2.jpg\" class=\"bg attachment-original size-original\" alt=\"\" \/>                        <div class=\"overlay\"><\/div>            \n                    <\/div>\n\t\t\n        <div class=\"banner-layers container\">\n            <div class=\"fill banner-link\"><\/div>            \n\n   <div id=\"text-box-228428076\" class=\"text-box banner-layer x50 md-x50 lg-x50 y50 md-y50 lg-y50 res-text\">\n              <div data-parallax=\"2\" data-parallax-fade=\"true\">       <div data-animate=\"fadeInUp\">           <div class=\"text-box-content text dark\">\n              \n              <div class=\"text-inner text-center\">\n                  \n\n<h3>Akustische Decken<\/h3>\n<a href=\"https:\/\/www.menimepriestor.sk\/de\/akustische-decken\/\" class=\"button white is-outline\"  >\n\t\t<span>Mehr<\/span>\n\t<i class=\"icon-angle-right\" aria-hidden=\"true\" ><\/i><\/a>\n\n\n\n              <\/div>\n           <\/div>\n       <\/div>       <\/div>              \n<style>\n#text-box-228428076 {\n  width: 100%;\n}\n#text-box-228428076 .text-box-content {\n  font-size: 150%;\n}\n@media (min-width:550px) {\n  #text-box-228428076 {\n    width: 80%;\n  }\n}\n<\/style>\n    <\/div>\n \n\n        <\/div>\n      <\/div>\n\n            \n<style>\n#banner-81797378 {\n  padding-top: 100%;\n  background-color: rgb(35, 35, 35);\n}\n#banner-81797378 .overlay {\n  background-color: rgba(0, 0, 0, 0.5);\n}\n#banner-81797378 .banner-bg img {\n  object-position: 44% 34%;\n}\n<\/style>\n  <\/div>\n\n\n\n  <div class=\"banner has-hover is-full-height has-slide-effect slide-zoom-in\" id=\"banner-280518412\">\n          <div class=\"banner-inner fill\">\n        <div class=\"banner-bg fill\" >\n            <img loading=\"lazy\" decoding=\"async\" width=\"1600\" height=\"900\" src=\"https:\/\/www.menimepriestor.sk\/wp-content\/uploads\/2019\/06\/menimepriestor_slide3.jpg\" class=\"bg attachment-original size-original\" alt=\"\" \/>                        <div class=\"overlay\"><\/div>            \n                    <\/div>\n\t\t\n        <div class=\"banner-layers container\">\n            <div class=\"fill banner-link\"><\/div>            \n\n   <div id=\"text-box-1349490156\" class=\"text-box banner-layer x50 md-x50 lg-x50 y50 md-y50 lg-y50 res-text\">\n              <div data-parallax=\"2\" data-parallax-fade=\"true\">       <div data-animate=\"fadeInUp\">           <div class=\"text-box-content text dark\">\n              \n              <div class=\"text-inner text-center\">\n                  \n\n<h3>LICHT-DESIGN-AKUSTIK<\/h3>\n<a href=\"#panel1514\" class=\"button white is-outline\"  >\n\t\t<span>Mehr<\/span>\n\t<i class=\"icon-angle-down\" aria-hidden=\"true\" ><\/i><\/a>\n\n\n\n              <\/div>\n           <\/div>\n       <\/div>       <\/div>              \n<style>\n#text-box-1349490156 {\n  width: 100%;\n}\n#text-box-1349490156 .text-box-content {\n  font-size: 150%;\n}\n@media (min-width:550px) {\n  #text-box-1349490156 {\n    width: 80%;\n  }\n}\n<\/style>\n    <\/div>\n \n\n        <\/div>\n      <\/div>\n\n            \n<style>\n#banner-280518412 {\n  padding-top: 100%;\n  background-color: rgb(35, 35, 35);\n}\n#banner-280518412 .overlay {\n  background-color: rgba(0, 0, 0, 0.5);\n}\n#banner-280518412 .banner-bg img {\n  object-position: 44% 34%;\n}\n<\/style>\n  <\/div>\n\n\n\n     <\/div>\n\n     <div class=\"loading-spin dark large centered\"><\/div>\n\n\t<\/div>\n\n\n<span class=\"scroll-to\" data-label=\"Scroll to: #more\" data-bullet=\"false\" data-link=\"#more\" data-title=\"Mehr\" ><a name=\"more\"><\/a><\/span>\n\n<div class=\"row margin_top_30\"  id=\"row-1928190768\">\n\n\n\t<div id=\"col-1687171671\" class=\"col large-12\"  >\n\t\t\t\t<div class=\"col-inner\"  >\n\t\t\t\n\t\t\t\n\n<p>Mit einer Tradition seit 1992 sind wir eines der ersten spezialisierten Unternehmen im Bereich der Lieferung und Montage von Gipskartonsystemen, W\u00e4rmed\u00e4mmung und Beleuchtung. Zurzeit hat sich unser Portfolio um akustische Decken und W\u00e4nde erweitert, die wesentlich zu einem akustischen Komfort des Interieurs beitragen.<\/p>\n\n\t\t<\/div>\n\t\t\t\t\t<\/div>\n\n\t\n\n\t<div id=\"col-1373506701\" class=\"col small-12 large-12\"  >\n\t\t\t\t<div class=\"col-inner text-center\"  >\n\t\t\t\n\t\t\t\n\n<a href=\"https:\/\/www.menimepriestor.sk\/de\/ueber-uns\/\" class=\"button primary is-large\"  >\n\t\t<span>\u00dcber uns<\/span>\n\t<\/a>\n\n\n<a href=\"#panel1510\" class=\"button primary is-outline is-large\"  >\n\t\t<span>Unser Fokus<\/span>\n\t<i class=\"icon-angle-down\" aria-hidden=\"true\" ><\/i><\/a>\n\n\n\n\t\t<\/div>\n\t\t\t\t\t<\/div>\n\n\t\n\n<\/div>\n","protected":false},"excerpt":{"rendered":"","protected":false},"author":1,"featured_media":0,"parent":0,"menu_order":0,"comment_status":"closed","ping_status":"closed","template":"page-blank.php","meta":{"_editorskit_title_hidden":false,"_editorskit_reading_time":0,"_editorskit_is_block_options_detached":false,"_editorskit_block_options_position":"{}","footnotes":""},"class_list":["post-87","page","type-page","status-publish","hentry"],"yoast_head":"<!-- This site is optimized with the Yoast SEO plugin v27.2 - https:\/\/yoast.com\/product\/yoast-seo-wordpress\/ -->\n<title>Wir ver\u00e4ndern den Raum in ein komfortables Interieur &#8212; DryCon<\/title>\n<meta name=\"robots\" content=\"index, follow, max-snippet:-1, max-image-preview:large, max-video-preview:-1\" \/>\n<link rel=\"canonical\" href=\"https:\/\/www.menimepriestor.sk\/de\/\" \/>\n<meta property=\"og:locale\" content=\"de_DE\" \/>\n<meta property=\"og:type\" content=\"article\" \/>\n<meta property=\"og:title\" content=\"Wir ver\u00e4ndern den Raum in ein komfortables Interieur &#8212; DryCon\" \/>\n<meta property=\"og:url\" content=\"https:\/\/www.menimepriestor.sk\/de\/\" \/>\n<meta property=\"og:site_name\" content=\"DryCon\" \/>\n<meta property=\"article:publisher\" content=\"https:\/\/www.facebook.com\/menimepriestor.sk\" \/>\n<meta property=\"article:modified_time\" content=\"2019-07-17T14:38:45+00:00\" \/>\n<meta property=\"og:image\" content=\"https:\/\/www.menimepriestor.sk\/wp-content\/uploads\/2019\/07\/menimepriestor_social_cover.jpg\" \/>\n\t<meta property=\"og:image:width\" content=\"1600\" \/>\n\t<meta property=\"og:image:height\" content=\"900\" \/>\n\t<meta property=\"og:image:type\" content=\"image\/jpeg\" \/>\n<meta name=\"twitter:card\" content=\"summary_large_image\" \/>\n<meta name=\"twitter:label1\" content=\"Gesch\u00e4tzte Lesezeit\" \/>\n\t<meta name=\"twitter:data1\" content=\"1\u00a0Minute\" \/>\n<script type=\"application\/ld+json\" class=\"yoast-schema-graph\">{\"@context\":\"https:\/\/schema.org\",\"@graph\":[{\"@type\":\"WebPage\",\"@id\":\"https:\/\/www.menimepriestor.sk\/de\/\",\"url\":\"https:\/\/www.menimepriestor.sk\/de\/\",\"name\":\"Wir ver\u00e4ndern den Raum in ein komfortables Interieur &#8212; DryCon\",\"isPartOf\":{\"@id\":\"https:\/\/www.menimepriestor.sk\/de\/#website\"},\"datePublished\":\"2018-07-15T13:10:37+00:00\",\"dateModified\":\"2019-07-17T14:38:45+00:00\",\"breadcrumb\":{\"@id\":\"https:\/\/www.menimepriestor.sk\/de\/#breadcrumb\"},\"inLanguage\":\"de\",\"potentialAction\":[{\"@type\":\"ReadAction\",\"target\":[\"https:\/\/www.menimepriestor.sk\/de\/\"]}]},{\"@type\":\"BreadcrumbList\",\"@id\":\"https:\/\/www.menimepriestor.sk\/de\/#breadcrumb\",\"itemListElement\":[{\"@type\":\"ListItem\",\"position\":1,\"name\":\"Home\",\"item\":\"https:\/\/www.menimepriestor.sk\/de\/\"},{\"@type\":\"ListItem\",\"position\":2,\"name\":\"Wir ver\u00e4ndern den Raum in ein komfortables Interieur\"}]},{\"@type\":\"WebSite\",\"@id\":\"https:\/\/www.menimepriestor.sk\/de\/#website\",\"url\":\"https:\/\/www.menimepriestor.sk\/de\/\",\"name\":\"DryCon\",\"description\":\"Men\u00edme priestor na komfortn\u00fd interi\u00e9r\",\"publisher\":{\"@id\":\"https:\/\/www.menimepriestor.sk\/de\/#organization\"},\"potentialAction\":[{\"@type\":\"SearchAction\",\"target\":{\"@type\":\"EntryPoint\",\"urlTemplate\":\"https:\/\/www.menimepriestor.sk\/de\/?s={search_term_string}\"},\"query-input\":{\"@type\":\"PropertyValueSpecification\",\"valueRequired\":true,\"valueName\":\"search_term_string\"}}],\"inLanguage\":\"de\"},{\"@type\":\"Organization\",\"@id\":\"https:\/\/www.menimepriestor.sk\/de\/#organization\",\"name\":\"DryCon, s.r.o.\",\"url\":\"https:\/\/www.menimepriestor.sk\/de\/\",\"logo\":{\"@type\":\"ImageObject\",\"inLanguage\":\"de\",\"@id\":\"https:\/\/www.menimepriestor.sk\/de\/#\/schema\/logo\/image\/\",\"url\":\"https:\/\/www.menimepriestor.sk\/wp-content\/uploads\/2019\/06\/logo.png\",\"contentUrl\":\"https:\/\/www.menimepriestor.sk\/wp-content\/uploads\/2019\/06\/logo.png\",\"width\":572,\"height\":172,\"caption\":\"DryCon, s.r.o.\"},\"image\":{\"@id\":\"https:\/\/www.menimepriestor.sk\/de\/#\/schema\/logo\/image\/\"},\"sameAs\":[\"https:\/\/www.facebook.com\/menimepriestor.sk\",\"https:\/\/www.instagram.com\/menimepriestor\/\"]}]}<\/script>\n<!-- \/ Yoast SEO plugin. -->","yoast_head_json":{"title":"Wir ver\u00e4ndern den Raum in ein komfortables Interieur &#8212; DryCon","robots":{"index":"index","follow":"follow","max-snippet":"max-snippet:-1","max-image-preview":"max-image-preview:large","max-video-preview":"max-video-preview:-1"},"canonical":"https:\/\/www.menimepriestor.sk\/de\/","og_locale":"de_DE","og_type":"article","og_title":"Wir ver\u00e4ndern den Raum in ein komfortables Interieur &#8212; DryCon","og_url":"https:\/\/www.menimepriestor.sk\/de\/","og_site_name":"DryCon","article_publisher":"https:\/\/www.facebook.com\/menimepriestor.sk","article_modified_time":"2019-07-17T14:38:45+00:00","og_image":[{"width":1600,"height":900,"url":"https:\/\/www.menimepriestor.sk\/wp-content\/uploads\/2019\/07\/menimepriestor_social_cover.jpg","type":"image\/jpeg"}],"twitter_card":"summary_large_image","twitter_misc":{"Gesch\u00e4tzte Lesezeit":"1\u00a0Minute"},"schema":{"@context":"https:\/\/schema.org","@graph":[{"@type":"WebPage","@id":"https:\/\/www.menimepriestor.sk\/de\/","url":"https:\/\/www.menimepriestor.sk\/de\/","name":"Wir ver\u00e4ndern den Raum in ein komfortables Interieur &#8212; DryCon","isPartOf":{"@id":"https:\/\/www.menimepriestor.sk\/de\/#website"},"datePublished":"2018-07-15T13:10:37+00:00","dateModified":"2019-07-17T14:38:45+00:00","breadcrumb":{"@id":"https:\/\/www.menimepriestor.sk\/de\/#breadcrumb"},"inLanguage":"de","potentialAction":[{"@type":"ReadAction","target":["https:\/\/www.menimepriestor.sk\/de\/"]}]},{"@type":"BreadcrumbList","@id":"https:\/\/www.menimepriestor.sk\/de\/#breadcrumb","itemListElement":[{"@type":"ListItem","position":1,"name":"Home","item":"https:\/\/www.menimepriestor.sk\/de\/"},{"@type":"ListItem","position":2,"name":"Wir ver\u00e4ndern den Raum in ein komfortables Interieur"}]},{"@type":"WebSite","@id":"https:\/\/www.menimepriestor.sk\/de\/#website","url":"https:\/\/www.menimepriestor.sk\/de\/","name":"DryCon","description":"Men\u00edme priestor na komfortn\u00fd interi\u00e9r","publisher":{"@id":"https:\/\/www.menimepriestor.sk\/de\/#organization"},"potentialAction":[{"@type":"SearchAction","target":{"@type":"EntryPoint","urlTemplate":"https:\/\/www.menimepriestor.sk\/de\/?s={search_term_string}"},"query-input":{"@type":"PropertyValueSpecification","valueRequired":true,"valueName":"search_term_string"}}],"inLanguage":"de"},{"@type":"Organization","@id":"https:\/\/www.menimepriestor.sk\/de\/#organization","name":"DryCon, s.r.o.","url":"https:\/\/www.menimepriestor.sk\/de\/","logo":{"@type":"ImageObject","inLanguage":"de","@id":"https:\/\/www.menimepriestor.sk\/de\/#\/schema\/logo\/image\/","url":"https:\/\/www.menimepriestor.sk\/wp-content\/uploads\/2019\/06\/logo.png","contentUrl":"https:\/\/www.menimepriestor.sk\/wp-content\/uploads\/2019\/06\/logo.png","width":572,"height":172,"caption":"DryCon, s.r.o."},"image":{"@id":"https:\/\/www.menimepriestor.sk\/de\/#\/schema\/logo\/image\/"},"sameAs":["https:\/\/www.facebook.com\/menimepriestor.sk","https:\/\/www.instagram.com\/menimepriestor\/"]}]}},"wpmagazine_modules_lite_featured_media_urls":{"thumbnail":"","cvmm-medium":"","cvmm-medium-plus":"","cvmm-portrait":"","cvmm-medium-square":"","cvmm-large":"","cvmm-small":"","full":""},"categories_names":null,"comments_number":"0","_links":{"self":[{"href":"https:\/\/www.menimepriestor.sk\/de\/wp-json\/wp\/v2\/pages\/87","targetHints":{"allow":["GET"]}}],"collection":[{"href":"https:\/\/www.menimepriestor.sk\/de\/wp-json\/wp\/v2\/pages"}],"about":[{"href":"https:\/\/www.menimepriestor.sk\/de\/wp-json\/wp\/v2\/types\/page"}],"author":[{"embeddable":true,"href":"https:\/\/www.menimepriestor.sk\/de\/wp-json\/wp\/v2\/users\/1"}],"replies":[{"embeddable":true,"href":"https:\/\/www.menimepriestor.sk\/de\/wp-json\/wp\/v2\/comments?post=87"}],"version-history":[{"count":0,"href":"https:\/\/www.menimepriestor.sk\/de\/wp-json\/wp\/v2\/pages\/87\/revisions"}],"wp:attachment":[{"href":"https:\/\/www.menimepriestor.sk\/de\/wp-json\/wp\/v2\/media?parent=87"}],"curies":[{"name":"wp","href":"https:\/\/api.w.org\/{rel}","templated":true}]}}