{"id":2675,"date":"2019-07-07T16:30:47","date_gmt":"2019-07-07T14:30:47","guid":{"rendered":"https:\/\/www.menimepriestor.sk\/?page_id=2675"},"modified":"2019-07-07T17:14:23","modified_gmt":"2019-07-07T15:14:23","slug":"nasse-umgebung-fuer-schwimmbaeder-und-wellnesscenter","status":"publish","type":"page","link":"https:\/\/www.menimepriestor.sk\/de\/spezielle-decken-und-wande\/nasse-umgebung-fuer-schwimmbaeder-und-wellnesscenter\/","title":{"rendered":"Nasse Umgebung f\u00fcr Schwimmb\u00e4der und Wellnesscenter"},"content":{"rendered":"\n<p> Bei der Realisierung von Decken und W\u00e4nden in feuchten Umgebungen wie Wellnesscentern, Schwimmb\u00e4dern usw. sollten strengere Kriterien bei der Auswahl von Materialien getroffen werden, die erh\u00f6hten Korrosionsschutzanforderungen entsprechen m\u00fcssen. <\/p>\n\n\n\n<!--more-->\n\n\n\n<p>Dar\u00fcber hinaus stellen diese R\u00e4ume hohe Anforderungen an das Echo, was h\u00e4ufig zu einer sehr lauten Umgebung f\u00fchrt. Dies ist jedoch genau das Gegenteil von dem, was ein entspannendes Wellness- und Entspannungszentrum bieten soll. <\/p>\n\n\n\n<p>Bei unseren Projekte arbeiten wir nur mit renommierten Herstellern und Lieferanten zertifizierter Materialien zusammen, um Anforderungen an Korrosionsschutz, Schallabsorption und akustischen Komfort zu erf\u00fcllen. Auf diese Weise k\u00f6nnen wir einen designinteressanten und akustisch sehr komfortablen Raum in der gleichen Qualit\u00e4t wie in einer trockenen Umgebung schaffen.<\/p>\n\n\n\n<ul class=\"wp-block-gallery columns-2 is-cropped wp-block-gallery-1 is-layout-flex wp-block-gallery-is-layout-flex\"><li class=\"blocks-gallery-item\"><figure><img loading=\"lazy\" decoding=\"async\" width=\"1024\" height=\"768\" src=\"https:\/\/www.menimepriestor.sk\/wp-content\/uploads\/2019\/07\/P7083870-1024x768.jpg\" alt=\"\" data-id=\"2446\" data-link=\"https:\/\/www.menimepriestor.sk\/specialne-stropy-a-steny\/vlhke-prostredie-bazeny-a-wellness-centra\/olympus-digital-camera-75\/#main\" class=\"wp-image-2446\" srcset=\"https:\/\/www.menimepriestor.sk\/wp-content\/uploads\/2019\/07\/P7083870-1024x768.jpg 1024w, https:\/\/www.menimepriestor.sk\/wp-content\/uploads\/2019\/07\/P7083870-300x225.jpg 300w, https:\/\/www.menimepriestor.sk\/wp-content\/uploads\/2019\/07\/P7083870-768x576.jpg 768w, https:\/\/www.menimepriestor.sk\/wp-content\/uploads\/2019\/07\/P7083870.jpg 1600w\" sizes=\"auto, (max-width: 1024px) 100vw, 1024px\" \/><\/figure><\/li><li class=\"blocks-gallery-item\"><figure><img loading=\"lazy\" decoding=\"async\" width=\"1024\" height=\"480\" src=\"https:\/\/www.menimepriestor.sk\/wp-content\/uploads\/2019\/07\/65651234_1735808056562697_3672203527775584256_o-1-1024x480.jpg\" alt=\"\" data-id=\"2450\" data-link=\"https:\/\/www.menimepriestor.sk\/specialne-stropy-a-steny\/vlhke-prostredie-bazeny-a-wellness-centra\/65651234_1735808056562697_3672203527775584256_o-1\/#main\" class=\"wp-image-2450\" srcset=\"https:\/\/www.menimepriestor.sk\/wp-content\/uploads\/2019\/07\/65651234_1735808056562697_3672203527775584256_o-1-1024x480.jpg 1024w, https:\/\/www.menimepriestor.sk\/wp-content\/uploads\/2019\/07\/65651234_1735808056562697_3672203527775584256_o-1-300x141.jpg 300w, https:\/\/www.menimepriestor.sk\/wp-content\/uploads\/2019\/07\/65651234_1735808056562697_3672203527775584256_o-1-768x360.jpg 768w, https:\/\/www.menimepriestor.sk\/wp-content\/uploads\/2019\/07\/65651234_1735808056562697_3672203527775584256_o-1.jpg 1600w\" sizes=\"auto, (max-width: 1024px) 100vw, 1024px\" \/><\/figure><\/li><\/ul>\n","protected":false},"excerpt":{"rendered":"<p>Bei der Realisierung von Decken und W\u00e4nden in feuchten Umgebungen wie Wellnesscentern, Schwimmb\u00e4dern usw. sollten strengere Kriterien bei der Auswahl von Materialien getroffen werden, die erh\u00f6hten Korrosionsschutzanforderungen entsprechen m\u00fcssen.<\/p>\n","protected":false},"author":2,"featured_media":2409,"parent":1513,"menu_order":0,"comment_status":"closed","ping_status":"closed","template":"page-blank.php","meta":{"_editorskit_title_hidden":false,"_editorskit_reading_time":0,"_editorskit_is_block_options_detached":false,"_editorskit_block_options_position":"{}","footnotes":""},"class_list":["post-2675","page","type-page","status-publish","has-post-thumbnail","hentry"],"yoast_head":"<!-- This site is optimized with the Yoast SEO plugin v27.4 - https:\/\/yoast.com\/product\/yoast-seo-wordpress\/ -->\n<title>Nasse Umgebung f\u00fcr Schwimmb\u00e4der und Wellnesscenter &#8212; DryCon<\/title>\n<meta name=\"robots\" content=\"index, follow, max-snippet:-1, max-image-preview:large, max-video-preview:-1\" \/>\n<link rel=\"canonical\" href=\"https:\/\/www.menimepriestor.sk\/de\/spezielle-decken-und-wande\/nasse-umgebung-fuer-schwimmbaeder-und-wellnesscenter\/\" \/>\n<meta property=\"og:locale\" content=\"de_DE\" \/>\n<meta property=\"og:type\" content=\"article\" \/>\n<meta property=\"og:title\" content=\"Nasse Umgebung f\u00fcr Schwimmb\u00e4der und Wellnesscenter &#8212; DryCon\" \/>\n<meta property=\"og:description\" content=\"Bei der Realisierung von Decken und W\u00e4nden in feuchten Umgebungen wie Wellnesscentern, Schwimmb\u00e4dern usw. sollten strengere Kriterien bei der Auswahl von Materialien getroffen werden, die erh\u00f6hten Korrosionsschutzanforderungen entsprechen m\u00fcssen.\" \/>\n<meta property=\"og:url\" content=\"https:\/\/www.menimepriestor.sk\/de\/spezielle-decken-und-wande\/nasse-umgebung-fuer-schwimmbaeder-und-wellnesscenter\/\" \/>\n<meta property=\"og:site_name\" content=\"DryCon\" \/>\n<meta property=\"article:publisher\" content=\"https:\/\/www.facebook.com\/menimepriestor.sk\" \/>\n<meta property=\"article:modified_time\" content=\"2019-07-07T15:14:23+00:00\" \/>\n<meta property=\"og:image\" content=\"https:\/\/www.menimepriestor.sk\/wp-content\/uploads\/2019\/07\/65651234_1735808056562697_3672203527775584256_o.jpg\" \/>\n\t<meta property=\"og:image:width\" content=\"1920\" \/>\n\t<meta property=\"og:image:height\" content=\"900\" \/>\n\t<meta property=\"og:image:type\" content=\"image\/jpeg\" \/>\n<meta name=\"twitter:card\" content=\"summary_large_image\" \/>\n<meta name=\"twitter:label1\" content=\"Gesch\u00e4tzte Lesezeit\" \/>\n\t<meta name=\"twitter:data1\" content=\"1\u00a0Minute\" \/>\n<script type=\"application\/ld+json\" class=\"yoast-schema-graph\">{\"@context\":\"https:\\\/\\\/schema.org\",\"@graph\":[{\"@type\":\"WebPage\",\"@id\":\"https:\\\/\\\/www.menimepriestor.sk\\\/de\\\/spezielle-decken-und-wande\\\/nasse-umgebung-fuer-schwimmbaeder-und-wellnesscenter\\\/\",\"url\":\"https:\\\/\\\/www.menimepriestor.sk\\\/de\\\/spezielle-decken-und-wande\\\/nasse-umgebung-fuer-schwimmbaeder-und-wellnesscenter\\\/\",\"name\":\"Nasse Umgebung f\u00fcr Schwimmb\u00e4der und Wellnesscenter &#8212; DryCon\",\"isPartOf\":{\"@id\":\"https:\\\/\\\/www.menimepriestor.sk\\\/de\\\/#website\"},\"primaryImageOfPage\":{\"@id\":\"https:\\\/\\\/www.menimepriestor.sk\\\/de\\\/spezielle-decken-und-wande\\\/nasse-umgebung-fuer-schwimmbaeder-und-wellnesscenter\\\/#primaryimage\"},\"image\":{\"@id\":\"https:\\\/\\\/www.menimepriestor.sk\\\/de\\\/spezielle-decken-und-wande\\\/nasse-umgebung-fuer-schwimmbaeder-und-wellnesscenter\\\/#primaryimage\"},\"thumbnailUrl\":\"https:\\\/\\\/www.menimepriestor.sk\\\/wp-content\\\/uploads\\\/2019\\\/07\\\/65651234_1735808056562697_3672203527775584256_o.jpg\",\"datePublished\":\"2019-07-07T14:30:47+00:00\",\"dateModified\":\"2019-07-07T15:14:23+00:00\",\"breadcrumb\":{\"@id\":\"https:\\\/\\\/www.menimepriestor.sk\\\/de\\\/spezielle-decken-und-wande\\\/nasse-umgebung-fuer-schwimmbaeder-und-wellnesscenter\\\/#breadcrumb\"},\"inLanguage\":\"de\",\"potentialAction\":[{\"@type\":\"ReadAction\",\"target\":[\"https:\\\/\\\/www.menimepriestor.sk\\\/de\\\/spezielle-decken-und-wande\\\/nasse-umgebung-fuer-schwimmbaeder-und-wellnesscenter\\\/\"]}]},{\"@type\":\"ImageObject\",\"inLanguage\":\"de\",\"@id\":\"https:\\\/\\\/www.menimepriestor.sk\\\/de\\\/spezielle-decken-und-wande\\\/nasse-umgebung-fuer-schwimmbaeder-und-wellnesscenter\\\/#primaryimage\",\"url\":\"https:\\\/\\\/www.menimepriestor.sk\\\/wp-content\\\/uploads\\\/2019\\\/07\\\/65651234_1735808056562697_3672203527775584256_o.jpg\",\"contentUrl\":\"https:\\\/\\\/www.menimepriestor.sk\\\/wp-content\\\/uploads\\\/2019\\\/07\\\/65651234_1735808056562697_3672203527775584256_o.jpg\",\"width\":1600,\"height\":750},{\"@type\":\"BreadcrumbList\",\"@id\":\"https:\\\/\\\/www.menimepriestor.sk\\\/de\\\/spezielle-decken-und-wande\\\/nasse-umgebung-fuer-schwimmbaeder-und-wellnesscenter\\\/#breadcrumb\",\"itemListElement\":[{\"@type\":\"ListItem\",\"position\":1,\"name\":\"Home\",\"item\":\"https:\\\/\\\/www.menimepriestor.sk\\\/de\\\/\"},{\"@type\":\"ListItem\",\"position\":2,\"name\":\"Spezielle Decken und W\u00e4nde\",\"item\":\"https:\\\/\\\/www.menimepriestor.sk\\\/de\\\/spezielle-decken-und-wande\\\/\"},{\"@type\":\"ListItem\",\"position\":3,\"name\":\"Nasse Umgebung f\u00fcr Schwimmb\u00e4der und Wellnesscenter\"}]},{\"@type\":\"WebSite\",\"@id\":\"https:\\\/\\\/www.menimepriestor.sk\\\/de\\\/#website\",\"url\":\"https:\\\/\\\/www.menimepriestor.sk\\\/de\\\/\",\"name\":\"DryCon\",\"description\":\"Men\u00edme priestor na komfortn\u00fd interi\u00e9r\",\"publisher\":{\"@id\":\"https:\\\/\\\/www.menimepriestor.sk\\\/de\\\/#organization\"},\"potentialAction\":[{\"@type\":\"SearchAction\",\"target\":{\"@type\":\"EntryPoint\",\"urlTemplate\":\"https:\\\/\\\/www.menimepriestor.sk\\\/de\\\/?s={search_term_string}\"},\"query-input\":{\"@type\":\"PropertyValueSpecification\",\"valueRequired\":true,\"valueName\":\"search_term_string\"}}],\"inLanguage\":\"de\"},{\"@type\":\"Organization\",\"@id\":\"https:\\\/\\\/www.menimepriestor.sk\\\/de\\\/#organization\",\"name\":\"DryCon, s.r.o.\",\"url\":\"https:\\\/\\\/www.menimepriestor.sk\\\/de\\\/\",\"logo\":{\"@type\":\"ImageObject\",\"inLanguage\":\"de\",\"@id\":\"https:\\\/\\\/www.menimepriestor.sk\\\/de\\\/#\\\/schema\\\/logo\\\/image\\\/\",\"url\":\"https:\\\/\\\/www.menimepriestor.sk\\\/wp-content\\\/uploads\\\/2019\\\/06\\\/logo.png\",\"contentUrl\":\"https:\\\/\\\/www.menimepriestor.sk\\\/wp-content\\\/uploads\\\/2019\\\/06\\\/logo.png\",\"width\":572,\"height\":172,\"caption\":\"DryCon, s.r.o.\"},\"image\":{\"@id\":\"https:\\\/\\\/www.menimepriestor.sk\\\/de\\\/#\\\/schema\\\/logo\\\/image\\\/\"},\"sameAs\":[\"https:\\\/\\\/www.facebook.com\\\/menimepriestor.sk\",\"https:\\\/\\\/www.instagram.com\\\/menimepriestor\\\/\"]}]}<\/script>\n<!-- \/ Yoast SEO plugin. -->","yoast_head_json":{"title":"Nasse Umgebung f\u00fcr Schwimmb\u00e4der und Wellnesscenter &#8212; DryCon","robots":{"index":"index","follow":"follow","max-snippet":"max-snippet:-1","max-image-preview":"max-image-preview:large","max-video-preview":"max-video-preview:-1"},"canonical":"https:\/\/www.menimepriestor.sk\/de\/spezielle-decken-und-wande\/nasse-umgebung-fuer-schwimmbaeder-und-wellnesscenter\/","og_locale":"de_DE","og_type":"article","og_title":"Nasse Umgebung f\u00fcr Schwimmb\u00e4der und Wellnesscenter &#8212; DryCon","og_description":"Bei der Realisierung von Decken und W\u00e4nden in feuchten Umgebungen wie Wellnesscentern, Schwimmb\u00e4dern usw. sollten strengere Kriterien bei der Auswahl von Materialien getroffen werden, die erh\u00f6hten Korrosionsschutzanforderungen entsprechen m\u00fcssen.","og_url":"https:\/\/www.menimepriestor.sk\/de\/spezielle-decken-und-wande\/nasse-umgebung-fuer-schwimmbaeder-und-wellnesscenter\/","og_site_name":"DryCon","article_publisher":"https:\/\/www.facebook.com\/menimepriestor.sk","article_modified_time":"2019-07-07T15:14:23+00:00","og_image":[{"width":1920,"height":900,"url":"https:\/\/www.menimepriestor.sk\/wp-content\/uploads\/2019\/07\/65651234_1735808056562697_3672203527775584256_o.jpg","type":"image\/jpeg"}],"twitter_card":"summary_large_image","twitter_misc":{"Gesch\u00e4tzte Lesezeit":"1\u00a0Minute"},"schema":{"@context":"https:\/\/schema.org","@graph":[{"@type":"WebPage","@id":"https:\/\/www.menimepriestor.sk\/de\/spezielle-decken-und-wande\/nasse-umgebung-fuer-schwimmbaeder-und-wellnesscenter\/","url":"https:\/\/www.menimepriestor.sk\/de\/spezielle-decken-und-wande\/nasse-umgebung-fuer-schwimmbaeder-und-wellnesscenter\/","name":"Nasse Umgebung f\u00fcr Schwimmb\u00e4der und Wellnesscenter &#8212; DryCon","isPartOf":{"@id":"https:\/\/www.menimepriestor.sk\/de\/#website"},"primaryImageOfPage":{"@id":"https:\/\/www.menimepriestor.sk\/de\/spezielle-decken-und-wande\/nasse-umgebung-fuer-schwimmbaeder-und-wellnesscenter\/#primaryimage"},"image":{"@id":"https:\/\/www.menimepriestor.sk\/de\/spezielle-decken-und-wande\/nasse-umgebung-fuer-schwimmbaeder-und-wellnesscenter\/#primaryimage"},"thumbnailUrl":"https:\/\/www.menimepriestor.sk\/wp-content\/uploads\/2019\/07\/65651234_1735808056562697_3672203527775584256_o.jpg","datePublished":"2019-07-07T14:30:47+00:00","dateModified":"2019-07-07T15:14:23+00:00","breadcrumb":{"@id":"https:\/\/www.menimepriestor.sk\/de\/spezielle-decken-und-wande\/nasse-umgebung-fuer-schwimmbaeder-und-wellnesscenter\/#breadcrumb"},"inLanguage":"de","potentialAction":[{"@type":"ReadAction","target":["https:\/\/www.menimepriestor.sk\/de\/spezielle-decken-und-wande\/nasse-umgebung-fuer-schwimmbaeder-und-wellnesscenter\/"]}]},{"@type":"ImageObject","inLanguage":"de","@id":"https:\/\/www.menimepriestor.sk\/de\/spezielle-decken-und-wande\/nasse-umgebung-fuer-schwimmbaeder-und-wellnesscenter\/#primaryimage","url":"https:\/\/www.menimepriestor.sk\/wp-content\/uploads\/2019\/07\/65651234_1735808056562697_3672203527775584256_o.jpg","contentUrl":"https:\/\/www.menimepriestor.sk\/wp-content\/uploads\/2019\/07\/65651234_1735808056562697_3672203527775584256_o.jpg","width":1600,"height":750},{"@type":"BreadcrumbList","@id":"https:\/\/www.menimepriestor.sk\/de\/spezielle-decken-und-wande\/nasse-umgebung-fuer-schwimmbaeder-und-wellnesscenter\/#breadcrumb","itemListElement":[{"@type":"ListItem","position":1,"name":"Home","item":"https:\/\/www.menimepriestor.sk\/de\/"},{"@type":"ListItem","position":2,"name":"Spezielle Decken und W\u00e4nde","item":"https:\/\/www.menimepriestor.sk\/de\/spezielle-decken-und-wande\/"},{"@type":"ListItem","position":3,"name":"Nasse Umgebung f\u00fcr Schwimmb\u00e4der und Wellnesscenter"}]},{"@type":"WebSite","@id":"https:\/\/www.menimepriestor.sk\/de\/#website","url":"https:\/\/www.menimepriestor.sk\/de\/","name":"DryCon","description":"Men\u00edme priestor na komfortn\u00fd interi\u00e9r","publisher":{"@id":"https:\/\/www.menimepriestor.sk\/de\/#organization"},"potentialAction":[{"@type":"SearchAction","target":{"@type":"EntryPoint","urlTemplate":"https:\/\/www.menimepriestor.sk\/de\/?s={search_term_string}"},"query-input":{"@type":"PropertyValueSpecification","valueRequired":true,"valueName":"search_term_string"}}],"inLanguage":"de"},{"@type":"Organization","@id":"https:\/\/www.menimepriestor.sk\/de\/#organization","name":"DryCon, s.r.o.","url":"https:\/\/www.menimepriestor.sk\/de\/","logo":{"@type":"ImageObject","inLanguage":"de","@id":"https:\/\/www.menimepriestor.sk\/de\/#\/schema\/logo\/image\/","url":"https:\/\/www.menimepriestor.sk\/wp-content\/uploads\/2019\/06\/logo.png","contentUrl":"https:\/\/www.menimepriestor.sk\/wp-content\/uploads\/2019\/06\/logo.png","width":572,"height":172,"caption":"DryCon, s.r.o."},"image":{"@id":"https:\/\/www.menimepriestor.sk\/de\/#\/schema\/logo\/image\/"},"sameAs":["https:\/\/www.facebook.com\/menimepriestor.sk","https:\/\/www.instagram.com\/menimepriestor\/"]}]}},"wpmagazine_modules_lite_featured_media_urls":{"thumbnail":["https:\/\/www.menimepriestor.sk\/wp-content\/uploads\/2019\/07\/65651234_1735808056562697_3672203527775584256_o-150x150.jpg",150,150,true],"cvmm-medium":["https:\/\/www.menimepriestor.sk\/wp-content\/uploads\/2019\/07\/65651234_1735808056562697_3672203527775584256_o.jpg",300,141,false],"cvmm-medium-plus":["https:\/\/www.menimepriestor.sk\/wp-content\/uploads\/2019\/07\/65651234_1735808056562697_3672203527775584256_o.jpg",305,143,false],"cvmm-portrait":["https:\/\/www.menimepriestor.sk\/wp-content\/uploads\/2019\/07\/65651234_1735808056562697_3672203527775584256_o.jpg",400,188,false],"cvmm-medium-square":["https:\/\/www.menimepriestor.sk\/wp-content\/uploads\/2019\/07\/65651234_1735808056562697_3672203527775584256_o.jpg",600,281,false],"cvmm-large":["https:\/\/www.menimepriestor.sk\/wp-content\/uploads\/2019\/07\/65651234_1735808056562697_3672203527775584256_o.jpg",1024,480,false],"cvmm-small":["https:\/\/www.menimepriestor.sk\/wp-content\/uploads\/2019\/07\/65651234_1735808056562697_3672203527775584256_o.jpg",130,61,false],"full":["https:\/\/www.menimepriestor.sk\/wp-content\/uploads\/2019\/07\/65651234_1735808056562697_3672203527775584256_o.jpg",1600,750,false]},"categories_names":null,"comments_number":"0","_links":{"self":[{"href":"https:\/\/www.menimepriestor.sk\/de\/wp-json\/wp\/v2\/pages\/2675","targetHints":{"allow":["GET"]}}],"collection":[{"href":"https:\/\/www.menimepriestor.sk\/de\/wp-json\/wp\/v2\/pages"}],"about":[{"href":"https:\/\/www.menimepriestor.sk\/de\/wp-json\/wp\/v2\/types\/page"}],"author":[{"embeddable":true,"href":"https:\/\/www.menimepriestor.sk\/de\/wp-json\/wp\/v2\/users\/2"}],"replies":[{"embeddable":true,"href":"https:\/\/www.menimepriestor.sk\/de\/wp-json\/wp\/v2\/comments?post=2675"}],"version-history":[{"count":0,"href":"https:\/\/www.menimepriestor.sk\/de\/wp-json\/wp\/v2\/pages\/2675\/revisions"}],"up":[{"embeddable":true,"href":"https:\/\/www.menimepriestor.sk\/de\/wp-json\/wp\/v2\/pages\/1513"}],"wp:featuredmedia":[{"embeddable":true,"href":"https:\/\/www.menimepriestor.sk\/de\/wp-json\/wp\/v2\/media\/2409"}],"wp:attachment":[{"href":"https:\/\/www.menimepriestor.sk\/de\/wp-json\/wp\/v2\/media?parent=2675"}],"curies":[{"name":"wp","href":"https:\/\/api.w.org\/{rel}","templated":true}]}}