{"id":2672,"date":"2019-07-07T16:28:14","date_gmt":"2019-07-07T14:28:14","guid":{"rendered":"https:\/\/www.menimepriestor.sk\/?page_id=2672"},"modified":"2019-07-07T17:18:28","modified_gmt":"2019-07-07T15:18:28","slug":"bogendecken","status":"publish","type":"page","link":"https:\/\/www.menimepriestor.sk\/de\/designdecken\/bogendecken\/","title":{"rendered":"Bogendecken"},"content":{"rendered":"\n\n\n<!--more-->\n\n\n\n<ul class=\"wp-block-gallery columns-3 is-cropped wp-block-gallery-1 is-layout-flex wp-block-gallery-is-layout-flex\"><li class=\"blocks-gallery-item\"><figure><img loading=\"lazy\" decoding=\"async\" width=\"1024\" height=\"683\" src=\"https:\/\/www.menimepriestor.sk\/wp-content\/uploads\/2019\/07\/P6012376a-1024x683.jpg\" alt=\"\" data-id=\"2542\" data-link=\"https:\/\/www.menimepriestor.sk\/dizajnove-stropy\/oblukove-stropy\/olympus-digital-camera-90\/#main\" class=\"wp-image-2545\" srcset=\"https:\/\/www.menimepriestor.sk\/wp-content\/uploads\/2019\/07\/P6012376a-1024x683.jpg 1024w, https:\/\/www.menimepriestor.sk\/wp-content\/uploads\/2019\/07\/P6012376a-300x200.jpg 300w, https:\/\/www.menimepriestor.sk\/wp-content\/uploads\/2019\/07\/P6012376a-768x512.jpg 768w, https:\/\/www.menimepriestor.sk\/wp-content\/uploads\/2019\/07\/P6012376a.jpg 1600w\" sizes=\"auto, (max-width: 1024px) 100vw, 1024px\" \/><\/figure><\/li><li class=\"blocks-gallery-item\"><figure><img loading=\"lazy\" decoding=\"async\" width=\"1024\" height=\"683\" src=\"https:\/\/www.menimepriestor.sk\/wp-content\/uploads\/2019\/07\/P6012373a-1024x683.jpg\" alt=\"\" data-id=\"2535\" data-link=\"https:\/\/www.menimepriestor.sk\/dizajnove-stropy\/oblukove-stropy\/olympus-digital-camera-89\/#main\" class=\"wp-image-2538\" srcset=\"https:\/\/www.menimepriestor.sk\/wp-content\/uploads\/2019\/07\/P6012373a-1024x683.jpg 1024w, https:\/\/www.menimepriestor.sk\/wp-content\/uploads\/2019\/07\/P6012373a-300x200.jpg 300w, https:\/\/www.menimepriestor.sk\/wp-content\/uploads\/2019\/07\/P6012373a-768x512.jpg 768w, https:\/\/www.menimepriestor.sk\/wp-content\/uploads\/2019\/07\/P6012373a.jpg 1600w\" sizes=\"auto, (max-width: 1024px) 100vw, 1024px\" \/><\/figure><\/li><li class=\"blocks-gallery-item\"><figure><img loading=\"lazy\" decoding=\"async\" width=\"1024\" height=\"768\" src=\"https:\/\/www.menimepriestor.sk\/wp-content\/uploads\/2019\/07\/P1040515-1024x768.jpg\" alt=\"\" data-id=\"2431\" data-link=\"https:\/\/www.menimepriestor.sk\/protipoziarne-stropy-a-priecky\/p1040515\/#main\" class=\"wp-image-2434\" srcset=\"https:\/\/www.menimepriestor.sk\/wp-content\/uploads\/2019\/07\/P1040515-1024x768.jpg 1024w, https:\/\/www.menimepriestor.sk\/wp-content\/uploads\/2019\/07\/P1040515-300x225.jpg 300w, https:\/\/www.menimepriestor.sk\/wp-content\/uploads\/2019\/07\/P1040515-768x576.jpg 768w, https:\/\/www.menimepriestor.sk\/wp-content\/uploads\/2019\/07\/P1040515.jpg 1600w\" sizes=\"auto, (max-width: 1024px) 100vw, 1024px\" \/><\/figure><\/li><li class=\"blocks-gallery-item\"><figure><img loading=\"lazy\" decoding=\"async\" width=\"1024\" height=\"768\" src=\"https:\/\/www.menimepriestor.sk\/wp-content\/uploads\/2019\/07\/P1000998-1024x768.jpg\" alt=\"\" data-id=\"2427\" data-link=\"https:\/\/www.menimepriestor.sk\/protipoziarne-stropy-a-priecky\/p1000998\/#main\" class=\"wp-image-2430\" srcset=\"https:\/\/www.menimepriestor.sk\/wp-content\/uploads\/2019\/07\/P1000998-1024x768.jpg 1024w, https:\/\/www.menimepriestor.sk\/wp-content\/uploads\/2019\/07\/P1000998-300x225.jpg 300w, https:\/\/www.menimepriestor.sk\/wp-content\/uploads\/2019\/07\/P1000998-768x576.jpg 768w, https:\/\/www.menimepriestor.sk\/wp-content\/uploads\/2019\/07\/P1000998.jpg 1600w\" sizes=\"auto, (max-width: 1024px) 100vw, 1024px\" \/><\/figure><\/li><li class=\"blocks-gallery-item\"><figure><img loading=\"lazy\" decoding=\"async\" width=\"1024\" height=\"576\" src=\"https:\/\/www.menimepriestor.sk\/wp-content\/uploads\/2019\/06\/menimepriestor_slide3-1024x576.jpg\" alt=\"\" data-id=\"2141\" data-link=\"https:\/\/www.menimepriestor.sk\/menimepriestor_slide3\/\" class=\"wp-image-2144\" srcset=\"https:\/\/www.menimepriestor.sk\/wp-content\/uploads\/2019\/06\/menimepriestor_slide3-1024x576.jpg 1024w, https:\/\/www.menimepriestor.sk\/wp-content\/uploads\/2019\/06\/menimepriestor_slide3-300x169.jpg 300w, https:\/\/www.menimepriestor.sk\/wp-content\/uploads\/2019\/06\/menimepriestor_slide3-768x432.jpg 768w, https:\/\/www.menimepriestor.sk\/wp-content\/uploads\/2019\/06\/menimepriestor_slide3.jpg 1600w\" sizes=\"auto, (max-width: 1024px) 100vw, 1024px\" \/><\/figure><\/li><li class=\"blocks-gallery-item\"><figure><img loading=\"lazy\" decoding=\"async\" width=\"1024\" height=\"683\" src=\"https:\/\/www.menimepriestor.sk\/wp-content\/uploads\/2019\/07\/P3MP3434a-1024x683.jpg\" alt=\"\" data-id=\"2387\" data-link=\"https:\/\/www.menimepriestor.sk\/dizajnove-stropy\/olympus-digital-camera-69\/#main\" class=\"wp-image-2390\" srcset=\"https:\/\/www.menimepriestor.sk\/wp-content\/uploads\/2019\/07\/P3MP3434a-1024x683.jpg 1024w, https:\/\/www.menimepriestor.sk\/wp-content\/uploads\/2019\/07\/P3MP3434a-300x200.jpg 300w, https:\/\/www.menimepriestor.sk\/wp-content\/uploads\/2019\/07\/P3MP3434a-768x512.jpg 768w, https:\/\/www.menimepriestor.sk\/wp-content\/uploads\/2019\/07\/P3MP3434a.jpg 1600w\" sizes=\"auto, (max-width: 1024px) 100vw, 1024px\" \/><\/figure><\/li><li class=\"blocks-gallery-item\"><figure><img loading=\"lazy\" decoding=\"async\" width=\"683\" height=\"1024\" src=\"https:\/\/www.menimepriestor.sk\/wp-content\/uploads\/2019\/06\/Menimepriestor-dizajn-13-683x1024.jpg\" alt=\"\" data-id=\"2063\" data-link=\"https:\/\/www.menimepriestor.sk\/interierovy-dizajn\/olympus-digital-camera-51\/#main\" class=\"wp-image-2066\" srcset=\"https:\/\/www.menimepriestor.sk\/wp-content\/uploads\/2019\/06\/Menimepriestor-dizajn-13-683x1024.jpg 683w, https:\/\/www.menimepriestor.sk\/wp-content\/uploads\/2019\/06\/Menimepriestor-dizajn-13-200x300.jpg 200w, https:\/\/www.menimepriestor.sk\/wp-content\/uploads\/2019\/06\/Menimepriestor-dizajn-13-768x1152.jpg 768w, https:\/\/www.menimepriestor.sk\/wp-content\/uploads\/2019\/06\/Menimepriestor-dizajn-13.jpg 1067w\" sizes=\"auto, (max-width: 683px) 100vw, 683px\" \/><\/figure><\/li><li class=\"blocks-gallery-item\"><figure><img loading=\"lazy\" decoding=\"async\" width=\"1024\" height=\"683\" src=\"https:\/\/www.menimepriestor.sk\/wp-content\/uploads\/2019\/06\/Menimepriestor-dizajn-8-1024x683.jpg\" alt=\"\" data-id=\"2043\" data-link=\"https:\/\/www.menimepriestor.sk\/interierovy-dizajn\/olympus-digital-camera-46\/#main\" class=\"wp-image-2046\" srcset=\"https:\/\/www.menimepriestor.sk\/wp-content\/uploads\/2019\/06\/Menimepriestor-dizajn-8-1024x683.jpg 1024w, https:\/\/www.menimepriestor.sk\/wp-content\/uploads\/2019\/06\/Menimepriestor-dizajn-8-300x200.jpg 300w, https:\/\/www.menimepriestor.sk\/wp-content\/uploads\/2019\/06\/Menimepriestor-dizajn-8-768x512.jpg 768w, https:\/\/www.menimepriestor.sk\/wp-content\/uploads\/2019\/06\/Menimepriestor-dizajn-8.jpg 1600w\" sizes=\"auto, (max-width: 1024px) 100vw, 1024px\" \/><\/figure><\/li><li class=\"blocks-gallery-item\"><figure><img loading=\"lazy\" decoding=\"async\" width=\"1024\" height=\"683\" src=\"https:\/\/www.menimepriestor.sk\/wp-content\/uploads\/2019\/06\/Menimepriestor-dizajn-3-1024x683.jpg\" alt=\"\" data-id=\"2023\" data-link=\"https:\/\/www.menimepriestor.sk\/interierovy-dizajn\/menimepriestor-dizajn-3\/#main\" class=\"wp-image-2026\" srcset=\"https:\/\/www.menimepriestor.sk\/wp-content\/uploads\/2019\/06\/Menimepriestor-dizajn-3-1024x683.jpg 1024w, https:\/\/www.menimepriestor.sk\/wp-content\/uploads\/2019\/06\/Menimepriestor-dizajn-3-300x200.jpg 300w, https:\/\/www.menimepriestor.sk\/wp-content\/uploads\/2019\/06\/Menimepriestor-dizajn-3-768x512.jpg 768w, https:\/\/www.menimepriestor.sk\/wp-content\/uploads\/2019\/06\/Menimepriestor-dizajn-3.jpg 1600w\" sizes=\"auto, (max-width: 1024px) 100vw, 1024px\" \/><\/figure><\/li><li class=\"blocks-gallery-item\"><figure><img loading=\"lazy\" decoding=\"async\" width=\"683\" height=\"1024\" src=\"https:\/\/www.menimepriestor.sk\/wp-content\/uploads\/2019\/06\/Menimepriestor-dizajn-4-683x1024.jpg\" alt=\"\" data-id=\"2027\" data-link=\"https:\/\/www.menimepriestor.sk\/interierovy-dizajn\/menimepriestor-dizajn-4\/#main\" class=\"wp-image-2030\" srcset=\"https:\/\/www.menimepriestor.sk\/wp-content\/uploads\/2019\/06\/Menimepriestor-dizajn-4-683x1024.jpg 683w, https:\/\/www.menimepriestor.sk\/wp-content\/uploads\/2019\/06\/Menimepriestor-dizajn-4-200x300.jpg 200w, https:\/\/www.menimepriestor.sk\/wp-content\/uploads\/2019\/06\/Menimepriestor-dizajn-4-768x1152.jpg 768w, https:\/\/www.menimepriestor.sk\/wp-content\/uploads\/2019\/06\/Menimepriestor-dizajn-4.jpg 1067w\" sizes=\"auto, (max-width: 683px) 100vw, 683px\" \/><\/figure><\/li><li class=\"blocks-gallery-item\"><figure><img loading=\"lazy\" decoding=\"async\" width=\"1024\" height=\"683\" src=\"https:\/\/www.menimepriestor.sk\/wp-content\/uploads\/2019\/06\/Menimepriestor-dizajn-1-1024x683.jpg\" alt=\"\" data-id=\"2015\" data-link=\"https:\/\/www.menimepriestor.sk\/interierovy-dizajn\/olympus-digital-camera-42\/#main\" class=\"wp-image-2018\" srcset=\"https:\/\/www.menimepriestor.sk\/wp-content\/uploads\/2019\/06\/Menimepriestor-dizajn-1-1024x683.jpg 1024w, https:\/\/www.menimepriestor.sk\/wp-content\/uploads\/2019\/06\/Menimepriestor-dizajn-1-300x200.jpg 300w, https:\/\/www.menimepriestor.sk\/wp-content\/uploads\/2019\/06\/Menimepriestor-dizajn-1-768x512.jpg 768w, https:\/\/www.menimepriestor.sk\/wp-content\/uploads\/2019\/06\/Menimepriestor-dizajn-1.jpg 1600w\" sizes=\"auto, (max-width: 1024px) 100vw, 1024px\" \/><\/figure><\/li><\/ul>\n","protected":false},"excerpt":{"rendered":"","protected":false},"author":2,"featured_media":2579,"parent":1514,"menu_order":0,"comment_status":"closed","ping_status":"closed","template":"page-blank.php","meta":{"_editorskit_title_hidden":false,"_editorskit_reading_time":0,"_editorskit_is_block_options_detached":false,"_editorskit_block_options_position":"{}","footnotes":""},"class_list":["post-2672","page","type-page","status-publish","has-post-thumbnail","hentry"],"yoast_head":"<!-- This site is optimized with the Yoast SEO plugin v27.2 - https:\/\/yoast.com\/product\/yoast-seo-wordpress\/ -->\n<title>Bogendecken &#8212; DryCon<\/title>\n<meta name=\"robots\" content=\"index, follow, max-snippet:-1, max-image-preview:large, max-video-preview:-1\" \/>\n<link rel=\"canonical\" href=\"https:\/\/www.menimepriestor.sk\/de\/designdecken\/bogendecken\/\" \/>\n<meta property=\"og:locale\" content=\"de_DE\" \/>\n<meta property=\"og:type\" content=\"article\" \/>\n<meta property=\"og:title\" content=\"Bogendecken &#8212; DryCon\" \/>\n<meta property=\"og:url\" content=\"https:\/\/www.menimepriestor.sk\/de\/designdecken\/bogendecken\/\" \/>\n<meta property=\"og:site_name\" content=\"DryCon\" \/>\n<meta property=\"article:publisher\" content=\"https:\/\/www.facebook.com\/menimepriestor.sk\" \/>\n<meta property=\"article:modified_time\" content=\"2019-07-07T15:18:28+00:00\" \/>\n<meta property=\"og:image\" content=\"https:\/\/www.menimepriestor.sk\/wp-content\/uploads\/2019\/07\/Menimepriestor_Obluk-1.jpg\" \/>\n\t<meta property=\"og:image:width\" content=\"1920\" \/>\n\t<meta property=\"og:image:height\" content=\"900\" \/>\n\t<meta property=\"og:image:type\" content=\"image\/jpeg\" \/>\n<meta name=\"twitter:card\" content=\"summary_large_image\" \/>\n<script type=\"application\/ld+json\" class=\"yoast-schema-graph\">{\"@context\":\"https:\/\/schema.org\",\"@graph\":[{\"@type\":\"WebPage\",\"@id\":\"https:\/\/www.menimepriestor.sk\/de\/designdecken\/bogendecken\/\",\"url\":\"https:\/\/www.menimepriestor.sk\/de\/designdecken\/bogendecken\/\",\"name\":\"Bogendecken &#8212; DryCon\",\"isPartOf\":{\"@id\":\"https:\/\/www.menimepriestor.sk\/de\/#website\"},\"primaryImageOfPage\":{\"@id\":\"https:\/\/www.menimepriestor.sk\/de\/designdecken\/bogendecken\/#primaryimage\"},\"image\":{\"@id\":\"https:\/\/www.menimepriestor.sk\/de\/designdecken\/bogendecken\/#primaryimage\"},\"thumbnailUrl\":\"https:\/\/www.menimepriestor.sk\/wp-content\/uploads\/2019\/07\/Menimepriestor_Obluk-1.jpg\",\"datePublished\":\"2019-07-07T14:28:14+00:00\",\"dateModified\":\"2019-07-07T15:18:28+00:00\",\"breadcrumb\":{\"@id\":\"https:\/\/www.menimepriestor.sk\/de\/designdecken\/bogendecken\/#breadcrumb\"},\"inLanguage\":\"de\",\"potentialAction\":[{\"@type\":\"ReadAction\",\"target\":[\"https:\/\/www.menimepriestor.sk\/de\/designdecken\/bogendecken\/\"]}]},{\"@type\":\"ImageObject\",\"inLanguage\":\"de\",\"@id\":\"https:\/\/www.menimepriestor.sk\/de\/designdecken\/bogendecken\/#primaryimage\",\"url\":\"https:\/\/www.menimepriestor.sk\/wp-content\/uploads\/2019\/07\/Menimepriestor_Obluk-1.jpg\",\"contentUrl\":\"https:\/\/www.menimepriestor.sk\/wp-content\/uploads\/2019\/07\/Menimepriestor_Obluk-1.jpg\",\"width\":1600,\"height\":750},{\"@type\":\"BreadcrumbList\",\"@id\":\"https:\/\/www.menimepriestor.sk\/de\/designdecken\/bogendecken\/#breadcrumb\",\"itemListElement\":[{\"@type\":\"ListItem\",\"position\":1,\"name\":\"Home\",\"item\":\"https:\/\/www.menimepriestor.sk\/de\/\"},{\"@type\":\"ListItem\",\"position\":2,\"name\":\"Designdecken\",\"item\":\"https:\/\/www.menimepriestor.sk\/de\/designdecken\/\"},{\"@type\":\"ListItem\",\"position\":3,\"name\":\"Bogendecken\"}]},{\"@type\":\"WebSite\",\"@id\":\"https:\/\/www.menimepriestor.sk\/de\/#website\",\"url\":\"https:\/\/www.menimepriestor.sk\/de\/\",\"name\":\"DryCon\",\"description\":\"Men\u00edme priestor na komfortn\u00fd interi\u00e9r\",\"publisher\":{\"@id\":\"https:\/\/www.menimepriestor.sk\/de\/#organization\"},\"potentialAction\":[{\"@type\":\"SearchAction\",\"target\":{\"@type\":\"EntryPoint\",\"urlTemplate\":\"https:\/\/www.menimepriestor.sk\/de\/?s={search_term_string}\"},\"query-input\":{\"@type\":\"PropertyValueSpecification\",\"valueRequired\":true,\"valueName\":\"search_term_string\"}}],\"inLanguage\":\"de\"},{\"@type\":\"Organization\",\"@id\":\"https:\/\/www.menimepriestor.sk\/de\/#organization\",\"name\":\"DryCon, s.r.o.\",\"url\":\"https:\/\/www.menimepriestor.sk\/de\/\",\"logo\":{\"@type\":\"ImageObject\",\"inLanguage\":\"de\",\"@id\":\"https:\/\/www.menimepriestor.sk\/de\/#\/schema\/logo\/image\/\",\"url\":\"https:\/\/www.menimepriestor.sk\/wp-content\/uploads\/2019\/06\/logo.png\",\"contentUrl\":\"https:\/\/www.menimepriestor.sk\/wp-content\/uploads\/2019\/06\/logo.png\",\"width\":572,\"height\":172,\"caption\":\"DryCon, s.r.o.\"},\"image\":{\"@id\":\"https:\/\/www.menimepriestor.sk\/de\/#\/schema\/logo\/image\/\"},\"sameAs\":[\"https:\/\/www.facebook.com\/menimepriestor.sk\",\"https:\/\/www.instagram.com\/menimepriestor\/\"]}]}<\/script>\n<!-- \/ Yoast SEO plugin. -->","yoast_head_json":{"title":"Bogendecken &#8212; DryCon","robots":{"index":"index","follow":"follow","max-snippet":"max-snippet:-1","max-image-preview":"max-image-preview:large","max-video-preview":"max-video-preview:-1"},"canonical":"https:\/\/www.menimepriestor.sk\/de\/designdecken\/bogendecken\/","og_locale":"de_DE","og_type":"article","og_title":"Bogendecken &#8212; DryCon","og_url":"https:\/\/www.menimepriestor.sk\/de\/designdecken\/bogendecken\/","og_site_name":"DryCon","article_publisher":"https:\/\/www.facebook.com\/menimepriestor.sk","article_modified_time":"2019-07-07T15:18:28+00:00","og_image":[{"width":1920,"height":900,"url":"https:\/\/www.menimepriestor.sk\/wp-content\/uploads\/2019\/07\/Menimepriestor_Obluk-1.jpg","type":"image\/jpeg"}],"twitter_card":"summary_large_image","schema":{"@context":"https:\/\/schema.org","@graph":[{"@type":"WebPage","@id":"https:\/\/www.menimepriestor.sk\/de\/designdecken\/bogendecken\/","url":"https:\/\/www.menimepriestor.sk\/de\/designdecken\/bogendecken\/","name":"Bogendecken &#8212; DryCon","isPartOf":{"@id":"https:\/\/www.menimepriestor.sk\/de\/#website"},"primaryImageOfPage":{"@id":"https:\/\/www.menimepriestor.sk\/de\/designdecken\/bogendecken\/#primaryimage"},"image":{"@id":"https:\/\/www.menimepriestor.sk\/de\/designdecken\/bogendecken\/#primaryimage"},"thumbnailUrl":"https:\/\/www.menimepriestor.sk\/wp-content\/uploads\/2019\/07\/Menimepriestor_Obluk-1.jpg","datePublished":"2019-07-07T14:28:14+00:00","dateModified":"2019-07-07T15:18:28+00:00","breadcrumb":{"@id":"https:\/\/www.menimepriestor.sk\/de\/designdecken\/bogendecken\/#breadcrumb"},"inLanguage":"de","potentialAction":[{"@type":"ReadAction","target":["https:\/\/www.menimepriestor.sk\/de\/designdecken\/bogendecken\/"]}]},{"@type":"ImageObject","inLanguage":"de","@id":"https:\/\/www.menimepriestor.sk\/de\/designdecken\/bogendecken\/#primaryimage","url":"https:\/\/www.menimepriestor.sk\/wp-content\/uploads\/2019\/07\/Menimepriestor_Obluk-1.jpg","contentUrl":"https:\/\/www.menimepriestor.sk\/wp-content\/uploads\/2019\/07\/Menimepriestor_Obluk-1.jpg","width":1600,"height":750},{"@type":"BreadcrumbList","@id":"https:\/\/www.menimepriestor.sk\/de\/designdecken\/bogendecken\/#breadcrumb","itemListElement":[{"@type":"ListItem","position":1,"name":"Home","item":"https:\/\/www.menimepriestor.sk\/de\/"},{"@type":"ListItem","position":2,"name":"Designdecken","item":"https:\/\/www.menimepriestor.sk\/de\/designdecken\/"},{"@type":"ListItem","position":3,"name":"Bogendecken"}]},{"@type":"WebSite","@id":"https:\/\/www.menimepriestor.sk\/de\/#website","url":"https:\/\/www.menimepriestor.sk\/de\/","name":"DryCon","description":"Men\u00edme priestor na komfortn\u00fd interi\u00e9r","publisher":{"@id":"https:\/\/www.menimepriestor.sk\/de\/#organization"},"potentialAction":[{"@type":"SearchAction","target":{"@type":"EntryPoint","urlTemplate":"https:\/\/www.menimepriestor.sk\/de\/?s={search_term_string}"},"query-input":{"@type":"PropertyValueSpecification","valueRequired":true,"valueName":"search_term_string"}}],"inLanguage":"de"},{"@type":"Organization","@id":"https:\/\/www.menimepriestor.sk\/de\/#organization","name":"DryCon, s.r.o.","url":"https:\/\/www.menimepriestor.sk\/de\/","logo":{"@type":"ImageObject","inLanguage":"de","@id":"https:\/\/www.menimepriestor.sk\/de\/#\/schema\/logo\/image\/","url":"https:\/\/www.menimepriestor.sk\/wp-content\/uploads\/2019\/06\/logo.png","contentUrl":"https:\/\/www.menimepriestor.sk\/wp-content\/uploads\/2019\/06\/logo.png","width":572,"height":172,"caption":"DryCon, s.r.o."},"image":{"@id":"https:\/\/www.menimepriestor.sk\/de\/#\/schema\/logo\/image\/"},"sameAs":["https:\/\/www.facebook.com\/menimepriestor.sk","https:\/\/www.instagram.com\/menimepriestor\/"]}]}},"wpmagazine_modules_lite_featured_media_urls":{"thumbnail":["https:\/\/www.menimepriestor.sk\/wp-content\/uploads\/2019\/07\/Menimepriestor_Obluk-1-150x150.jpg",150,150,true],"cvmm-medium":["https:\/\/www.menimepriestor.sk\/wp-content\/uploads\/2019\/07\/Menimepriestor_Obluk-1.jpg",300,141,false],"cvmm-medium-plus":["https:\/\/www.menimepriestor.sk\/wp-content\/uploads\/2019\/07\/Menimepriestor_Obluk-1.jpg",305,143,false],"cvmm-portrait":["https:\/\/www.menimepriestor.sk\/wp-content\/uploads\/2019\/07\/Menimepriestor_Obluk-1.jpg",400,188,false],"cvmm-medium-square":["https:\/\/www.menimepriestor.sk\/wp-content\/uploads\/2019\/07\/Menimepriestor_Obluk-1.jpg",600,281,false],"cvmm-large":["https:\/\/www.menimepriestor.sk\/wp-content\/uploads\/2019\/07\/Menimepriestor_Obluk-1.jpg",1024,480,false],"cvmm-small":["https:\/\/www.menimepriestor.sk\/wp-content\/uploads\/2019\/07\/Menimepriestor_Obluk-1.jpg",130,61,false],"full":["https:\/\/www.menimepriestor.sk\/wp-content\/uploads\/2019\/07\/Menimepriestor_Obluk-1.jpg",1600,750,false]},"categories_names":null,"comments_number":"0","_links":{"self":[{"href":"https:\/\/www.menimepriestor.sk\/de\/wp-json\/wp\/v2\/pages\/2672","targetHints":{"allow":["GET"]}}],"collection":[{"href":"https:\/\/www.menimepriestor.sk\/de\/wp-json\/wp\/v2\/pages"}],"about":[{"href":"https:\/\/www.menimepriestor.sk\/de\/wp-json\/wp\/v2\/types\/page"}],"author":[{"embeddable":true,"href":"https:\/\/www.menimepriestor.sk\/de\/wp-json\/wp\/v2\/users\/2"}],"replies":[{"embeddable":true,"href":"https:\/\/www.menimepriestor.sk\/de\/wp-json\/wp\/v2\/comments?post=2672"}],"version-history":[{"count":0,"href":"https:\/\/www.menimepriestor.sk\/de\/wp-json\/wp\/v2\/pages\/2672\/revisions"}],"up":[{"embeddable":true,"href":"https:\/\/www.menimepriestor.sk\/de\/wp-json\/wp\/v2\/pages\/1514"}],"wp:featuredmedia":[{"embeddable":true,"href":"https:\/\/www.menimepriestor.sk\/de\/wp-json\/wp\/v2\/media\/2579"}],"wp:attachment":[{"href":"https:\/\/www.menimepriestor.sk\/de\/wp-json\/wp\/v2\/media?parent=2672"}],"curies":[{"name":"wp","href":"https:\/\/api.w.org\/{rel}","templated":true}]}}