{"id":2666,"date":"2019-07-07T16:27:02","date_gmt":"2019-07-07T14:27:02","guid":{"rendered":"https:\/\/www.menimepriestor.sk\/?page_id=2666"},"modified":"2019-07-07T16:27:03","modified_gmt":"2019-07-07T14:27:03","slug":"3d-decken","status":"publish","type":"page","link":"https:\/\/www.menimepriestor.sk\/de\/designdecken\/3d-decken\/","title":{"rendered":"3D Decken"},"content":{"rendered":"","protected":false},"excerpt":{"rendered":"","protected":false},"author":2,"featured_media":2520,"parent":1514,"menu_order":0,"comment_status":"closed","ping_status":"closed","template":"page-blank.php","meta":{"_editorskit_title_hidden":false,"_editorskit_reading_time":0,"_editorskit_is_block_options_detached":false,"_editorskit_block_options_position":"{}","footnotes":""},"class_list":["post-2666","page","type-page","status-publish","has-post-thumbnail","hentry"],"yoast_head":"<!-- This site is optimized with the Yoast SEO plugin v27.2 - https:\/\/yoast.com\/product\/yoast-seo-wordpress\/ -->\n<title>3D Decken &#8212; DryCon<\/title>\n<meta name=\"robots\" content=\"index, follow, max-snippet:-1, max-image-preview:large, max-video-preview:-1\" \/>\n<link rel=\"canonical\" href=\"https:\/\/www.menimepriestor.sk\/de\/designdecken\/3d-decken\/\" \/>\n<meta property=\"og:locale\" content=\"de_DE\" \/>\n<meta property=\"og:type\" content=\"article\" \/>\n<meta property=\"og:title\" content=\"3D Decken &#8212; DryCon\" \/>\n<meta property=\"og:url\" content=\"https:\/\/www.menimepriestor.sk\/de\/designdecken\/3d-decken\/\" \/>\n<meta property=\"og:site_name\" content=\"DryCon\" \/>\n<meta property=\"article:publisher\" content=\"https:\/\/www.facebook.com\/menimepriestor.sk\" \/>\n<meta property=\"article:modified_time\" content=\"2019-07-07T14:27:03+00:00\" \/>\n<meta property=\"og:image\" content=\"https:\/\/www.menimepriestor.sk\/wp-content\/uploads\/2019\/07\/hotel10.jpg\" \/>\n\t<meta property=\"og:image:width\" content=\"1920\" \/>\n\t<meta property=\"og:image:height\" content=\"1080\" \/>\n\t<meta property=\"og:image:type\" content=\"image\/jpeg\" \/>\n<meta name=\"twitter:card\" content=\"summary_large_image\" \/>\n<script type=\"application\/ld+json\" class=\"yoast-schema-graph\">{\"@context\":\"https:\/\/schema.org\",\"@graph\":[{\"@type\":\"WebPage\",\"@id\":\"https:\/\/www.menimepriestor.sk\/de\/designdecken\/3d-decken\/\",\"url\":\"https:\/\/www.menimepriestor.sk\/de\/designdecken\/3d-decken\/\",\"name\":\"3D Decken &#8212; DryCon\",\"isPartOf\":{\"@id\":\"https:\/\/www.menimepriestor.sk\/de\/#website\"},\"primaryImageOfPage\":{\"@id\":\"https:\/\/www.menimepriestor.sk\/de\/designdecken\/3d-decken\/#primaryimage\"},\"image\":{\"@id\":\"https:\/\/www.menimepriestor.sk\/de\/designdecken\/3d-decken\/#primaryimage\"},\"thumbnailUrl\":\"https:\/\/www.menimepriestor.sk\/wp-content\/uploads\/2019\/07\/hotel10.jpg\",\"datePublished\":\"2019-07-07T14:27:02+00:00\",\"dateModified\":\"2019-07-07T14:27:03+00:00\",\"breadcrumb\":{\"@id\":\"https:\/\/www.menimepriestor.sk\/de\/designdecken\/3d-decken\/#breadcrumb\"},\"inLanguage\":\"de\",\"potentialAction\":[{\"@type\":\"ReadAction\",\"target\":[\"https:\/\/www.menimepriestor.sk\/de\/designdecken\/3d-decken\/\"]}]},{\"@type\":\"ImageObject\",\"inLanguage\":\"de\",\"@id\":\"https:\/\/www.menimepriestor.sk\/de\/designdecken\/3d-decken\/#primaryimage\",\"url\":\"https:\/\/www.menimepriestor.sk\/wp-content\/uploads\/2019\/07\/hotel10.jpg\",\"contentUrl\":\"https:\/\/www.menimepriestor.sk\/wp-content\/uploads\/2019\/07\/hotel10.jpg\",\"width\":1600,\"height\":900},{\"@type\":\"BreadcrumbList\",\"@id\":\"https:\/\/www.menimepriestor.sk\/de\/designdecken\/3d-decken\/#breadcrumb\",\"itemListElement\":[{\"@type\":\"ListItem\",\"position\":1,\"name\":\"Home\",\"item\":\"https:\/\/www.menimepriestor.sk\/de\/\"},{\"@type\":\"ListItem\",\"position\":2,\"name\":\"Designdecken\",\"item\":\"https:\/\/www.menimepriestor.sk\/de\/designdecken\/\"},{\"@type\":\"ListItem\",\"position\":3,\"name\":\"3D Decken\"}]},{\"@type\":\"WebSite\",\"@id\":\"https:\/\/www.menimepriestor.sk\/de\/#website\",\"url\":\"https:\/\/www.menimepriestor.sk\/de\/\",\"name\":\"DryCon\",\"description\":\"Men\u00edme priestor na komfortn\u00fd interi\u00e9r\",\"publisher\":{\"@id\":\"https:\/\/www.menimepriestor.sk\/de\/#organization\"},\"potentialAction\":[{\"@type\":\"SearchAction\",\"target\":{\"@type\":\"EntryPoint\",\"urlTemplate\":\"https:\/\/www.menimepriestor.sk\/de\/?s={search_term_string}\"},\"query-input\":{\"@type\":\"PropertyValueSpecification\",\"valueRequired\":true,\"valueName\":\"search_term_string\"}}],\"inLanguage\":\"de\"},{\"@type\":\"Organization\",\"@id\":\"https:\/\/www.menimepriestor.sk\/de\/#organization\",\"name\":\"DryCon, s.r.o.\",\"url\":\"https:\/\/www.menimepriestor.sk\/de\/\",\"logo\":{\"@type\":\"ImageObject\",\"inLanguage\":\"de\",\"@id\":\"https:\/\/www.menimepriestor.sk\/de\/#\/schema\/logo\/image\/\",\"url\":\"https:\/\/www.menimepriestor.sk\/wp-content\/uploads\/2019\/06\/logo.png\",\"contentUrl\":\"https:\/\/www.menimepriestor.sk\/wp-content\/uploads\/2019\/06\/logo.png\",\"width\":572,\"height\":172,\"caption\":\"DryCon, s.r.o.\"},\"image\":{\"@id\":\"https:\/\/www.menimepriestor.sk\/de\/#\/schema\/logo\/image\/\"},\"sameAs\":[\"https:\/\/www.facebook.com\/menimepriestor.sk\",\"https:\/\/www.instagram.com\/menimepriestor\/\"]}]}<\/script>\n<!-- \/ Yoast SEO plugin. -->","yoast_head_json":{"title":"3D Decken &#8212; DryCon","robots":{"index":"index","follow":"follow","max-snippet":"max-snippet:-1","max-image-preview":"max-image-preview:large","max-video-preview":"max-video-preview:-1"},"canonical":"https:\/\/www.menimepriestor.sk\/de\/designdecken\/3d-decken\/","og_locale":"de_DE","og_type":"article","og_title":"3D Decken &#8212; DryCon","og_url":"https:\/\/www.menimepriestor.sk\/de\/designdecken\/3d-decken\/","og_site_name":"DryCon","article_publisher":"https:\/\/www.facebook.com\/menimepriestor.sk","article_modified_time":"2019-07-07T14:27:03+00:00","og_image":[{"width":1920,"height":1080,"url":"https:\/\/www.menimepriestor.sk\/wp-content\/uploads\/2019\/07\/hotel10.jpg","type":"image\/jpeg"}],"twitter_card":"summary_large_image","schema":{"@context":"https:\/\/schema.org","@graph":[{"@type":"WebPage","@id":"https:\/\/www.menimepriestor.sk\/de\/designdecken\/3d-decken\/","url":"https:\/\/www.menimepriestor.sk\/de\/designdecken\/3d-decken\/","name":"3D Decken &#8212; DryCon","isPartOf":{"@id":"https:\/\/www.menimepriestor.sk\/de\/#website"},"primaryImageOfPage":{"@id":"https:\/\/www.menimepriestor.sk\/de\/designdecken\/3d-decken\/#primaryimage"},"image":{"@id":"https:\/\/www.menimepriestor.sk\/de\/designdecken\/3d-decken\/#primaryimage"},"thumbnailUrl":"https:\/\/www.menimepriestor.sk\/wp-content\/uploads\/2019\/07\/hotel10.jpg","datePublished":"2019-07-07T14:27:02+00:00","dateModified":"2019-07-07T14:27:03+00:00","breadcrumb":{"@id":"https:\/\/www.menimepriestor.sk\/de\/designdecken\/3d-decken\/#breadcrumb"},"inLanguage":"de","potentialAction":[{"@type":"ReadAction","target":["https:\/\/www.menimepriestor.sk\/de\/designdecken\/3d-decken\/"]}]},{"@type":"ImageObject","inLanguage":"de","@id":"https:\/\/www.menimepriestor.sk\/de\/designdecken\/3d-decken\/#primaryimage","url":"https:\/\/www.menimepriestor.sk\/wp-content\/uploads\/2019\/07\/hotel10.jpg","contentUrl":"https:\/\/www.menimepriestor.sk\/wp-content\/uploads\/2019\/07\/hotel10.jpg","width":1600,"height":900},{"@type":"BreadcrumbList","@id":"https:\/\/www.menimepriestor.sk\/de\/designdecken\/3d-decken\/#breadcrumb","itemListElement":[{"@type":"ListItem","position":1,"name":"Home","item":"https:\/\/www.menimepriestor.sk\/de\/"},{"@type":"ListItem","position":2,"name":"Designdecken","item":"https:\/\/www.menimepriestor.sk\/de\/designdecken\/"},{"@type":"ListItem","position":3,"name":"3D Decken"}]},{"@type":"WebSite","@id":"https:\/\/www.menimepriestor.sk\/de\/#website","url":"https:\/\/www.menimepriestor.sk\/de\/","name":"DryCon","description":"Men\u00edme priestor na komfortn\u00fd interi\u00e9r","publisher":{"@id":"https:\/\/www.menimepriestor.sk\/de\/#organization"},"potentialAction":[{"@type":"SearchAction","target":{"@type":"EntryPoint","urlTemplate":"https:\/\/www.menimepriestor.sk\/de\/?s={search_term_string}"},"query-input":{"@type":"PropertyValueSpecification","valueRequired":true,"valueName":"search_term_string"}}],"inLanguage":"de"},{"@type":"Organization","@id":"https:\/\/www.menimepriestor.sk\/de\/#organization","name":"DryCon, s.r.o.","url":"https:\/\/www.menimepriestor.sk\/de\/","logo":{"@type":"ImageObject","inLanguage":"de","@id":"https:\/\/www.menimepriestor.sk\/de\/#\/schema\/logo\/image\/","url":"https:\/\/www.menimepriestor.sk\/wp-content\/uploads\/2019\/06\/logo.png","contentUrl":"https:\/\/www.menimepriestor.sk\/wp-content\/uploads\/2019\/06\/logo.png","width":572,"height":172,"caption":"DryCon, s.r.o."},"image":{"@id":"https:\/\/www.menimepriestor.sk\/de\/#\/schema\/logo\/image\/"},"sameAs":["https:\/\/www.facebook.com\/menimepriestor.sk","https:\/\/www.instagram.com\/menimepriestor\/"]}]}},"wpmagazine_modules_lite_featured_media_urls":{"thumbnail":["https:\/\/www.menimepriestor.sk\/wp-content\/uploads\/2019\/07\/hotel10-150x150.jpg",150,150,true],"cvmm-medium":["https:\/\/www.menimepriestor.sk\/wp-content\/uploads\/2019\/07\/hotel10.jpg",300,169,false],"cvmm-medium-plus":["https:\/\/www.menimepriestor.sk\/wp-content\/uploads\/2019\/07\/hotel10.jpg",305,172,false],"cvmm-portrait":["https:\/\/www.menimepriestor.sk\/wp-content\/uploads\/2019\/07\/hotel10.jpg",400,225,false],"cvmm-medium-square":["https:\/\/www.menimepriestor.sk\/wp-content\/uploads\/2019\/07\/hotel10.jpg",600,338,false],"cvmm-large":["https:\/\/www.menimepriestor.sk\/wp-content\/uploads\/2019\/07\/hotel10.jpg",1024,576,false],"cvmm-small":["https:\/\/www.menimepriestor.sk\/wp-content\/uploads\/2019\/07\/hotel10.jpg",130,73,false],"full":["https:\/\/www.menimepriestor.sk\/wp-content\/uploads\/2019\/07\/hotel10.jpg",1600,900,false]},"categories_names":null,"comments_number":"0","_links":{"self":[{"href":"https:\/\/www.menimepriestor.sk\/de\/wp-json\/wp\/v2\/pages\/2666","targetHints":{"allow":["GET"]}}],"collection":[{"href":"https:\/\/www.menimepriestor.sk\/de\/wp-json\/wp\/v2\/pages"}],"about":[{"href":"https:\/\/www.menimepriestor.sk\/de\/wp-json\/wp\/v2\/types\/page"}],"author":[{"embeddable":true,"href":"https:\/\/www.menimepriestor.sk\/de\/wp-json\/wp\/v2\/users\/2"}],"replies":[{"embeddable":true,"href":"https:\/\/www.menimepriestor.sk\/de\/wp-json\/wp\/v2\/comments?post=2666"}],"version-history":[{"count":0,"href":"https:\/\/www.menimepriestor.sk\/de\/wp-json\/wp\/v2\/pages\/2666\/revisions"}],"up":[{"embeddable":true,"href":"https:\/\/www.menimepriestor.sk\/de\/wp-json\/wp\/v2\/pages\/1514"}],"wp:featuredmedia":[{"embeddable":true,"href":"https:\/\/www.menimepriestor.sk\/de\/wp-json\/wp\/v2\/media\/2520"}],"wp:attachment":[{"href":"https:\/\/www.menimepriestor.sk\/de\/wp-json\/wp\/v2\/media?parent=2666"}],"curies":[{"name":"wp","href":"https:\/\/api.w.org\/{rel}","templated":true}]}}