{"id":1512,"date":"2019-06-02T22:12:29","date_gmt":"2019-06-02T20:12:29","guid":{"rendered":"https:\/\/www.menimepriestor.sk\/?page_id=1512"},"modified":"2019-07-07T17:09:43","modified_gmt":"2019-07-07T15:09:43","slug":"fire-protection-ceilings-and-partitions-de","status":"publish","type":"page","link":"https:\/\/www.menimepriestor.sk\/de\/fire-protection-ceilings-and-partitions-de\/","title":{"rendered":"Brandschutzdecken und Trennw\u00e4nde"},"content":{"rendered":"\n<p>Brandschutzkonstruktionen, Decken, Trennw\u00e4nde&#8230; m\u00fcssen die Ausbreitung von Feuer und Rauch verhindern und damit einen m\u00f6glichen Brand verringern. Wir verf\u00fcgen \u00fcber einen gro\u00dfen Erfahrungsumfang auf diesem Gebiet und k\u00f6nnen zusammen mit renommierten Anbietern von Materialien f\u00fcr den Brandschutzbau auch die anspruchsvollsten Anforderungen realisieren. <\/p>\n\n\n\n<!--more-->\n\n\n\n<p>Wir verf\u00fcgen \u00fcber die erforderlichen Installationszertifikate und verwenden nur vom Hersteller vorgeschriebene Systemmaterialien, um alle Brand- und Konstruktionsanforderungen zu gew\u00e4hrleisten.<\/p>\n\n\n\n<ul class=\"wp-block-gallery columns-3 is-cropped wp-block-gallery-1 is-layout-flex wp-block-gallery-is-layout-flex\"><li class=\"blocks-gallery-item\"><figure><a href=\"https:\/\/www.menimepriestor.sk\/wp-content\/uploads\/2019\/06\/MenimePriestor_Protipoziarne-3-683x1024.jpg\"><img loading=\"lazy\" decoding=\"async\" width=\"683\" height=\"1024\" src=\"https:\/\/www.menimepriestor.sk\/wp-content\/uploads\/2019\/06\/MenimePriestor_Protipoziarne-3-683x1024.jpg\" alt=\"\" data-id=\"1939\" data-link=\"https:\/\/www.menimepriestor.sk\/protipoziarne-stropy-a-priecky\/menimepriestor_protipoziarne-3\/#main\" class=\"wp-image-1939\" srcset=\"https:\/\/www.menimepriestor.sk\/wp-content\/uploads\/2019\/06\/MenimePriestor_Protipoziarne-3-683x1024.jpg 683w, https:\/\/www.menimepriestor.sk\/wp-content\/uploads\/2019\/06\/MenimePriestor_Protipoziarne-3-200x300.jpg 200w, https:\/\/www.menimepriestor.sk\/wp-content\/uploads\/2019\/06\/MenimePriestor_Protipoziarne-3-768x1152.jpg 768w, https:\/\/www.menimepriestor.sk\/wp-content\/uploads\/2019\/06\/MenimePriestor_Protipoziarne-3.jpg 1067w\" sizes=\"auto, (max-width: 683px) 100vw, 683px\" \/><\/a><\/figure><\/li><li class=\"blocks-gallery-item\"><figure><a href=\"https:\/\/www.menimepriestor.sk\/wp-content\/uploads\/2019\/06\/MenimePriestor_Protipoziarne-5-683x1024.jpg\"><img loading=\"lazy\" decoding=\"async\" width=\"683\" height=\"1024\" src=\"https:\/\/www.menimepriestor.sk\/wp-content\/uploads\/2019\/06\/MenimePriestor_Protipoziarne-5-683x1024.jpg\" alt=\"\" data-id=\"1947\" data-link=\"https:\/\/www.menimepriestor.sk\/protipoziarne-stropy-a-priecky\/menimepriestor_protipoziarne-5\/#main\" class=\"wp-image-1947\" srcset=\"https:\/\/www.menimepriestor.sk\/wp-content\/uploads\/2019\/06\/MenimePriestor_Protipoziarne-5-683x1024.jpg 683w, https:\/\/www.menimepriestor.sk\/wp-content\/uploads\/2019\/06\/MenimePriestor_Protipoziarne-5-200x300.jpg 200w, https:\/\/www.menimepriestor.sk\/wp-content\/uploads\/2019\/06\/MenimePriestor_Protipoziarne-5-768x1152.jpg 768w, https:\/\/www.menimepriestor.sk\/wp-content\/uploads\/2019\/06\/MenimePriestor_Protipoziarne-5.jpg 1067w\" sizes=\"auto, (max-width: 683px) 100vw, 683px\" \/><\/a><\/figure><\/li><li class=\"blocks-gallery-item\"><figure><a href=\"https:\/\/www.menimepriestor.sk\/wp-content\/uploads\/2019\/07\/RD_Lamac19-768x1024.jpg\"><img loading=\"lazy\" decoding=\"async\" width=\"768\" height=\"1024\" src=\"https:\/\/www.menimepriestor.sk\/wp-content\/uploads\/2019\/07\/RD_Lamac19-768x1024.jpg\" alt=\"\" data-id=\"2439\" data-link=\"https:\/\/www.menimepriestor.sk\/protipoziarne-stropy-a-priecky\/olympus-digital-camera-74\/#main\" class=\"wp-image-2439\" srcset=\"https:\/\/www.menimepriestor.sk\/wp-content\/uploads\/2019\/07\/RD_Lamac19-768x1024.jpg 768w, https:\/\/www.menimepriestor.sk\/wp-content\/uploads\/2019\/07\/RD_Lamac19-225x300.jpg 225w, https:\/\/www.menimepriestor.sk\/wp-content\/uploads\/2019\/07\/RD_Lamac19.jpg 1094w\" sizes=\"auto, (max-width: 768px) 100vw, 768px\" \/><\/a><\/figure><\/li><li class=\"blocks-gallery-item\"><figure><a href=\"https:\/\/www.menimepriestor.sk\/wp-content\/uploads\/2019\/07\/P1000998-1024x768.jpg\"><img loading=\"lazy\" decoding=\"async\" width=\"1024\" height=\"768\" src=\"https:\/\/www.menimepriestor.sk\/wp-content\/uploads\/2019\/07\/P1000998-1024x768.jpg\" alt=\"\" data-id=\"2427\" data-link=\"https:\/\/www.menimepriestor.sk\/protipoziarne-stropy-a-priecky\/p1000998\/#main\" class=\"wp-image-2427\" srcset=\"https:\/\/www.menimepriestor.sk\/wp-content\/uploads\/2019\/07\/P1000998-1024x768.jpg 1024w, https:\/\/www.menimepriestor.sk\/wp-content\/uploads\/2019\/07\/P1000998-300x225.jpg 300w, https:\/\/www.menimepriestor.sk\/wp-content\/uploads\/2019\/07\/P1000998-768x576.jpg 768w, https:\/\/www.menimepriestor.sk\/wp-content\/uploads\/2019\/07\/P1000998.jpg 1600w\" sizes=\"auto, (max-width: 1024px) 100vw, 1024px\" \/><\/a><\/figure><\/li><li class=\"blocks-gallery-item\"><figure><a href=\"https:\/\/www.menimepriestor.sk\/wp-content\/uploads\/2019\/07\/P1040515-1024x768.jpg\"><img loading=\"lazy\" decoding=\"async\" width=\"1024\" height=\"768\" src=\"https:\/\/www.menimepriestor.sk\/wp-content\/uploads\/2019\/07\/P1040515-1024x768.jpg\" alt=\"\" data-id=\"2431\" data-link=\"https:\/\/www.menimepriestor.sk\/protipoziarne-stropy-a-priecky\/p1040515\/#main\" class=\"wp-image-2431\" srcset=\"https:\/\/www.menimepriestor.sk\/wp-content\/uploads\/2019\/07\/P1040515-1024x768.jpg 1024w, https:\/\/www.menimepriestor.sk\/wp-content\/uploads\/2019\/07\/P1040515-300x225.jpg 300w, https:\/\/www.menimepriestor.sk\/wp-content\/uploads\/2019\/07\/P1040515-768x576.jpg 768w, https:\/\/www.menimepriestor.sk\/wp-content\/uploads\/2019\/07\/P1040515.jpg 1600w\" sizes=\"auto, (max-width: 1024px) 100vw, 1024px\" \/><\/a><\/figure><\/li><li class=\"blocks-gallery-item\"><figure><a href=\"https:\/\/www.menimepriestor.sk\/wp-content\/uploads\/2019\/07\/Podkrovie01-1024x682.jpg\"><img loading=\"lazy\" decoding=\"async\" width=\"1024\" height=\"682\" src=\"https:\/\/www.menimepriestor.sk\/wp-content\/uploads\/2019\/07\/Podkrovie01-1024x682.jpg\" alt=\"\" data-id=\"2435\" data-link=\"https:\/\/www.menimepriestor.sk\/protipoziarne-stropy-a-priecky\/podkrovie01\/#main\" class=\"wp-image-2435\" srcset=\"https:\/\/www.menimepriestor.sk\/wp-content\/uploads\/2019\/07\/Podkrovie01-1024x682.jpg 1024w, https:\/\/www.menimepriestor.sk\/wp-content\/uploads\/2019\/07\/Podkrovie01-300x200.jpg 300w, https:\/\/www.menimepriestor.sk\/wp-content\/uploads\/2019\/07\/Podkrovie01-768x512.jpg 768w, https:\/\/www.menimepriestor.sk\/wp-content\/uploads\/2019\/07\/Podkrovie01.jpg 1124w\" sizes=\"auto, (max-width: 1024px) 100vw, 1024px\" \/><\/a><\/figure><\/li><li class=\"blocks-gallery-item\"><figure><a href=\"https:\/\/www.menimepriestor.sk\/wp-content\/uploads\/2019\/06\/MenimePriestor_Protipoziarne-1-683x1024.jpg\"><img loading=\"lazy\" decoding=\"async\" width=\"683\" height=\"1024\" src=\"https:\/\/www.menimepriestor.sk\/wp-content\/uploads\/2019\/06\/MenimePriestor_Protipoziarne-1-683x1024.jpg\" alt=\"\" data-id=\"1931\" data-link=\"https:\/\/www.menimepriestor.sk\/protipoziarne-stropy-a-priecky\/olympus-digital-camera-34\/#main\" class=\"wp-image-1931\" srcset=\"https:\/\/www.menimepriestor.sk\/wp-content\/uploads\/2019\/06\/MenimePriestor_Protipoziarne-1-683x1024.jpg 683w, https:\/\/www.menimepriestor.sk\/wp-content\/uploads\/2019\/06\/MenimePriestor_Protipoziarne-1-200x300.jpg 200w, https:\/\/www.menimepriestor.sk\/wp-content\/uploads\/2019\/06\/MenimePriestor_Protipoziarne-1-768x1152.jpg 768w, https:\/\/www.menimepriestor.sk\/wp-content\/uploads\/2019\/06\/MenimePriestor_Protipoziarne-1.jpg 1067w\" sizes=\"auto, (max-width: 683px) 100vw, 683px\" \/><\/a><\/figure><\/li><\/ul>\n","protected":false},"excerpt":{"rendered":"<p>Brandschutzkonstruktionen, Decken, Trennw\u00e4nde&#8230; m\u00fcssen die Ausbreitung von Feuer und Rauch verhindern und damit einen m\u00f6glichen Brand verringern. Wir verf\u00fcgen \u00fcber einen gro\u00dfen Erfahrungsumfang auf diesem Gebiet und k\u00f6nnen zusammen mit renommierten Anbietern von Materialien f\u00fcr den Brandschutzbau auch die anspruchsvollsten Anforderungen realisieren.<\/p>\n","protected":false},"author":1,"featured_media":2386,"parent":0,"menu_order":5,"comment_status":"closed","ping_status":"closed","template":"page-blank.php","meta":{"_editorskit_title_hidden":false,"_editorskit_reading_time":0,"_editorskit_is_block_options_detached":false,"_editorskit_block_options_position":"{}","footnotes":""},"class_list":["post-1512","page","type-page","status-publish","has-post-thumbnail","hentry"],"yoast_head":"<!-- This site is optimized with the Yoast SEO plugin v27.2 - https:\/\/yoast.com\/product\/yoast-seo-wordpress\/ -->\n<title>Brandschutzdecken und Trennw\u00e4nde &#8212; DryCon<\/title>\n<meta name=\"robots\" content=\"index, follow, max-snippet:-1, max-image-preview:large, max-video-preview:-1\" \/>\n<link rel=\"canonical\" href=\"https:\/\/www.menimepriestor.sk\/de\/fire-protection-ceilings-and-partitions-de\/\" \/>\n<meta property=\"og:locale\" content=\"de_DE\" \/>\n<meta property=\"og:type\" content=\"article\" \/>\n<meta property=\"og:title\" content=\"Brandschutzdecken und Trennw\u00e4nde &#8212; DryCon\" \/>\n<meta property=\"og:description\" content=\"Brandschutzkonstruktionen, Decken, Trennw\u00e4nde&#8230; m\u00fcssen die Ausbreitung von Feuer und Rauch verhindern und damit einen m\u00f6glichen Brand verringern. Wir verf\u00fcgen \u00fcber einen gro\u00dfen Erfahrungsumfang auf diesem Gebiet und k\u00f6nnen zusammen mit renommierten Anbietern von Materialien f\u00fcr den Brandschutzbau auch die anspruchsvollsten Anforderungen realisieren.\" \/>\n<meta property=\"og:url\" content=\"https:\/\/www.menimepriestor.sk\/de\/fire-protection-ceilings-and-partitions-de\/\" \/>\n<meta property=\"og:site_name\" content=\"DryCon\" \/>\n<meta property=\"article:publisher\" content=\"https:\/\/www.facebook.com\/menimepriestor.sk\" \/>\n<meta property=\"article:modified_time\" content=\"2019-07-07T15:09:43+00:00\" \/>\n<meta property=\"og:image\" content=\"https:\/\/www.menimepriestor.sk\/wp-content\/uploads\/2019\/07\/P4131625.jpg\" \/>\n\t<meta property=\"og:image:width\" content=\"1920\" \/>\n\t<meta property=\"og:image:height\" content=\"1280\" \/>\n\t<meta property=\"og:image:type\" content=\"image\/jpeg\" \/>\n<meta name=\"twitter:card\" content=\"summary_large_image\" \/>\n<script type=\"application\/ld+json\" class=\"yoast-schema-graph\">{\"@context\":\"https:\/\/schema.org\",\"@graph\":[{\"@type\":\"WebPage\",\"@id\":\"https:\/\/www.menimepriestor.sk\/de\/fire-protection-ceilings-and-partitions-de\/\",\"url\":\"https:\/\/www.menimepriestor.sk\/de\/fire-protection-ceilings-and-partitions-de\/\",\"name\":\"Brandschutzdecken und Trennw\u00e4nde &#8212; DryCon\",\"isPartOf\":{\"@id\":\"https:\/\/www.menimepriestor.sk\/de\/#website\"},\"primaryImageOfPage\":{\"@id\":\"https:\/\/www.menimepriestor.sk\/de\/fire-protection-ceilings-and-partitions-de\/#primaryimage\"},\"image\":{\"@id\":\"https:\/\/www.menimepriestor.sk\/de\/fire-protection-ceilings-and-partitions-de\/#primaryimage\"},\"thumbnailUrl\":\"https:\/\/www.menimepriestor.sk\/wp-content\/uploads\/2019\/07\/P4131625.jpg\",\"datePublished\":\"2019-06-02T20:12:29+00:00\",\"dateModified\":\"2019-07-07T15:09:43+00:00\",\"breadcrumb\":{\"@id\":\"https:\/\/www.menimepriestor.sk\/de\/fire-protection-ceilings-and-partitions-de\/#breadcrumb\"},\"inLanguage\":\"de\",\"potentialAction\":[{\"@type\":\"ReadAction\",\"target\":[\"https:\/\/www.menimepriestor.sk\/de\/fire-protection-ceilings-and-partitions-de\/\"]}]},{\"@type\":\"ImageObject\",\"inLanguage\":\"de\",\"@id\":\"https:\/\/www.menimepriestor.sk\/de\/fire-protection-ceilings-and-partitions-de\/#primaryimage\",\"url\":\"https:\/\/www.menimepriestor.sk\/wp-content\/uploads\/2019\/07\/P4131625.jpg\",\"contentUrl\":\"https:\/\/www.menimepriestor.sk\/wp-content\/uploads\/2019\/07\/P4131625.jpg\",\"width\":1600,\"height\":1067},{\"@type\":\"BreadcrumbList\",\"@id\":\"https:\/\/www.menimepriestor.sk\/de\/fire-protection-ceilings-and-partitions-de\/#breadcrumb\",\"itemListElement\":[{\"@type\":\"ListItem\",\"position\":1,\"name\":\"Home\",\"item\":\"https:\/\/www.menimepriestor.sk\/de\/\"},{\"@type\":\"ListItem\",\"position\":2,\"name\":\"Brandschutzdecken und Trennw\u00e4nde\"}]},{\"@type\":\"WebSite\",\"@id\":\"https:\/\/www.menimepriestor.sk\/de\/#website\",\"url\":\"https:\/\/www.menimepriestor.sk\/de\/\",\"name\":\"DryCon\",\"description\":\"Men\u00edme priestor na komfortn\u00fd interi\u00e9r\",\"publisher\":{\"@id\":\"https:\/\/www.menimepriestor.sk\/de\/#organization\"},\"potentialAction\":[{\"@type\":\"SearchAction\",\"target\":{\"@type\":\"EntryPoint\",\"urlTemplate\":\"https:\/\/www.menimepriestor.sk\/de\/?s={search_term_string}\"},\"query-input\":{\"@type\":\"PropertyValueSpecification\",\"valueRequired\":true,\"valueName\":\"search_term_string\"}}],\"inLanguage\":\"de\"},{\"@type\":\"Organization\",\"@id\":\"https:\/\/www.menimepriestor.sk\/de\/#organization\",\"name\":\"DryCon, s.r.o.\",\"url\":\"https:\/\/www.menimepriestor.sk\/de\/\",\"logo\":{\"@type\":\"ImageObject\",\"inLanguage\":\"de\",\"@id\":\"https:\/\/www.menimepriestor.sk\/de\/#\/schema\/logo\/image\/\",\"url\":\"https:\/\/www.menimepriestor.sk\/wp-content\/uploads\/2019\/06\/logo.png\",\"contentUrl\":\"https:\/\/www.menimepriestor.sk\/wp-content\/uploads\/2019\/06\/logo.png\",\"width\":572,\"height\":172,\"caption\":\"DryCon, s.r.o.\"},\"image\":{\"@id\":\"https:\/\/www.menimepriestor.sk\/de\/#\/schema\/logo\/image\/\"},\"sameAs\":[\"https:\/\/www.facebook.com\/menimepriestor.sk\",\"https:\/\/www.instagram.com\/menimepriestor\/\"]}]}<\/script>\n<!-- \/ Yoast SEO plugin. -->","yoast_head_json":{"title":"Brandschutzdecken und Trennw\u00e4nde &#8212; DryCon","robots":{"index":"index","follow":"follow","max-snippet":"max-snippet:-1","max-image-preview":"max-image-preview:large","max-video-preview":"max-video-preview:-1"},"canonical":"https:\/\/www.menimepriestor.sk\/de\/fire-protection-ceilings-and-partitions-de\/","og_locale":"de_DE","og_type":"article","og_title":"Brandschutzdecken und Trennw\u00e4nde &#8212; DryCon","og_description":"Brandschutzkonstruktionen, Decken, Trennw\u00e4nde&#8230; m\u00fcssen die Ausbreitung von Feuer und Rauch verhindern und damit einen m\u00f6glichen Brand verringern. Wir verf\u00fcgen \u00fcber einen gro\u00dfen Erfahrungsumfang auf diesem Gebiet und k\u00f6nnen zusammen mit renommierten Anbietern von Materialien f\u00fcr den Brandschutzbau auch die anspruchsvollsten Anforderungen realisieren.","og_url":"https:\/\/www.menimepriestor.sk\/de\/fire-protection-ceilings-and-partitions-de\/","og_site_name":"DryCon","article_publisher":"https:\/\/www.facebook.com\/menimepriestor.sk","article_modified_time":"2019-07-07T15:09:43+00:00","og_image":[{"width":1920,"height":1280,"url":"https:\/\/www.menimepriestor.sk\/wp-content\/uploads\/2019\/07\/P4131625.jpg","type":"image\/jpeg"}],"twitter_card":"summary_large_image","schema":{"@context":"https:\/\/schema.org","@graph":[{"@type":"WebPage","@id":"https:\/\/www.menimepriestor.sk\/de\/fire-protection-ceilings-and-partitions-de\/","url":"https:\/\/www.menimepriestor.sk\/de\/fire-protection-ceilings-and-partitions-de\/","name":"Brandschutzdecken und Trennw\u00e4nde &#8212; DryCon","isPartOf":{"@id":"https:\/\/www.menimepriestor.sk\/de\/#website"},"primaryImageOfPage":{"@id":"https:\/\/www.menimepriestor.sk\/de\/fire-protection-ceilings-and-partitions-de\/#primaryimage"},"image":{"@id":"https:\/\/www.menimepriestor.sk\/de\/fire-protection-ceilings-and-partitions-de\/#primaryimage"},"thumbnailUrl":"https:\/\/www.menimepriestor.sk\/wp-content\/uploads\/2019\/07\/P4131625.jpg","datePublished":"2019-06-02T20:12:29+00:00","dateModified":"2019-07-07T15:09:43+00:00","breadcrumb":{"@id":"https:\/\/www.menimepriestor.sk\/de\/fire-protection-ceilings-and-partitions-de\/#breadcrumb"},"inLanguage":"de","potentialAction":[{"@type":"ReadAction","target":["https:\/\/www.menimepriestor.sk\/de\/fire-protection-ceilings-and-partitions-de\/"]}]},{"@type":"ImageObject","inLanguage":"de","@id":"https:\/\/www.menimepriestor.sk\/de\/fire-protection-ceilings-and-partitions-de\/#primaryimage","url":"https:\/\/www.menimepriestor.sk\/wp-content\/uploads\/2019\/07\/P4131625.jpg","contentUrl":"https:\/\/www.menimepriestor.sk\/wp-content\/uploads\/2019\/07\/P4131625.jpg","width":1600,"height":1067},{"@type":"BreadcrumbList","@id":"https:\/\/www.menimepriestor.sk\/de\/fire-protection-ceilings-and-partitions-de\/#breadcrumb","itemListElement":[{"@type":"ListItem","position":1,"name":"Home","item":"https:\/\/www.menimepriestor.sk\/de\/"},{"@type":"ListItem","position":2,"name":"Brandschutzdecken und Trennw\u00e4nde"}]},{"@type":"WebSite","@id":"https:\/\/www.menimepriestor.sk\/de\/#website","url":"https:\/\/www.menimepriestor.sk\/de\/","name":"DryCon","description":"Men\u00edme priestor na komfortn\u00fd interi\u00e9r","publisher":{"@id":"https:\/\/www.menimepriestor.sk\/de\/#organization"},"potentialAction":[{"@type":"SearchAction","target":{"@type":"EntryPoint","urlTemplate":"https:\/\/www.menimepriestor.sk\/de\/?s={search_term_string}"},"query-input":{"@type":"PropertyValueSpecification","valueRequired":true,"valueName":"search_term_string"}}],"inLanguage":"de"},{"@type":"Organization","@id":"https:\/\/www.menimepriestor.sk\/de\/#organization","name":"DryCon, s.r.o.","url":"https:\/\/www.menimepriestor.sk\/de\/","logo":{"@type":"ImageObject","inLanguage":"de","@id":"https:\/\/www.menimepriestor.sk\/de\/#\/schema\/logo\/image\/","url":"https:\/\/www.menimepriestor.sk\/wp-content\/uploads\/2019\/06\/logo.png","contentUrl":"https:\/\/www.menimepriestor.sk\/wp-content\/uploads\/2019\/06\/logo.png","width":572,"height":172,"caption":"DryCon, s.r.o."},"image":{"@id":"https:\/\/www.menimepriestor.sk\/de\/#\/schema\/logo\/image\/"},"sameAs":["https:\/\/www.facebook.com\/menimepriestor.sk","https:\/\/www.instagram.com\/menimepriestor\/"]}]}},"wpmagazine_modules_lite_featured_media_urls":{"thumbnail":["https:\/\/www.menimepriestor.sk\/wp-content\/uploads\/2019\/07\/P4131625-150x150.jpg",150,150,true],"cvmm-medium":["https:\/\/www.menimepriestor.sk\/wp-content\/uploads\/2019\/07\/P4131625.jpg",300,200,false],"cvmm-medium-plus":["https:\/\/www.menimepriestor.sk\/wp-content\/uploads\/2019\/07\/P4131625.jpg",305,203,false],"cvmm-portrait":["https:\/\/www.menimepriestor.sk\/wp-content\/uploads\/2019\/07\/P4131625.jpg",400,267,false],"cvmm-medium-square":["https:\/\/www.menimepriestor.sk\/wp-content\/uploads\/2019\/07\/P4131625.jpg",600,400,false],"cvmm-large":["https:\/\/www.menimepriestor.sk\/wp-content\/uploads\/2019\/07\/P4131625.jpg",1024,683,false],"cvmm-small":["https:\/\/www.menimepriestor.sk\/wp-content\/uploads\/2019\/07\/P4131625.jpg",130,87,false],"full":["https:\/\/www.menimepriestor.sk\/wp-content\/uploads\/2019\/07\/P4131625.jpg",1600,1067,false]},"categories_names":null,"comments_number":"0","_links":{"self":[{"href":"https:\/\/www.menimepriestor.sk\/de\/wp-json\/wp\/v2\/pages\/1512","targetHints":{"allow":["GET"]}}],"collection":[{"href":"https:\/\/www.menimepriestor.sk\/de\/wp-json\/wp\/v2\/pages"}],"about":[{"href":"https:\/\/www.menimepriestor.sk\/de\/wp-json\/wp\/v2\/types\/page"}],"author":[{"embeddable":true,"href":"https:\/\/www.menimepriestor.sk\/de\/wp-json\/wp\/v2\/users\/1"}],"replies":[{"embeddable":true,"href":"https:\/\/www.menimepriestor.sk\/de\/wp-json\/wp\/v2\/comments?post=1512"}],"version-history":[{"count":0,"href":"https:\/\/www.menimepriestor.sk\/de\/wp-json\/wp\/v2\/pages\/1512\/revisions"}],"wp:featuredmedia":[{"embeddable":true,"href":"https:\/\/www.menimepriestor.sk\/de\/wp-json\/wp\/v2\/media\/2386"}],"wp:attachment":[{"href":"https:\/\/www.menimepriestor.sk\/de\/wp-json\/wp\/v2\/media?parent=1512"}],"curies":[{"name":"wp","href":"https:\/\/api.w.org\/{rel}","templated":true}]}}