{"id":1510,"date":"2019-06-02T22:12:04","date_gmt":"2019-06-02T20:12:04","guid":{"rendered":"https:\/\/www.menimepriestor.sk\/?page_id=1510"},"modified":"2019-07-07T16:57:09","modified_gmt":"2019-07-07T14:57:09","slug":"akustische-decken","status":"publish","type":"page","link":"https:\/\/www.menimepriestor.sk\/de\/akustische-decken\/","title":{"rendered":"Akustische Decken"},"content":{"rendered":"\n<p><strong>Die Akustik<\/strong> spielt eine wichtige Rolle in der Innenarchitektur. <strong>Warum?<\/strong> Eine gute Akustik ist n\u00e4mlich ein wesentlicher Bestandteil des Innenraums, da sie das erforderliche Ma\u00df an Privatsph\u00e4re, Sprachverst\u00e4ndlichkeit und eine hohe Klangqualit\u00e4t gew\u00e4hrleistet und sich auch positiv auf die Gef\u00fchle der Nutzer auswirkt. <\/p>\n\n\n\n<!--more-->\n\n\n\n<p>Der Schalldruckpegel gibt an, wie laut der Raum ist. \u00dcber die akustischen Eigenschaften des Innenraums entscheiden zwei Hauptfaktoren, n\u00e4mlich die <strong>Schallabsorption<\/strong> &#8211; d.h. wie sich der Schall im Raum verh\u00e4lt, wie er reflektiert, bricht, die Nachhallzeit und die <strong>Schalld\u00e4mmung<\/strong> (Luftschall) absorbiert \u2013 d.h. wie sich der Schall im Raum verh\u00e4lt \u2013 d.h. wie viel Schall dringt von einem Raum zum anderen.  <\/p>\n\n\n\n<p>Wir bieten eine Vielfalt an hochwertigen Materialien an zur L\u00f6sung verschiedener akustischer Anforderungen, die neben hervorragenden akustischen Eigenschaften eine interessante Gestaltungsvariabilit\u00e4t bei zeitlosem \u00e4sthetischem Design erm\u00f6glichen. <\/p>\n\n\n\n<p>Arten von Akustikdecken:<\/p>\n","protected":false},"excerpt":{"rendered":"<p>Die Akustik spielt eine wichtige Rolle in der Innenarchitektur. Warum? Eine gute Akustik ist n\u00e4mlich ein wesentlicher Bestandteil des Innenraums, da sie das erforderliche Ma\u00df an Privatsph\u00e4re, Sprachverst\u00e4ndlichkeit und eine hohe Klangqualit\u00e4t gew\u00e4hrleistet und sich auch positiv auf die Gef\u00fchle der Nutzer auswirkt.<\/p>\n","protected":false},"author":1,"featured_media":6401,"parent":0,"menu_order":1,"comment_status":"closed","ping_status":"closed","template":"","meta":{"_editorskit_title_hidden":false,"_editorskit_reading_time":0,"_editorskit_is_block_options_detached":false,"_editorskit_block_options_position":"{}","footnotes":""},"class_list":["post-1510","page","type-page","status-publish","has-post-thumbnail","hentry"],"yoast_head":"<!-- This site is optimized with the Yoast SEO plugin v27.2 - https:\/\/yoast.com\/product\/yoast-seo-wordpress\/ -->\n<title>Akustische Decken &#8212; DryCon<\/title>\n<meta name=\"robots\" content=\"index, follow, max-snippet:-1, max-image-preview:large, max-video-preview:-1\" \/>\n<link rel=\"canonical\" href=\"https:\/\/www.menimepriestor.sk\/de\/akustische-decken\/\" \/>\n<meta property=\"og:locale\" content=\"de_DE\" \/>\n<meta property=\"og:type\" content=\"article\" \/>\n<meta property=\"og:title\" content=\"Akustische Decken &#8212; DryCon\" \/>\n<meta property=\"og:description\" content=\"Die Akustik spielt eine wichtige Rolle in der Innenarchitektur. Warum? Eine gute Akustik ist n\u00e4mlich ein wesentlicher Bestandteil des Innenraums, da sie das erforderliche Ma\u00df an Privatsph\u00e4re, Sprachverst\u00e4ndlichkeit und eine hohe Klangqualit\u00e4t gew\u00e4hrleistet und sich auch positiv auf die Gef\u00fchle der Nutzer auswirkt.\" \/>\n<meta property=\"og:url\" content=\"https:\/\/www.menimepriestor.sk\/de\/akustische-decken\/\" \/>\n<meta property=\"og:site_name\" content=\"DryCon\" \/>\n<meta property=\"article:publisher\" content=\"https:\/\/www.facebook.com\/menimepriestor.sk\" \/>\n<meta property=\"article:modified_time\" content=\"2019-07-07T14:57:09+00:00\" \/>\n<meta property=\"og:image\" content=\"https:\/\/www.menimepriestor.sk\/wp-content\/uploads\/2019\/06\/Menimepriestor-Akusitcke-Monoliticke-16.jpg\" \/>\n\t<meta property=\"og:image:width\" content=\"1920\" \/>\n\t<meta property=\"og:image:height\" content=\"1280\" \/>\n\t<meta property=\"og:image:type\" content=\"image\/jpeg\" \/>\n<meta name=\"twitter:card\" content=\"summary_large_image\" \/>\n<meta name=\"twitter:label1\" content=\"Gesch\u00e4tzte Lesezeit\" \/>\n\t<meta name=\"twitter:data1\" content=\"1\u00a0Minute\" \/>\n<script type=\"application\/ld+json\" class=\"yoast-schema-graph\">{\"@context\":\"https:\/\/schema.org\",\"@graph\":[{\"@type\":\"WebPage\",\"@id\":\"https:\/\/www.menimepriestor.sk\/de\/akustische-decken\/\",\"url\":\"https:\/\/www.menimepriestor.sk\/de\/akustische-decken\/\",\"name\":\"Akustische Decken &#8212; DryCon\",\"isPartOf\":{\"@id\":\"https:\/\/www.menimepriestor.sk\/de\/#website\"},\"primaryImageOfPage\":{\"@id\":\"https:\/\/www.menimepriestor.sk\/de\/akustische-decken\/#primaryimage\"},\"image\":{\"@id\":\"https:\/\/www.menimepriestor.sk\/de\/akustische-decken\/#primaryimage\"},\"thumbnailUrl\":\"https:\/\/www.menimepriestor.sk\/wp-content\/uploads\/2023\/12\/PB149861a.jpg\",\"datePublished\":\"2019-06-02T20:12:04+00:00\",\"dateModified\":\"2019-07-07T14:57:09+00:00\",\"breadcrumb\":{\"@id\":\"https:\/\/www.menimepriestor.sk\/de\/akustische-decken\/#breadcrumb\"},\"inLanguage\":\"de\",\"potentialAction\":[{\"@type\":\"ReadAction\",\"target\":[\"https:\/\/www.menimepriestor.sk\/de\/akustische-decken\/\"]}]},{\"@type\":\"ImageObject\",\"inLanguage\":\"de\",\"@id\":\"https:\/\/www.menimepriestor.sk\/de\/akustische-decken\/#primaryimage\",\"url\":\"https:\/\/www.menimepriestor.sk\/wp-content\/uploads\/2023\/12\/PB149861a.jpg\",\"contentUrl\":\"https:\/\/www.menimepriestor.sk\/wp-content\/uploads\/2023\/12\/PB149861a.jpg\",\"width\":1280,\"height\":720,\"caption\":\"OLYMPUS DIGITAL CAMERA\"},{\"@type\":\"BreadcrumbList\",\"@id\":\"https:\/\/www.menimepriestor.sk\/de\/akustische-decken\/#breadcrumb\",\"itemListElement\":[{\"@type\":\"ListItem\",\"position\":1,\"name\":\"Home\",\"item\":\"https:\/\/www.menimepriestor.sk\/de\/\"},{\"@type\":\"ListItem\",\"position\":2,\"name\":\"Akustische Decken\"}]},{\"@type\":\"WebSite\",\"@id\":\"https:\/\/www.menimepriestor.sk\/de\/#website\",\"url\":\"https:\/\/www.menimepriestor.sk\/de\/\",\"name\":\"DryCon\",\"description\":\"Men\u00edme priestor na komfortn\u00fd interi\u00e9r\",\"publisher\":{\"@id\":\"https:\/\/www.menimepriestor.sk\/de\/#organization\"},\"potentialAction\":[{\"@type\":\"SearchAction\",\"target\":{\"@type\":\"EntryPoint\",\"urlTemplate\":\"https:\/\/www.menimepriestor.sk\/de\/?s={search_term_string}\"},\"query-input\":{\"@type\":\"PropertyValueSpecification\",\"valueRequired\":true,\"valueName\":\"search_term_string\"}}],\"inLanguage\":\"de\"},{\"@type\":\"Organization\",\"@id\":\"https:\/\/www.menimepriestor.sk\/de\/#organization\",\"name\":\"DryCon, s.r.o.\",\"url\":\"https:\/\/www.menimepriestor.sk\/de\/\",\"logo\":{\"@type\":\"ImageObject\",\"inLanguage\":\"de\",\"@id\":\"https:\/\/www.menimepriestor.sk\/de\/#\/schema\/logo\/image\/\",\"url\":\"https:\/\/www.menimepriestor.sk\/wp-content\/uploads\/2019\/06\/logo.png\",\"contentUrl\":\"https:\/\/www.menimepriestor.sk\/wp-content\/uploads\/2019\/06\/logo.png\",\"width\":572,\"height\":172,\"caption\":\"DryCon, s.r.o.\"},\"image\":{\"@id\":\"https:\/\/www.menimepriestor.sk\/de\/#\/schema\/logo\/image\/\"},\"sameAs\":[\"https:\/\/www.facebook.com\/menimepriestor.sk\",\"https:\/\/www.instagram.com\/menimepriestor\/\"]}]}<\/script>\n<!-- \/ Yoast SEO plugin. -->","yoast_head_json":{"title":"Akustische Decken &#8212; DryCon","robots":{"index":"index","follow":"follow","max-snippet":"max-snippet:-1","max-image-preview":"max-image-preview:large","max-video-preview":"max-video-preview:-1"},"canonical":"https:\/\/www.menimepriestor.sk\/de\/akustische-decken\/","og_locale":"de_DE","og_type":"article","og_title":"Akustische Decken &#8212; DryCon","og_description":"Die Akustik spielt eine wichtige Rolle in der Innenarchitektur. Warum? Eine gute Akustik ist n\u00e4mlich ein wesentlicher Bestandteil des Innenraums, da sie das erforderliche Ma\u00df an Privatsph\u00e4re, Sprachverst\u00e4ndlichkeit und eine hohe Klangqualit\u00e4t gew\u00e4hrleistet und sich auch positiv auf die Gef\u00fchle der Nutzer auswirkt.","og_url":"https:\/\/www.menimepriestor.sk\/de\/akustische-decken\/","og_site_name":"DryCon","article_publisher":"https:\/\/www.facebook.com\/menimepriestor.sk","article_modified_time":"2019-07-07T14:57:09+00:00","og_image":[{"width":1920,"height":1280,"url":"https:\/\/www.menimepriestor.sk\/wp-content\/uploads\/2019\/06\/Menimepriestor-Akusitcke-Monoliticke-16.jpg","type":"image\/jpeg"}],"twitter_card":"summary_large_image","twitter_misc":{"Gesch\u00e4tzte Lesezeit":"1\u00a0Minute"},"schema":{"@context":"https:\/\/schema.org","@graph":[{"@type":"WebPage","@id":"https:\/\/www.menimepriestor.sk\/de\/akustische-decken\/","url":"https:\/\/www.menimepriestor.sk\/de\/akustische-decken\/","name":"Akustische Decken &#8212; DryCon","isPartOf":{"@id":"https:\/\/www.menimepriestor.sk\/de\/#website"},"primaryImageOfPage":{"@id":"https:\/\/www.menimepriestor.sk\/de\/akustische-decken\/#primaryimage"},"image":{"@id":"https:\/\/www.menimepriestor.sk\/de\/akustische-decken\/#primaryimage"},"thumbnailUrl":"https:\/\/www.menimepriestor.sk\/wp-content\/uploads\/2023\/12\/PB149861a.jpg","datePublished":"2019-06-02T20:12:04+00:00","dateModified":"2019-07-07T14:57:09+00:00","breadcrumb":{"@id":"https:\/\/www.menimepriestor.sk\/de\/akustische-decken\/#breadcrumb"},"inLanguage":"de","potentialAction":[{"@type":"ReadAction","target":["https:\/\/www.menimepriestor.sk\/de\/akustische-decken\/"]}]},{"@type":"ImageObject","inLanguage":"de","@id":"https:\/\/www.menimepriestor.sk\/de\/akustische-decken\/#primaryimage","url":"https:\/\/www.menimepriestor.sk\/wp-content\/uploads\/2023\/12\/PB149861a.jpg","contentUrl":"https:\/\/www.menimepriestor.sk\/wp-content\/uploads\/2023\/12\/PB149861a.jpg","width":1280,"height":720,"caption":"OLYMPUS DIGITAL CAMERA"},{"@type":"BreadcrumbList","@id":"https:\/\/www.menimepriestor.sk\/de\/akustische-decken\/#breadcrumb","itemListElement":[{"@type":"ListItem","position":1,"name":"Home","item":"https:\/\/www.menimepriestor.sk\/de\/"},{"@type":"ListItem","position":2,"name":"Akustische Decken"}]},{"@type":"WebSite","@id":"https:\/\/www.menimepriestor.sk\/de\/#website","url":"https:\/\/www.menimepriestor.sk\/de\/","name":"DryCon","description":"Men\u00edme priestor na komfortn\u00fd interi\u00e9r","publisher":{"@id":"https:\/\/www.menimepriestor.sk\/de\/#organization"},"potentialAction":[{"@type":"SearchAction","target":{"@type":"EntryPoint","urlTemplate":"https:\/\/www.menimepriestor.sk\/de\/?s={search_term_string}"},"query-input":{"@type":"PropertyValueSpecification","valueRequired":true,"valueName":"search_term_string"}}],"inLanguage":"de"},{"@type":"Organization","@id":"https:\/\/www.menimepriestor.sk\/de\/#organization","name":"DryCon, s.r.o.","url":"https:\/\/www.menimepriestor.sk\/de\/","logo":{"@type":"ImageObject","inLanguage":"de","@id":"https:\/\/www.menimepriestor.sk\/de\/#\/schema\/logo\/image\/","url":"https:\/\/www.menimepriestor.sk\/wp-content\/uploads\/2019\/06\/logo.png","contentUrl":"https:\/\/www.menimepriestor.sk\/wp-content\/uploads\/2019\/06\/logo.png","width":572,"height":172,"caption":"DryCon, s.r.o."},"image":{"@id":"https:\/\/www.menimepriestor.sk\/de\/#\/schema\/logo\/image\/"},"sameAs":["https:\/\/www.facebook.com\/menimepriestor.sk","https:\/\/www.instagram.com\/menimepriestor\/"]}]}},"wpmagazine_modules_lite_featured_media_urls":{"thumbnail":["https:\/\/www.menimepriestor.sk\/wp-content\/uploads\/2023\/12\/PB149861a-150x150.jpg",150,150,true],"cvmm-medium":["https:\/\/www.menimepriestor.sk\/wp-content\/uploads\/2023\/12\/PB149861a.jpg",300,169,false],"cvmm-medium-plus":["https:\/\/www.menimepriestor.sk\/wp-content\/uploads\/2023\/12\/PB149861a.jpg",305,172,false],"cvmm-portrait":["https:\/\/www.menimepriestor.sk\/wp-content\/uploads\/2023\/12\/PB149861a.jpg",400,225,false],"cvmm-medium-square":["https:\/\/www.menimepriestor.sk\/wp-content\/uploads\/2023\/12\/PB149861a.jpg",600,338,false],"cvmm-large":["https:\/\/www.menimepriestor.sk\/wp-content\/uploads\/2023\/12\/PB149861a.jpg",1024,576,false],"cvmm-small":["https:\/\/www.menimepriestor.sk\/wp-content\/uploads\/2023\/12\/PB149861a.jpg",130,73,false],"full":["https:\/\/www.menimepriestor.sk\/wp-content\/uploads\/2023\/12\/PB149861a.jpg",1280,720,false]},"categories_names":null,"comments_number":"0","_links":{"self":[{"href":"https:\/\/www.menimepriestor.sk\/de\/wp-json\/wp\/v2\/pages\/1510","targetHints":{"allow":["GET"]}}],"collection":[{"href":"https:\/\/www.menimepriestor.sk\/de\/wp-json\/wp\/v2\/pages"}],"about":[{"href":"https:\/\/www.menimepriestor.sk\/de\/wp-json\/wp\/v2\/types\/page"}],"author":[{"embeddable":true,"href":"https:\/\/www.menimepriestor.sk\/de\/wp-json\/wp\/v2\/users\/1"}],"replies":[{"embeddable":true,"href":"https:\/\/www.menimepriestor.sk\/de\/wp-json\/wp\/v2\/comments?post=1510"}],"version-history":[{"count":0,"href":"https:\/\/www.menimepriestor.sk\/de\/wp-json\/wp\/v2\/pages\/1510\/revisions"}],"wp:featuredmedia":[{"embeddable":true,"href":"https:\/\/www.menimepriestor.sk\/de\/wp-json\/wp\/v2\/media\/6401"}],"wp:attachment":[{"href":"https:\/\/www.menimepriestor.sk\/de\/wp-json\/wp\/v2\/media?parent=1510"}],"curies":[{"name":"wp","href":"https:\/\/api.w.org\/{rel}","templated":true}]}}