{"id":3781,"date":"2019-07-19T13:21:18","date_gmt":"2019-07-19T11:21:18","guid":{"rendered":"https:\/\/www.menimepriestor.sk\/?page_id=3781"},"modified":"2019-07-23T08:21:41","modified_gmt":"2019-07-23T06:21:41","slug":"sadrokartonove-prefabrikaty","status":"publish","type":"page","link":"https:\/\/www.menimepriestor.sk\/cs\/sadrokartonove-prefabrikaty\/","title":{"rendered":"S\u00e1drokartonov\u00e9 prefabrik\u00e1ty"},"content":{"rendered":"\n<p>S\u00e1drokarton nen\u00ed pro n\u00e1s jen stavebn\u00ed materi\u00e1l, ale hlavn\u011b prost\u0159edek na estetickou a funk\u010dn\u00ed \u00fapravu interi\u00e9r\u016f. Aktivn\u011b s n\u00edm pracujeme ji\u017e od roku 1992. Za ta l\u00e9ta jsme \u00fasp\u011b\u0161n\u011b zrealizovali tis\u00edce b\u011b\u017en\u00fdch, ale p\u0159edev\u0161\u00edm atypick\u00fdch projekt\u016f ze s\u00e1drokartonu.<\/p>\n\n\n\n<!--more-->\n\n\n\n<p>Jako specializovan\u00fd v\u00fdrobce jsme vytvo\u0159ili mno\u017estv\u00ed typov\u00fdch, ale i nestandardn\u00edch s\u00e1drokartonov\u00fdch prvk\u016f, kter\u00e9 za\u010daly ud\u00e1vat nov\u00fd sm\u011br v oblasti such\u00e9 v\u00fdstavby.<\/p>\n\n\n\n<p>Nov\u00e9 obt\u00ed\u017en\u011bj\u0161\u00ed projekty, kter\u00e9 postupn\u011b p\u0159ich\u00e1zely se staly pro n\u00e1s v\u00fdzvami, kter\u00fdm jsme neodolali a pustili se do jejich realizace. U ka\u017ed\u00e9ho projektu jsme z\u00edskali cenn\u00e9 zku\u0161enosti.<\/p>\n\n\n\n<p>Ty n\u00e1s posouvaly a neust\u00e1le posouvaj\u00ed d\u00e1le. St\u00e1le hled\u00e1me nov\u00e9 mo\u017enosti, nov\u00e9 materi\u00e1ly, jako\u017e i nov\u00e9 technologie zpracov\u00e1n\u00ed. Pravideln\u011b investujeme do nejmodern\u011bj\u0161\u00edch technologi\u00ed, kter\u00e9 n\u00e1m umo\u017e\u0148uj\u00ed roz\u0161i\u0159ovat hranice po\u017e\u00edv\u00e1n\u00ed s\u00e1drokartonu.<\/p>\n\n\n\n<p>D\u00edky nim dok\u00e1\u017eeme vyrobit prvky, kter\u00e9 jsme dosud b\u011b\u017en\u00fdmi postupy nedok\u00e1zali vytvo\u0159it. Otev\u0159eli jsme tak dve\u0159e nov\u00fdm \u0159e\u0161en\u00edm, kter\u00e9 krom\u011b hez\u010d\u00edho vzhledu zlep\u0161uj\u00ed nejen kvalitu, ale i rychlost proveden\u00ed. Vznikly tak nov\u00e9 designov\u00e9 \u0159e\u0161en\u00ed s kr\u00e1sn\u011bj\u0161\u00edmi a p\u0159esn\u011bj\u0161\u00edmi detaily.<\/p>\n\n\n\n<p>Sv\u00e9 schopnosti si nenech\u00e1v\u00e1me jen pro sebe, ale nab\u00edz\u00edme je pod<a href=\"http:\/\/www.easyboarddesign.cz\" target=\"_blank\" rel=\"noreferrer noopener\" aria-label=\" vlastn\u00ed zna\u010dkou easyboard\u00ae (otvor\u00ed sa v novej karte)\"> vlastn\u00ed zna\u010dkou easyboard\u00ae<\/a> pro ka\u017ed\u00e9ho, kdo pou\u017e\u00edv\u00e1 p\u0159i sv\u00e9 pr\u00e1ci s\u00e1drokarton. Pravideln\u011b pom\u00e1h\u00e1me nejen mont\u00e9r\u016fm, ale i architekt\u016fm a design\u00e9r\u016fm hledat \u0159e\u0161en\u00ed na efektivn\u00ed mont\u00e1\u017e s\u00e1drokartonu.<\/p>\n\n\n\n<p>Jak zku\u0161en\u00ed v\u00fdrobci zaji\u0161\u0165ujeme n\u00e1vrhy a v\u00fdrobu prefabrik\u00e1t\u016f pro mont\u00e1\u017e s\u00e1drokartonu klient\u016fm po cel\u00e9m \u00fazem\u00ed Slovenska, \u010cesk\u00e9 republiky, ale i Rakouska a N\u011bmecka. Z\u00e1kazn\u00edk\u016fm nab\u00edz\u00edme na m\u00edru vyroben\u00e9 prefabrik\u00e1ty, kter\u00e9 pom\u00e1haj\u00ed realizovat b\u011b\u017en\u00e9 detaily hez\u010d\u00ed, rychlej\u0161\u00ed a p\u0159edev\u0161\u00edm levn\u011bj\u0161\u00ed. P\u0159i pr\u00e1ci se s mont\u00e1\u017e\u00ed nemus\u00ed zdr\u017eovat a u\u0161et\u0159en\u00fd \u010das mohou vyu\u017e\u00edt efektivn\u011bji.<\/p>\n\n\n\n<p>Na\u0161\u00ed silnou str\u00e1nkou je atypick\u00e1 v\u00fdroba na m\u00edru, p\u0159i kter\u00e9 i nejn\u00e1ro\u010dn\u011bj\u0161\u00ed projekty jsou na stavb\u011b realizov\u00e1ny velmi rychle a jednodu\u0161e. Vytvo\u0159en\u00edm takov\u00e9 mo\u017enosti \u0161et\u0159\u00edme na stavb\u011b nejen pen\u00edze, ale i p\u0159isp\u00edv\u00e1me ke zm\u00edr\u0148ov\u00e1n\u00ed nap\u011bt\u00ed a stresu vznikaj\u00edc\u00edho p\u0159i \u010dasto krkolomn\u00fdch term\u00ednech dokon\u010den\u00ed stavebn\u00edch prac\u00ed.<\/p>\n\n\n\n<p>Z\u00e1kladn\u00ed s\u00e1drokartonov\u00e9 prefabrik\u00e1ty easyboard\u00ae si m\u016f\u017ee ka\u017ed\u00fd z\u00e1jemce pohodln\u011b objednat prost\u0159ednictv\u00edm na\u0161ich internetov\u00fdch str\u00e1nek, kter\u00e9 obsahuj\u00ed \u0161irokou nab\u00eddku nejen r\u016fzn\u00fdch s\u00e1drokartonov\u00fdch prefabrik\u00e1t\u016f, ale i dekora\u010dn\u00edch strop\u016f, st\u011bn nebo garn\u00fd\u017e.<\/p>\n\n\n\n<p>Krom\u011b v\u00fdroby poskytujeme odborn\u00e9 poradenstv\u00ed a konzultace p\u0159i n\u00e1vrhu r\u016fzn\u00fdch atypick\u00fdch detail\u016f. Mont\u00e1\u017en\u00edkem s\u00e1drokartonu nekonkuruj\u00ed, ale aktivn\u011b jim pom\u00e1h\u00e1me \u0159e\u0161it jejich ka\u017edodenn\u00ed probl\u00e9my na stavb\u00e1ch ve smyslu na\u0161eho motta \u201eJednodu\u0161e a rychle\u201c.<\/p>\n\n\n\n<p>Dlouholet\u00e9 zku\u0161enosti a pou\u017e\u00edv\u00e1n\u00ed jen kvalitn\u00edch materi\u00e1l\u016f od renomovan\u00fdch v\u00fdrobc\u016f jsou garanc\u00ed vysok\u00e9 kvality n\u00e1mi vyr\u00e1b\u011bn\u00fdch prefabrik\u00e1t\u016f. V\u011b\u0159\u00edme, \u017ee vz\u00e1jemn\u00e1 spolupr\u00e1ce potvrd\u00ed kvalitu na\u0161\u00ed pr\u00e1ce a bude p\u0159\u00ednosem i p\u0159i V\u00e1mi realizovan\u00fdch projektech.<\/p>\n","protected":false},"excerpt":{"rendered":"<p>S\u00e1drokarton nen\u00ed pro n\u00e1s jen stavebn\u00ed materi\u00e1l, ale hlavn\u011b prost\u0159edek na estetickou a funk\u010dn\u00ed \u00fapravu interi\u00e9r\u016f. Aktivn\u011b s n\u00edm pracujeme ji\u017e od roku 1992. Za ta l\u00e9ta jsme \u00fasp\u011b\u0161n\u011b zrealizovali tis\u00edce b\u011b\u017en\u00fdch, ale p\u0159edev\u0161\u00edm atypick\u00fdch projekt\u016f ze s\u00e1drokartonu.<\/p>\n","protected":false},"author":5,"featured_media":5201,"parent":0,"menu_order":16,"comment_status":"closed","ping_status":"closed","template":"page-blank.php","meta":{"_editorskit_title_hidden":false,"_editorskit_reading_time":0,"_editorskit_is_block_options_detached":false,"_editorskit_block_options_position":"{}","footnotes":""},"class_list":["post-3781","page","type-page","status-publish","has-post-thumbnail","hentry"],"yoast_head":"<!-- This site is optimized with the Yoast SEO plugin v27.4 - https:\/\/yoast.com\/product\/yoast-seo-wordpress\/ -->\n<title>S\u00e1drokartonov\u00e9 prefabrik\u00e1ty &#8212; menimeprostor.cz<\/title>\n<meta name=\"robots\" content=\"index, follow, max-snippet:-1, max-image-preview:large, max-video-preview:-1\" \/>\n<link rel=\"canonical\" href=\"https:\/\/www.menimepriestor.sk\/cs\/sadrokartonove-prefabrikaty\/\" \/>\n<meta property=\"og:locale\" content=\"cs_CZ\" \/>\n<meta property=\"og:type\" content=\"article\" \/>\n<meta property=\"og:title\" content=\"S\u00e1drokartonov\u00e9 prefabrik\u00e1ty &#8212; menimeprostor.cz\" \/>\n<meta property=\"og:description\" content=\"S\u00e1drokarton nen\u00ed pro n\u00e1s jen stavebn\u00ed materi\u00e1l, ale hlavn\u011b prost\u0159edek na estetickou a funk\u010dn\u00ed \u00fapravu interi\u00e9r\u016f. Aktivn\u011b s n\u00edm pracujeme ji\u017e od roku 1992. Za ta l\u00e9ta jsme \u00fasp\u011b\u0161n\u011b zrealizovali tis\u00edce b\u011b\u017en\u00fdch, ale p\u0159edev\u0161\u00edm atypick\u00fdch projekt\u016f ze s\u00e1drokartonu.\" \/>\n<meta property=\"og:url\" content=\"https:\/\/www.menimepriestor.sk\/cs\/sadrokartonove-prefabrikaty\/\" \/>\n<meta property=\"og:site_name\" content=\"menimeprostor.cz\" \/>\n<meta property=\"article:publisher\" content=\"https:\/\/www.facebook.com\/menimepriestor.sk\" \/>\n<meta property=\"article:modified_time\" content=\"2019-07-23T06:21:41+00:00\" \/>\n<meta property=\"og:image\" content=\"https:\/\/www.menimepriestor.sk\/wp-content\/uploads\/2021\/11\/20200707_123115.jpg\" \/>\n\t<meta property=\"og:image:width\" content=\"2048\" \/>\n\t<meta property=\"og:image:height\" content=\"992\" \/>\n\t<meta property=\"og:image:type\" content=\"image\/jpeg\" \/>\n<meta name=\"twitter:card\" content=\"summary_large_image\" \/>\n<meta name=\"twitter:label1\" content=\"Odhadovan\u00e1 doba \u010dten\u00ed\" \/>\n\t<meta name=\"twitter:data1\" content=\"3 minuty\" \/>\n<script type=\"application\/ld+json\" class=\"yoast-schema-graph\">{\"@context\":\"https:\\\/\\\/schema.org\",\"@graph\":[{\"@type\":\"WebPage\",\"@id\":\"https:\\\/\\\/www.menimepriestor.sk\\\/cs\\\/sadrokartonove-prefabrikaty\\\/\",\"url\":\"https:\\\/\\\/www.menimepriestor.sk\\\/cs\\\/sadrokartonove-prefabrikaty\\\/\",\"name\":\"S\u00e1drokartonov\u00e9 prefabrik\u00e1ty &#8212; menimeprostor.cz\",\"isPartOf\":{\"@id\":\"https:\\\/\\\/www.menimepriestor.sk\\\/cs\\\/#website\"},\"primaryImageOfPage\":{\"@id\":\"https:\\\/\\\/www.menimepriestor.sk\\\/cs\\\/sadrokartonove-prefabrikaty\\\/#primaryimage\"},\"image\":{\"@id\":\"https:\\\/\\\/www.menimepriestor.sk\\\/cs\\\/sadrokartonove-prefabrikaty\\\/#primaryimage\"},\"thumbnailUrl\":\"https:\\\/\\\/www.menimepriestor.sk\\\/wp-content\\\/uploads\\\/2021\\\/11\\\/20200707_123115.jpg\",\"datePublished\":\"2019-07-19T11:21:18+00:00\",\"dateModified\":\"2019-07-23T06:21:41+00:00\",\"breadcrumb\":{\"@id\":\"https:\\\/\\\/www.menimepriestor.sk\\\/cs\\\/sadrokartonove-prefabrikaty\\\/#breadcrumb\"},\"inLanguage\":\"cs\",\"potentialAction\":[{\"@type\":\"ReadAction\",\"target\":[\"https:\\\/\\\/www.menimepriestor.sk\\\/cs\\\/sadrokartonove-prefabrikaty\\\/\"]}]},{\"@type\":\"ImageObject\",\"inLanguage\":\"cs\",\"@id\":\"https:\\\/\\\/www.menimepriestor.sk\\\/cs\\\/sadrokartonove-prefabrikaty\\\/#primaryimage\",\"url\":\"https:\\\/\\\/www.menimepriestor.sk\\\/wp-content\\\/uploads\\\/2021\\\/11\\\/20200707_123115.jpg\",\"contentUrl\":\"https:\\\/\\\/www.menimepriestor.sk\\\/wp-content\\\/uploads\\\/2021\\\/11\\\/20200707_123115.jpg\",\"width\":1600,\"height\":775},{\"@type\":\"BreadcrumbList\",\"@id\":\"https:\\\/\\\/www.menimepriestor.sk\\\/cs\\\/sadrokartonove-prefabrikaty\\\/#breadcrumb\",\"itemListElement\":[{\"@type\":\"ListItem\",\"position\":1,\"name\":\"Home\",\"item\":\"https:\\\/\\\/www.menimepriestor.sk\\\/cs\\\/\"},{\"@type\":\"ListItem\",\"position\":2,\"name\":\"S\u00e1drokartonov\u00e9 prefabrik\u00e1ty\"}]},{\"@type\":\"WebSite\",\"@id\":\"https:\\\/\\\/www.menimepriestor.sk\\\/cs\\\/#website\",\"url\":\"https:\\\/\\\/www.menimepriestor.sk\\\/cs\\\/\",\"name\":\"menimeprostor.cz\",\"description\":\"Kr\u00e1sa oh\u00fdban\u00e9ho s\u00e1drokartonu\",\"publisher\":{\"@id\":\"https:\\\/\\\/www.menimepriestor.sk\\\/cs\\\/#organization\"},\"potentialAction\":[{\"@type\":\"SearchAction\",\"target\":{\"@type\":\"EntryPoint\",\"urlTemplate\":\"https:\\\/\\\/www.menimepriestor.sk\\\/cs\\\/?s={search_term_string}\"},\"query-input\":{\"@type\":\"PropertyValueSpecification\",\"valueRequired\":true,\"valueName\":\"search_term_string\"}}],\"inLanguage\":\"cs\"},{\"@type\":\"Organization\",\"@id\":\"https:\\\/\\\/www.menimepriestor.sk\\\/cs\\\/#organization\",\"name\":\"DryCon, s.r.o.\",\"url\":\"https:\\\/\\\/www.menimepriestor.sk\\\/cs\\\/\",\"logo\":{\"@type\":\"ImageObject\",\"inLanguage\":\"cs\",\"@id\":\"https:\\\/\\\/www.menimepriestor.sk\\\/cs\\\/#\\\/schema\\\/logo\\\/image\\\/\",\"url\":\"https:\\\/\\\/www.menimepriestor.sk\\\/wp-content\\\/uploads\\\/2019\\\/06\\\/logo.png\",\"contentUrl\":\"https:\\\/\\\/www.menimepriestor.sk\\\/wp-content\\\/uploads\\\/2019\\\/06\\\/logo.png\",\"width\":572,\"height\":172,\"caption\":\"DryCon, s.r.o.\"},\"image\":{\"@id\":\"https:\\\/\\\/www.menimepriestor.sk\\\/cs\\\/#\\\/schema\\\/logo\\\/image\\\/\"},\"sameAs\":[\"https:\\\/\\\/www.facebook.com\\\/menimepriestor.sk\",\"https:\\\/\\\/www.instagram.com\\\/menimepriestor\\\/\"]}]}<\/script>\n<!-- \/ Yoast SEO plugin. -->","yoast_head_json":{"title":"S\u00e1drokartonov\u00e9 prefabrik\u00e1ty &#8212; menimeprostor.cz","robots":{"index":"index","follow":"follow","max-snippet":"max-snippet:-1","max-image-preview":"max-image-preview:large","max-video-preview":"max-video-preview:-1"},"canonical":"https:\/\/www.menimepriestor.sk\/cs\/sadrokartonove-prefabrikaty\/","og_locale":"cs_CZ","og_type":"article","og_title":"S\u00e1drokartonov\u00e9 prefabrik\u00e1ty &#8212; menimeprostor.cz","og_description":"S\u00e1drokarton nen\u00ed pro n\u00e1s jen stavebn\u00ed materi\u00e1l, ale hlavn\u011b prost\u0159edek na estetickou a funk\u010dn\u00ed \u00fapravu interi\u00e9r\u016f. Aktivn\u011b s n\u00edm pracujeme ji\u017e od roku 1992. Za ta l\u00e9ta jsme \u00fasp\u011b\u0161n\u011b zrealizovali tis\u00edce b\u011b\u017en\u00fdch, ale p\u0159edev\u0161\u00edm atypick\u00fdch projekt\u016f ze s\u00e1drokartonu.","og_url":"https:\/\/www.menimepriestor.sk\/cs\/sadrokartonove-prefabrikaty\/","og_site_name":"menimeprostor.cz","article_publisher":"https:\/\/www.facebook.com\/menimepriestor.sk","article_modified_time":"2019-07-23T06:21:41+00:00","og_image":[{"width":2048,"height":992,"url":"https:\/\/www.menimepriestor.sk\/wp-content\/uploads\/2021\/11\/20200707_123115.jpg","type":"image\/jpeg"}],"twitter_card":"summary_large_image","twitter_misc":{"Odhadovan\u00e1 doba \u010dten\u00ed":"3 minuty"},"schema":{"@context":"https:\/\/schema.org","@graph":[{"@type":"WebPage","@id":"https:\/\/www.menimepriestor.sk\/cs\/sadrokartonove-prefabrikaty\/","url":"https:\/\/www.menimepriestor.sk\/cs\/sadrokartonove-prefabrikaty\/","name":"S\u00e1drokartonov\u00e9 prefabrik\u00e1ty &#8212; menimeprostor.cz","isPartOf":{"@id":"https:\/\/www.menimepriestor.sk\/cs\/#website"},"primaryImageOfPage":{"@id":"https:\/\/www.menimepriestor.sk\/cs\/sadrokartonove-prefabrikaty\/#primaryimage"},"image":{"@id":"https:\/\/www.menimepriestor.sk\/cs\/sadrokartonove-prefabrikaty\/#primaryimage"},"thumbnailUrl":"https:\/\/www.menimepriestor.sk\/wp-content\/uploads\/2021\/11\/20200707_123115.jpg","datePublished":"2019-07-19T11:21:18+00:00","dateModified":"2019-07-23T06:21:41+00:00","breadcrumb":{"@id":"https:\/\/www.menimepriestor.sk\/cs\/sadrokartonove-prefabrikaty\/#breadcrumb"},"inLanguage":"cs","potentialAction":[{"@type":"ReadAction","target":["https:\/\/www.menimepriestor.sk\/cs\/sadrokartonove-prefabrikaty\/"]}]},{"@type":"ImageObject","inLanguage":"cs","@id":"https:\/\/www.menimepriestor.sk\/cs\/sadrokartonove-prefabrikaty\/#primaryimage","url":"https:\/\/www.menimepriestor.sk\/wp-content\/uploads\/2021\/11\/20200707_123115.jpg","contentUrl":"https:\/\/www.menimepriestor.sk\/wp-content\/uploads\/2021\/11\/20200707_123115.jpg","width":1600,"height":775},{"@type":"BreadcrumbList","@id":"https:\/\/www.menimepriestor.sk\/cs\/sadrokartonove-prefabrikaty\/#breadcrumb","itemListElement":[{"@type":"ListItem","position":1,"name":"Home","item":"https:\/\/www.menimepriestor.sk\/cs\/"},{"@type":"ListItem","position":2,"name":"S\u00e1drokartonov\u00e9 prefabrik\u00e1ty"}]},{"@type":"WebSite","@id":"https:\/\/www.menimepriestor.sk\/cs\/#website","url":"https:\/\/www.menimepriestor.sk\/cs\/","name":"menimeprostor.cz","description":"Kr\u00e1sa oh\u00fdban\u00e9ho s\u00e1drokartonu","publisher":{"@id":"https:\/\/www.menimepriestor.sk\/cs\/#organization"},"potentialAction":[{"@type":"SearchAction","target":{"@type":"EntryPoint","urlTemplate":"https:\/\/www.menimepriestor.sk\/cs\/?s={search_term_string}"},"query-input":{"@type":"PropertyValueSpecification","valueRequired":true,"valueName":"search_term_string"}}],"inLanguage":"cs"},{"@type":"Organization","@id":"https:\/\/www.menimepriestor.sk\/cs\/#organization","name":"DryCon, s.r.o.","url":"https:\/\/www.menimepriestor.sk\/cs\/","logo":{"@type":"ImageObject","inLanguage":"cs","@id":"https:\/\/www.menimepriestor.sk\/cs\/#\/schema\/logo\/image\/","url":"https:\/\/www.menimepriestor.sk\/wp-content\/uploads\/2019\/06\/logo.png","contentUrl":"https:\/\/www.menimepriestor.sk\/wp-content\/uploads\/2019\/06\/logo.png","width":572,"height":172,"caption":"DryCon, s.r.o."},"image":{"@id":"https:\/\/www.menimepriestor.sk\/cs\/#\/schema\/logo\/image\/"},"sameAs":["https:\/\/www.facebook.com\/menimepriestor.sk","https:\/\/www.instagram.com\/menimepriestor\/"]}]}},"wpmagazine_modules_lite_featured_media_urls":{"thumbnail":["https:\/\/www.menimepriestor.sk\/wp-content\/uploads\/2021\/11\/20200707_123115-150x150.jpg",150,150,true],"cvmm-medium":["https:\/\/www.menimepriestor.sk\/wp-content\/uploads\/2021\/11\/20200707_123115.jpg",300,145,false],"cvmm-medium-plus":["https:\/\/www.menimepriestor.sk\/wp-content\/uploads\/2021\/11\/20200707_123115.jpg",305,148,false],"cvmm-portrait":["https:\/\/www.menimepriestor.sk\/wp-content\/uploads\/2021\/11\/20200707_123115.jpg",400,194,false],"cvmm-medium-square":["https:\/\/www.menimepriestor.sk\/wp-content\/uploads\/2021\/11\/20200707_123115.jpg",600,291,false],"cvmm-large":["https:\/\/www.menimepriestor.sk\/wp-content\/uploads\/2021\/11\/20200707_123115.jpg",1024,496,false],"cvmm-small":["https:\/\/www.menimepriestor.sk\/wp-content\/uploads\/2021\/11\/20200707_123115.jpg",130,63,false],"full":["https:\/\/www.menimepriestor.sk\/wp-content\/uploads\/2021\/11\/20200707_123115.jpg",1600,775,false]},"categories_names":null,"comments_number":"0","_links":{"self":[{"href":"https:\/\/www.menimepriestor.sk\/cs\/wp-json\/wp\/v2\/pages\/3781","targetHints":{"allow":["GET"]}}],"collection":[{"href":"https:\/\/www.menimepriestor.sk\/cs\/wp-json\/wp\/v2\/pages"}],"about":[{"href":"https:\/\/www.menimepriestor.sk\/cs\/wp-json\/wp\/v2\/types\/page"}],"author":[{"embeddable":true,"href":"https:\/\/www.menimepriestor.sk\/cs\/wp-json\/wp\/v2\/users\/5"}],"replies":[{"embeddable":true,"href":"https:\/\/www.menimepriestor.sk\/cs\/wp-json\/wp\/v2\/comments?post=3781"}],"version-history":[{"count":0,"href":"https:\/\/www.menimepriestor.sk\/cs\/wp-json\/wp\/v2\/pages\/3781\/revisions"}],"wp:featuredmedia":[{"embeddable":true,"href":"https:\/\/www.menimepriestor.sk\/cs\/wp-json\/wp\/v2\/media\/5201"}],"wp:attachment":[{"href":"https:\/\/www.menimepriestor.sk\/cs\/wp-json\/wp\/v2\/media?parent=3781"}],"curies":[{"name":"wp","href":"https:\/\/api.w.org\/{rel}","templated":true}]}}