{"id":2565,"date":"2019-07-01T15:47:25","date_gmt":"2019-07-01T13:47:25","guid":{"rendered":"https:\/\/www.menimepriestor.sk\/?page_id=2565"},"modified":"2019-07-01T15:47:27","modified_gmt":"2019-07-01T13:47:27","slug":"specialni-stropy-a-steny-s-ochranou-pred-rontgenovym-zarenim","status":"publish","type":"page","link":"https:\/\/www.menimepriestor.sk\/cs\/specialni-stropy-a-steny\/specialni-stropy-a-steny-s-ochranou-pred-rontgenovym-zarenim\/","title":{"rendered":"Speci\u00e1ln\u00ed stropy a st\u011bny s ochranou p\u0159ed r\u00f6ntgenov\u00fdm z\u00e1\u0159en\u00edm"},"content":{"rendered":"","protected":false},"excerpt":{"rendered":"","protected":false},"author":2,"featured_media":1965,"parent":1483,"menu_order":0,"comment_status":"closed","ping_status":"closed","template":"page-blank.php","meta":{"_editorskit_title_hidden":false,"_editorskit_reading_time":0,"_editorskit_is_block_options_detached":false,"_editorskit_block_options_position":"{}","footnotes":""},"class_list":["post-2565","page","type-page","status-publish","has-post-thumbnail","hentry"],"yoast_head":"<!-- This site is optimized with the Yoast SEO plugin v27.2 - https:\/\/yoast.com\/product\/yoast-seo-wordpress\/ -->\n<title>Speci\u00e1ln\u00ed stropy a st\u011bny s ochranou p\u0159ed r\u00f6ntgenov\u00fdm z\u00e1\u0159en\u00edm &#8212; menimeprostor.cz<\/title>\n<meta name=\"robots\" content=\"index, follow, max-snippet:-1, max-image-preview:large, max-video-preview:-1\" \/>\n<link rel=\"canonical\" href=\"https:\/\/www.menimepriestor.sk\/cs\/specialni-stropy-a-steny\/specialni-stropy-a-steny-s-ochranou-pred-rontgenovym-zarenim\/\" \/>\n<meta property=\"og:locale\" content=\"cs_CZ\" \/>\n<meta property=\"og:type\" content=\"article\" \/>\n<meta property=\"og:title\" content=\"Speci\u00e1ln\u00ed stropy a st\u011bny s ochranou p\u0159ed r\u00f6ntgenov\u00fdm z\u00e1\u0159en\u00edm &#8212; menimeprostor.cz\" \/>\n<meta property=\"og:url\" content=\"https:\/\/www.menimepriestor.sk\/cs\/specialni-stropy-a-steny\/specialni-stropy-a-steny-s-ochranou-pred-rontgenovym-zarenim\/\" \/>\n<meta property=\"og:site_name\" content=\"menimeprostor.cz\" \/>\n<meta property=\"article:publisher\" content=\"https:\/\/www.facebook.com\/menimepriestor.sk\" \/>\n<meta property=\"article:modified_time\" content=\"2019-07-01T13:47:27+00:00\" \/>\n<meta property=\"og:image\" content=\"https:\/\/www.menimepriestor.sk\/wp-content\/uploads\/2019\/06\/Menimepriestor-rontgenproof.jpg\" \/>\n\t<meta property=\"og:image:width\" content=\"1920\" \/>\n\t<meta property=\"og:image:height\" content=\"1280\" \/>\n\t<meta property=\"og:image:type\" content=\"image\/jpeg\" \/>\n<meta name=\"twitter:card\" content=\"summary_large_image\" \/>\n<script type=\"application\/ld+json\" class=\"yoast-schema-graph\">{\"@context\":\"https:\/\/schema.org\",\"@graph\":[{\"@type\":\"WebPage\",\"@id\":\"https:\/\/www.menimepriestor.sk\/cs\/specialni-stropy-a-steny\/specialni-stropy-a-steny-s-ochranou-pred-rontgenovym-zarenim\/\",\"url\":\"https:\/\/www.menimepriestor.sk\/cs\/specialni-stropy-a-steny\/specialni-stropy-a-steny-s-ochranou-pred-rontgenovym-zarenim\/\",\"name\":\"Speci\u00e1ln\u00ed stropy a st\u011bny s ochranou p\u0159ed r\u00f6ntgenov\u00fdm z\u00e1\u0159en\u00edm &#8212; menimeprostor.cz\",\"isPartOf\":{\"@id\":\"https:\/\/www.menimepriestor.sk\/cs\/#website\"},\"primaryImageOfPage\":{\"@id\":\"https:\/\/www.menimepriestor.sk\/cs\/specialni-stropy-a-steny\/specialni-stropy-a-steny-s-ochranou-pred-rontgenovym-zarenim\/#primaryimage\"},\"image\":{\"@id\":\"https:\/\/www.menimepriestor.sk\/cs\/specialni-stropy-a-steny\/specialni-stropy-a-steny-s-ochranou-pred-rontgenovym-zarenim\/#primaryimage\"},\"thumbnailUrl\":\"https:\/\/www.menimepriestor.sk\/wp-content\/uploads\/2019\/06\/Menimepriestor-rontgenproof.jpg\",\"datePublished\":\"2019-07-01T13:47:25+00:00\",\"dateModified\":\"2019-07-01T13:47:27+00:00\",\"breadcrumb\":{\"@id\":\"https:\/\/www.menimepriestor.sk\/cs\/specialni-stropy-a-steny\/specialni-stropy-a-steny-s-ochranou-pred-rontgenovym-zarenim\/#breadcrumb\"},\"inLanguage\":\"cs\",\"potentialAction\":[{\"@type\":\"ReadAction\",\"target\":[\"https:\/\/www.menimepriestor.sk\/cs\/specialni-stropy-a-steny\/specialni-stropy-a-steny-s-ochranou-pred-rontgenovym-zarenim\/\"]}]},{\"@type\":\"ImageObject\",\"inLanguage\":\"cs\",\"@id\":\"https:\/\/www.menimepriestor.sk\/cs\/specialni-stropy-a-steny\/specialni-stropy-a-steny-s-ochranou-pred-rontgenovym-zarenim\/#primaryimage\",\"url\":\"https:\/\/www.menimepriestor.sk\/wp-content\/uploads\/2019\/06\/Menimepriestor-rontgenproof.jpg\",\"contentUrl\":\"https:\/\/www.menimepriestor.sk\/wp-content\/uploads\/2019\/06\/Menimepriestor-rontgenproof.jpg\",\"width\":1600,\"height\":1067},{\"@type\":\"BreadcrumbList\",\"@id\":\"https:\/\/www.menimepriestor.sk\/cs\/specialni-stropy-a-steny\/specialni-stropy-a-steny-s-ochranou-pred-rontgenovym-zarenim\/#breadcrumb\",\"itemListElement\":[{\"@type\":\"ListItem\",\"position\":1,\"name\":\"Home\",\"item\":\"https:\/\/www.menimepriestor.sk\/cs\/\"},{\"@type\":\"ListItem\",\"position\":2,\"name\":\"Speci\u00e1ln\u00ed stropy a st\u011bny\",\"item\":\"https:\/\/www.menimepriestor.sk\/cs\/specialni-stropy-a-steny\/\"},{\"@type\":\"ListItem\",\"position\":3,\"name\":\"Speci\u00e1ln\u00ed stropy a st\u011bny s ochranou p\u0159ed r\u00f6ntgenov\u00fdm z\u00e1\u0159en\u00edm\"}]},{\"@type\":\"WebSite\",\"@id\":\"https:\/\/www.menimepriestor.sk\/cs\/#website\",\"url\":\"https:\/\/www.menimepriestor.sk\/cs\/\",\"name\":\"menimeprostor.cz\",\"description\":\"Kr\u00e1sa oh\u00fdban\u00e9ho s\u00e1drokartonu\",\"publisher\":{\"@id\":\"https:\/\/www.menimepriestor.sk\/cs\/#organization\"},\"potentialAction\":[{\"@type\":\"SearchAction\",\"target\":{\"@type\":\"EntryPoint\",\"urlTemplate\":\"https:\/\/www.menimepriestor.sk\/cs\/?s={search_term_string}\"},\"query-input\":{\"@type\":\"PropertyValueSpecification\",\"valueRequired\":true,\"valueName\":\"search_term_string\"}}],\"inLanguage\":\"cs\"},{\"@type\":\"Organization\",\"@id\":\"https:\/\/www.menimepriestor.sk\/cs\/#organization\",\"name\":\"DryCon, s.r.o.\",\"url\":\"https:\/\/www.menimepriestor.sk\/cs\/\",\"logo\":{\"@type\":\"ImageObject\",\"inLanguage\":\"cs\",\"@id\":\"https:\/\/www.menimepriestor.sk\/cs\/#\/schema\/logo\/image\/\",\"url\":\"https:\/\/www.menimepriestor.sk\/wp-content\/uploads\/2019\/06\/logo.png\",\"contentUrl\":\"https:\/\/www.menimepriestor.sk\/wp-content\/uploads\/2019\/06\/logo.png\",\"width\":572,\"height\":172,\"caption\":\"DryCon, s.r.o.\"},\"image\":{\"@id\":\"https:\/\/www.menimepriestor.sk\/cs\/#\/schema\/logo\/image\/\"},\"sameAs\":[\"https:\/\/www.facebook.com\/menimepriestor.sk\",\"https:\/\/www.instagram.com\/menimepriestor\/\"]}]}<\/script>\n<!-- \/ Yoast SEO plugin. -->","yoast_head_json":{"title":"Speci\u00e1ln\u00ed stropy a st\u011bny s ochranou p\u0159ed r\u00f6ntgenov\u00fdm z\u00e1\u0159en\u00edm &#8212; menimeprostor.cz","robots":{"index":"index","follow":"follow","max-snippet":"max-snippet:-1","max-image-preview":"max-image-preview:large","max-video-preview":"max-video-preview:-1"},"canonical":"https:\/\/www.menimepriestor.sk\/cs\/specialni-stropy-a-steny\/specialni-stropy-a-steny-s-ochranou-pred-rontgenovym-zarenim\/","og_locale":"cs_CZ","og_type":"article","og_title":"Speci\u00e1ln\u00ed stropy a st\u011bny s ochranou p\u0159ed r\u00f6ntgenov\u00fdm z\u00e1\u0159en\u00edm &#8212; menimeprostor.cz","og_url":"https:\/\/www.menimepriestor.sk\/cs\/specialni-stropy-a-steny\/specialni-stropy-a-steny-s-ochranou-pred-rontgenovym-zarenim\/","og_site_name":"menimeprostor.cz","article_publisher":"https:\/\/www.facebook.com\/menimepriestor.sk","article_modified_time":"2019-07-01T13:47:27+00:00","og_image":[{"width":1920,"height":1280,"url":"https:\/\/www.menimepriestor.sk\/wp-content\/uploads\/2019\/06\/Menimepriestor-rontgenproof.jpg","type":"image\/jpeg"}],"twitter_card":"summary_large_image","schema":{"@context":"https:\/\/schema.org","@graph":[{"@type":"WebPage","@id":"https:\/\/www.menimepriestor.sk\/cs\/specialni-stropy-a-steny\/specialni-stropy-a-steny-s-ochranou-pred-rontgenovym-zarenim\/","url":"https:\/\/www.menimepriestor.sk\/cs\/specialni-stropy-a-steny\/specialni-stropy-a-steny-s-ochranou-pred-rontgenovym-zarenim\/","name":"Speci\u00e1ln\u00ed stropy a st\u011bny s ochranou p\u0159ed r\u00f6ntgenov\u00fdm z\u00e1\u0159en\u00edm &#8212; menimeprostor.cz","isPartOf":{"@id":"https:\/\/www.menimepriestor.sk\/cs\/#website"},"primaryImageOfPage":{"@id":"https:\/\/www.menimepriestor.sk\/cs\/specialni-stropy-a-steny\/specialni-stropy-a-steny-s-ochranou-pred-rontgenovym-zarenim\/#primaryimage"},"image":{"@id":"https:\/\/www.menimepriestor.sk\/cs\/specialni-stropy-a-steny\/specialni-stropy-a-steny-s-ochranou-pred-rontgenovym-zarenim\/#primaryimage"},"thumbnailUrl":"https:\/\/www.menimepriestor.sk\/wp-content\/uploads\/2019\/06\/Menimepriestor-rontgenproof.jpg","datePublished":"2019-07-01T13:47:25+00:00","dateModified":"2019-07-01T13:47:27+00:00","breadcrumb":{"@id":"https:\/\/www.menimepriestor.sk\/cs\/specialni-stropy-a-steny\/specialni-stropy-a-steny-s-ochranou-pred-rontgenovym-zarenim\/#breadcrumb"},"inLanguage":"cs","potentialAction":[{"@type":"ReadAction","target":["https:\/\/www.menimepriestor.sk\/cs\/specialni-stropy-a-steny\/specialni-stropy-a-steny-s-ochranou-pred-rontgenovym-zarenim\/"]}]},{"@type":"ImageObject","inLanguage":"cs","@id":"https:\/\/www.menimepriestor.sk\/cs\/specialni-stropy-a-steny\/specialni-stropy-a-steny-s-ochranou-pred-rontgenovym-zarenim\/#primaryimage","url":"https:\/\/www.menimepriestor.sk\/wp-content\/uploads\/2019\/06\/Menimepriestor-rontgenproof.jpg","contentUrl":"https:\/\/www.menimepriestor.sk\/wp-content\/uploads\/2019\/06\/Menimepriestor-rontgenproof.jpg","width":1600,"height":1067},{"@type":"BreadcrumbList","@id":"https:\/\/www.menimepriestor.sk\/cs\/specialni-stropy-a-steny\/specialni-stropy-a-steny-s-ochranou-pred-rontgenovym-zarenim\/#breadcrumb","itemListElement":[{"@type":"ListItem","position":1,"name":"Home","item":"https:\/\/www.menimepriestor.sk\/cs\/"},{"@type":"ListItem","position":2,"name":"Speci\u00e1ln\u00ed stropy a st\u011bny","item":"https:\/\/www.menimepriestor.sk\/cs\/specialni-stropy-a-steny\/"},{"@type":"ListItem","position":3,"name":"Speci\u00e1ln\u00ed stropy a st\u011bny s ochranou p\u0159ed r\u00f6ntgenov\u00fdm z\u00e1\u0159en\u00edm"}]},{"@type":"WebSite","@id":"https:\/\/www.menimepriestor.sk\/cs\/#website","url":"https:\/\/www.menimepriestor.sk\/cs\/","name":"menimeprostor.cz","description":"Kr\u00e1sa oh\u00fdban\u00e9ho s\u00e1drokartonu","publisher":{"@id":"https:\/\/www.menimepriestor.sk\/cs\/#organization"},"potentialAction":[{"@type":"SearchAction","target":{"@type":"EntryPoint","urlTemplate":"https:\/\/www.menimepriestor.sk\/cs\/?s={search_term_string}"},"query-input":{"@type":"PropertyValueSpecification","valueRequired":true,"valueName":"search_term_string"}}],"inLanguage":"cs"},{"@type":"Organization","@id":"https:\/\/www.menimepriestor.sk\/cs\/#organization","name":"DryCon, s.r.o.","url":"https:\/\/www.menimepriestor.sk\/cs\/","logo":{"@type":"ImageObject","inLanguage":"cs","@id":"https:\/\/www.menimepriestor.sk\/cs\/#\/schema\/logo\/image\/","url":"https:\/\/www.menimepriestor.sk\/wp-content\/uploads\/2019\/06\/logo.png","contentUrl":"https:\/\/www.menimepriestor.sk\/wp-content\/uploads\/2019\/06\/logo.png","width":572,"height":172,"caption":"DryCon, s.r.o."},"image":{"@id":"https:\/\/www.menimepriestor.sk\/cs\/#\/schema\/logo\/image\/"},"sameAs":["https:\/\/www.facebook.com\/menimepriestor.sk","https:\/\/www.instagram.com\/menimepriestor\/"]}]}},"wpmagazine_modules_lite_featured_media_urls":{"thumbnail":["https:\/\/www.menimepriestor.sk\/wp-content\/uploads\/2019\/06\/Menimepriestor-rontgenproof-150x150.jpg",150,150,true],"cvmm-medium":["https:\/\/www.menimepriestor.sk\/wp-content\/uploads\/2019\/06\/Menimepriestor-rontgenproof.jpg",300,200,false],"cvmm-medium-plus":["https:\/\/www.menimepriestor.sk\/wp-content\/uploads\/2019\/06\/Menimepriestor-rontgenproof.jpg",305,203,false],"cvmm-portrait":["https:\/\/www.menimepriestor.sk\/wp-content\/uploads\/2019\/06\/Menimepriestor-rontgenproof.jpg",400,267,false],"cvmm-medium-square":["https:\/\/www.menimepriestor.sk\/wp-content\/uploads\/2019\/06\/Menimepriestor-rontgenproof.jpg",600,400,false],"cvmm-large":["https:\/\/www.menimepriestor.sk\/wp-content\/uploads\/2019\/06\/Menimepriestor-rontgenproof.jpg",1024,683,false],"cvmm-small":["https:\/\/www.menimepriestor.sk\/wp-content\/uploads\/2019\/06\/Menimepriestor-rontgenproof.jpg",130,87,false],"full":["https:\/\/www.menimepriestor.sk\/wp-content\/uploads\/2019\/06\/Menimepriestor-rontgenproof.jpg",1600,1067,false]},"categories_names":null,"comments_number":"0","_links":{"self":[{"href":"https:\/\/www.menimepriestor.sk\/cs\/wp-json\/wp\/v2\/pages\/2565","targetHints":{"allow":["GET"]}}],"collection":[{"href":"https:\/\/www.menimepriestor.sk\/cs\/wp-json\/wp\/v2\/pages"}],"about":[{"href":"https:\/\/www.menimepriestor.sk\/cs\/wp-json\/wp\/v2\/types\/page"}],"author":[{"embeddable":true,"href":"https:\/\/www.menimepriestor.sk\/cs\/wp-json\/wp\/v2\/users\/2"}],"replies":[{"embeddable":true,"href":"https:\/\/www.menimepriestor.sk\/cs\/wp-json\/wp\/v2\/comments?post=2565"}],"version-history":[{"count":0,"href":"https:\/\/www.menimepriestor.sk\/cs\/wp-json\/wp\/v2\/pages\/2565\/revisions"}],"up":[{"embeddable":true,"href":"https:\/\/www.menimepriestor.sk\/cs\/wp-json\/wp\/v2\/pages\/1483"}],"wp:featuredmedia":[{"embeddable":true,"href":"https:\/\/www.menimepriestor.sk\/cs\/wp-json\/wp\/v2\/media\/1965"}],"wp:attachment":[{"href":"https:\/\/www.menimepriestor.sk\/cs\/wp-json\/wp\/v2\/media?parent=2565"}],"curies":[{"name":"wp","href":"https:\/\/api.w.org\/{rel}","templated":true}]}}