{"id":2558,"date":"2019-07-01T15:45:29","date_gmt":"2019-07-01T13:45:29","guid":{"rendered":"https:\/\/www.menimepriestor.sk\/?page_id=2558"},"modified":"2019-07-17T21:03:23","modified_gmt":"2019-07-17T19:03:23","slug":"bezpecnostni-stropy-a-steny","status":"publish","type":"page","link":"https:\/\/www.menimepriestor.sk\/cs\/specialni-stropy-a-steny\/bezpecnostni-stropy-a-steny\/","title":{"rendered":"Bezpe\u010dnostn\u00ed stropy a st\u011bny"},"content":{"rendered":"\n<!--more-->\n\n\n\n<ul class=\"wp-block-gallery columns-3 is-cropped wp-block-gallery-1 is-layout-flex wp-block-gallery-is-layout-flex\"><li class=\"blocks-gallery-item\"><figure><img loading=\"lazy\" decoding=\"async\" width=\"1024\" height=\"768\" src=\"https:\/\/www.menimepriestor.sk\/wp-content\/uploads\/2019\/07\/P6051061-1-1024x768.jpg\" alt=\"\" data-id=\"2471\" data-link=\"https:\/\/www.menimepriestor.sk\/specialne-stropy-a-steny\/bezpecnostne-stropy-a-steny\/olympus-digital-camera-80\/#main\" class=\"wp-image-2471\" srcset=\"https:\/\/www.menimepriestor.sk\/wp-content\/uploads\/2019\/07\/P6051061-1-1024x768.jpg 1024w, https:\/\/www.menimepriestor.sk\/wp-content\/uploads\/2019\/07\/P6051061-1-300x225.jpg 300w, https:\/\/www.menimepriestor.sk\/wp-content\/uploads\/2019\/07\/P6051061-1-768x576.jpg 768w, https:\/\/www.menimepriestor.sk\/wp-content\/uploads\/2019\/07\/P6051061-1.jpg 1600w\" sizes=\"auto, (max-width: 1024px) 100vw, 1024px\" \/><\/figure><\/li><li class=\"blocks-gallery-item\"><figure><img loading=\"lazy\" decoding=\"async\" width=\"768\" height=\"1024\" src=\"https:\/\/www.menimepriestor.sk\/wp-content\/uploads\/2019\/07\/P6051066-1-768x1024.jpg\" alt=\"\" data-id=\"2475\" data-link=\"https:\/\/www.menimepriestor.sk\/specialne-stropy-a-steny\/bezpecnostne-stropy-a-steny\/olympus-digital-camera-81\/#main\" class=\"wp-image-2475\" srcset=\"https:\/\/www.menimepriestor.sk\/wp-content\/uploads\/2019\/07\/P6051066-1-768x1024.jpg 768w, https:\/\/www.menimepriestor.sk\/wp-content\/uploads\/2019\/07\/P6051066-1-225x300.jpg 225w, https:\/\/www.menimepriestor.sk\/wp-content\/uploads\/2019\/07\/P6051066-1.jpg 1200w\" sizes=\"auto, (max-width: 768px) 100vw, 768px\" \/><\/figure><\/li><li class=\"blocks-gallery-item\"><figure><img loading=\"lazy\" decoding=\"async\" width=\"768\" height=\"1024\" src=\"https:\/\/www.menimepriestor.sk\/wp-content\/uploads\/2019\/07\/P6051068-768x1024.jpg\" alt=\"\" data-id=\"2479\" data-link=\"https:\/\/www.menimepriestor.sk\/specialne-stropy-a-steny\/bezpecnostne-stropy-a-steny\/olympus-digital-camera-82\/#main\" class=\"wp-image-2479\" srcset=\"https:\/\/www.menimepriestor.sk\/wp-content\/uploads\/2019\/07\/P6051068-768x1024.jpg 768w, https:\/\/www.menimepriestor.sk\/wp-content\/uploads\/2019\/07\/P6051068-225x300.jpg 225w, https:\/\/www.menimepriestor.sk\/wp-content\/uploads\/2019\/07\/P6051068.jpg 1200w\" sizes=\"auto, (max-width: 768px) 100vw, 768px\" \/><\/figure><\/li><\/ul>\n","protected":false},"excerpt":{"rendered":"","protected":false},"author":2,"featured_media":2468,"parent":1483,"menu_order":0,"comment_status":"closed","ping_status":"closed","template":"page-blank.php","meta":{"_editorskit_title_hidden":false,"_editorskit_reading_time":0,"_editorskit_is_block_options_detached":false,"_editorskit_block_options_position":"{}","footnotes":""},"class_list":["post-2558","page","type-page","status-publish","has-post-thumbnail","hentry"],"yoast_head":"<!-- This site is optimized with the Yoast SEO plugin v27.2 - https:\/\/yoast.com\/product\/yoast-seo-wordpress\/ -->\n<title>Bezpe\u010dnostn\u00ed stropy a st\u011bny &#8212; menimeprostor.cz<\/title>\n<meta name=\"robots\" content=\"index, follow, max-snippet:-1, max-image-preview:large, max-video-preview:-1\" \/>\n<link rel=\"canonical\" href=\"https:\/\/www.menimepriestor.sk\/cs\/specialni-stropy-a-steny\/bezpecnostni-stropy-a-steny\/\" \/>\n<meta property=\"og:locale\" content=\"cs_CZ\" \/>\n<meta property=\"og:type\" content=\"article\" \/>\n<meta property=\"og:title\" content=\"Bezpe\u010dnostn\u00ed stropy a st\u011bny &#8212; menimeprostor.cz\" \/>\n<meta property=\"og:url\" content=\"https:\/\/www.menimepriestor.sk\/cs\/specialni-stropy-a-steny\/bezpecnostni-stropy-a-steny\/\" \/>\n<meta property=\"og:site_name\" content=\"menimeprostor.cz\" \/>\n<meta property=\"article:publisher\" content=\"https:\/\/www.facebook.com\/menimepriestor.sk\" \/>\n<meta property=\"article:modified_time\" content=\"2019-07-17T19:03:23+00:00\" \/>\n<meta property=\"og:image\" content=\"https:\/\/www.menimepriestor.sk\/wp-content\/uploads\/2019\/07\/P6051066a.jpg\" \/>\n\t<meta property=\"og:image:width\" content=\"1920\" \/>\n\t<meta property=\"og:image:height\" content=\"1080\" \/>\n\t<meta property=\"og:image:type\" content=\"image\/jpeg\" \/>\n<meta name=\"twitter:card\" content=\"summary_large_image\" \/>\n<script type=\"application\/ld+json\" class=\"yoast-schema-graph\">{\"@context\":\"https:\/\/schema.org\",\"@graph\":[{\"@type\":\"WebPage\",\"@id\":\"https:\/\/www.menimepriestor.sk\/cs\/specialni-stropy-a-steny\/bezpecnostni-stropy-a-steny\/\",\"url\":\"https:\/\/www.menimepriestor.sk\/cs\/specialni-stropy-a-steny\/bezpecnostni-stropy-a-steny\/\",\"name\":\"Bezpe\u010dnostn\u00ed stropy a st\u011bny &#8212; menimeprostor.cz\",\"isPartOf\":{\"@id\":\"https:\/\/www.menimepriestor.sk\/cs\/#website\"},\"primaryImageOfPage\":{\"@id\":\"https:\/\/www.menimepriestor.sk\/cs\/specialni-stropy-a-steny\/bezpecnostni-stropy-a-steny\/#primaryimage\"},\"image\":{\"@id\":\"https:\/\/www.menimepriestor.sk\/cs\/specialni-stropy-a-steny\/bezpecnostni-stropy-a-steny\/#primaryimage\"},\"thumbnailUrl\":\"https:\/\/www.menimepriestor.sk\/wp-content\/uploads\/2019\/07\/P6051066a.jpg\",\"datePublished\":\"2019-07-01T13:45:29+00:00\",\"dateModified\":\"2019-07-17T19:03:23+00:00\",\"breadcrumb\":{\"@id\":\"https:\/\/www.menimepriestor.sk\/cs\/specialni-stropy-a-steny\/bezpecnostni-stropy-a-steny\/#breadcrumb\"},\"inLanguage\":\"cs\",\"potentialAction\":[{\"@type\":\"ReadAction\",\"target\":[\"https:\/\/www.menimepriestor.sk\/cs\/specialni-stropy-a-steny\/bezpecnostni-stropy-a-steny\/\"]}]},{\"@type\":\"ImageObject\",\"inLanguage\":\"cs\",\"@id\":\"https:\/\/www.menimepriestor.sk\/cs\/specialni-stropy-a-steny\/bezpecnostni-stropy-a-steny\/#primaryimage\",\"url\":\"https:\/\/www.menimepriestor.sk\/wp-content\/uploads\/2019\/07\/P6051066a.jpg\",\"contentUrl\":\"https:\/\/www.menimepriestor.sk\/wp-content\/uploads\/2019\/07\/P6051066a.jpg\",\"width\":1600,\"height\":900},{\"@type\":\"BreadcrumbList\",\"@id\":\"https:\/\/www.menimepriestor.sk\/cs\/specialni-stropy-a-steny\/bezpecnostni-stropy-a-steny\/#breadcrumb\",\"itemListElement\":[{\"@type\":\"ListItem\",\"position\":1,\"name\":\"Home\",\"item\":\"https:\/\/www.menimepriestor.sk\/cs\/\"},{\"@type\":\"ListItem\",\"position\":2,\"name\":\"Speci\u00e1ln\u00ed stropy a st\u011bny\",\"item\":\"https:\/\/www.menimepriestor.sk\/cs\/specialni-stropy-a-steny\/\"},{\"@type\":\"ListItem\",\"position\":3,\"name\":\"Bezpe\u010dnostn\u00ed stropy a st\u011bny\"}]},{\"@type\":\"WebSite\",\"@id\":\"https:\/\/www.menimepriestor.sk\/cs\/#website\",\"url\":\"https:\/\/www.menimepriestor.sk\/cs\/\",\"name\":\"menimeprostor.cz\",\"description\":\"Kr\u00e1sa oh\u00fdban\u00e9ho s\u00e1drokartonu\",\"publisher\":{\"@id\":\"https:\/\/www.menimepriestor.sk\/cs\/#organization\"},\"potentialAction\":[{\"@type\":\"SearchAction\",\"target\":{\"@type\":\"EntryPoint\",\"urlTemplate\":\"https:\/\/www.menimepriestor.sk\/cs\/?s={search_term_string}\"},\"query-input\":{\"@type\":\"PropertyValueSpecification\",\"valueRequired\":true,\"valueName\":\"search_term_string\"}}],\"inLanguage\":\"cs\"},{\"@type\":\"Organization\",\"@id\":\"https:\/\/www.menimepriestor.sk\/cs\/#organization\",\"name\":\"DryCon, s.r.o.\",\"url\":\"https:\/\/www.menimepriestor.sk\/cs\/\",\"logo\":{\"@type\":\"ImageObject\",\"inLanguage\":\"cs\",\"@id\":\"https:\/\/www.menimepriestor.sk\/cs\/#\/schema\/logo\/image\/\",\"url\":\"https:\/\/www.menimepriestor.sk\/wp-content\/uploads\/2019\/06\/logo.png\",\"contentUrl\":\"https:\/\/www.menimepriestor.sk\/wp-content\/uploads\/2019\/06\/logo.png\",\"width\":572,\"height\":172,\"caption\":\"DryCon, s.r.o.\"},\"image\":{\"@id\":\"https:\/\/www.menimepriestor.sk\/cs\/#\/schema\/logo\/image\/\"},\"sameAs\":[\"https:\/\/www.facebook.com\/menimepriestor.sk\",\"https:\/\/www.instagram.com\/menimepriestor\/\"]}]}<\/script>\n<!-- \/ Yoast SEO plugin. -->","yoast_head_json":{"title":"Bezpe\u010dnostn\u00ed stropy a st\u011bny &#8212; menimeprostor.cz","robots":{"index":"index","follow":"follow","max-snippet":"max-snippet:-1","max-image-preview":"max-image-preview:large","max-video-preview":"max-video-preview:-1"},"canonical":"https:\/\/www.menimepriestor.sk\/cs\/specialni-stropy-a-steny\/bezpecnostni-stropy-a-steny\/","og_locale":"cs_CZ","og_type":"article","og_title":"Bezpe\u010dnostn\u00ed stropy a st\u011bny &#8212; menimeprostor.cz","og_url":"https:\/\/www.menimepriestor.sk\/cs\/specialni-stropy-a-steny\/bezpecnostni-stropy-a-steny\/","og_site_name":"menimeprostor.cz","article_publisher":"https:\/\/www.facebook.com\/menimepriestor.sk","article_modified_time":"2019-07-17T19:03:23+00:00","og_image":[{"width":1920,"height":1080,"url":"https:\/\/www.menimepriestor.sk\/wp-content\/uploads\/2019\/07\/P6051066a.jpg","type":"image\/jpeg"}],"twitter_card":"summary_large_image","schema":{"@context":"https:\/\/schema.org","@graph":[{"@type":"WebPage","@id":"https:\/\/www.menimepriestor.sk\/cs\/specialni-stropy-a-steny\/bezpecnostni-stropy-a-steny\/","url":"https:\/\/www.menimepriestor.sk\/cs\/specialni-stropy-a-steny\/bezpecnostni-stropy-a-steny\/","name":"Bezpe\u010dnostn\u00ed stropy a st\u011bny &#8212; menimeprostor.cz","isPartOf":{"@id":"https:\/\/www.menimepriestor.sk\/cs\/#website"},"primaryImageOfPage":{"@id":"https:\/\/www.menimepriestor.sk\/cs\/specialni-stropy-a-steny\/bezpecnostni-stropy-a-steny\/#primaryimage"},"image":{"@id":"https:\/\/www.menimepriestor.sk\/cs\/specialni-stropy-a-steny\/bezpecnostni-stropy-a-steny\/#primaryimage"},"thumbnailUrl":"https:\/\/www.menimepriestor.sk\/wp-content\/uploads\/2019\/07\/P6051066a.jpg","datePublished":"2019-07-01T13:45:29+00:00","dateModified":"2019-07-17T19:03:23+00:00","breadcrumb":{"@id":"https:\/\/www.menimepriestor.sk\/cs\/specialni-stropy-a-steny\/bezpecnostni-stropy-a-steny\/#breadcrumb"},"inLanguage":"cs","potentialAction":[{"@type":"ReadAction","target":["https:\/\/www.menimepriestor.sk\/cs\/specialni-stropy-a-steny\/bezpecnostni-stropy-a-steny\/"]}]},{"@type":"ImageObject","inLanguage":"cs","@id":"https:\/\/www.menimepriestor.sk\/cs\/specialni-stropy-a-steny\/bezpecnostni-stropy-a-steny\/#primaryimage","url":"https:\/\/www.menimepriestor.sk\/wp-content\/uploads\/2019\/07\/P6051066a.jpg","contentUrl":"https:\/\/www.menimepriestor.sk\/wp-content\/uploads\/2019\/07\/P6051066a.jpg","width":1600,"height":900},{"@type":"BreadcrumbList","@id":"https:\/\/www.menimepriestor.sk\/cs\/specialni-stropy-a-steny\/bezpecnostni-stropy-a-steny\/#breadcrumb","itemListElement":[{"@type":"ListItem","position":1,"name":"Home","item":"https:\/\/www.menimepriestor.sk\/cs\/"},{"@type":"ListItem","position":2,"name":"Speci\u00e1ln\u00ed stropy a st\u011bny","item":"https:\/\/www.menimepriestor.sk\/cs\/specialni-stropy-a-steny\/"},{"@type":"ListItem","position":3,"name":"Bezpe\u010dnostn\u00ed stropy a st\u011bny"}]},{"@type":"WebSite","@id":"https:\/\/www.menimepriestor.sk\/cs\/#website","url":"https:\/\/www.menimepriestor.sk\/cs\/","name":"menimeprostor.cz","description":"Kr\u00e1sa oh\u00fdban\u00e9ho s\u00e1drokartonu","publisher":{"@id":"https:\/\/www.menimepriestor.sk\/cs\/#organization"},"potentialAction":[{"@type":"SearchAction","target":{"@type":"EntryPoint","urlTemplate":"https:\/\/www.menimepriestor.sk\/cs\/?s={search_term_string}"},"query-input":{"@type":"PropertyValueSpecification","valueRequired":true,"valueName":"search_term_string"}}],"inLanguage":"cs"},{"@type":"Organization","@id":"https:\/\/www.menimepriestor.sk\/cs\/#organization","name":"DryCon, s.r.o.","url":"https:\/\/www.menimepriestor.sk\/cs\/","logo":{"@type":"ImageObject","inLanguage":"cs","@id":"https:\/\/www.menimepriestor.sk\/cs\/#\/schema\/logo\/image\/","url":"https:\/\/www.menimepriestor.sk\/wp-content\/uploads\/2019\/06\/logo.png","contentUrl":"https:\/\/www.menimepriestor.sk\/wp-content\/uploads\/2019\/06\/logo.png","width":572,"height":172,"caption":"DryCon, s.r.o."},"image":{"@id":"https:\/\/www.menimepriestor.sk\/cs\/#\/schema\/logo\/image\/"},"sameAs":["https:\/\/www.facebook.com\/menimepriestor.sk","https:\/\/www.instagram.com\/menimepriestor\/"]}]}},"wpmagazine_modules_lite_featured_media_urls":{"thumbnail":["https:\/\/www.menimepriestor.sk\/wp-content\/uploads\/2019\/07\/P6051066a-150x150.jpg",150,150,true],"cvmm-medium":["https:\/\/www.menimepriestor.sk\/wp-content\/uploads\/2019\/07\/P6051066a.jpg",300,169,false],"cvmm-medium-plus":["https:\/\/www.menimepriestor.sk\/wp-content\/uploads\/2019\/07\/P6051066a.jpg",305,172,false],"cvmm-portrait":["https:\/\/www.menimepriestor.sk\/wp-content\/uploads\/2019\/07\/P6051066a.jpg",400,225,false],"cvmm-medium-square":["https:\/\/www.menimepriestor.sk\/wp-content\/uploads\/2019\/07\/P6051066a.jpg",600,338,false],"cvmm-large":["https:\/\/www.menimepriestor.sk\/wp-content\/uploads\/2019\/07\/P6051066a.jpg",1024,576,false],"cvmm-small":["https:\/\/www.menimepriestor.sk\/wp-content\/uploads\/2019\/07\/P6051066a.jpg",130,73,false],"full":["https:\/\/www.menimepriestor.sk\/wp-content\/uploads\/2019\/07\/P6051066a.jpg",1600,900,false]},"categories_names":null,"comments_number":"0","_links":{"self":[{"href":"https:\/\/www.menimepriestor.sk\/cs\/wp-json\/wp\/v2\/pages\/2558","targetHints":{"allow":["GET"]}}],"collection":[{"href":"https:\/\/www.menimepriestor.sk\/cs\/wp-json\/wp\/v2\/pages"}],"about":[{"href":"https:\/\/www.menimepriestor.sk\/cs\/wp-json\/wp\/v2\/types\/page"}],"author":[{"embeddable":true,"href":"https:\/\/www.menimepriestor.sk\/cs\/wp-json\/wp\/v2\/users\/2"}],"replies":[{"embeddable":true,"href":"https:\/\/www.menimepriestor.sk\/cs\/wp-json\/wp\/v2\/comments?post=2558"}],"version-history":[{"count":0,"href":"https:\/\/www.menimepriestor.sk\/cs\/wp-json\/wp\/v2\/pages\/2558\/revisions"}],"up":[{"embeddable":true,"href":"https:\/\/www.menimepriestor.sk\/cs\/wp-json\/wp\/v2\/pages\/1483"}],"wp:featuredmedia":[{"embeddable":true,"href":"https:\/\/www.menimepriestor.sk\/cs\/wp-json\/wp\/v2\/media\/2468"}],"wp:attachment":[{"href":"https:\/\/www.menimepriestor.sk\/cs\/wp-json\/wp\/v2\/media?parent=2558"}],"curies":[{"name":"wp","href":"https:\/\/api.w.org\/{rel}","templated":true}]}}