{"id":1492,"date":"2019-06-02T22:01:47","date_gmt":"2019-06-02T20:01:47","guid":{"rendered":"https:\/\/www.menimepriestor.sk\/?page_id=1492"},"modified":"2019-07-17T16:54:03","modified_gmt":"2019-07-17T14:54:03","slug":"designove-stropy","status":"publish","type":"page","link":"https:\/\/www.menimepriestor.sk\/cs\/designove-stropy\/","title":{"rendered":"Designov\u00e9 stropy"},"content":{"rendered":"\n<p>Designov\u00e9 stropy jako jsou zapu\u0161t\u011bn\u00e9 nebo podv\u011b\u0161en\u00e9 obloukov\u00e9 stropy s mo\u017enost\u00ed nep\u0159\u00edmeho osv\u011btlen\u00ed jsou vhodn\u00fd dopl\u0148ek ke ka\u017ed\u00e9mu interi\u00e9ru. Nepravideln\u011b zapu\u0161t\u011bn\u00e9 kruhov\u00e9 stropy zase nab\u00edz\u00ed modern\u00ed designov\u00e9 \u0159e\u0161en\u00ed a originalitu.<\/p>\n\n\n\n<!--more-->\n\n\n\n<p>Na\u0161e p\u0159esn\u00e1 strojov\u00e1 technologie v\u00fdroby umo\u017e\u0148uje zabezpe\u010dit obloukov\u00e9 stropy a st\u011bny v r\u016fzn\u00fdch polom\u011brech a zak\u0159iven\u00edch p\u0159esn\u011b podle v\u00e1mi dodan\u00fdch v\u00fdrobn\u00edch v\u00fdkres\u016f. Po mont\u00e1\u017ei a dokon\u010dovac\u00edch pracech dos\u00e1hneme tak \u010dist\u00fd a hladk\u00fd oblouk. M\u00e1me r\u00e1di v\u00fdzvy, a proto se nebr\u00e1nime pustit i do t\u011bch nejn\u00e1ro\u010dn\u011bj\u0161\u00edch projekt\u016f.<\/p>\n","protected":false},"excerpt":{"rendered":"<p>Designov\u00e9 stropy jako jsou zapu\u0161t\u011bn\u00e9 nebo podv\u011b\u0161en\u00e9 obloukov\u00e9 stropy s mo\u017enost\u00ed nep\u0159\u00edmeho osv\u011btlen\u00ed jsou vhodn\u00fd dopl\u0148ek ke ka\u017ed\u00e9mu interi\u00e9ru. Nepravideln\u011b zapu\u0161t\u011bn\u00e9 kruhov\u00e9 stropy zase nab\u00edz\u00ed modern\u00ed designov\u00e9 \u0159e\u0161en\u00ed a originalitu.<\/p>\n","protected":false},"author":1,"featured_media":2388,"parent":0,"menu_order":9,"comment_status":"closed","ping_status":"closed","template":"","meta":{"_editorskit_title_hidden":false,"_editorskit_reading_time":0,"_editorskit_is_block_options_detached":false,"_editorskit_block_options_position":"{}","footnotes":""},"class_list":["post-1492","page","type-page","status-publish","has-post-thumbnail","hentry"],"yoast_head":"<!-- This site is optimized with the Yoast SEO plugin v27.2 - https:\/\/yoast.com\/product\/yoast-seo-wordpress\/ -->\n<title>Designov\u00e9 stropy &#8212; menimeprostor.cz<\/title>\n<meta name=\"robots\" content=\"index, follow, max-snippet:-1, max-image-preview:large, max-video-preview:-1\" \/>\n<link rel=\"canonical\" href=\"https:\/\/www.menimepriestor.sk\/cs\/designove-stropy\/\" \/>\n<meta property=\"og:locale\" content=\"cs_CZ\" \/>\n<meta property=\"og:type\" content=\"article\" \/>\n<meta property=\"og:title\" content=\"Designov\u00e9 stropy &#8212; menimeprostor.cz\" \/>\n<meta property=\"og:description\" content=\"Designov\u00e9 stropy jako jsou zapu\u0161t\u011bn\u00e9 nebo podv\u011b\u0161en\u00e9 obloukov\u00e9 stropy s mo\u017enost\u00ed nep\u0159\u00edmeho osv\u011btlen\u00ed jsou vhodn\u00fd dopl\u0148ek ke ka\u017ed\u00e9mu interi\u00e9ru. Nepravideln\u011b zapu\u0161t\u011bn\u00e9 kruhov\u00e9 stropy zase nab\u00edz\u00ed modern\u00ed designov\u00e9 \u0159e\u0161en\u00ed a originalitu.\" \/>\n<meta property=\"og:url\" content=\"https:\/\/www.menimepriestor.sk\/cs\/designove-stropy\/\" \/>\n<meta property=\"og:site_name\" content=\"menimeprostor.cz\" \/>\n<meta property=\"article:publisher\" content=\"https:\/\/www.facebook.com\/menimepriestor.sk\" \/>\n<meta property=\"article:modified_time\" content=\"2019-07-17T14:54:03+00:00\" \/>\n<meta property=\"og:image\" content=\"https:\/\/www.menimepriestor.sk\/wp-content\/uploads\/2019\/07\/P3MP3434a.jpg\" \/>\n\t<meta property=\"og:image:width\" content=\"1920\" \/>\n\t<meta property=\"og:image:height\" content=\"1280\" \/>\n\t<meta property=\"og:image:type\" content=\"image\/jpeg\" \/>\n<meta name=\"twitter:card\" content=\"summary_large_image\" \/>\n<meta name=\"twitter:label1\" content=\"Odhadovan\u00e1 doba \u010dten\u00ed\" \/>\n\t<meta name=\"twitter:data1\" content=\"1 minuta\" \/>\n<script type=\"application\/ld+json\" class=\"yoast-schema-graph\">{\"@context\":\"https:\/\/schema.org\",\"@graph\":[{\"@type\":\"WebPage\",\"@id\":\"https:\/\/www.menimepriestor.sk\/cs\/designove-stropy\/\",\"url\":\"https:\/\/www.menimepriestor.sk\/cs\/designove-stropy\/\",\"name\":\"Designov\u00e9 stropy &#8212; menimeprostor.cz\",\"isPartOf\":{\"@id\":\"https:\/\/www.menimepriestor.sk\/cs\/#website\"},\"primaryImageOfPage\":{\"@id\":\"https:\/\/www.menimepriestor.sk\/cs\/designove-stropy\/#primaryimage\"},\"image\":{\"@id\":\"https:\/\/www.menimepriestor.sk\/cs\/designove-stropy\/#primaryimage\"},\"thumbnailUrl\":\"https:\/\/www.menimepriestor.sk\/wp-content\/uploads\/2019\/07\/P3MP3434a.jpg\",\"datePublished\":\"2019-06-02T20:01:47+00:00\",\"dateModified\":\"2019-07-17T14:54:03+00:00\",\"breadcrumb\":{\"@id\":\"https:\/\/www.menimepriestor.sk\/cs\/designove-stropy\/#breadcrumb\"},\"inLanguage\":\"cs\",\"potentialAction\":[{\"@type\":\"ReadAction\",\"target\":[\"https:\/\/www.menimepriestor.sk\/cs\/designove-stropy\/\"]}]},{\"@type\":\"ImageObject\",\"inLanguage\":\"cs\",\"@id\":\"https:\/\/www.menimepriestor.sk\/cs\/designove-stropy\/#primaryimage\",\"url\":\"https:\/\/www.menimepriestor.sk\/wp-content\/uploads\/2019\/07\/P3MP3434a.jpg\",\"contentUrl\":\"https:\/\/www.menimepriestor.sk\/wp-content\/uploads\/2019\/07\/P3MP3434a.jpg\",\"width\":1600,\"height\":1067},{\"@type\":\"BreadcrumbList\",\"@id\":\"https:\/\/www.menimepriestor.sk\/cs\/designove-stropy\/#breadcrumb\",\"itemListElement\":[{\"@type\":\"ListItem\",\"position\":1,\"name\":\"Home\",\"item\":\"https:\/\/www.menimepriestor.sk\/cs\/\"},{\"@type\":\"ListItem\",\"position\":2,\"name\":\"Designov\u00e9 stropy\"}]},{\"@type\":\"WebSite\",\"@id\":\"https:\/\/www.menimepriestor.sk\/cs\/#website\",\"url\":\"https:\/\/www.menimepriestor.sk\/cs\/\",\"name\":\"menimeprostor.cz\",\"description\":\"Kr\u00e1sa oh\u00fdban\u00e9ho s\u00e1drokartonu\",\"publisher\":{\"@id\":\"https:\/\/www.menimepriestor.sk\/cs\/#organization\"},\"potentialAction\":[{\"@type\":\"SearchAction\",\"target\":{\"@type\":\"EntryPoint\",\"urlTemplate\":\"https:\/\/www.menimepriestor.sk\/cs\/?s={search_term_string}\"},\"query-input\":{\"@type\":\"PropertyValueSpecification\",\"valueRequired\":true,\"valueName\":\"search_term_string\"}}],\"inLanguage\":\"cs\"},{\"@type\":\"Organization\",\"@id\":\"https:\/\/www.menimepriestor.sk\/cs\/#organization\",\"name\":\"DryCon, s.r.o.\",\"url\":\"https:\/\/www.menimepriestor.sk\/cs\/\",\"logo\":{\"@type\":\"ImageObject\",\"inLanguage\":\"cs\",\"@id\":\"https:\/\/www.menimepriestor.sk\/cs\/#\/schema\/logo\/image\/\",\"url\":\"https:\/\/www.menimepriestor.sk\/wp-content\/uploads\/2019\/06\/logo.png\",\"contentUrl\":\"https:\/\/www.menimepriestor.sk\/wp-content\/uploads\/2019\/06\/logo.png\",\"width\":572,\"height\":172,\"caption\":\"DryCon, s.r.o.\"},\"image\":{\"@id\":\"https:\/\/www.menimepriestor.sk\/cs\/#\/schema\/logo\/image\/\"},\"sameAs\":[\"https:\/\/www.facebook.com\/menimepriestor.sk\",\"https:\/\/www.instagram.com\/menimepriestor\/\"]}]}<\/script>\n<!-- \/ Yoast SEO plugin. -->","yoast_head_json":{"title":"Designov\u00e9 stropy &#8212; menimeprostor.cz","robots":{"index":"index","follow":"follow","max-snippet":"max-snippet:-1","max-image-preview":"max-image-preview:large","max-video-preview":"max-video-preview:-1"},"canonical":"https:\/\/www.menimepriestor.sk\/cs\/designove-stropy\/","og_locale":"cs_CZ","og_type":"article","og_title":"Designov\u00e9 stropy &#8212; menimeprostor.cz","og_description":"Designov\u00e9 stropy jako jsou zapu\u0161t\u011bn\u00e9 nebo podv\u011b\u0161en\u00e9 obloukov\u00e9 stropy s mo\u017enost\u00ed nep\u0159\u00edmeho osv\u011btlen\u00ed jsou vhodn\u00fd dopl\u0148ek ke ka\u017ed\u00e9mu interi\u00e9ru. Nepravideln\u011b zapu\u0161t\u011bn\u00e9 kruhov\u00e9 stropy zase nab\u00edz\u00ed modern\u00ed designov\u00e9 \u0159e\u0161en\u00ed a originalitu.","og_url":"https:\/\/www.menimepriestor.sk\/cs\/designove-stropy\/","og_site_name":"menimeprostor.cz","article_publisher":"https:\/\/www.facebook.com\/menimepriestor.sk","article_modified_time":"2019-07-17T14:54:03+00:00","og_image":[{"width":1920,"height":1280,"url":"https:\/\/www.menimepriestor.sk\/wp-content\/uploads\/2019\/07\/P3MP3434a.jpg","type":"image\/jpeg"}],"twitter_card":"summary_large_image","twitter_misc":{"Odhadovan\u00e1 doba \u010dten\u00ed":"1 minuta"},"schema":{"@context":"https:\/\/schema.org","@graph":[{"@type":"WebPage","@id":"https:\/\/www.menimepriestor.sk\/cs\/designove-stropy\/","url":"https:\/\/www.menimepriestor.sk\/cs\/designove-stropy\/","name":"Designov\u00e9 stropy &#8212; menimeprostor.cz","isPartOf":{"@id":"https:\/\/www.menimepriestor.sk\/cs\/#website"},"primaryImageOfPage":{"@id":"https:\/\/www.menimepriestor.sk\/cs\/designove-stropy\/#primaryimage"},"image":{"@id":"https:\/\/www.menimepriestor.sk\/cs\/designove-stropy\/#primaryimage"},"thumbnailUrl":"https:\/\/www.menimepriestor.sk\/wp-content\/uploads\/2019\/07\/P3MP3434a.jpg","datePublished":"2019-06-02T20:01:47+00:00","dateModified":"2019-07-17T14:54:03+00:00","breadcrumb":{"@id":"https:\/\/www.menimepriestor.sk\/cs\/designove-stropy\/#breadcrumb"},"inLanguage":"cs","potentialAction":[{"@type":"ReadAction","target":["https:\/\/www.menimepriestor.sk\/cs\/designove-stropy\/"]}]},{"@type":"ImageObject","inLanguage":"cs","@id":"https:\/\/www.menimepriestor.sk\/cs\/designove-stropy\/#primaryimage","url":"https:\/\/www.menimepriestor.sk\/wp-content\/uploads\/2019\/07\/P3MP3434a.jpg","contentUrl":"https:\/\/www.menimepriestor.sk\/wp-content\/uploads\/2019\/07\/P3MP3434a.jpg","width":1600,"height":1067},{"@type":"BreadcrumbList","@id":"https:\/\/www.menimepriestor.sk\/cs\/designove-stropy\/#breadcrumb","itemListElement":[{"@type":"ListItem","position":1,"name":"Home","item":"https:\/\/www.menimepriestor.sk\/cs\/"},{"@type":"ListItem","position":2,"name":"Designov\u00e9 stropy"}]},{"@type":"WebSite","@id":"https:\/\/www.menimepriestor.sk\/cs\/#website","url":"https:\/\/www.menimepriestor.sk\/cs\/","name":"menimeprostor.cz","description":"Kr\u00e1sa oh\u00fdban\u00e9ho s\u00e1drokartonu","publisher":{"@id":"https:\/\/www.menimepriestor.sk\/cs\/#organization"},"potentialAction":[{"@type":"SearchAction","target":{"@type":"EntryPoint","urlTemplate":"https:\/\/www.menimepriestor.sk\/cs\/?s={search_term_string}"},"query-input":{"@type":"PropertyValueSpecification","valueRequired":true,"valueName":"search_term_string"}}],"inLanguage":"cs"},{"@type":"Organization","@id":"https:\/\/www.menimepriestor.sk\/cs\/#organization","name":"DryCon, s.r.o.","url":"https:\/\/www.menimepriestor.sk\/cs\/","logo":{"@type":"ImageObject","inLanguage":"cs","@id":"https:\/\/www.menimepriestor.sk\/cs\/#\/schema\/logo\/image\/","url":"https:\/\/www.menimepriestor.sk\/wp-content\/uploads\/2019\/06\/logo.png","contentUrl":"https:\/\/www.menimepriestor.sk\/wp-content\/uploads\/2019\/06\/logo.png","width":572,"height":172,"caption":"DryCon, s.r.o."},"image":{"@id":"https:\/\/www.menimepriestor.sk\/cs\/#\/schema\/logo\/image\/"},"sameAs":["https:\/\/www.facebook.com\/menimepriestor.sk","https:\/\/www.instagram.com\/menimepriestor\/"]}]}},"wpmagazine_modules_lite_featured_media_urls":{"thumbnail":["https:\/\/www.menimepriestor.sk\/wp-content\/uploads\/2019\/07\/P3MP3434a-150x150.jpg",150,150,true],"cvmm-medium":["https:\/\/www.menimepriestor.sk\/wp-content\/uploads\/2019\/07\/P3MP3434a.jpg",300,200,false],"cvmm-medium-plus":["https:\/\/www.menimepriestor.sk\/wp-content\/uploads\/2019\/07\/P3MP3434a.jpg",305,203,false],"cvmm-portrait":["https:\/\/www.menimepriestor.sk\/wp-content\/uploads\/2019\/07\/P3MP3434a.jpg",400,267,false],"cvmm-medium-square":["https:\/\/www.menimepriestor.sk\/wp-content\/uploads\/2019\/07\/P3MP3434a.jpg",600,400,false],"cvmm-large":["https:\/\/www.menimepriestor.sk\/wp-content\/uploads\/2019\/07\/P3MP3434a.jpg",1024,683,false],"cvmm-small":["https:\/\/www.menimepriestor.sk\/wp-content\/uploads\/2019\/07\/P3MP3434a.jpg",130,87,false],"full":["https:\/\/www.menimepriestor.sk\/wp-content\/uploads\/2019\/07\/P3MP3434a.jpg",1600,1067,false]},"categories_names":null,"comments_number":"0","_links":{"self":[{"href":"https:\/\/www.menimepriestor.sk\/cs\/wp-json\/wp\/v2\/pages\/1492","targetHints":{"allow":["GET"]}}],"collection":[{"href":"https:\/\/www.menimepriestor.sk\/cs\/wp-json\/wp\/v2\/pages"}],"about":[{"href":"https:\/\/www.menimepriestor.sk\/cs\/wp-json\/wp\/v2\/types\/page"}],"author":[{"embeddable":true,"href":"https:\/\/www.menimepriestor.sk\/cs\/wp-json\/wp\/v2\/users\/1"}],"replies":[{"embeddable":true,"href":"https:\/\/www.menimepriestor.sk\/cs\/wp-json\/wp\/v2\/comments?post=1492"}],"version-history":[{"count":0,"href":"https:\/\/www.menimepriestor.sk\/cs\/wp-json\/wp\/v2\/pages\/1492\/revisions"}],"wp:featuredmedia":[{"embeddable":true,"href":"https:\/\/www.menimepriestor.sk\/cs\/wp-json\/wp\/v2\/media\/2388"}],"wp:attachment":[{"href":"https:\/\/www.menimepriestor.sk\/cs\/wp-json\/wp\/v2\/media?parent=1492"}],"curies":[{"name":"wp","href":"https:\/\/api.w.org\/{rel}","templated":true}]}}