{"id":1483,"date":"2019-06-02T21:59:20","date_gmt":"2019-06-02T19:59:20","guid":{"rendered":"https:\/\/www.menimepriestor.sk\/?page_id=1483"},"modified":"2019-07-01T15:44:29","modified_gmt":"2019-07-01T13:44:29","slug":"specialni-stropy-a-steny","status":"publish","type":"page","link":"https:\/\/www.menimepriestor.sk\/cs\/specialni-stropy-a-steny\/","title":{"rendered":"Speci\u00e1ln\u00ed stropy a st\u011bny"},"content":{"rendered":"\n<p>Realizace speci\u00e1ln\u00edch strop\u016f a st\u011bn vych\u00e1z\u00ed z atypick\u00fdch po\u017eadavk\u016f na \u0159e\u0161en\u00ed interi\u00e9ru jako jsou nap\u0159\u00edklad wellness centra a baz\u00e9ny, kde je po\u017eadavek na zv\u00fd\u0161enou antikorozn\u00ed odolnost, jako i jin\u00e9 po\u017eadavky, kter\u00e9 nelze pokr\u00fdt b\u011b\u017en\u00fdmi materi\u00e1ly, p\u0159\u00edpadn\u011b postupy realizace.<\/p>\n\n\n\n<!--more-->\n\n\n\n<p>Na druhou stranu poskytuj\u00ed mo\u017enosti zaj\u00edmav\u00fdch modern\u00edch \u0159e\u0161en\u00ed p\u0159i v\u00fdstavb\u011b takov\u00fdch prostor. Na z\u00e1klad\u011b na\u0161ich dlouholet\u00fdch zku\u0161enost\u00ed um\u00edme navrhnout a realizovat r\u016fzn\u00e9 speci\u00e1ln\u00ed atypick\u00e9 stropy a st\u011bny.<\/p>\n\n\n\n<p>M\u00e1me dlouholet\u00e9 zku\u0161enosti s realizac\u00ed r\u016fzn\u00fdch syst\u00e9m\u016f chlazen\u00fdch strop\u016f a \u0159e\u0161en\u00edmi na ochranu p\u0159ed r\u00f6ntgenov\u00fdm z\u00e1\u0159en\u00edm. V p\u0159\u00edpad\u011b pot\u0159eby um\u00edme realizovat dod\u00e1vku a mont\u00e1\u017e bezpe\u010dnostn\u00edch strop\u016f a st\u011bn s r\u016fznou t\u0159\u00eddou ochrany a dolo\u017eit v\u0161echny pot\u0159ebn\u00e9 certifik\u00e1ty.<\/p>\n","protected":false},"excerpt":{"rendered":"<p>Realizace speci\u00e1ln\u00edch strop\u016f a st\u011bn vych\u00e1z\u00ed z atypick\u00fdch po\u017eadavk\u016f na \u0159e\u0161en\u00ed interi\u00e9ru jako jsou nap\u0159\u00edklad wellness centra a baz\u00e9ny, kde je po\u017eadavek na zv\u00fd\u0161enou antikorozn\u00ed odolnost, jako i jin\u00e9 po\u017eadavky, kter\u00e9 nelze pokr\u00fdt b\u011b\u017en\u00fdmi materi\u00e1ly, p\u0159\u00edpadn\u011b postupy realizace.<\/p>\n","protected":false},"author":1,"featured_media":1965,"parent":0,"menu_order":7,"comment_status":"closed","ping_status":"closed","template":"","meta":{"_editorskit_title_hidden":false,"_editorskit_reading_time":0,"_editorskit_is_block_options_detached":false,"_editorskit_block_options_position":"{}","footnotes":""},"class_list":["post-1483","page","type-page","status-publish","has-post-thumbnail","hentry"],"yoast_head":"<!-- This site is optimized with the Yoast SEO plugin v27.2 - https:\/\/yoast.com\/product\/yoast-seo-wordpress\/ -->\n<title>Speci\u00e1ln\u00ed stropy a st\u011bny &#8212; menimeprostor.cz<\/title>\n<meta name=\"robots\" content=\"index, follow, max-snippet:-1, max-image-preview:large, max-video-preview:-1\" \/>\n<link rel=\"canonical\" href=\"https:\/\/www.menimepriestor.sk\/cs\/specialni-stropy-a-steny\/\" \/>\n<meta property=\"og:locale\" content=\"cs_CZ\" \/>\n<meta property=\"og:type\" content=\"article\" \/>\n<meta property=\"og:title\" content=\"Speci\u00e1ln\u00ed stropy a st\u011bny &#8212; menimeprostor.cz\" \/>\n<meta property=\"og:description\" content=\"Realizace speci\u00e1ln\u00edch strop\u016f a st\u011bn vych\u00e1z\u00ed z atypick\u00fdch po\u017eadavk\u016f na \u0159e\u0161en\u00ed interi\u00e9ru jako jsou nap\u0159\u00edklad wellness centra a baz\u00e9ny, kde je po\u017eadavek na zv\u00fd\u0161enou antikorozn\u00ed odolnost, jako i jin\u00e9 po\u017eadavky, kter\u00e9 nelze pokr\u00fdt b\u011b\u017en\u00fdmi materi\u00e1ly, p\u0159\u00edpadn\u011b postupy realizace.\" \/>\n<meta property=\"og:url\" content=\"https:\/\/www.menimepriestor.sk\/cs\/specialni-stropy-a-steny\/\" \/>\n<meta property=\"og:site_name\" content=\"menimeprostor.cz\" \/>\n<meta property=\"article:publisher\" content=\"https:\/\/www.facebook.com\/menimepriestor.sk\" \/>\n<meta property=\"article:modified_time\" content=\"2019-07-01T13:44:29+00:00\" \/>\n<meta property=\"og:image\" content=\"https:\/\/www.menimepriestor.sk\/wp-content\/uploads\/2019\/06\/Menimepriestor-rontgenproof.jpg\" \/>\n\t<meta property=\"og:image:width\" content=\"1920\" \/>\n\t<meta property=\"og:image:height\" content=\"1280\" \/>\n\t<meta property=\"og:image:type\" content=\"image\/jpeg\" \/>\n<meta name=\"twitter:card\" content=\"summary_large_image\" \/>\n<meta name=\"twitter:label1\" content=\"Odhadovan\u00e1 doba \u010dten\u00ed\" \/>\n\t<meta name=\"twitter:data1\" content=\"1 minuta\" \/>\n<script type=\"application\/ld+json\" class=\"yoast-schema-graph\">{\"@context\":\"https:\/\/schema.org\",\"@graph\":[{\"@type\":\"WebPage\",\"@id\":\"https:\/\/www.menimepriestor.sk\/cs\/specialni-stropy-a-steny\/\",\"url\":\"https:\/\/www.menimepriestor.sk\/cs\/specialni-stropy-a-steny\/\",\"name\":\"Speci\u00e1ln\u00ed stropy a st\u011bny &#8212; menimeprostor.cz\",\"isPartOf\":{\"@id\":\"https:\/\/www.menimepriestor.sk\/cs\/#website\"},\"primaryImageOfPage\":{\"@id\":\"https:\/\/www.menimepriestor.sk\/cs\/specialni-stropy-a-steny\/#primaryimage\"},\"image\":{\"@id\":\"https:\/\/www.menimepriestor.sk\/cs\/specialni-stropy-a-steny\/#primaryimage\"},\"thumbnailUrl\":\"https:\/\/www.menimepriestor.sk\/wp-content\/uploads\/2019\/06\/Menimepriestor-rontgenproof.jpg\",\"datePublished\":\"2019-06-02T19:59:20+00:00\",\"dateModified\":\"2019-07-01T13:44:29+00:00\",\"breadcrumb\":{\"@id\":\"https:\/\/www.menimepriestor.sk\/cs\/specialni-stropy-a-steny\/#breadcrumb\"},\"inLanguage\":\"cs\",\"potentialAction\":[{\"@type\":\"ReadAction\",\"target\":[\"https:\/\/www.menimepriestor.sk\/cs\/specialni-stropy-a-steny\/\"]}]},{\"@type\":\"ImageObject\",\"inLanguage\":\"cs\",\"@id\":\"https:\/\/www.menimepriestor.sk\/cs\/specialni-stropy-a-steny\/#primaryimage\",\"url\":\"https:\/\/www.menimepriestor.sk\/wp-content\/uploads\/2019\/06\/Menimepriestor-rontgenproof.jpg\",\"contentUrl\":\"https:\/\/www.menimepriestor.sk\/wp-content\/uploads\/2019\/06\/Menimepriestor-rontgenproof.jpg\",\"width\":1600,\"height\":1067},{\"@type\":\"BreadcrumbList\",\"@id\":\"https:\/\/www.menimepriestor.sk\/cs\/specialni-stropy-a-steny\/#breadcrumb\",\"itemListElement\":[{\"@type\":\"ListItem\",\"position\":1,\"name\":\"Home\",\"item\":\"https:\/\/www.menimepriestor.sk\/cs\/\"},{\"@type\":\"ListItem\",\"position\":2,\"name\":\"Speci\u00e1ln\u00ed stropy a st\u011bny\"}]},{\"@type\":\"WebSite\",\"@id\":\"https:\/\/www.menimepriestor.sk\/cs\/#website\",\"url\":\"https:\/\/www.menimepriestor.sk\/cs\/\",\"name\":\"menimeprostor.cz\",\"description\":\"Kr\u00e1sa oh\u00fdban\u00e9ho s\u00e1drokartonu\",\"publisher\":{\"@id\":\"https:\/\/www.menimepriestor.sk\/cs\/#organization\"},\"potentialAction\":[{\"@type\":\"SearchAction\",\"target\":{\"@type\":\"EntryPoint\",\"urlTemplate\":\"https:\/\/www.menimepriestor.sk\/cs\/?s={search_term_string}\"},\"query-input\":{\"@type\":\"PropertyValueSpecification\",\"valueRequired\":true,\"valueName\":\"search_term_string\"}}],\"inLanguage\":\"cs\"},{\"@type\":\"Organization\",\"@id\":\"https:\/\/www.menimepriestor.sk\/cs\/#organization\",\"name\":\"DryCon, s.r.o.\",\"url\":\"https:\/\/www.menimepriestor.sk\/cs\/\",\"logo\":{\"@type\":\"ImageObject\",\"inLanguage\":\"cs\",\"@id\":\"https:\/\/www.menimepriestor.sk\/cs\/#\/schema\/logo\/image\/\",\"url\":\"https:\/\/www.menimepriestor.sk\/wp-content\/uploads\/2019\/06\/logo.png\",\"contentUrl\":\"https:\/\/www.menimepriestor.sk\/wp-content\/uploads\/2019\/06\/logo.png\",\"width\":572,\"height\":172,\"caption\":\"DryCon, s.r.o.\"},\"image\":{\"@id\":\"https:\/\/www.menimepriestor.sk\/cs\/#\/schema\/logo\/image\/\"},\"sameAs\":[\"https:\/\/www.facebook.com\/menimepriestor.sk\",\"https:\/\/www.instagram.com\/menimepriestor\/\"]}]}<\/script>\n<!-- \/ Yoast SEO plugin. -->","yoast_head_json":{"title":"Speci\u00e1ln\u00ed stropy a st\u011bny &#8212; menimeprostor.cz","robots":{"index":"index","follow":"follow","max-snippet":"max-snippet:-1","max-image-preview":"max-image-preview:large","max-video-preview":"max-video-preview:-1"},"canonical":"https:\/\/www.menimepriestor.sk\/cs\/specialni-stropy-a-steny\/","og_locale":"cs_CZ","og_type":"article","og_title":"Speci\u00e1ln\u00ed stropy a st\u011bny &#8212; menimeprostor.cz","og_description":"Realizace speci\u00e1ln\u00edch strop\u016f a st\u011bn vych\u00e1z\u00ed z atypick\u00fdch po\u017eadavk\u016f na \u0159e\u0161en\u00ed interi\u00e9ru jako jsou nap\u0159\u00edklad wellness centra a baz\u00e9ny, kde je po\u017eadavek na zv\u00fd\u0161enou antikorozn\u00ed odolnost, jako i jin\u00e9 po\u017eadavky, kter\u00e9 nelze pokr\u00fdt b\u011b\u017en\u00fdmi materi\u00e1ly, p\u0159\u00edpadn\u011b postupy realizace.","og_url":"https:\/\/www.menimepriestor.sk\/cs\/specialni-stropy-a-steny\/","og_site_name":"menimeprostor.cz","article_publisher":"https:\/\/www.facebook.com\/menimepriestor.sk","article_modified_time":"2019-07-01T13:44:29+00:00","og_image":[{"width":1920,"height":1280,"url":"https:\/\/www.menimepriestor.sk\/wp-content\/uploads\/2019\/06\/Menimepriestor-rontgenproof.jpg","type":"image\/jpeg"}],"twitter_card":"summary_large_image","twitter_misc":{"Odhadovan\u00e1 doba \u010dten\u00ed":"1 minuta"},"schema":{"@context":"https:\/\/schema.org","@graph":[{"@type":"WebPage","@id":"https:\/\/www.menimepriestor.sk\/cs\/specialni-stropy-a-steny\/","url":"https:\/\/www.menimepriestor.sk\/cs\/specialni-stropy-a-steny\/","name":"Speci\u00e1ln\u00ed stropy a st\u011bny &#8212; menimeprostor.cz","isPartOf":{"@id":"https:\/\/www.menimepriestor.sk\/cs\/#website"},"primaryImageOfPage":{"@id":"https:\/\/www.menimepriestor.sk\/cs\/specialni-stropy-a-steny\/#primaryimage"},"image":{"@id":"https:\/\/www.menimepriestor.sk\/cs\/specialni-stropy-a-steny\/#primaryimage"},"thumbnailUrl":"https:\/\/www.menimepriestor.sk\/wp-content\/uploads\/2019\/06\/Menimepriestor-rontgenproof.jpg","datePublished":"2019-06-02T19:59:20+00:00","dateModified":"2019-07-01T13:44:29+00:00","breadcrumb":{"@id":"https:\/\/www.menimepriestor.sk\/cs\/specialni-stropy-a-steny\/#breadcrumb"},"inLanguage":"cs","potentialAction":[{"@type":"ReadAction","target":["https:\/\/www.menimepriestor.sk\/cs\/specialni-stropy-a-steny\/"]}]},{"@type":"ImageObject","inLanguage":"cs","@id":"https:\/\/www.menimepriestor.sk\/cs\/specialni-stropy-a-steny\/#primaryimage","url":"https:\/\/www.menimepriestor.sk\/wp-content\/uploads\/2019\/06\/Menimepriestor-rontgenproof.jpg","contentUrl":"https:\/\/www.menimepriestor.sk\/wp-content\/uploads\/2019\/06\/Menimepriestor-rontgenproof.jpg","width":1600,"height":1067},{"@type":"BreadcrumbList","@id":"https:\/\/www.menimepriestor.sk\/cs\/specialni-stropy-a-steny\/#breadcrumb","itemListElement":[{"@type":"ListItem","position":1,"name":"Home","item":"https:\/\/www.menimepriestor.sk\/cs\/"},{"@type":"ListItem","position":2,"name":"Speci\u00e1ln\u00ed stropy a st\u011bny"}]},{"@type":"WebSite","@id":"https:\/\/www.menimepriestor.sk\/cs\/#website","url":"https:\/\/www.menimepriestor.sk\/cs\/","name":"menimeprostor.cz","description":"Kr\u00e1sa oh\u00fdban\u00e9ho s\u00e1drokartonu","publisher":{"@id":"https:\/\/www.menimepriestor.sk\/cs\/#organization"},"potentialAction":[{"@type":"SearchAction","target":{"@type":"EntryPoint","urlTemplate":"https:\/\/www.menimepriestor.sk\/cs\/?s={search_term_string}"},"query-input":{"@type":"PropertyValueSpecification","valueRequired":true,"valueName":"search_term_string"}}],"inLanguage":"cs"},{"@type":"Organization","@id":"https:\/\/www.menimepriestor.sk\/cs\/#organization","name":"DryCon, s.r.o.","url":"https:\/\/www.menimepriestor.sk\/cs\/","logo":{"@type":"ImageObject","inLanguage":"cs","@id":"https:\/\/www.menimepriestor.sk\/cs\/#\/schema\/logo\/image\/","url":"https:\/\/www.menimepriestor.sk\/wp-content\/uploads\/2019\/06\/logo.png","contentUrl":"https:\/\/www.menimepriestor.sk\/wp-content\/uploads\/2019\/06\/logo.png","width":572,"height":172,"caption":"DryCon, s.r.o."},"image":{"@id":"https:\/\/www.menimepriestor.sk\/cs\/#\/schema\/logo\/image\/"},"sameAs":["https:\/\/www.facebook.com\/menimepriestor.sk","https:\/\/www.instagram.com\/menimepriestor\/"]}]}},"wpmagazine_modules_lite_featured_media_urls":{"thumbnail":["https:\/\/www.menimepriestor.sk\/wp-content\/uploads\/2019\/06\/Menimepriestor-rontgenproof-150x150.jpg",150,150,true],"cvmm-medium":["https:\/\/www.menimepriestor.sk\/wp-content\/uploads\/2019\/06\/Menimepriestor-rontgenproof.jpg",300,200,false],"cvmm-medium-plus":["https:\/\/www.menimepriestor.sk\/wp-content\/uploads\/2019\/06\/Menimepriestor-rontgenproof.jpg",305,203,false],"cvmm-portrait":["https:\/\/www.menimepriestor.sk\/wp-content\/uploads\/2019\/06\/Menimepriestor-rontgenproof.jpg",400,267,false],"cvmm-medium-square":["https:\/\/www.menimepriestor.sk\/wp-content\/uploads\/2019\/06\/Menimepriestor-rontgenproof.jpg",600,400,false],"cvmm-large":["https:\/\/www.menimepriestor.sk\/wp-content\/uploads\/2019\/06\/Menimepriestor-rontgenproof.jpg",1024,683,false],"cvmm-small":["https:\/\/www.menimepriestor.sk\/wp-content\/uploads\/2019\/06\/Menimepriestor-rontgenproof.jpg",130,87,false],"full":["https:\/\/www.menimepriestor.sk\/wp-content\/uploads\/2019\/06\/Menimepriestor-rontgenproof.jpg",1600,1067,false]},"categories_names":null,"comments_number":"0","_links":{"self":[{"href":"https:\/\/www.menimepriestor.sk\/cs\/wp-json\/wp\/v2\/pages\/1483","targetHints":{"allow":["GET"]}}],"collection":[{"href":"https:\/\/www.menimepriestor.sk\/cs\/wp-json\/wp\/v2\/pages"}],"about":[{"href":"https:\/\/www.menimepriestor.sk\/cs\/wp-json\/wp\/v2\/types\/page"}],"author":[{"embeddable":true,"href":"https:\/\/www.menimepriestor.sk\/cs\/wp-json\/wp\/v2\/users\/1"}],"replies":[{"embeddable":true,"href":"https:\/\/www.menimepriestor.sk\/cs\/wp-json\/wp\/v2\/comments?post=1483"}],"version-history":[{"count":0,"href":"https:\/\/www.menimepriestor.sk\/cs\/wp-json\/wp\/v2\/pages\/1483\/revisions"}],"wp:featuredmedia":[{"embeddable":true,"href":"https:\/\/www.menimepriestor.sk\/cs\/wp-json\/wp\/v2\/media\/1965"}],"wp:attachment":[{"href":"https:\/\/www.menimepriestor.sk\/cs\/wp-json\/wp\/v2\/media?parent=1483"}],"curies":[{"name":"wp","href":"https:\/\/api.w.org\/{rel}","templated":true}]}}