{"id":1481,"date":"2019-06-02T21:58:25","date_gmt":"2019-06-02T19:58:25","guid":{"rendered":"https:\/\/www.menimepriestor.sk\/?page_id=1481"},"modified":"2019-07-01T16:25:56","modified_gmt":"2019-07-01T14:25:56","slug":"protipozarni-stropy-a-pricky","status":"publish","type":"page","link":"https:\/\/www.menimepriestor.sk\/cs\/protipozarni-stropy-a-pricky\/","title":{"rendered":"Protipo\u017e\u00e1rn\u00ed stropy a p\u0159\u00ed\u010dky"},"content":{"rendered":"\n<p>Po\u017e\u00e1rn\u00ed\nd\u011bl\u00edc\u00ed konstrukce, stropy, p\u0159\u00ed\u010dky\u2026 mus\u00ed zamezit \u0161\u00ed\u0159en\u00ed\noh\u0148\u011b a d\u00fdmu a zamezit tak roz\u0161\u00ed\u0159en\u00ed po\u017e\u00e1ru. V t\u00e9to oblasti\nm\u00e1me bohat\u00e9 zku\u0161enosti a spole\u010dn\u011b s renomovan\u00fdmi dodavately\nmateri\u00e1l\u016f ur\u010den\u00fdch na stavbu protipo\u017e\u00e1rn\u00edch konstrukc\u00ed um\u00edme\nrealizovat i ty nejn\u00e1ro\u010dn\u011bj\u0161\u00ed po\u017eadavky. \n<\/p>\n\n\n\n<!--more-->\n\n\n\n<p>Disponujeme pot\u0159ebn\u00fdmi mont\u00e1\u017en\u00edmi\ncertifik\u00e1ty a p\u0159i realizaci pou\u017e\u00edv\u00e1me jen syst\u00e9mov\u00e9 materi\u00e1ly\np\u0159edepsan\u00e9 v\u00fdrobcem tak, aby byly dodr\u017eeny v\u0161echny po\u017e\u00e1rn\u00ed a\nkonstruk\u010dn\u00ed po\u017eadavky. \n<\/p>\n\n\n\n<ul class=\"wp-block-gallery columns-3 is-cropped wp-block-gallery-1 is-layout-flex wp-block-gallery-is-layout-flex\"><li class=\"blocks-gallery-item\"><figure><a href=\"https:\/\/www.menimepriestor.sk\/wp-content\/uploads\/2019\/06\/MenimePriestor_Protipoziarne-3-683x1024.jpg\"><img loading=\"lazy\" decoding=\"async\" width=\"683\" height=\"1024\" src=\"https:\/\/www.menimepriestor.sk\/wp-content\/uploads\/2019\/06\/MenimePriestor_Protipoziarne-3-683x1024.jpg\" alt=\"\" data-id=\"1939\" data-link=\"https:\/\/www.menimepriestor.sk\/protipoziarne-stropy-a-priecky\/menimepriestor_protipoziarne-3\/#main\" class=\"wp-image-1939\" srcset=\"https:\/\/www.menimepriestor.sk\/wp-content\/uploads\/2019\/06\/MenimePriestor_Protipoziarne-3-683x1024.jpg 683w, https:\/\/www.menimepriestor.sk\/wp-content\/uploads\/2019\/06\/MenimePriestor_Protipoziarne-3-200x300.jpg 200w, https:\/\/www.menimepriestor.sk\/wp-content\/uploads\/2019\/06\/MenimePriestor_Protipoziarne-3-768x1152.jpg 768w, https:\/\/www.menimepriestor.sk\/wp-content\/uploads\/2019\/06\/MenimePriestor_Protipoziarne-3.jpg 1067w\" sizes=\"auto, (max-width: 683px) 100vw, 683px\" \/><\/a><\/figure><\/li><li class=\"blocks-gallery-item\"><figure><a href=\"https:\/\/www.menimepriestor.sk\/wp-content\/uploads\/2019\/06\/MenimePriestor_Protipoziarne-5-683x1024.jpg\"><img loading=\"lazy\" decoding=\"async\" width=\"683\" height=\"1024\" src=\"https:\/\/www.menimepriestor.sk\/wp-content\/uploads\/2019\/06\/MenimePriestor_Protipoziarne-5-683x1024.jpg\" alt=\"\" data-id=\"1947\" data-link=\"https:\/\/www.menimepriestor.sk\/protipoziarne-stropy-a-priecky\/menimepriestor_protipoziarne-5\/#main\" class=\"wp-image-1947\" srcset=\"https:\/\/www.menimepriestor.sk\/wp-content\/uploads\/2019\/06\/MenimePriestor_Protipoziarne-5-683x1024.jpg 683w, https:\/\/www.menimepriestor.sk\/wp-content\/uploads\/2019\/06\/MenimePriestor_Protipoziarne-5-200x300.jpg 200w, https:\/\/www.menimepriestor.sk\/wp-content\/uploads\/2019\/06\/MenimePriestor_Protipoziarne-5-768x1152.jpg 768w, https:\/\/www.menimepriestor.sk\/wp-content\/uploads\/2019\/06\/MenimePriestor_Protipoziarne-5.jpg 1067w\" sizes=\"auto, (max-width: 683px) 100vw, 683px\" \/><\/a><\/figure><\/li><li class=\"blocks-gallery-item\"><figure><a href=\"https:\/\/www.menimepriestor.sk\/wp-content\/uploads\/2019\/07\/RD_Lamac19-768x1024.jpg\"><img loading=\"lazy\" decoding=\"async\" width=\"768\" height=\"1024\" src=\"https:\/\/www.menimepriestor.sk\/wp-content\/uploads\/2019\/07\/RD_Lamac19-768x1024.jpg\" alt=\"\" data-id=\"2439\" data-link=\"https:\/\/www.menimepriestor.sk\/protipoziarne-stropy-a-priecky\/olympus-digital-camera-74\/#main\" class=\"wp-image-2439\" srcset=\"https:\/\/www.menimepriestor.sk\/wp-content\/uploads\/2019\/07\/RD_Lamac19-768x1024.jpg 768w, https:\/\/www.menimepriestor.sk\/wp-content\/uploads\/2019\/07\/RD_Lamac19-225x300.jpg 225w, https:\/\/www.menimepriestor.sk\/wp-content\/uploads\/2019\/07\/RD_Lamac19.jpg 1094w\" sizes=\"auto, (max-width: 768px) 100vw, 768px\" \/><\/a><\/figure><\/li><li class=\"blocks-gallery-item\"><figure><a href=\"https:\/\/www.menimepriestor.sk\/wp-content\/uploads\/2019\/07\/P1000998-1024x768.jpg\"><img loading=\"lazy\" decoding=\"async\" width=\"1024\" height=\"768\" src=\"https:\/\/www.menimepriestor.sk\/wp-content\/uploads\/2019\/07\/P1000998-1024x768.jpg\" alt=\"\" data-id=\"2427\" data-link=\"https:\/\/www.menimepriestor.sk\/protipoziarne-stropy-a-priecky\/p1000998\/#main\" class=\"wp-image-2427\" srcset=\"https:\/\/www.menimepriestor.sk\/wp-content\/uploads\/2019\/07\/P1000998-1024x768.jpg 1024w, https:\/\/www.menimepriestor.sk\/wp-content\/uploads\/2019\/07\/P1000998-300x225.jpg 300w, https:\/\/www.menimepriestor.sk\/wp-content\/uploads\/2019\/07\/P1000998-768x576.jpg 768w, https:\/\/www.menimepriestor.sk\/wp-content\/uploads\/2019\/07\/P1000998.jpg 1600w\" sizes=\"auto, (max-width: 1024px) 100vw, 1024px\" \/><\/a><\/figure><\/li><li class=\"blocks-gallery-item\"><figure><a href=\"https:\/\/www.menimepriestor.sk\/wp-content\/uploads\/2019\/07\/P1040515-1024x768.jpg\"><img loading=\"lazy\" decoding=\"async\" width=\"1024\" height=\"768\" src=\"https:\/\/www.menimepriestor.sk\/wp-content\/uploads\/2019\/07\/P1040515-1024x768.jpg\" alt=\"\" data-id=\"2431\" data-link=\"https:\/\/www.menimepriestor.sk\/protipoziarne-stropy-a-priecky\/p1040515\/#main\" class=\"wp-image-2431\" srcset=\"https:\/\/www.menimepriestor.sk\/wp-content\/uploads\/2019\/07\/P1040515-1024x768.jpg 1024w, https:\/\/www.menimepriestor.sk\/wp-content\/uploads\/2019\/07\/P1040515-300x225.jpg 300w, https:\/\/www.menimepriestor.sk\/wp-content\/uploads\/2019\/07\/P1040515-768x576.jpg 768w, https:\/\/www.menimepriestor.sk\/wp-content\/uploads\/2019\/07\/P1040515.jpg 1600w\" sizes=\"auto, (max-width: 1024px) 100vw, 1024px\" \/><\/a><\/figure><\/li><li class=\"blocks-gallery-item\"><figure><a href=\"https:\/\/www.menimepriestor.sk\/wp-content\/uploads\/2019\/07\/Podkrovie01-1024x682.jpg\"><img loading=\"lazy\" decoding=\"async\" width=\"1024\" height=\"682\" src=\"https:\/\/www.menimepriestor.sk\/wp-content\/uploads\/2019\/07\/Podkrovie01-1024x682.jpg\" alt=\"\" data-id=\"2435\" data-link=\"https:\/\/www.menimepriestor.sk\/protipoziarne-stropy-a-priecky\/podkrovie01\/#main\" class=\"wp-image-2435\" srcset=\"https:\/\/www.menimepriestor.sk\/wp-content\/uploads\/2019\/07\/Podkrovie01-1024x682.jpg 1024w, https:\/\/www.menimepriestor.sk\/wp-content\/uploads\/2019\/07\/Podkrovie01-300x200.jpg 300w, https:\/\/www.menimepriestor.sk\/wp-content\/uploads\/2019\/07\/Podkrovie01-768x512.jpg 768w, https:\/\/www.menimepriestor.sk\/wp-content\/uploads\/2019\/07\/Podkrovie01.jpg 1124w\" sizes=\"auto, (max-width: 1024px) 100vw, 1024px\" \/><\/a><\/figure><\/li><li class=\"blocks-gallery-item\"><figure><a href=\"https:\/\/www.menimepriestor.sk\/wp-content\/uploads\/2019\/06\/MenimePriestor_Protipoziarne-1-683x1024.jpg\"><img loading=\"lazy\" decoding=\"async\" width=\"683\" height=\"1024\" src=\"https:\/\/www.menimepriestor.sk\/wp-content\/uploads\/2019\/06\/MenimePriestor_Protipoziarne-1-683x1024.jpg\" alt=\"\" data-id=\"1931\" data-link=\"https:\/\/www.menimepriestor.sk\/protipoziarne-stropy-a-priecky\/olympus-digital-camera-34\/#main\" class=\"wp-image-1931\" srcset=\"https:\/\/www.menimepriestor.sk\/wp-content\/uploads\/2019\/06\/MenimePriestor_Protipoziarne-1-683x1024.jpg 683w, https:\/\/www.menimepriestor.sk\/wp-content\/uploads\/2019\/06\/MenimePriestor_Protipoziarne-1-200x300.jpg 200w, https:\/\/www.menimepriestor.sk\/wp-content\/uploads\/2019\/06\/MenimePriestor_Protipoziarne-1-768x1152.jpg 768w, https:\/\/www.menimepriestor.sk\/wp-content\/uploads\/2019\/06\/MenimePriestor_Protipoziarne-1.jpg 1067w\" sizes=\"auto, (max-width: 683px) 100vw, 683px\" \/><\/a><\/figure><\/li><\/ul>\n","protected":false},"excerpt":{"rendered":"<p>Po\u017e\u00e1rn\u00ed d\u011bl\u00edc\u00ed konstrukce, stropy, p\u0159\u00ed\u010dky\u2026 mus\u00ed zamezit \u0161\u00ed\u0159en\u00ed oh\u0148\u011b a d\u00fdmu a zamezit tak roz\u0161\u00ed\u0159en\u00ed po\u017e\u00e1ru. V t\u00e9to oblasti m\u00e1me bohat\u00e9 zku\u0161enosti a spole\u010dn\u011b s renomovan\u00fdmi dodavately materi\u00e1l\u016f ur\u010den\u00fdch na stavbu protipo\u017e\u00e1rn\u00edch konstrukc\u00ed um\u00edme realizovat i ty nejn\u00e1ro\u010dn\u011bj\u0161\u00ed po\u017eadavky.<\/p>\n","protected":false},"author":1,"featured_media":2384,"parent":0,"menu_order":5,"comment_status":"closed","ping_status":"closed","template":"page-blank.php","meta":{"_editorskit_title_hidden":false,"_editorskit_reading_time":0,"_editorskit_is_block_options_detached":false,"_editorskit_block_options_position":"{}","footnotes":""},"class_list":["post-1481","page","type-page","status-publish","has-post-thumbnail","hentry"],"yoast_head":"<!-- This site is optimized with the Yoast SEO plugin v27.2 - https:\/\/yoast.com\/product\/yoast-seo-wordpress\/ -->\n<title>Protipo\u017e\u00e1rn\u00ed stropy a p\u0159\u00ed\u010dky &#8212; menimeprostor.cz<\/title>\n<meta name=\"robots\" content=\"index, follow, max-snippet:-1, max-image-preview:large, max-video-preview:-1\" \/>\n<link rel=\"canonical\" href=\"https:\/\/www.menimepriestor.sk\/cs\/protipozarni-stropy-a-pricky\/\" \/>\n<meta property=\"og:locale\" content=\"cs_CZ\" \/>\n<meta property=\"og:type\" content=\"article\" \/>\n<meta property=\"og:title\" content=\"Protipo\u017e\u00e1rn\u00ed stropy a p\u0159\u00ed\u010dky &#8212; menimeprostor.cz\" \/>\n<meta property=\"og:description\" content=\"Po\u017e\u00e1rn\u00ed d\u011bl\u00edc\u00ed konstrukce, stropy, p\u0159\u00ed\u010dky\u2026 mus\u00ed zamezit \u0161\u00ed\u0159en\u00ed oh\u0148\u011b a d\u00fdmu a zamezit tak roz\u0161\u00ed\u0159en\u00ed po\u017e\u00e1ru. V t\u00e9to oblasti m\u00e1me bohat\u00e9 zku\u0161enosti a spole\u010dn\u011b s renomovan\u00fdmi dodavately materi\u00e1l\u016f ur\u010den\u00fdch na stavbu protipo\u017e\u00e1rn\u00edch konstrukc\u00ed um\u00edme realizovat i ty nejn\u00e1ro\u010dn\u011bj\u0161\u00ed po\u017eadavky.\" \/>\n<meta property=\"og:url\" content=\"https:\/\/www.menimepriestor.sk\/cs\/protipozarni-stropy-a-pricky\/\" \/>\n<meta property=\"og:site_name\" content=\"menimeprostor.cz\" \/>\n<meta property=\"article:publisher\" content=\"https:\/\/www.facebook.com\/menimepriestor.sk\" \/>\n<meta property=\"article:modified_time\" content=\"2019-07-01T14:25:56+00:00\" \/>\n<meta property=\"og:image\" content=\"https:\/\/www.menimepriestor.sk\/wp-content\/uploads\/2019\/07\/P4131625.jpg\" \/>\n\t<meta property=\"og:image:width\" content=\"1920\" \/>\n\t<meta property=\"og:image:height\" content=\"1280\" \/>\n\t<meta property=\"og:image:type\" content=\"image\/jpeg\" \/>\n<meta name=\"twitter:card\" content=\"summary_large_image\" \/>\n<meta name=\"twitter:label1\" content=\"Odhadovan\u00e1 doba \u010dten\u00ed\" \/>\n\t<meta name=\"twitter:data1\" content=\"1 minuta\" \/>\n<script type=\"application\/ld+json\" class=\"yoast-schema-graph\">{\"@context\":\"https:\/\/schema.org\",\"@graph\":[{\"@type\":\"WebPage\",\"@id\":\"https:\/\/www.menimepriestor.sk\/cs\/protipozarni-stropy-a-pricky\/\",\"url\":\"https:\/\/www.menimepriestor.sk\/cs\/protipozarni-stropy-a-pricky\/\",\"name\":\"Protipo\u017e\u00e1rn\u00ed stropy a p\u0159\u00ed\u010dky &#8212; menimeprostor.cz\",\"isPartOf\":{\"@id\":\"https:\/\/www.menimepriestor.sk\/cs\/#website\"},\"primaryImageOfPage\":{\"@id\":\"https:\/\/www.menimepriestor.sk\/cs\/protipozarni-stropy-a-pricky\/#primaryimage\"},\"image\":{\"@id\":\"https:\/\/www.menimepriestor.sk\/cs\/protipozarni-stropy-a-pricky\/#primaryimage\"},\"thumbnailUrl\":\"https:\/\/www.menimepriestor.sk\/wp-content\/uploads\/2019\/07\/P4131625.jpg\",\"datePublished\":\"2019-06-02T19:58:25+00:00\",\"dateModified\":\"2019-07-01T14:25:56+00:00\",\"breadcrumb\":{\"@id\":\"https:\/\/www.menimepriestor.sk\/cs\/protipozarni-stropy-a-pricky\/#breadcrumb\"},\"inLanguage\":\"cs\",\"potentialAction\":[{\"@type\":\"ReadAction\",\"target\":[\"https:\/\/www.menimepriestor.sk\/cs\/protipozarni-stropy-a-pricky\/\"]}]},{\"@type\":\"ImageObject\",\"inLanguage\":\"cs\",\"@id\":\"https:\/\/www.menimepriestor.sk\/cs\/protipozarni-stropy-a-pricky\/#primaryimage\",\"url\":\"https:\/\/www.menimepriestor.sk\/wp-content\/uploads\/2019\/07\/P4131625.jpg\",\"contentUrl\":\"https:\/\/www.menimepriestor.sk\/wp-content\/uploads\/2019\/07\/P4131625.jpg\",\"width\":1600,\"height\":1067},{\"@type\":\"BreadcrumbList\",\"@id\":\"https:\/\/www.menimepriestor.sk\/cs\/protipozarni-stropy-a-pricky\/#breadcrumb\",\"itemListElement\":[{\"@type\":\"ListItem\",\"position\":1,\"name\":\"Home\",\"item\":\"https:\/\/www.menimepriestor.sk\/cs\/\"},{\"@type\":\"ListItem\",\"position\":2,\"name\":\"Protipo\u017e\u00e1rn\u00ed stropy a p\u0159\u00ed\u010dky\"}]},{\"@type\":\"WebSite\",\"@id\":\"https:\/\/www.menimepriestor.sk\/cs\/#website\",\"url\":\"https:\/\/www.menimepriestor.sk\/cs\/\",\"name\":\"menimeprostor.cz\",\"description\":\"Kr\u00e1sa oh\u00fdban\u00e9ho s\u00e1drokartonu\",\"publisher\":{\"@id\":\"https:\/\/www.menimepriestor.sk\/cs\/#organization\"},\"potentialAction\":[{\"@type\":\"SearchAction\",\"target\":{\"@type\":\"EntryPoint\",\"urlTemplate\":\"https:\/\/www.menimepriestor.sk\/cs\/?s={search_term_string}\"},\"query-input\":{\"@type\":\"PropertyValueSpecification\",\"valueRequired\":true,\"valueName\":\"search_term_string\"}}],\"inLanguage\":\"cs\"},{\"@type\":\"Organization\",\"@id\":\"https:\/\/www.menimepriestor.sk\/cs\/#organization\",\"name\":\"DryCon, s.r.o.\",\"url\":\"https:\/\/www.menimepriestor.sk\/cs\/\",\"logo\":{\"@type\":\"ImageObject\",\"inLanguage\":\"cs\",\"@id\":\"https:\/\/www.menimepriestor.sk\/cs\/#\/schema\/logo\/image\/\",\"url\":\"https:\/\/www.menimepriestor.sk\/wp-content\/uploads\/2019\/06\/logo.png\",\"contentUrl\":\"https:\/\/www.menimepriestor.sk\/wp-content\/uploads\/2019\/06\/logo.png\",\"width\":572,\"height\":172,\"caption\":\"DryCon, s.r.o.\"},\"image\":{\"@id\":\"https:\/\/www.menimepriestor.sk\/cs\/#\/schema\/logo\/image\/\"},\"sameAs\":[\"https:\/\/www.facebook.com\/menimepriestor.sk\",\"https:\/\/www.instagram.com\/menimepriestor\/\"]}]}<\/script>\n<!-- \/ Yoast SEO plugin. -->","yoast_head_json":{"title":"Protipo\u017e\u00e1rn\u00ed stropy a p\u0159\u00ed\u010dky &#8212; menimeprostor.cz","robots":{"index":"index","follow":"follow","max-snippet":"max-snippet:-1","max-image-preview":"max-image-preview:large","max-video-preview":"max-video-preview:-1"},"canonical":"https:\/\/www.menimepriestor.sk\/cs\/protipozarni-stropy-a-pricky\/","og_locale":"cs_CZ","og_type":"article","og_title":"Protipo\u017e\u00e1rn\u00ed stropy a p\u0159\u00ed\u010dky &#8212; menimeprostor.cz","og_description":"Po\u017e\u00e1rn\u00ed d\u011bl\u00edc\u00ed konstrukce, stropy, p\u0159\u00ed\u010dky\u2026 mus\u00ed zamezit \u0161\u00ed\u0159en\u00ed oh\u0148\u011b a d\u00fdmu a zamezit tak roz\u0161\u00ed\u0159en\u00ed po\u017e\u00e1ru. V t\u00e9to oblasti m\u00e1me bohat\u00e9 zku\u0161enosti a spole\u010dn\u011b s renomovan\u00fdmi dodavately materi\u00e1l\u016f ur\u010den\u00fdch na stavbu protipo\u017e\u00e1rn\u00edch konstrukc\u00ed um\u00edme realizovat i ty nejn\u00e1ro\u010dn\u011bj\u0161\u00ed po\u017eadavky.","og_url":"https:\/\/www.menimepriestor.sk\/cs\/protipozarni-stropy-a-pricky\/","og_site_name":"menimeprostor.cz","article_publisher":"https:\/\/www.facebook.com\/menimepriestor.sk","article_modified_time":"2019-07-01T14:25:56+00:00","og_image":[{"width":1920,"height":1280,"url":"https:\/\/www.menimepriestor.sk\/wp-content\/uploads\/2019\/07\/P4131625.jpg","type":"image\/jpeg"}],"twitter_card":"summary_large_image","twitter_misc":{"Odhadovan\u00e1 doba \u010dten\u00ed":"1 minuta"},"schema":{"@context":"https:\/\/schema.org","@graph":[{"@type":"WebPage","@id":"https:\/\/www.menimepriestor.sk\/cs\/protipozarni-stropy-a-pricky\/","url":"https:\/\/www.menimepriestor.sk\/cs\/protipozarni-stropy-a-pricky\/","name":"Protipo\u017e\u00e1rn\u00ed stropy a p\u0159\u00ed\u010dky &#8212; menimeprostor.cz","isPartOf":{"@id":"https:\/\/www.menimepriestor.sk\/cs\/#website"},"primaryImageOfPage":{"@id":"https:\/\/www.menimepriestor.sk\/cs\/protipozarni-stropy-a-pricky\/#primaryimage"},"image":{"@id":"https:\/\/www.menimepriestor.sk\/cs\/protipozarni-stropy-a-pricky\/#primaryimage"},"thumbnailUrl":"https:\/\/www.menimepriestor.sk\/wp-content\/uploads\/2019\/07\/P4131625.jpg","datePublished":"2019-06-02T19:58:25+00:00","dateModified":"2019-07-01T14:25:56+00:00","breadcrumb":{"@id":"https:\/\/www.menimepriestor.sk\/cs\/protipozarni-stropy-a-pricky\/#breadcrumb"},"inLanguage":"cs","potentialAction":[{"@type":"ReadAction","target":["https:\/\/www.menimepriestor.sk\/cs\/protipozarni-stropy-a-pricky\/"]}]},{"@type":"ImageObject","inLanguage":"cs","@id":"https:\/\/www.menimepriestor.sk\/cs\/protipozarni-stropy-a-pricky\/#primaryimage","url":"https:\/\/www.menimepriestor.sk\/wp-content\/uploads\/2019\/07\/P4131625.jpg","contentUrl":"https:\/\/www.menimepriestor.sk\/wp-content\/uploads\/2019\/07\/P4131625.jpg","width":1600,"height":1067},{"@type":"BreadcrumbList","@id":"https:\/\/www.menimepriestor.sk\/cs\/protipozarni-stropy-a-pricky\/#breadcrumb","itemListElement":[{"@type":"ListItem","position":1,"name":"Home","item":"https:\/\/www.menimepriestor.sk\/cs\/"},{"@type":"ListItem","position":2,"name":"Protipo\u017e\u00e1rn\u00ed stropy a p\u0159\u00ed\u010dky"}]},{"@type":"WebSite","@id":"https:\/\/www.menimepriestor.sk\/cs\/#website","url":"https:\/\/www.menimepriestor.sk\/cs\/","name":"menimeprostor.cz","description":"Kr\u00e1sa oh\u00fdban\u00e9ho s\u00e1drokartonu","publisher":{"@id":"https:\/\/www.menimepriestor.sk\/cs\/#organization"},"potentialAction":[{"@type":"SearchAction","target":{"@type":"EntryPoint","urlTemplate":"https:\/\/www.menimepriestor.sk\/cs\/?s={search_term_string}"},"query-input":{"@type":"PropertyValueSpecification","valueRequired":true,"valueName":"search_term_string"}}],"inLanguage":"cs"},{"@type":"Organization","@id":"https:\/\/www.menimepriestor.sk\/cs\/#organization","name":"DryCon, s.r.o.","url":"https:\/\/www.menimepriestor.sk\/cs\/","logo":{"@type":"ImageObject","inLanguage":"cs","@id":"https:\/\/www.menimepriestor.sk\/cs\/#\/schema\/logo\/image\/","url":"https:\/\/www.menimepriestor.sk\/wp-content\/uploads\/2019\/06\/logo.png","contentUrl":"https:\/\/www.menimepriestor.sk\/wp-content\/uploads\/2019\/06\/logo.png","width":572,"height":172,"caption":"DryCon, s.r.o."},"image":{"@id":"https:\/\/www.menimepriestor.sk\/cs\/#\/schema\/logo\/image\/"},"sameAs":["https:\/\/www.facebook.com\/menimepriestor.sk","https:\/\/www.instagram.com\/menimepriestor\/"]}]}},"wpmagazine_modules_lite_featured_media_urls":{"thumbnail":["https:\/\/www.menimepriestor.sk\/wp-content\/uploads\/2019\/07\/P4131625-150x150.jpg",150,150,true],"cvmm-medium":["https:\/\/www.menimepriestor.sk\/wp-content\/uploads\/2019\/07\/P4131625.jpg",300,200,false],"cvmm-medium-plus":["https:\/\/www.menimepriestor.sk\/wp-content\/uploads\/2019\/07\/P4131625.jpg",305,203,false],"cvmm-portrait":["https:\/\/www.menimepriestor.sk\/wp-content\/uploads\/2019\/07\/P4131625.jpg",400,267,false],"cvmm-medium-square":["https:\/\/www.menimepriestor.sk\/wp-content\/uploads\/2019\/07\/P4131625.jpg",600,400,false],"cvmm-large":["https:\/\/www.menimepriestor.sk\/wp-content\/uploads\/2019\/07\/P4131625.jpg",1024,683,false],"cvmm-small":["https:\/\/www.menimepriestor.sk\/wp-content\/uploads\/2019\/07\/P4131625.jpg",130,87,false],"full":["https:\/\/www.menimepriestor.sk\/wp-content\/uploads\/2019\/07\/P4131625.jpg",1600,1067,false]},"categories_names":null,"comments_number":"0","_links":{"self":[{"href":"https:\/\/www.menimepriestor.sk\/cs\/wp-json\/wp\/v2\/pages\/1481","targetHints":{"allow":["GET"]}}],"collection":[{"href":"https:\/\/www.menimepriestor.sk\/cs\/wp-json\/wp\/v2\/pages"}],"about":[{"href":"https:\/\/www.menimepriestor.sk\/cs\/wp-json\/wp\/v2\/types\/page"}],"author":[{"embeddable":true,"href":"https:\/\/www.menimepriestor.sk\/cs\/wp-json\/wp\/v2\/users\/1"}],"replies":[{"embeddable":true,"href":"https:\/\/www.menimepriestor.sk\/cs\/wp-json\/wp\/v2\/comments?post=1481"}],"version-history":[{"count":0,"href":"https:\/\/www.menimepriestor.sk\/cs\/wp-json\/wp\/v2\/pages\/1481\/revisions"}],"wp:featuredmedia":[{"embeddable":true,"href":"https:\/\/www.menimepriestor.sk\/cs\/wp-json\/wp\/v2\/media\/2384"}],"wp:attachment":[{"href":"https:\/\/www.menimepriestor.sk\/cs\/wp-json\/wp\/v2\/media?parent=1481"}],"curies":[{"name":"wp","href":"https:\/\/api.w.org\/{rel}","templated":true}]}}