{"id":1478,"date":"2019-06-02T21:53:41","date_gmt":"2019-06-02T19:53:41","guid":{"rendered":"https:\/\/www.menimepriestor.sk\/?page_id=1478"},"modified":"2019-07-17T16:49:38","modified_gmt":"2019-07-17T14:49:38","slug":"akusticke-stropy","status":"publish","type":"page","link":"https:\/\/www.menimepriestor.sk\/cs\/akusticke-stropy\/","title":{"rendered":"Akustick\u00e9 stropy"},"content":{"rendered":"\n<p>O akustick\u00fdch vlastnostech interi\u00e9ru rozhoduj\u00ed dva hlavn\u00ed faktory a to zvukov\u00e1 pohltivost \u2013 t.j. jak se zvuk v m\u00edstnosti chov\u00e1, jak se odr\u00e1\u017e\u00ed, l\u00e1me, pohlcuje, jak\u00e1 je doba dozvuku a zvukov\u00e1 izol\u00e1ce izolace (vzduchov\u00e1 zvukov\u00e1 neprozvu\u010dnost) \u2013 t.j. kolik zvuku pronikne z jedn\u00e9 m\u00edstnosti do druh\u00e9.<\/p>\n\n\n\n<!--more-->\n\n\n\n<p>Nab\u00edz\u00edme \u0161irok\u00e9 spektrum kvalitn\u00edch materi\u00e1l\u016f na \u0159e\u0161en\u00ed r\u016fzn\u00fdch akustick\u00fdch po\u017eadavk\u016f, kter\u00e9 krom\u011b vynikajic\u00edch akustick\u00fdch vlastnost\u00ed umo\u017e\u0148uj\u00ed zaj\u00edmavou designovou variabilitu s nad\u010dasov\u00fdm estetick\u00fdm stv\u00e1rn\u011bn\u00edm.<\/p>\n\n\n\n<p> Druhy akustick\u00fdch strop\u016f:<\/p>\n","protected":false},"excerpt":{"rendered":"<p>O akustick\u00fdch vlastnostech interi\u00e9ru rozhoduj\u00ed dva hlavn\u00ed faktory a to zvukov\u00e1 pohltivost \u2013 t.j. jak se zvuk v m\u00edstnosti chov\u00e1, jak se odr\u00e1\u017e\u00ed, l\u00e1me, pohlcuje, jak\u00e1 je doba dozvuku a zvukov\u00e1 izol\u00e1ce izolace (vzduchov\u00e1 zvukov\u00e1 neprozvu\u010dnost) \u2013 t.j. kolik zvuku pronikne z jedn\u00e9 m\u00edstnosti do druh\u00e9.<\/p>\n","protected":false},"author":1,"featured_media":6399,"parent":0,"menu_order":1,"comment_status":"closed","ping_status":"closed","template":"","meta":{"_editorskit_title_hidden":false,"_editorskit_reading_time":0,"_editorskit_is_block_options_detached":false,"_editorskit_block_options_position":"{}","footnotes":""},"class_list":["post-1478","page","type-page","status-publish","has-post-thumbnail","hentry"],"yoast_head":"<!-- This site is optimized with the Yoast SEO plugin v27.2 - https:\/\/yoast.com\/product\/yoast-seo-wordpress\/ -->\n<title>Akustick\u00e9 stropy &#8212; menimeprostor.cz<\/title>\n<meta name=\"robots\" content=\"index, follow, max-snippet:-1, max-image-preview:large, max-video-preview:-1\" \/>\n<link rel=\"canonical\" href=\"https:\/\/www.menimepriestor.sk\/cs\/akusticke-stropy\/\" \/>\n<meta property=\"og:locale\" content=\"cs_CZ\" \/>\n<meta property=\"og:type\" content=\"article\" \/>\n<meta property=\"og:title\" content=\"Akustick\u00e9 stropy &#8212; menimeprostor.cz\" \/>\n<meta property=\"og:description\" content=\"O akustick\u00fdch vlastnostech interi\u00e9ru rozhoduj\u00ed dva hlavn\u00ed faktory a to zvukov\u00e1 pohltivost \u2013 t.j. jak se zvuk v m\u00edstnosti chov\u00e1, jak se odr\u00e1\u017e\u00ed, l\u00e1me, pohlcuje, jak\u00e1 je doba dozvuku a zvukov\u00e1 izol\u00e1ce izolace (vzduchov\u00e1 zvukov\u00e1 neprozvu\u010dnost) \u2013 t.j. kolik zvuku pronikne z jedn\u00e9 m\u00edstnosti do druh\u00e9.\" \/>\n<meta property=\"og:url\" content=\"https:\/\/www.menimepriestor.sk\/cs\/akusticke-stropy\/\" \/>\n<meta property=\"og:site_name\" content=\"menimeprostor.cz\" \/>\n<meta property=\"article:publisher\" content=\"https:\/\/www.facebook.com\/menimepriestor.sk\" \/>\n<meta property=\"article:modified_time\" content=\"2019-07-17T14:49:38+00:00\" \/>\n<meta property=\"og:image\" content=\"https:\/\/www.menimepriestor.sk\/wp-content\/uploads\/2019\/06\/Menimepriestor-Akusitcke-Monoliticke-16.jpg\" \/>\n\t<meta property=\"og:image:width\" content=\"1920\" \/>\n\t<meta property=\"og:image:height\" content=\"1280\" \/>\n\t<meta property=\"og:image:type\" content=\"image\/jpeg\" \/>\n<meta name=\"twitter:card\" content=\"summary_large_image\" \/>\n<script type=\"application\/ld+json\" class=\"yoast-schema-graph\">{\"@context\":\"https:\/\/schema.org\",\"@graph\":[{\"@type\":\"WebPage\",\"@id\":\"https:\/\/www.menimepriestor.sk\/cs\/akusticke-stropy\/\",\"url\":\"https:\/\/www.menimepriestor.sk\/cs\/akusticke-stropy\/\",\"name\":\"Akustick\u00e9 stropy &#8212; menimeprostor.cz\",\"isPartOf\":{\"@id\":\"https:\/\/www.menimepriestor.sk\/cs\/#website\"},\"primaryImageOfPage\":{\"@id\":\"https:\/\/www.menimepriestor.sk\/cs\/akusticke-stropy\/#primaryimage\"},\"image\":{\"@id\":\"https:\/\/www.menimepriestor.sk\/cs\/akusticke-stropy\/#primaryimage\"},\"thumbnailUrl\":\"https:\/\/www.menimepriestor.sk\/wp-content\/uploads\/2023\/12\/PB149861a.jpg\",\"datePublished\":\"2019-06-02T19:53:41+00:00\",\"dateModified\":\"2019-07-17T14:49:38+00:00\",\"breadcrumb\":{\"@id\":\"https:\/\/www.menimepriestor.sk\/cs\/akusticke-stropy\/#breadcrumb\"},\"inLanguage\":\"cs\",\"potentialAction\":[{\"@type\":\"ReadAction\",\"target\":[\"https:\/\/www.menimepriestor.sk\/cs\/akusticke-stropy\/\"]}]},{\"@type\":\"ImageObject\",\"inLanguage\":\"cs\",\"@id\":\"https:\/\/www.menimepriestor.sk\/cs\/akusticke-stropy\/#primaryimage\",\"url\":\"https:\/\/www.menimepriestor.sk\/wp-content\/uploads\/2023\/12\/PB149861a.jpg\",\"contentUrl\":\"https:\/\/www.menimepriestor.sk\/wp-content\/uploads\/2023\/12\/PB149861a.jpg\",\"width\":1280,\"height\":720,\"caption\":\"OLYMPUS DIGITAL CAMERA\"},{\"@type\":\"BreadcrumbList\",\"@id\":\"https:\/\/www.menimepriestor.sk\/cs\/akusticke-stropy\/#breadcrumb\",\"itemListElement\":[{\"@type\":\"ListItem\",\"position\":1,\"name\":\"Home\",\"item\":\"https:\/\/www.menimepriestor.sk\/cs\/\"},{\"@type\":\"ListItem\",\"position\":2,\"name\":\"Akustick\u00e9 stropy\"}]},{\"@type\":\"WebSite\",\"@id\":\"https:\/\/www.menimepriestor.sk\/cs\/#website\",\"url\":\"https:\/\/www.menimepriestor.sk\/cs\/\",\"name\":\"menimeprostor.cz\",\"description\":\"Kr\u00e1sa oh\u00fdban\u00e9ho s\u00e1drokartonu\",\"publisher\":{\"@id\":\"https:\/\/www.menimepriestor.sk\/cs\/#organization\"},\"potentialAction\":[{\"@type\":\"SearchAction\",\"target\":{\"@type\":\"EntryPoint\",\"urlTemplate\":\"https:\/\/www.menimepriestor.sk\/cs\/?s={search_term_string}\"},\"query-input\":{\"@type\":\"PropertyValueSpecification\",\"valueRequired\":true,\"valueName\":\"search_term_string\"}}],\"inLanguage\":\"cs\"},{\"@type\":\"Organization\",\"@id\":\"https:\/\/www.menimepriestor.sk\/cs\/#organization\",\"name\":\"DryCon, s.r.o.\",\"url\":\"https:\/\/www.menimepriestor.sk\/cs\/\",\"logo\":{\"@type\":\"ImageObject\",\"inLanguage\":\"cs\",\"@id\":\"https:\/\/www.menimepriestor.sk\/cs\/#\/schema\/logo\/image\/\",\"url\":\"https:\/\/www.menimepriestor.sk\/wp-content\/uploads\/2019\/06\/logo.png\",\"contentUrl\":\"https:\/\/www.menimepriestor.sk\/wp-content\/uploads\/2019\/06\/logo.png\",\"width\":572,\"height\":172,\"caption\":\"DryCon, s.r.o.\"},\"image\":{\"@id\":\"https:\/\/www.menimepriestor.sk\/cs\/#\/schema\/logo\/image\/\"},\"sameAs\":[\"https:\/\/www.facebook.com\/menimepriestor.sk\",\"https:\/\/www.instagram.com\/menimepriestor\/\"]}]}<\/script>\n<!-- \/ Yoast SEO plugin. -->","yoast_head_json":{"title":"Akustick\u00e9 stropy &#8212; menimeprostor.cz","robots":{"index":"index","follow":"follow","max-snippet":"max-snippet:-1","max-image-preview":"max-image-preview:large","max-video-preview":"max-video-preview:-1"},"canonical":"https:\/\/www.menimepriestor.sk\/cs\/akusticke-stropy\/","og_locale":"cs_CZ","og_type":"article","og_title":"Akustick\u00e9 stropy &#8212; menimeprostor.cz","og_description":"O akustick\u00fdch vlastnostech interi\u00e9ru rozhoduj\u00ed dva hlavn\u00ed faktory a to zvukov\u00e1 pohltivost \u2013 t.j. jak se zvuk v m\u00edstnosti chov\u00e1, jak se odr\u00e1\u017e\u00ed, l\u00e1me, pohlcuje, jak\u00e1 je doba dozvuku a zvukov\u00e1 izol\u00e1ce izolace (vzduchov\u00e1 zvukov\u00e1 neprozvu\u010dnost) \u2013 t.j. kolik zvuku pronikne z jedn\u00e9 m\u00edstnosti do druh\u00e9.","og_url":"https:\/\/www.menimepriestor.sk\/cs\/akusticke-stropy\/","og_site_name":"menimeprostor.cz","article_publisher":"https:\/\/www.facebook.com\/menimepriestor.sk","article_modified_time":"2019-07-17T14:49:38+00:00","og_image":[{"width":1920,"height":1280,"url":"https:\/\/www.menimepriestor.sk\/wp-content\/uploads\/2019\/06\/Menimepriestor-Akusitcke-Monoliticke-16.jpg","type":"image\/jpeg"}],"twitter_card":"summary_large_image","schema":{"@context":"https:\/\/schema.org","@graph":[{"@type":"WebPage","@id":"https:\/\/www.menimepriestor.sk\/cs\/akusticke-stropy\/","url":"https:\/\/www.menimepriestor.sk\/cs\/akusticke-stropy\/","name":"Akustick\u00e9 stropy &#8212; menimeprostor.cz","isPartOf":{"@id":"https:\/\/www.menimepriestor.sk\/cs\/#website"},"primaryImageOfPage":{"@id":"https:\/\/www.menimepriestor.sk\/cs\/akusticke-stropy\/#primaryimage"},"image":{"@id":"https:\/\/www.menimepriestor.sk\/cs\/akusticke-stropy\/#primaryimage"},"thumbnailUrl":"https:\/\/www.menimepriestor.sk\/wp-content\/uploads\/2023\/12\/PB149861a.jpg","datePublished":"2019-06-02T19:53:41+00:00","dateModified":"2019-07-17T14:49:38+00:00","breadcrumb":{"@id":"https:\/\/www.menimepriestor.sk\/cs\/akusticke-stropy\/#breadcrumb"},"inLanguage":"cs","potentialAction":[{"@type":"ReadAction","target":["https:\/\/www.menimepriestor.sk\/cs\/akusticke-stropy\/"]}]},{"@type":"ImageObject","inLanguage":"cs","@id":"https:\/\/www.menimepriestor.sk\/cs\/akusticke-stropy\/#primaryimage","url":"https:\/\/www.menimepriestor.sk\/wp-content\/uploads\/2023\/12\/PB149861a.jpg","contentUrl":"https:\/\/www.menimepriestor.sk\/wp-content\/uploads\/2023\/12\/PB149861a.jpg","width":1280,"height":720,"caption":"OLYMPUS DIGITAL CAMERA"},{"@type":"BreadcrumbList","@id":"https:\/\/www.menimepriestor.sk\/cs\/akusticke-stropy\/#breadcrumb","itemListElement":[{"@type":"ListItem","position":1,"name":"Home","item":"https:\/\/www.menimepriestor.sk\/cs\/"},{"@type":"ListItem","position":2,"name":"Akustick\u00e9 stropy"}]},{"@type":"WebSite","@id":"https:\/\/www.menimepriestor.sk\/cs\/#website","url":"https:\/\/www.menimepriestor.sk\/cs\/","name":"menimeprostor.cz","description":"Kr\u00e1sa oh\u00fdban\u00e9ho s\u00e1drokartonu","publisher":{"@id":"https:\/\/www.menimepriestor.sk\/cs\/#organization"},"potentialAction":[{"@type":"SearchAction","target":{"@type":"EntryPoint","urlTemplate":"https:\/\/www.menimepriestor.sk\/cs\/?s={search_term_string}"},"query-input":{"@type":"PropertyValueSpecification","valueRequired":true,"valueName":"search_term_string"}}],"inLanguage":"cs"},{"@type":"Organization","@id":"https:\/\/www.menimepriestor.sk\/cs\/#organization","name":"DryCon, s.r.o.","url":"https:\/\/www.menimepriestor.sk\/cs\/","logo":{"@type":"ImageObject","inLanguage":"cs","@id":"https:\/\/www.menimepriestor.sk\/cs\/#\/schema\/logo\/image\/","url":"https:\/\/www.menimepriestor.sk\/wp-content\/uploads\/2019\/06\/logo.png","contentUrl":"https:\/\/www.menimepriestor.sk\/wp-content\/uploads\/2019\/06\/logo.png","width":572,"height":172,"caption":"DryCon, s.r.o."},"image":{"@id":"https:\/\/www.menimepriestor.sk\/cs\/#\/schema\/logo\/image\/"},"sameAs":["https:\/\/www.facebook.com\/menimepriestor.sk","https:\/\/www.instagram.com\/menimepriestor\/"]}]}},"wpmagazine_modules_lite_featured_media_urls":{"thumbnail":["https:\/\/www.menimepriestor.sk\/wp-content\/uploads\/2023\/12\/PB149861a-150x150.jpg",150,150,true],"cvmm-medium":["https:\/\/www.menimepriestor.sk\/wp-content\/uploads\/2023\/12\/PB149861a.jpg",300,169,false],"cvmm-medium-plus":["https:\/\/www.menimepriestor.sk\/wp-content\/uploads\/2023\/12\/PB149861a.jpg",305,172,false],"cvmm-portrait":["https:\/\/www.menimepriestor.sk\/wp-content\/uploads\/2023\/12\/PB149861a.jpg",400,225,false],"cvmm-medium-square":["https:\/\/www.menimepriestor.sk\/wp-content\/uploads\/2023\/12\/PB149861a.jpg",600,338,false],"cvmm-large":["https:\/\/www.menimepriestor.sk\/wp-content\/uploads\/2023\/12\/PB149861a.jpg",1024,576,false],"cvmm-small":["https:\/\/www.menimepriestor.sk\/wp-content\/uploads\/2023\/12\/PB149861a.jpg",130,73,false],"full":["https:\/\/www.menimepriestor.sk\/wp-content\/uploads\/2023\/12\/PB149861a.jpg",1280,720,false]},"categories_names":null,"comments_number":"0","_links":{"self":[{"href":"https:\/\/www.menimepriestor.sk\/cs\/wp-json\/wp\/v2\/pages\/1478","targetHints":{"allow":["GET"]}}],"collection":[{"href":"https:\/\/www.menimepriestor.sk\/cs\/wp-json\/wp\/v2\/pages"}],"about":[{"href":"https:\/\/www.menimepriestor.sk\/cs\/wp-json\/wp\/v2\/types\/page"}],"author":[{"embeddable":true,"href":"https:\/\/www.menimepriestor.sk\/cs\/wp-json\/wp\/v2\/users\/1"}],"replies":[{"embeddable":true,"href":"https:\/\/www.menimepriestor.sk\/cs\/wp-json\/wp\/v2\/comments?post=1478"}],"version-history":[{"count":0,"href":"https:\/\/www.menimepriestor.sk\/cs\/wp-json\/wp\/v2\/pages\/1478\/revisions"}],"wp:featuredmedia":[{"embeddable":true,"href":"https:\/\/www.menimepriestor.sk\/cs\/wp-json\/wp\/v2\/media\/6399"}],"wp:attachment":[{"href":"https:\/\/www.menimepriestor.sk\/cs\/wp-json\/wp\/v2\/media?parent=1478"}],"curies":[{"name":"wp","href":"https:\/\/api.w.org\/{rel}","templated":true}]}}